{"id":41148,"date":"2024-08-28T13:24:48","date_gmt":"2024-08-28T11:24:48","guid":{"rendered":"https:\/\/www.rozrazil.cz\/?page_id=41148"},"modified":"2024-08-28T13:24:48","modified_gmt":"2024-08-28T11:24:48","slug":"fotky-z-jarni-vikendovky-v-olomouci-2024-od-ivy-lipenske","status":"publish","type":"page","link":"https:\/\/www.rozrazil.cz\/?page_id=41148","title":{"rendered":"Fotky z Jarn\u00ed v\u00edkendovky v Olomouci 2024 od Ivy Lipensk\u00e9"},"content":{"rendered":"\r\n\t\t<style type='text\/css'>\r\n\t\t\t#gallery-1 {\r\n\t\t\t\tmargin: auto;\r\n\t\t\t}\r\n\t\t\t#gallery-1 .gallery-item {\r\n\t\t\t\tfloat: left;\r\n\t\t\t\tmargin-top: 10px;\r\n\t\t\t\ttext-align: center;\r\n\t\t\t\twidth: 25%;\r\n\t\t\t}\r\n\t\t\t#gallery-1 img {\r\n\t\t\t\tborder: 2px solid #cfcfcf;\r\n\t\t\t}\r\n\t\t\t#gallery-1 .gallery-caption {\r\n\t\t\t\tmargin-left: 0;\r\n\t\t\t}\r\n\t\t<\/style>\r\n\t\t<!-- see gallery_shortcode() in wp-includes\/media.php -->\n\t\t<div id='gallery-1' class='gallery galleryid-41148 gallery-columns-4 gallery-size-thumbnail gallery1'><script type=\"text\/javascript\">\r\n\/\/ <![CDATA[\r\n\tjQuery(document).ready(function () {\r\n\t\tjQuery(\".gallery1 a\").attr(\"rel\",\"gallery1\");\t\r\n\t\tjQuery('a[rel=\"gallery1\"]').colorbox({maxWidth:\"95%\", maxHeight:\"95%\",title: function(){ return jQuery(this).children().attr(\"alt\"); }, });\r\n\t});\r\n\/\/ ]]>\r\n<\/script>\n<dl class=\"gallery-item\">\n<dt class=\"gallery-icon\">\r\n<a href=\"https:\/\/www.rozrazil.cz\/wp-content\/uploads\/fotky-z-jarni-vikendovky-v-olomouci-2024-od-ivy-lipenske\/2024\/08\/12607cb5-700x976.jpg\" title=\"\" rel=\"gallery1\"><img loading=\"lazy\" decoding=\"async\" src=\"https:\/\/www.rozrazil.cz\/wp-content\/uploads\/fotky-z-jarni-vikendovky-v-olomouci-2024-od-ivy-lipenske\/2024\/08\/12607cb5-150x150.jpg\" width=\"150\" height=\"150\" alt=\"\" \/><\/a>\r\n<\/dt><\/dl><dl class=\"gallery-item\">\n<dt class=\"gallery-icon\">\r\n<a href=\"https:\/\/www.rozrazil.cz\/wp-content\/uploads\/fotky-z-jarni-vikendovky-v-olomouci-2024-od-ivy-lipenske\/2024\/08\/IMG-20240324-WA0000-700x525.jpg\" title=\"\" rel=\"gallery1\"><img loading=\"lazy\" decoding=\"async\" src=\"https:\/\/www.rozrazil.cz\/wp-content\/uploads\/fotky-z-jarni-vikendovky-v-olomouci-2024-od-ivy-lipenske\/2024\/08\/IMG-20240324-WA0000-150x150.jpg\" width=\"150\" height=\"150\" alt=\"\" \/><\/a>\r\n<\/dt><\/dl><dl class=\"gallery-item\">\n<dt class=\"gallery-icon\">\r\n<a href=\"https:\/\/www.rozrazil.cz\/wp-content\/uploads\/fotky-z-jarni-vikendovky-v-olomouci-2024-od-ivy-lipenske\/2024\/08\/IMG-20240324-WA0001-700x525.jpg\" title=\"\" rel=\"gallery1\"><img loading=\"lazy\" decoding=\"async\" src=\"https:\/\/www.rozrazil.cz\/wp-content\/uploads\/fotky-z-jarni-vikendovky-v-olomouci-2024-od-ivy-lipenske\/2024\/08\/IMG-20240324-WA0001-150x150.jpg\" width=\"150\" height=\"150\" alt=\"\" \/><\/a>\r\n<\/dt><\/dl><dl class=\"gallery-item\">\n<dt class=\"gallery-icon\">\r\n<a href=\"https:\/\/www.rozrazil.cz\/wp-content\/uploads\/fotky-z-jarni-vikendovky-v-olomouci-2024-od-ivy-lipenske\/2024\/08\/IMG-20240324-WA0002-700x525.jpg\" title=\"\" rel=\"gallery1\"><img loading=\"lazy\" decoding=\"async\" src=\"https:\/\/www.rozrazil.cz\/wp-content\/uploads\/fotky-z-jarni-vikendovky-v-olomouci-2024-od-ivy-lipenske\/2024\/08\/IMG-20240324-WA0002-150x150.jpg\" width=\"150\" height=\"150\" alt=\"\" \/><\/a>\r\n<\/dt><\/dl><br style=\"clear: both\" \/><dl class=\"gallery-item\">\n<dt class=\"gallery-icon\">\r\n<a href=\"https:\/\/www.rozrazil.cz\/wp-content\/uploads\/fotky-z-jarni-vikendovky-v-olomouci-2024-od-ivy-lipenske\/2024\/08\/IMG-20240324-WA0003-700x525.jpg\" title=\"\" rel=\"gallery1\"><img loading=\"lazy\" decoding=\"async\" src=\"https:\/\/www.rozrazil.cz\/wp-content\/uploads\/fotky-z-jarni-vikendovky-v-olomouci-2024-od-ivy-lipenske\/2024\/08\/IMG-20240324-WA0003-150x150.jpg\" width=\"150\" height=\"150\" alt=\"\" \/><\/a>\r\n<\/dt><\/dl><dl class=\"gallery-item\">\n<dt class=\"gallery-icon\">\r\n<a href=\"https:\/\/www.rozrazil.cz\/wp-content\/uploads\/fotky-z-jarni-vikendovky-v-olomouci-2024-od-ivy-lipenske\/2024\/08\/IMG-20240324-WA0011-700x376.jpg\" title=\"\" rel=\"gallery1\"><img loading=\"lazy\" decoding=\"async\" src=\"https:\/\/www.rozrazil.cz\/wp-content\/uploads\/fotky-z-jarni-vikendovky-v-olomouci-2024-od-ivy-lipenske\/2024\/08\/IMG-20240324-WA0011-150x150.jpg\" width=\"150\" height=\"150\" alt=\"\" \/><\/a>\r\n<\/dt><\/dl><dl class=\"gallery-item\">\n<dt class=\"gallery-icon\">\r\n<a href=\"https:\/\/www.rozrazil.cz\/wp-content\/uploads\/fotky-z-jarni-vikendovky-v-olomouci-2024-od-ivy-lipenske\/2024\/08\/IMG-20240324-WA0012-700x315.jpg\" title=\"\" rel=\"gallery1\"><img loading=\"lazy\" decoding=\"async\" src=\"https:\/\/www.rozrazil.cz\/wp-content\/uploads\/fotky-z-jarni-vikendovky-v-olomouci-2024-od-ivy-lipenske\/2024\/08\/IMG-20240324-WA0012-150x150.jpg\" width=\"150\" height=\"150\" alt=\"\" \/><\/a>\r\n<\/dt><\/dl><dl class=\"gallery-item\">\n<dt class=\"gallery-icon\">\r\n<a href=\"https:\/\/www.rozrazil.cz\/wp-content\/uploads\/fotky-z-jarni-vikendovky-v-olomouci-2024-od-ivy-lipenske\/2024\/08\/IMG-20240324-WA0013-700x472.jpg\" title=\"\" rel=\"gallery1\"><img loading=\"lazy\" decoding=\"async\" src=\"https:\/\/www.rozrazil.cz\/wp-content\/uploads\/fotky-z-jarni-vikendovky-v-olomouci-2024-od-ivy-lipenske\/2024\/08\/IMG-20240324-WA0013-150x150.jpg\" width=\"150\" height=\"150\" alt=\"\" \/><\/a>\r\n<\/dt><\/dl><br style=\"clear: both\" \/><dl class=\"gallery-item\">\n<dt class=\"gallery-icon\">\r\n<a href=\"https:\/\/www.rozrazil.cz\/wp-content\/uploads\/fotky-z-jarni-vikendovky-v-olomouci-2024-od-ivy-lipenske\/2024\/08\/IMG-20240324-WA0014-700x1556.jpg\" title=\"\" rel=\"gallery1\"><img loading=\"lazy\" decoding=\"async\" src=\"https:\/\/www.rozrazil.cz\/wp-content\/uploads\/fotky-z-jarni-vikendovky-v-olomouci-2024-od-ivy-lipenske\/2024\/08\/IMG-20240324-WA0014-150x150.jpg\" width=\"150\" height=\"150\" alt=\"\" \/><\/a>\r\n<\/dt><\/dl><dl class=\"gallery-item\">\n<dt class=\"gallery-icon\">\r\n<a href=\"https:\/\/www.rozrazil.cz\/wp-content\/uploads\/fotky-z-jarni-vikendovky-v-olomouci-2024-od-ivy-lipenske\/2024\/08\/IMG-20240324-WA0015-700x1556.jpg\" title=\"\" rel=\"gallery1\"><img loading=\"lazy\" decoding=\"async\" src=\"https:\/\/www.rozrazil.cz\/wp-content\/uploads\/fotky-z-jarni-vikendovky-v-olomouci-2024-od-ivy-lipenske\/2024\/08\/IMG-20240324-WA0015-150x150.jpg\" width=\"150\" height=\"150\" alt=\"\" \/><\/a>\r\n<\/dt><\/dl><dl class=\"gallery-item\">\n<dt class=\"gallery-icon\">\r\n<a href=\"https:\/\/www.rozrazil.cz\/wp-content\/uploads\/fotky-z-jarni-vikendovky-v-olomouci-2024-od-ivy-lipenske\/2024\/08\/IMG-20240324-WA0016-700x315.jpg\" title=\"\" rel=\"gallery1\"><img loading=\"lazy\" decoding=\"async\" src=\"https:\/\/www.rozrazil.cz\/wp-content\/uploads\/fotky-z-jarni-vikendovky-v-olomouci-2024-od-ivy-lipenske\/2024\/08\/IMG-20240324-WA0016-150x150.jpg\" width=\"150\" height=\"150\" alt=\"\" \/><\/a>\r\n<\/dt><\/dl><dl class=\"gallery-item\">\n<dt class=\"gallery-icon\">\r\n<a href=\"https:\/\/www.rozrazil.cz\/wp-content\/uploads\/fotky-z-jarni-vikendovky-v-olomouci-2024-od-ivy-lipenske\/2024\/08\/IMG-20240324-WA0017-700x315.jpg\" title=\"\" rel=\"gallery1\"><img loading=\"lazy\" decoding=\"async\" src=\"https:\/\/www.rozrazil.cz\/wp-content\/uploads\/fotky-z-jarni-vikendovky-v-olomouci-2024-od-ivy-lipenske\/2024\/08\/IMG-20240324-WA0017-150x150.jpg\" width=\"150\" height=\"150\" alt=\"\" \/><\/a>\r\n<\/dt><\/dl><br style=\"clear: both\" \/><dl class=\"gallery-item\">\n<dt class=\"gallery-icon\">\r\n<a href=\"https:\/\/www.rozrazil.cz\/wp-content\/uploads\/fotky-z-jarni-vikendovky-v-olomouci-2024-od-ivy-lipenske\/2024\/08\/IMG-20240324-WA0018-700x453.jpg\" title=\"\" rel=\"gallery1\"><img loading=\"lazy\" decoding=\"async\" src=\"https:\/\/www.rozrazil.cz\/wp-content\/uploads\/fotky-z-jarni-vikendovky-v-olomouci-2024-od-ivy-lipenske\/2024\/08\/IMG-20240324-WA0018-150x150.jpg\" width=\"150\" height=\"150\" alt=\"\" \/><\/a>\r\n<\/dt><\/dl><dl class=\"gallery-item\">\n<dt class=\"gallery-icon\">\r\n<a href=\"https:\/\/www.rozrazil.cz\/wp-content\/uploads\/fotky-z-jarni-vikendovky-v-olomouci-2024-od-ivy-lipenske\/2024\/08\/IMG-20240324-WA0019-700x315.jpg\" title=\"\" rel=\"gallery1\"><img loading=\"lazy\" decoding=\"async\" src=\"https:\/\/www.rozrazil.cz\/wp-content\/uploads\/fotky-z-jarni-vikendovky-v-olomouci-2024-od-ivy-lipenske\/2024\/08\/IMG-20240324-WA0019-150x150.jpg\" width=\"150\" height=\"150\" alt=\"\" \/><\/a>\r\n<\/dt><\/dl><dl class=\"gallery-item\">\n<dt class=\"gallery-icon\">\r\n<a href=\"https:\/\/www.rozrazil.cz\/wp-content\/uploads\/fotky-z-jarni-vikendovky-v-olomouci-2024-od-ivy-lipenske\/2024\/08\/IMG-20240324-WA0020-700x1553.jpg\" title=\"\" rel=\"gallery1\"><img loading=\"lazy\" decoding=\"async\" src=\"https:\/\/www.rozrazil.cz\/wp-content\/uploads\/fotky-z-jarni-vikendovky-v-olomouci-2024-od-ivy-lipenske\/2024\/08\/IMG-20240324-WA0020-150x150.jpg\" width=\"150\" height=\"150\" alt=\"\" \/><\/a>\r\n<\/dt><\/dl><dl class=\"gallery-item\">\n<dt class=\"gallery-icon\">\r\n<a href=\"https:\/\/www.rozrazil.cz\/wp-content\/uploads\/fotky-z-jarni-vikendovky-v-olomouci-2024-od-ivy-lipenske\/2024\/08\/IMG-20240324-WA0021-700x933.jpg\" title=\"\" rel=\"gallery1\"><img loading=\"lazy\" decoding=\"async\" src=\"https:\/\/www.rozrazil.cz\/wp-content\/uploads\/fotky-z-jarni-vikendovky-v-olomouci-2024-od-ivy-lipenske\/2024\/08\/IMG-20240324-WA0021-150x150.jpg\" width=\"150\" height=\"150\" alt=\"\" \/><\/a>\r\n<\/dt><\/dl><br style=\"clear: both\" \/><dl class=\"gallery-item\">\n<dt class=\"gallery-icon\">\r\n<a href=\"https:\/\/www.rozrazil.cz\/wp-content\/uploads\/fotky-z-jarni-vikendovky-v-olomouci-2024-od-ivy-lipenske\/2024\/08\/IMG-20240324-WA0022-700x315.jpg\" title=\"\" rel=\"gallery1\"><img loading=\"lazy\" decoding=\"async\" src=\"https:\/\/www.rozrazil.cz\/wp-content\/uploads\/fotky-z-jarni-vikendovky-v-olomouci-2024-od-ivy-lipenske\/2024\/08\/IMG-20240324-WA0022-150x150.jpg\" width=\"150\" height=\"150\" alt=\"\" \/><\/a>\r\n<\/dt><\/dl><dl class=\"gallery-item\">\n<dt class=\"gallery-icon\">\r\n<a href=\"https:\/\/www.rozrazil.cz\/wp-content\/uploads\/fotky-z-jarni-vikendovky-v-olomouci-2024-od-ivy-lipenske\/2024\/08\/IMG-20240324-WA0023-700x1553.jpg\" title=\"\" rel=\"gallery1\"><img loading=\"lazy\" decoding=\"async\" src=\"https:\/\/www.rozrazil.cz\/wp-content\/uploads\/fotky-z-jarni-vikendovky-v-olomouci-2024-od-ivy-lipenske\/2024\/08\/IMG-20240324-WA0023-150x150.jpg\" width=\"150\" height=\"150\" alt=\"\" \/><\/a>\r\n<\/dt><\/dl><dl class=\"gallery-item\">\n<dt class=\"gallery-icon\">\r\n<a href=\"https:\/\/www.rozrazil.cz\/wp-content\/uploads\/fotky-z-jarni-vikendovky-v-olomouci-2024-od-ivy-lipenske\/2024\/08\/IMG-20240324-WA0024-700x315.jpg\" title=\"\" rel=\"gallery1\"><img loading=\"lazy\" decoding=\"async\" src=\"https:\/\/www.rozrazil.cz\/wp-content\/uploads\/fotky-z-jarni-vikendovky-v-olomouci-2024-od-ivy-lipenske\/2024\/08\/IMG-20240324-WA0024-150x150.jpg\" width=\"150\" height=\"150\" alt=\"\" \/><\/a>\r\n<\/dt><\/dl><dl class=\"gallery-item\">\n<dt class=\"gallery-icon\">\r\n<a href=\"https:\/\/www.rozrazil.cz\/wp-content\/uploads\/fotky-z-jarni-vikendovky-v-olomouci-2024-od-ivy-lipenske\/2024\/08\/IMG-20240324-WA0025-700x1553.jpg\" title=\"\" rel=\"gallery1\"><img loading=\"lazy\" decoding=\"async\" src=\"https:\/\/www.rozrazil.cz\/wp-content\/uploads\/fotky-z-jarni-vikendovky-v-olomouci-2024-od-ivy-lipenske\/2024\/08\/IMG-20240324-WA0025-150x150.jpg\" width=\"150\" height=\"150\" alt=\"\" \/><\/a>\r\n<\/dt><\/dl><br style=\"clear: both\" \/><dl class=\"gallery-item\">\n<dt class=\"gallery-icon\">\r\n<a href=\"https:\/\/www.rozrazil.cz\/wp-content\/uploads\/fotky-z-jarni-vikendovky-v-olomouci-2024-od-ivy-lipenske\/2024\/08\/IMG-20240324-WA0026-700x1553.jpg\" title=\"\" rel=\"gallery1\"><img loading=\"lazy\" decoding=\"async\" src=\"https:\/\/www.rozrazil.cz\/wp-content\/uploads\/fotky-z-jarni-vikendovky-v-olomouci-2024-od-ivy-lipenske\/2024\/08\/IMG-20240324-WA0026-150x150.jpg\" width=\"150\" height=\"150\" alt=\"\" \/><\/a>\r\n<\/dt><\/dl><dl class=\"gallery-item\">\n<dt class=\"gallery-icon\">\r\n<a href=\"https:\/\/www.rozrazil.cz\/wp-content\/uploads\/fotky-z-jarni-vikendovky-v-olomouci-2024-od-ivy-lipenske\/2024\/08\/IMG-20240324-WA0027-700x1553.jpg\" title=\"\" rel=\"gallery1\"><img loading=\"lazy\" decoding=\"async\" src=\"https:\/\/www.rozrazil.cz\/wp-content\/uploads\/fotky-z-jarni-vikendovky-v-olomouci-2024-od-ivy-lipenske\/2024\/08\/IMG-20240324-WA0027-150x150.jpg\" width=\"150\" height=\"150\" alt=\"\" \/><\/a>\r\n<\/dt><\/dl><dl class=\"gallery-item\">\n<dt class=\"gallery-icon\">\r\n<a href=\"https:\/\/www.rozrazil.cz\/wp-content\/uploads\/fotky-z-jarni-vikendovky-v-olomouci-2024-od-ivy-lipenske\/2024\/08\/IMG-20240324-WA0028-700x537.jpg\" title=\"\" rel=\"gallery1\"><img loading=\"lazy\" decoding=\"async\" src=\"https:\/\/www.rozrazil.cz\/wp-content\/uploads\/fotky-z-jarni-vikendovky-v-olomouci-2024-od-ivy-lipenske\/2024\/08\/IMG-20240324-WA0028-150x150.jpg\" width=\"150\" height=\"150\" alt=\"\" \/><\/a>\r\n<\/dt><\/dl><dl class=\"gallery-item\">\n<dt class=\"gallery-icon\">\r\n<a href=\"https:\/\/www.rozrazil.cz\/wp-content\/uploads\/fotky-z-jarni-vikendovky-v-olomouci-2024-od-ivy-lipenske\/2024\/08\/IMG-20240324-WA0029-700x1556.jpg\" title=\"\" rel=\"gallery1\"><img loading=\"lazy\" decoding=\"async\" src=\"https:\/\/www.rozrazil.cz\/wp-content\/uploads\/fotky-z-jarni-vikendovky-v-olomouci-2024-od-ivy-lipenske\/2024\/08\/IMG-20240324-WA0029-150x150.jpg\" width=\"150\" height=\"150\" alt=\"\" \/><\/a>\r\n<\/dt><\/dl><br style=\"clear: both\" \/><dl class=\"gallery-item\">\n<dt class=\"gallery-icon\">\r\n<a href=\"https:\/\/www.rozrazil.cz\/wp-content\/uploads\/fotky-z-jarni-vikendovky-v-olomouci-2024-od-ivy-lipenske\/2024\/08\/IMG-20240324-WA0030-700x315.jpg\" title=\"\" rel=\"gallery1\"><img loading=\"lazy\" decoding=\"async\" src=\"https:\/\/www.rozrazil.cz\/wp-content\/uploads\/fotky-z-jarni-vikendovky-v-olomouci-2024-od-ivy-lipenske\/2024\/08\/IMG-20240324-WA0030-150x150.jpg\" width=\"150\" height=\"150\" alt=\"\" \/><\/a>\r\n<\/dt><\/dl><dl class=\"gallery-item\">\n<dt class=\"gallery-icon\">\r\n<a href=\"https:\/\/www.rozrazil.cz\/wp-content\/uploads\/fotky-z-jarni-vikendovky-v-olomouci-2024-od-ivy-lipenske\/2024\/08\/IMG-20240324-WA0031-700x315.jpg\" title=\"\" rel=\"gallery1\"><img loading=\"lazy\" decoding=\"async\" src=\"https:\/\/www.rozrazil.cz\/wp-content\/uploads\/fotky-z-jarni-vikendovky-v-olomouci-2024-od-ivy-lipenske\/2024\/08\/IMG-20240324-WA0031-150x150.jpg\" width=\"150\" height=\"150\" alt=\"\" \/><\/a>\r\n<\/dt><\/dl><dl class=\"gallery-item\">\n<dt class=\"gallery-icon\">\r\n<a href=\"https:\/\/www.rozrazil.cz\/wp-content\/uploads\/fotky-z-jarni-vikendovky-v-olomouci-2024-od-ivy-lipenske\/2024\/08\/IMG-20240324-WA0032-700x315.jpg\" title=\"\" rel=\"gallery1\"><img loading=\"lazy\" decoding=\"async\" src=\"https:\/\/www.rozrazil.cz\/wp-content\/uploads\/fotky-z-jarni-vikendovky-v-olomouci-2024-od-ivy-lipenske\/2024\/08\/IMG-20240324-WA0032-150x150.jpg\" width=\"150\" height=\"150\" alt=\"\" \/><\/a>\r\n<\/dt><\/dl><dl class=\"gallery-item\">\n<dt class=\"gallery-icon\">\r\n<a href=\"https:\/\/www.rozrazil.cz\/wp-content\/uploads\/fotky-z-jarni-vikendovky-v-olomouci-2024-od-ivy-lipenske\/2024\/08\/IMG-20240324-WA0033-700x439.jpg\" title=\"\" rel=\"gallery1\"><img loading=\"lazy\" decoding=\"async\" src=\"https:\/\/www.rozrazil.cz\/wp-content\/uploads\/fotky-z-jarni-vikendovky-v-olomouci-2024-od-ivy-lipenske\/2024\/08\/IMG-20240324-WA0033-150x150.jpg\" width=\"150\" height=\"150\" alt=\"\" \/><\/a>\r\n<\/dt><\/dl><br style=\"clear: both\" \/><dl class=\"gallery-item\">\n<dt class=\"gallery-icon\">\r\n<a href=\"https:\/\/www.rozrazil.cz\/wp-content\/uploads\/fotky-z-jarni-vikendovky-v-olomouci-2024-od-ivy-lipenske\/2024\/08\/IMG-20240324-WA0034-700x485.jpg\" title=\"\" rel=\"gallery1\"><img loading=\"lazy\" decoding=\"async\" src=\"https:\/\/www.rozrazil.cz\/wp-content\/uploads\/fotky-z-jarni-vikendovky-v-olomouci-2024-od-ivy-lipenske\/2024\/08\/IMG-20240324-WA0034-150x150.jpg\" width=\"150\" height=\"150\" alt=\"\" \/><\/a>\r\n<\/dt><\/dl><dl class=\"gallery-item\">\n<dt class=\"gallery-icon\">\r\n<a href=\"https:\/\/www.rozrazil.cz\/wp-content\/uploads\/fotky-z-jarni-vikendovky-v-olomouci-2024-od-ivy-lipenske\/2024\/08\/IMG-20240324-WA0035-700x1556.jpg\" title=\"\" rel=\"gallery1\"><img loading=\"lazy\" decoding=\"async\" src=\"https:\/\/www.rozrazil.cz\/wp-content\/uploads\/fotky-z-jarni-vikendovky-v-olomouci-2024-od-ivy-lipenske\/2024\/08\/IMG-20240324-WA0035-150x150.jpg\" width=\"150\" height=\"150\" alt=\"\" \/><\/a>\r\n<\/dt><\/dl><dl class=\"gallery-item\">\n<dt class=\"gallery-icon\">\r\n<a href=\"https:\/\/www.rozrazil.cz\/wp-content\/uploads\/fotky-z-jarni-vikendovky-v-olomouci-2024-od-ivy-lipenske\/2024\/08\/IMG-20240324-WA0036-700x315.jpg\" title=\"\" rel=\"gallery1\"><img loading=\"lazy\" decoding=\"async\" src=\"https:\/\/www.rozrazil.cz\/wp-content\/uploads\/fotky-z-jarni-vikendovky-v-olomouci-2024-od-ivy-lipenske\/2024\/08\/IMG-20240324-WA0036-150x150.jpg\" width=\"150\" height=\"150\" alt=\"\" \/><\/a>\r\n<\/dt><\/dl><dl class=\"gallery-item\">\n<dt class=\"gallery-icon\">\r\n<a href=\"https:\/\/www.rozrazil.cz\/wp-content\/uploads\/fotky-z-jarni-vikendovky-v-olomouci-2024-od-ivy-lipenske\/2024\/08\/IMG-20240324-WA0037-700x1553.jpg\" title=\"\" rel=\"gallery1\"><img loading=\"lazy\" decoding=\"async\" src=\"https:\/\/www.rozrazil.cz\/wp-content\/uploads\/fotky-z-jarni-vikendovky-v-olomouci-2024-od-ivy-lipenske\/2024\/08\/IMG-20240324-WA0037-150x150.jpg\" width=\"150\" height=\"150\" alt=\"\" \/><\/a>\r\n<\/dt><\/dl><br style=\"clear: both\" \/><dl class=\"gallery-item\">\n<dt class=\"gallery-icon\">\r\n<a href=\"https:\/\/www.rozrazil.cz\/wp-content\/uploads\/fotky-z-jarni-vikendovky-v-olomouci-2024-od-ivy-lipenske\/2024\/08\/IMG-20240324-WA0038-700x1553.jpg\" title=\"\" rel=\"gallery1\"><img loading=\"lazy\" decoding=\"async\" src=\"https:\/\/www.rozrazil.cz\/wp-content\/uploads\/fotky-z-jarni-vikendovky-v-olomouci-2024-od-ivy-lipenske\/2024\/08\/IMG-20240324-WA0038-150x150.jpg\" width=\"150\" height=\"150\" alt=\"\" \/><\/a>\r\n<\/dt><\/dl><dl class=\"gallery-item\">\n<dt class=\"gallery-icon\">\r\n<a href=\"https:\/\/www.rozrazil.cz\/wp-content\/uploads\/fotky-z-jarni-vikendovky-v-olomouci-2024-od-ivy-lipenske\/2024\/08\/IMG-20240324-WA0039-700x1553.jpg\" title=\"\" rel=\"gallery1\"><img loading=\"lazy\" decoding=\"async\" src=\"https:\/\/www.rozrazil.cz\/wp-content\/uploads\/fotky-z-jarni-vikendovky-v-olomouci-2024-od-ivy-lipenske\/2024\/08\/IMG-20240324-WA0039-150x150.jpg\" width=\"150\" height=\"150\" alt=\"\" \/><\/a>\r\n<\/dt><\/dl><dl class=\"gallery-item\">\n<dt class=\"gallery-icon\">\r\n<a href=\"https:\/\/www.rozrazil.cz\/wp-content\/uploads\/fotky-z-jarni-vikendovky-v-olomouci-2024-od-ivy-lipenske\/2024\/08\/IMG-20240324-WA0040-700x1553.jpg\" title=\"\" rel=\"gallery1\"><img loading=\"lazy\" decoding=\"async\" src=\"https:\/\/www.rozrazil.cz\/wp-content\/uploads\/fotky-z-jarni-vikendovky-v-olomouci-2024-od-ivy-lipenske\/2024\/08\/IMG-20240324-WA0040-150x150.jpg\" width=\"150\" height=\"150\" alt=\"\" \/><\/a>\r\n<\/dt><\/dl><dl class=\"gallery-item\">\n<dt class=\"gallery-icon\">\r\n<a href=\"https:\/\/www.rozrazil.cz\/wp-content\/uploads\/fotky-z-jarni-vikendovky-v-olomouci-2024-od-ivy-lipenske\/2024\/08\/IMG-20240324-WA0041-700x1553.jpg\" title=\"\" rel=\"gallery1\"><img loading=\"lazy\" decoding=\"async\" src=\"https:\/\/www.rozrazil.cz\/wp-content\/uploads\/fotky-z-jarni-vikendovky-v-olomouci-2024-od-ivy-lipenske\/2024\/08\/IMG-20240324-WA0041-150x150.jpg\" width=\"150\" height=\"150\" alt=\"\" \/><\/a>\r\n<\/dt><\/dl><br style=\"clear: both\" \/><dl class=\"gallery-item\">\n<dt class=\"gallery-icon\">\r\n<a href=\"https:\/\/www.rozrazil.cz\/wp-content\/uploads\/fotky-z-jarni-vikendovky-v-olomouci-2024-od-ivy-lipenske\/2024\/08\/IMG-20240324-WA0042-700x1244.jpg\" title=\"\" rel=\"gallery1\"><img loading=\"lazy\" decoding=\"async\" src=\"https:\/\/www.rozrazil.cz\/wp-content\/uploads\/fotky-z-jarni-vikendovky-v-olomouci-2024-od-ivy-lipenske\/2024\/08\/IMG-20240324-WA0042-150x150.jpg\" width=\"150\" height=\"150\" alt=\"\" \/><\/a>\r\n<\/dt><\/dl><dl class=\"gallery-item\">\n<dt class=\"gallery-icon\">\r\n<a href=\"https:\/\/www.rozrazil.cz\/wp-content\/uploads\/fotky-z-jarni-vikendovky-v-olomouci-2024-od-ivy-lipenske\/2024\/08\/IMG-20240324-WA0043-700x1244.jpg\" title=\"\" rel=\"gallery1\"><img loading=\"lazy\" decoding=\"async\" src=\"https:\/\/www.rozrazil.cz\/wp-content\/uploads\/fotky-z-jarni-vikendovky-v-olomouci-2024-od-ivy-lipenske\/2024\/08\/IMG-20240324-WA0043-150x150.jpg\" width=\"150\" height=\"150\" alt=\"\" \/><\/a>\r\n<\/dt><\/dl><dl class=\"gallery-item\">\n<dt class=\"gallery-icon\">\r\n<a href=\"https:\/\/www.rozrazil.cz\/wp-content\/uploads\/fotky-z-jarni-vikendovky-v-olomouci-2024-od-ivy-lipenske\/2024\/08\/IMG-20240324-WA0044-700x1244.jpg\" title=\"\" rel=\"gallery1\"><img loading=\"lazy\" decoding=\"async\" src=\"https:\/\/www.rozrazil.cz\/wp-content\/uploads\/fotky-z-jarni-vikendovky-v-olomouci-2024-od-ivy-lipenske\/2024\/08\/IMG-20240324-WA0044-150x150.jpg\" width=\"150\" height=\"150\" alt=\"\" \/><\/a>\r\n<\/dt><\/dl><dl class=\"gallery-item\">\n<dt class=\"gallery-icon\">\r\n<a href=\"https:\/\/www.rozrazil.cz\/wp-content\/uploads\/fotky-z-jarni-vikendovky-v-olomouci-2024-od-ivy-lipenske\/2024\/08\/IMG-20240324-WA0045-700x525.jpg\" title=\"\" rel=\"gallery1\"><img loading=\"lazy\" decoding=\"async\" src=\"https:\/\/www.rozrazil.cz\/wp-content\/uploads\/fotky-z-jarni-vikendovky-v-olomouci-2024-od-ivy-lipenske\/2024\/08\/IMG-20240324-WA0045-150x150.jpg\" width=\"150\" height=\"150\" alt=\"\" \/><\/a>\r\n<\/dt><\/dl><br style=\"clear: both\" \/><dl class=\"gallery-item\">\n<dt class=\"gallery-icon\">\r\n<a href=\"https:\/\/www.rozrazil.cz\/wp-content\/uploads\/fotky-z-jarni-vikendovky-v-olomouci-2024-od-ivy-lipenske\/2024\/08\/IMG-20240324-WA0046-700x525.jpg\" title=\"\" rel=\"gallery1\"><img loading=\"lazy\" decoding=\"async\" src=\"https:\/\/www.rozrazil.cz\/wp-content\/uploads\/fotky-z-jarni-vikendovky-v-olomouci-2024-od-ivy-lipenske\/2024\/08\/IMG-20240324-WA0046-150x150.jpg\" width=\"150\" height=\"150\" alt=\"\" \/><\/a>\r\n<\/dt><\/dl><dl class=\"gallery-item\">\n<dt class=\"gallery-icon\">\r\n<a href=\"https:\/\/www.rozrazil.cz\/wp-content\/uploads\/fotky-z-jarni-vikendovky-v-olomouci-2024-od-ivy-lipenske\/2024\/08\/IMG-20240324-WA0047-700x525.jpg\" title=\"\" rel=\"gallery1\"><img loading=\"lazy\" decoding=\"async\" src=\"https:\/\/www.rozrazil.cz\/wp-content\/uploads\/fotky-z-jarni-vikendovky-v-olomouci-2024-od-ivy-lipenske\/2024\/08\/IMG-20240324-WA0047-150x150.jpg\" width=\"150\" height=\"150\" alt=\"\" \/><\/a>\r\n<\/dt><\/dl><dl class=\"gallery-item\">\n<dt class=\"gallery-icon\">\r\n<a href=\"https:\/\/www.rozrazil.cz\/wp-content\/uploads\/fotky-z-jarni-vikendovky-v-olomouci-2024-od-ivy-lipenske\/2024\/08\/IMG-20240324-WA0048-700x525.jpg\" title=\"\" rel=\"gallery1\"><img loading=\"lazy\" decoding=\"async\" src=\"https:\/\/www.rozrazil.cz\/wp-content\/uploads\/fotky-z-jarni-vikendovky-v-olomouci-2024-od-ivy-lipenske\/2024\/08\/IMG-20240324-WA0048-150x150.jpg\" width=\"150\" height=\"150\" alt=\"\" \/><\/a>\r\n<\/dt><\/dl><dl class=\"gallery-item\">\n<dt class=\"gallery-icon\">\r\n<a href=\"https:\/\/www.rozrazil.cz\/wp-content\/uploads\/fotky-z-jarni-vikendovky-v-olomouci-2024-od-ivy-lipenske\/2024\/08\/IMG-20240324-WA0049-700x525.jpg\" title=\"\" rel=\"gallery1\"><img loading=\"lazy\" decoding=\"async\" src=\"https:\/\/www.rozrazil.cz\/wp-content\/uploads\/fotky-z-jarni-vikendovky-v-olomouci-2024-od-ivy-lipenske\/2024\/08\/IMG-20240324-WA0049-150x150.jpg\" width=\"150\" height=\"150\" alt=\"\" \/><\/a>\r\n<\/dt><\/dl><br style=\"clear: both\" \/><dl class=\"gallery-item\">\n<dt class=\"gallery-icon\">\r\n<a href=\"https:\/\/www.rozrazil.cz\/wp-content\/uploads\/fotky-z-jarni-vikendovky-v-olomouci-2024-od-ivy-lipenske\/2024\/08\/IMG-20240324-WA0050-700x525.jpg\" title=\"\" rel=\"gallery1\"><img loading=\"lazy\" decoding=\"async\" src=\"https:\/\/www.rozrazil.cz\/wp-content\/uploads\/fotky-z-jarni-vikendovky-v-olomouci-2024-od-ivy-lipenske\/2024\/08\/IMG-20240324-WA0050-150x150.jpg\" width=\"150\" height=\"150\" alt=\"\" \/><\/a>\r\n<\/dt><\/dl><dl class=\"gallery-item\">\n<dt class=\"gallery-icon\">\r\n<a href=\"https:\/\/www.rozrazil.cz\/wp-content\/uploads\/fotky-z-jarni-vikendovky-v-olomouci-2024-od-ivy-lipenske\/2024\/08\/IMG-20240324-WA0051-700x525.jpg\" title=\"\" rel=\"gallery1\"><img loading=\"lazy\" decoding=\"async\" src=\"https:\/\/www.rozrazil.cz\/wp-content\/uploads\/fotky-z-jarni-vikendovky-v-olomouci-2024-od-ivy-lipenske\/2024\/08\/IMG-20240324-WA0051-150x150.jpg\" width=\"150\" height=\"150\" alt=\"\" \/><\/a>\r\n<\/dt><\/dl>\r\n\t\t\t<br style='clear: both' \/>\r\n\t\t<\/div>\n\n","protected":false},"excerpt":{"rendered":"","protected":false},"author":79,"featured_media":0,"parent":40557,"menu_order":0,"comment_status":"closed","ping_status":"closed","template":"","meta":{"_bbp_topic_count":0,"_bbp_reply_count":0,"_bbp_total_topic_count":0,"_bbp_total_reply_count":0,"_bbp_voice_count":0,"_bbp_anonymous_reply_count":0,"_bbp_topic_count_hidden":0,"_bbp_reply_count_hidden":0,"_bbp_forum_subforum_count":0,"footnotes":""},"_links":{"self":[{"href":"https:\/\/www.rozrazil.cz\/index.php?rest_route=\/wp\/v2\/pages\/41148"}],"collection":[{"href":"https:\/\/www.rozrazil.cz\/index.php?rest_route=\/wp\/v2\/pages"}],"about":[{"href":"https:\/\/www.rozrazil.cz\/index.php?rest_route=\/wp\/v2\/types\/page"}],"author":[{"embeddable":true,"href":"https:\/\/www.rozrazil.cz\/index.php?rest_route=\/wp\/v2\/users\/79"}],"replies":[{"embeddable":true,"href":"https:\/\/www.rozrazil.cz\/index.php?rest_route=%2Fwp%2Fv2%2Fcomments&post=41148"}],"version-history":[{"count":1,"href":"https:\/\/www.rozrazil.cz\/index.php?rest_route=\/wp\/v2\/pages\/41148\/revisions"}],"predecessor-version":[{"id":41195,"href":"https:\/\/www.rozrazil.cz\/index.php?rest_route=\/wp\/v2\/pages\/41148\/revisions\/41195"}],"up":[{"embeddable":true,"href":"https:\/\/www.rozrazil.cz\/index.php?rest_route=\/wp\/v2\/pages\/40557"}],"wp:attachment":[{"href":"https:\/\/www.rozrazil.cz\/index.php?rest_route=%2Fwp%2Fv2%2Fmedia&parent=41148"}],"curies":[{"name":"wp","href":"https:\/\/api.w.org\/{rel}","templated":true}]}}