{"id":38270,"date":"2022-12-28T16:05:40","date_gmt":"2022-12-28T14:05:40","guid":{"rendered":"https:\/\/www.rozrazil.cz\/?page_id=38270"},"modified":"2022-12-28T16:05:40","modified_gmt":"2022-12-28T14:05:40","slug":"fotky-z-pomocnicke-vikendovky-v-ratiborskych-horach-2022-od-adam-petra","status":"publish","type":"page","link":"https:\/\/www.rozrazil.cz\/?page_id=38270","title":{"rendered":"Fotky z pomocnick\u00e9 v\u00edkendovky v Ratibo\u0159sk\u00fdch hor\u00e1ch 2022 od Adam Petra"},"content":{"rendered":"\r\n\t\t<style type='text\/css'>\r\n\t\t\t#gallery-1 {\r\n\t\t\t\tmargin: auto;\r\n\t\t\t}\r\n\t\t\t#gallery-1 .gallery-item {\r\n\t\t\t\tfloat: left;\r\n\t\t\t\tmargin-top: 10px;\r\n\t\t\t\ttext-align: center;\r\n\t\t\t\twidth: 25%;\r\n\t\t\t}\r\n\t\t\t#gallery-1 img {\r\n\t\t\t\tborder: 2px solid #cfcfcf;\r\n\t\t\t}\r\n\t\t\t#gallery-1 .gallery-caption {\r\n\t\t\t\tmargin-left: 0;\r\n\t\t\t}\r\n\t\t<\/style>\r\n\t\t<!-- see gallery_shortcode() in wp-includes\/media.php -->\n\t\t<div id='gallery-1' class='gallery galleryid-38270 gallery-columns-4 gallery-size-thumbnail gallery1'><script type=\"text\/javascript\">\r\n\/\/ <![CDATA[\r\n\tjQuery(document).ready(function () {\r\n\t\tjQuery(\".gallery1 a\").attr(\"rel\",\"gallery1\");\t\r\n\t\tjQuery('a[rel=\"gallery1\"]').colorbox({maxWidth:\"95%\", maxHeight:\"95%\",title: function(){ return jQuery(this).children().attr(\"alt\"); }, });\r\n\t});\r\n\/\/ ]]>\r\n<\/script>\n<dl class=\"gallery-item\">\n<dt class=\"gallery-icon\">\r\n<a href=\"https:\/\/www.rozrazil.cz\/wp-content\/uploads\/fotky-z-pomocnicke-vikendovky-v-ratiborskych-horach-2022-od-adam-petra\/2022\/12\/IMG_20220513_211914-700x932.jpg\" title=\"\" rel=\"gallery1\"><img loading=\"lazy\" decoding=\"async\" src=\"https:\/\/www.rozrazil.cz\/wp-content\/uploads\/fotky-z-pomocnicke-vikendovky-v-ratiborskych-horach-2022-od-adam-petra\/2022\/12\/IMG_20220513_211914-150x150.jpg\" width=\"150\" height=\"150\" alt=\"\" \/><\/a>\r\n<\/dt><\/dl><dl class=\"gallery-item\">\n<dt class=\"gallery-icon\">\r\n<a href=\"https:\/\/www.rozrazil.cz\/wp-content\/uploads\/fotky-z-pomocnicke-vikendovky-v-ratiborskych-horach-2022-od-adam-petra\/2022\/12\/IMG_20220513_211924-700x526.jpg\" title=\"\" rel=\"gallery1\"><img loading=\"lazy\" decoding=\"async\" src=\"https:\/\/www.rozrazil.cz\/wp-content\/uploads\/fotky-z-pomocnicke-vikendovky-v-ratiborskych-horach-2022-od-adam-petra\/2022\/12\/IMG_20220513_211924-150x150.jpg\" width=\"150\" height=\"150\" alt=\"\" \/><\/a>\r\n<\/dt><\/dl><dl class=\"gallery-item\">\n<dt class=\"gallery-icon\">\r\n<a href=\"https:\/\/www.rozrazil.cz\/wp-content\/uploads\/fotky-z-pomocnicke-vikendovky-v-ratiborskych-horach-2022-od-adam-petra\/2022\/12\/IMG_20220513_211925-700x526.jpg\" title=\"\" rel=\"gallery1\"><img loading=\"lazy\" decoding=\"async\" src=\"https:\/\/www.rozrazil.cz\/wp-content\/uploads\/fotky-z-pomocnicke-vikendovky-v-ratiborskych-horach-2022-od-adam-petra\/2022\/12\/IMG_20220513_211925-150x150.jpg\" width=\"150\" height=\"150\" alt=\"\" \/><\/a>\r\n<\/dt><\/dl><dl class=\"gallery-item\">\n<dt class=\"gallery-icon\">\r\n<a href=\"https:\/\/www.rozrazil.cz\/wp-content\/uploads\/fotky-z-pomocnicke-vikendovky-v-ratiborskych-horach-2022-od-adam-petra\/2022\/12\/IMG_20220513_212608-700x526.jpg\" title=\"\" rel=\"gallery1\"><img loading=\"lazy\" decoding=\"async\" src=\"https:\/\/www.rozrazil.cz\/wp-content\/uploads\/fotky-z-pomocnicke-vikendovky-v-ratiborskych-horach-2022-od-adam-petra\/2022\/12\/IMG_20220513_212608-150x150.jpg\" width=\"150\" height=\"150\" alt=\"\" \/><\/a>\r\n<\/dt><\/dl><br style=\"clear: both\" \/><dl class=\"gallery-item\">\n<dt class=\"gallery-icon\">\r\n<a href=\"https:\/\/www.rozrazil.cz\/wp-content\/uploads\/fotky-z-pomocnicke-vikendovky-v-ratiborskych-horach-2022-od-adam-petra\/2022\/12\/IMG_20220513_212805-700x526.jpg\" title=\"\" rel=\"gallery1\"><img loading=\"lazy\" decoding=\"async\" src=\"https:\/\/www.rozrazil.cz\/wp-content\/uploads\/fotky-z-pomocnicke-vikendovky-v-ratiborskych-horach-2022-od-adam-petra\/2022\/12\/IMG_20220513_212805-150x150.jpg\" width=\"150\" height=\"150\" alt=\"\" \/><\/a>\r\n<\/dt><\/dl><dl class=\"gallery-item\">\n<dt class=\"gallery-icon\">\r\n<a href=\"https:\/\/www.rozrazil.cz\/wp-content\/uploads\/fotky-z-pomocnicke-vikendovky-v-ratiborskych-horach-2022-od-adam-petra\/2022\/12\/IMG_20220513_212806-700x526.jpg\" title=\"\" rel=\"gallery1\"><img loading=\"lazy\" decoding=\"async\" src=\"https:\/\/www.rozrazil.cz\/wp-content\/uploads\/fotky-z-pomocnicke-vikendovky-v-ratiborskych-horach-2022-od-adam-petra\/2022\/12\/IMG_20220513_212806-150x150.jpg\" width=\"150\" height=\"150\" alt=\"\" \/><\/a>\r\n<\/dt><\/dl><dl class=\"gallery-item\">\n<dt class=\"gallery-icon\">\r\n<a href=\"https:\/\/www.rozrazil.cz\/wp-content\/uploads\/fotky-z-pomocnicke-vikendovky-v-ratiborskych-horach-2022-od-adam-petra\/2022\/12\/IMG_20220513_212807-700x526.jpg\" title=\"\" rel=\"gallery1\"><img loading=\"lazy\" decoding=\"async\" src=\"https:\/\/www.rozrazil.cz\/wp-content\/uploads\/fotky-z-pomocnicke-vikendovky-v-ratiborskych-horach-2022-od-adam-petra\/2022\/12\/IMG_20220513_212807-150x150.jpg\" width=\"150\" height=\"150\" alt=\"\" \/><\/a>\r\n<\/dt><\/dl><dl class=\"gallery-item\">\n<dt class=\"gallery-icon\">\r\n<a href=\"https:\/\/www.rozrazil.cz\/wp-content\/uploads\/fotky-z-pomocnicke-vikendovky-v-ratiborskych-horach-2022-od-adam-petra\/2022\/12\/IMG_20220514_185749-700x932.jpg\" title=\"\" rel=\"gallery1\"><img loading=\"lazy\" decoding=\"async\" src=\"https:\/\/www.rozrazil.cz\/wp-content\/uploads\/fotky-z-pomocnicke-vikendovky-v-ratiborskych-horach-2022-od-adam-petra\/2022\/12\/IMG_20220514_185749-150x150.jpg\" width=\"150\" height=\"150\" alt=\"\" \/><\/a>\r\n<\/dt><\/dl><br style=\"clear: both\" \/><dl class=\"gallery-item\">\n<dt class=\"gallery-icon\">\r\n<a href=\"https:\/\/www.rozrazil.cz\/wp-content\/uploads\/fotky-z-pomocnicke-vikendovky-v-ratiborskych-horach-2022-od-adam-petra\/2022\/12\/IMG_20220514_230707-700x932.jpg\" title=\"\" rel=\"gallery1\"><img loading=\"lazy\" decoding=\"async\" src=\"https:\/\/www.rozrazil.cz\/wp-content\/uploads\/fotky-z-pomocnicke-vikendovky-v-ratiborskych-horach-2022-od-adam-petra\/2022\/12\/IMG_20220514_230707-150x150.jpg\" width=\"150\" height=\"150\" alt=\"\" \/><\/a>\r\n<\/dt><\/dl><dl class=\"gallery-item\">\n<dt class=\"gallery-icon\">\r\n<a href=\"https:\/\/www.rozrazil.cz\/wp-content\/uploads\/fotky-z-pomocnicke-vikendovky-v-ratiborskych-horach-2022-od-adam-petra\/2022\/12\/IMG_20220514_230724-700x932.jpg\" title=\"\" rel=\"gallery1\"><img loading=\"lazy\" decoding=\"async\" src=\"https:\/\/www.rozrazil.cz\/wp-content\/uploads\/fotky-z-pomocnicke-vikendovky-v-ratiborskych-horach-2022-od-adam-petra\/2022\/12\/IMG_20220514_230724-150x150.jpg\" width=\"150\" height=\"150\" alt=\"\" \/><\/a>\r\n<\/dt><\/dl><dl class=\"gallery-item\">\n<dt class=\"gallery-icon\">\r\n<a href=\"https:\/\/www.rozrazil.cz\/wp-content\/uploads\/fotky-z-pomocnicke-vikendovky-v-ratiborskych-horach-2022-od-adam-petra\/2022\/12\/IMG_20220514_230731-700x932.jpg\" title=\"\" rel=\"gallery1\"><img loading=\"lazy\" decoding=\"async\" src=\"https:\/\/www.rozrazil.cz\/wp-content\/uploads\/fotky-z-pomocnicke-vikendovky-v-ratiborskych-horach-2022-od-adam-petra\/2022\/12\/IMG_20220514_230731-150x150.jpg\" width=\"150\" height=\"150\" alt=\"\" \/><\/a>\r\n<\/dt><\/dl><dl class=\"gallery-item\">\n<dt class=\"gallery-icon\">\r\n<a href=\"https:\/\/www.rozrazil.cz\/wp-content\/uploads\/fotky-z-pomocnicke-vikendovky-v-ratiborskych-horach-2022-od-adam-petra\/2022\/12\/IMG_20220514_230736-700x932.jpg\" title=\"\" rel=\"gallery1\"><img loading=\"lazy\" decoding=\"async\" src=\"https:\/\/www.rozrazil.cz\/wp-content\/uploads\/fotky-z-pomocnicke-vikendovky-v-ratiborskych-horach-2022-od-adam-petra\/2022\/12\/IMG_20220514_230736-150x150.jpg\" width=\"150\" height=\"150\" alt=\"\" \/><\/a>\r\n<\/dt><\/dl><br style=\"clear: both\" \/><dl class=\"gallery-item\">\n<dt class=\"gallery-icon\">\r\n<a href=\"https:\/\/www.rozrazil.cz\/wp-content\/uploads\/fotky-z-pomocnicke-vikendovky-v-ratiborskych-horach-2022-od-adam-petra\/2022\/12\/IMG_20220514_230741-700x932.jpg\" title=\"\" rel=\"gallery1\"><img loading=\"lazy\" decoding=\"async\" src=\"https:\/\/www.rozrazil.cz\/wp-content\/uploads\/fotky-z-pomocnicke-vikendovky-v-ratiborskych-horach-2022-od-adam-petra\/2022\/12\/IMG_20220514_230741-150x150.jpg\" width=\"150\" height=\"150\" alt=\"\" \/><\/a>\r\n<\/dt><\/dl><dl class=\"gallery-item\">\n<dt class=\"gallery-icon\">\r\n<a href=\"https:\/\/www.rozrazil.cz\/wp-content\/uploads\/fotky-z-pomocnicke-vikendovky-v-ratiborskych-horach-2022-od-adam-petra\/2022\/12\/IMG_20220515_120413-700x932.jpg\" title=\"\" rel=\"gallery1\"><img loading=\"lazy\" decoding=\"async\" src=\"https:\/\/www.rozrazil.cz\/wp-content\/uploads\/fotky-z-pomocnicke-vikendovky-v-ratiborskych-horach-2022-od-adam-petra\/2022\/12\/IMG_20220515_120413-150x150.jpg\" width=\"150\" height=\"150\" alt=\"\" \/><\/a>\r\n<\/dt><\/dl><dl class=\"gallery-item\">\n<dt class=\"gallery-icon\">\r\n<a href=\"https:\/\/www.rozrazil.cz\/wp-content\/uploads\/fotky-z-pomocnicke-vikendovky-v-ratiborskych-horach-2022-od-adam-petra\/2022\/12\/IMG_20220515_120421-700x932.jpg\" title=\"\" rel=\"gallery1\"><img loading=\"lazy\" decoding=\"async\" src=\"https:\/\/www.rozrazil.cz\/wp-content\/uploads\/fotky-z-pomocnicke-vikendovky-v-ratiborskych-horach-2022-od-adam-petra\/2022\/12\/IMG_20220515_120421-150x150.jpg\" width=\"150\" height=\"150\" alt=\"\" \/><\/a>\r\n<\/dt><\/dl><dl class=\"gallery-item\">\n<dt class=\"gallery-icon\">\r\n<a href=\"https:\/\/www.rozrazil.cz\/wp-content\/uploads\/fotky-z-pomocnicke-vikendovky-v-ratiborskych-horach-2022-od-adam-petra\/2022\/12\/IMG_20220515_120423-700x932.jpg\" title=\"\" rel=\"gallery1\"><img loading=\"lazy\" decoding=\"async\" src=\"https:\/\/www.rozrazil.cz\/wp-content\/uploads\/fotky-z-pomocnicke-vikendovky-v-ratiborskych-horach-2022-od-adam-petra\/2022\/12\/IMG_20220515_120423-150x150.jpg\" width=\"150\" height=\"150\" alt=\"\" \/><\/a>\r\n<\/dt><\/dl><br style=\"clear: both\" \/><dl class=\"gallery-item\">\n<dt class=\"gallery-icon\">\r\n<a href=\"https:\/\/www.rozrazil.cz\/wp-content\/uploads\/fotky-z-pomocnicke-vikendovky-v-ratiborskych-horach-2022-od-adam-petra\/2022\/12\/IMG_20220515_120428-700x932.jpg\" title=\"\" rel=\"gallery1\"><img loading=\"lazy\" decoding=\"async\" src=\"https:\/\/www.rozrazil.cz\/wp-content\/uploads\/fotky-z-pomocnicke-vikendovky-v-ratiborskych-horach-2022-od-adam-petra\/2022\/12\/IMG_20220515_120428-150x150.jpg\" width=\"150\" height=\"150\" alt=\"\" \/><\/a>\r\n<\/dt><\/dl><dl class=\"gallery-item\">\n<dt class=\"gallery-icon\">\r\n<a href=\"https:\/\/www.rozrazil.cz\/wp-content\/uploads\/fotky-z-pomocnicke-vikendovky-v-ratiborskych-horach-2022-od-adam-petra\/2022\/12\/IMG_20220515_120432-700x932.jpg\" title=\"\" rel=\"gallery1\"><img loading=\"lazy\" decoding=\"async\" src=\"https:\/\/www.rozrazil.cz\/wp-content\/uploads\/fotky-z-pomocnicke-vikendovky-v-ratiborskych-horach-2022-od-adam-petra\/2022\/12\/IMG_20220515_120432-150x150.jpg\" width=\"150\" height=\"150\" alt=\"\" \/><\/a>\r\n<\/dt><\/dl><dl class=\"gallery-item\">\n<dt class=\"gallery-icon\">\r\n<a href=\"https:\/\/www.rozrazil.cz\/wp-content\/uploads\/fotky-z-pomocnicke-vikendovky-v-ratiborskych-horach-2022-od-adam-petra\/2022\/12\/IMG_20220515_120435-700x932.jpg\" title=\"\" rel=\"gallery1\"><img loading=\"lazy\" decoding=\"async\" src=\"https:\/\/www.rozrazil.cz\/wp-content\/uploads\/fotky-z-pomocnicke-vikendovky-v-ratiborskych-horach-2022-od-adam-petra\/2022\/12\/IMG_20220515_120435-150x150.jpg\" width=\"150\" height=\"150\" alt=\"\" \/><\/a>\r\n<\/dt><\/dl><dl class=\"gallery-item\">\n<dt class=\"gallery-icon\">\r\n<a href=\"https:\/\/www.rozrazil.cz\/wp-content\/uploads\/fotky-z-pomocnicke-vikendovky-v-ratiborskych-horach-2022-od-adam-petra\/2022\/12\/IMG_20220515_120438-700x526.jpg\" title=\"\" rel=\"gallery1\"><img loading=\"lazy\" decoding=\"async\" src=\"https:\/\/www.rozrazil.cz\/wp-content\/uploads\/fotky-z-pomocnicke-vikendovky-v-ratiborskych-horach-2022-od-adam-petra\/2022\/12\/IMG_20220515_120438-150x150.jpg\" width=\"150\" height=\"150\" alt=\"\" \/><\/a>\r\n<\/dt><\/dl><br style=\"clear: both\" \/><dl class=\"gallery-item\">\n<dt class=\"gallery-icon\">\r\n<a href=\"https:\/\/www.rozrazil.cz\/wp-content\/uploads\/fotky-z-pomocnicke-vikendovky-v-ratiborskych-horach-2022-od-adam-petra\/2022\/12\/IMG_20220515_120447-700x932.jpg\" title=\"\" rel=\"gallery1\"><img loading=\"lazy\" decoding=\"async\" src=\"https:\/\/www.rozrazil.cz\/wp-content\/uploads\/fotky-z-pomocnicke-vikendovky-v-ratiborskych-horach-2022-od-adam-petra\/2022\/12\/IMG_20220515_120447-150x150.jpg\" width=\"150\" height=\"150\" alt=\"\" \/><\/a>\r\n<\/dt><\/dl><dl class=\"gallery-item\">\n<dt class=\"gallery-icon\">\r\n<a href=\"https:\/\/www.rozrazil.cz\/wp-content\/uploads\/fotky-z-pomocnicke-vikendovky-v-ratiborskych-horach-2022-od-adam-petra\/2022\/12\/IMG_20220515_120450-700x526.jpg\" title=\"\" rel=\"gallery1\"><img loading=\"lazy\" decoding=\"async\" src=\"https:\/\/www.rozrazil.cz\/wp-content\/uploads\/fotky-z-pomocnicke-vikendovky-v-ratiborskych-horach-2022-od-adam-petra\/2022\/12\/IMG_20220515_120450-150x150.jpg\" width=\"150\" height=\"150\" alt=\"\" \/><\/a>\r\n<\/dt><\/dl><dl class=\"gallery-item\">\n<dt class=\"gallery-icon\">\r\n<a href=\"https:\/\/www.rozrazil.cz\/wp-content\/uploads\/fotky-z-pomocnicke-vikendovky-v-ratiborskych-horach-2022-od-adam-petra\/2022\/12\/IMG_20220515_120459-700x526.jpg\" title=\"\" rel=\"gallery1\"><img loading=\"lazy\" decoding=\"async\" src=\"https:\/\/www.rozrazil.cz\/wp-content\/uploads\/fotky-z-pomocnicke-vikendovky-v-ratiborskych-horach-2022-od-adam-petra\/2022\/12\/IMG_20220515_120459-150x150.jpg\" width=\"150\" height=\"150\" alt=\"\" \/><\/a>\r\n<\/dt><\/dl><dl class=\"gallery-item\">\n<dt class=\"gallery-icon\">\r\n<a href=\"https:\/\/www.rozrazil.cz\/wp-content\/uploads\/fotky-z-pomocnicke-vikendovky-v-ratiborskych-horach-2022-od-adam-petra\/2022\/12\/IMG_20220515_120516-700x932.jpg\" title=\"\" rel=\"gallery1\"><img loading=\"lazy\" decoding=\"async\" src=\"https:\/\/www.rozrazil.cz\/wp-content\/uploads\/fotky-z-pomocnicke-vikendovky-v-ratiborskych-horach-2022-od-adam-petra\/2022\/12\/IMG_20220515_120516-150x150.jpg\" width=\"150\" height=\"150\" alt=\"\" \/><\/a>\r\n<\/dt><\/dl><br style=\"clear: both\" \/><dl class=\"gallery-item\">\n<dt class=\"gallery-icon\">\r\n<a href=\"https:\/\/www.rozrazil.cz\/wp-content\/uploads\/fotky-z-pomocnicke-vikendovky-v-ratiborskych-horach-2022-od-adam-petra\/2022\/12\/IMG_20220515_120526-700x526.jpg\" title=\"\" rel=\"gallery1\"><img loading=\"lazy\" decoding=\"async\" src=\"https:\/\/www.rozrazil.cz\/wp-content\/uploads\/fotky-z-pomocnicke-vikendovky-v-ratiborskych-horach-2022-od-adam-petra\/2022\/12\/IMG_20220515_120526-150x150.jpg\" width=\"150\" height=\"150\" alt=\"\" \/><\/a>\r\n<\/dt><\/dl><dl class=\"gallery-item\">\n<dt class=\"gallery-icon\">\r\n<a href=\"https:\/\/www.rozrazil.cz\/wp-content\/uploads\/fotky-z-pomocnicke-vikendovky-v-ratiborskych-horach-2022-od-adam-petra\/2022\/12\/IMG_20220515_120554-700x932.jpg\" title=\"\" rel=\"gallery1\"><img loading=\"lazy\" decoding=\"async\" src=\"https:\/\/www.rozrazil.cz\/wp-content\/uploads\/fotky-z-pomocnicke-vikendovky-v-ratiborskych-horach-2022-od-adam-petra\/2022\/12\/IMG_20220515_120554-150x150.jpg\" width=\"150\" height=\"150\" alt=\"\" \/><\/a>\r\n<\/dt><\/dl><dl class=\"gallery-item\">\n<dt class=\"gallery-icon\">\r\n<a href=\"https:\/\/www.rozrazil.cz\/wp-content\/uploads\/fotky-z-pomocnicke-vikendovky-v-ratiborskych-horach-2022-od-adam-petra\/2022\/12\/IMG_20220515_120601-700x932.jpg\" title=\"\" rel=\"gallery1\"><img loading=\"lazy\" decoding=\"async\" src=\"https:\/\/www.rozrazil.cz\/wp-content\/uploads\/fotky-z-pomocnicke-vikendovky-v-ratiborskych-horach-2022-od-adam-petra\/2022\/12\/IMG_20220515_120601-150x150.jpg\" width=\"150\" height=\"150\" alt=\"\" \/><\/a>\r\n<\/dt><\/dl><dl class=\"gallery-item\">\n<dt class=\"gallery-icon\">\r\n<a href=\"https:\/\/www.rozrazil.cz\/wp-content\/uploads\/fotky-z-pomocnicke-vikendovky-v-ratiborskych-horach-2022-od-adam-petra\/2022\/12\/IMG_20220515_120602-700x932.jpg\" title=\"\" rel=\"gallery1\"><img loading=\"lazy\" decoding=\"async\" src=\"https:\/\/www.rozrazil.cz\/wp-content\/uploads\/fotky-z-pomocnicke-vikendovky-v-ratiborskych-horach-2022-od-adam-petra\/2022\/12\/IMG_20220515_120602-150x150.jpg\" width=\"150\" height=\"150\" alt=\"\" \/><\/a>\r\n<\/dt><\/dl><br style=\"clear: both\" \/><dl class=\"gallery-item\">\n<dt class=\"gallery-icon\">\r\n<a href=\"https:\/\/www.rozrazil.cz\/wp-content\/uploads\/fotky-z-pomocnicke-vikendovky-v-ratiborskych-horach-2022-od-adam-petra\/2022\/12\/IMG_20220515_120603-700x932.jpg\" title=\"\" rel=\"gallery1\"><img loading=\"lazy\" decoding=\"async\" src=\"https:\/\/www.rozrazil.cz\/wp-content\/uploads\/fotky-z-pomocnicke-vikendovky-v-ratiborskych-horach-2022-od-adam-petra\/2022\/12\/IMG_20220515_120603-150x150.jpg\" width=\"150\" height=\"150\" alt=\"\" \/><\/a>\r\n<\/dt><\/dl><dl class=\"gallery-item\">\n<dt class=\"gallery-icon\">\r\n<a href=\"https:\/\/www.rozrazil.cz\/wp-content\/uploads\/fotky-z-pomocnicke-vikendovky-v-ratiborskych-horach-2022-od-adam-petra\/2022\/12\/IMG_20220515_120611-700x932.jpg\" title=\"\" rel=\"gallery1\"><img loading=\"lazy\" decoding=\"async\" src=\"https:\/\/www.rozrazil.cz\/wp-content\/uploads\/fotky-z-pomocnicke-vikendovky-v-ratiborskych-horach-2022-od-adam-petra\/2022\/12\/IMG_20220515_120611-150x150.jpg\" width=\"150\" height=\"150\" alt=\"\" \/><\/a>\r\n<\/dt><\/dl><dl class=\"gallery-item\">\n<dt class=\"gallery-icon\">\r\n<a href=\"https:\/\/www.rozrazil.cz\/wp-content\/uploads\/fotky-z-pomocnicke-vikendovky-v-ratiborskych-horach-2022-od-adam-petra\/2022\/12\/IMG_20220515_120612-700x932.jpg\" title=\"\" rel=\"gallery1\"><img loading=\"lazy\" decoding=\"async\" src=\"https:\/\/www.rozrazil.cz\/wp-content\/uploads\/fotky-z-pomocnicke-vikendovky-v-ratiborskych-horach-2022-od-adam-petra\/2022\/12\/IMG_20220515_120612-150x150.jpg\" width=\"150\" height=\"150\" alt=\"\" \/><\/a>\r\n<\/dt><\/dl><dl class=\"gallery-item\">\n<dt class=\"gallery-icon\">\r\n<a href=\"https:\/\/www.rozrazil.cz\/wp-content\/uploads\/fotky-z-pomocnicke-vikendovky-v-ratiborskych-horach-2022-od-adam-petra\/2022\/12\/IMG_20220515_120615-700x932.jpg\" title=\"\" rel=\"gallery1\"><img loading=\"lazy\" decoding=\"async\" src=\"https:\/\/www.rozrazil.cz\/wp-content\/uploads\/fotky-z-pomocnicke-vikendovky-v-ratiborskych-horach-2022-od-adam-petra\/2022\/12\/IMG_20220515_120615-150x150.jpg\" width=\"150\" height=\"150\" alt=\"\" \/><\/a>\r\n<\/dt><\/dl><br style=\"clear: both\" \/><dl class=\"gallery-item\">\n<dt class=\"gallery-icon\">\r\n<a href=\"https:\/\/www.rozrazil.cz\/wp-content\/uploads\/fotky-z-pomocnicke-vikendovky-v-ratiborskych-horach-2022-od-adam-petra\/2022\/12\/IMG_20220515_120746-700x932.jpg\" title=\"\" rel=\"gallery1\"><img loading=\"lazy\" decoding=\"async\" src=\"https:\/\/www.rozrazil.cz\/wp-content\/uploads\/fotky-z-pomocnicke-vikendovky-v-ratiborskych-horach-2022-od-adam-petra\/2022\/12\/IMG_20220515_120746-150x150.jpg\" width=\"150\" height=\"150\" alt=\"\" \/><\/a>\r\n<\/dt><\/dl><dl class=\"gallery-item\">\n<dt class=\"gallery-icon\">\r\n<a href=\"https:\/\/www.rozrazil.cz\/wp-content\/uploads\/fotky-z-pomocnicke-vikendovky-v-ratiborskych-horach-2022-od-adam-petra\/2022\/12\/IMG_20220515_120748-700x932.jpg\" title=\"\" rel=\"gallery1\"><img loading=\"lazy\" decoding=\"async\" src=\"https:\/\/www.rozrazil.cz\/wp-content\/uploads\/fotky-z-pomocnicke-vikendovky-v-ratiborskych-horach-2022-od-adam-petra\/2022\/12\/IMG_20220515_120748-150x150.jpg\" width=\"150\" height=\"150\" alt=\"\" \/><\/a>\r\n<\/dt><\/dl><dl class=\"gallery-item\">\n<dt class=\"gallery-icon\">\r\n<a href=\"https:\/\/www.rozrazil.cz\/wp-content\/uploads\/fotky-z-pomocnicke-vikendovky-v-ratiborskych-horach-2022-od-adam-petra\/2022\/12\/IMG_20220515_120748_1-700x932.jpg\" title=\"\" rel=\"gallery1\"><img loading=\"lazy\" decoding=\"async\" src=\"https:\/\/www.rozrazil.cz\/wp-content\/uploads\/fotky-z-pomocnicke-vikendovky-v-ratiborskych-horach-2022-od-adam-petra\/2022\/12\/IMG_20220515_120748_1-150x150.jpg\" width=\"150\" height=\"150\" alt=\"\" \/><\/a>\r\n<\/dt><\/dl><dl class=\"gallery-item\">\n<dt class=\"gallery-icon\">\r\n<a href=\"https:\/\/www.rozrazil.cz\/wp-content\/uploads\/fotky-z-pomocnicke-vikendovky-v-ratiborskych-horach-2022-od-adam-petra\/2022\/12\/IMG_20220515_120757-700x932.jpg\" title=\"\" rel=\"gallery1\"><img loading=\"lazy\" decoding=\"async\" src=\"https:\/\/www.rozrazil.cz\/wp-content\/uploads\/fotky-z-pomocnicke-vikendovky-v-ratiborskych-horach-2022-od-adam-petra\/2022\/12\/IMG_20220515_120757-150x150.jpg\" width=\"150\" height=\"150\" alt=\"\" \/><\/a>\r\n<\/dt><\/dl><br style=\"clear: both\" \/><dl class=\"gallery-item\">\n<dt class=\"gallery-icon\">\r\n<a href=\"https:\/\/www.rozrazil.cz\/wp-content\/uploads\/fotky-z-pomocnicke-vikendovky-v-ratiborskych-horach-2022-od-adam-petra\/2022\/12\/IMG_20220515_120808-700x526.jpg\" title=\"\" rel=\"gallery1\"><img loading=\"lazy\" decoding=\"async\" src=\"https:\/\/www.rozrazil.cz\/wp-content\/uploads\/fotky-z-pomocnicke-vikendovky-v-ratiborskych-horach-2022-od-adam-petra\/2022\/12\/IMG_20220515_120808-150x150.jpg\" width=\"150\" height=\"150\" alt=\"\" \/><\/a>\r\n<\/dt><\/dl><dl class=\"gallery-item\">\n<dt class=\"gallery-icon\">\r\n<a href=\"https:\/\/www.rozrazil.cz\/wp-content\/uploads\/fotky-z-pomocnicke-vikendovky-v-ratiborskych-horach-2022-od-adam-petra\/2022\/12\/IMG_20220515_120809-700x526.jpg\" title=\"\" rel=\"gallery1\"><img loading=\"lazy\" decoding=\"async\" src=\"https:\/\/www.rozrazil.cz\/wp-content\/uploads\/fotky-z-pomocnicke-vikendovky-v-ratiborskych-horach-2022-od-adam-petra\/2022\/12\/IMG_20220515_120809-150x150.jpg\" width=\"150\" height=\"150\" alt=\"\" \/><\/a>\r\n<\/dt><\/dl><dl class=\"gallery-item\">\n<dt class=\"gallery-icon\">\r\n<a href=\"https:\/\/www.rozrazil.cz\/wp-content\/uploads\/fotky-z-pomocnicke-vikendovky-v-ratiborskych-horach-2022-od-adam-petra\/2022\/12\/IMG_20220515_120811-700x526.jpg\" title=\"\" rel=\"gallery1\"><img loading=\"lazy\" decoding=\"async\" src=\"https:\/\/www.rozrazil.cz\/wp-content\/uploads\/fotky-z-pomocnicke-vikendovky-v-ratiborskych-horach-2022-od-adam-petra\/2022\/12\/IMG_20220515_120811-150x150.jpg\" width=\"150\" height=\"150\" alt=\"\" \/><\/a>\r\n<\/dt><\/dl><dl class=\"gallery-item\">\n<dt class=\"gallery-icon\">\r\n<a href=\"https:\/\/www.rozrazil.cz\/wp-content\/uploads\/fotky-z-pomocnicke-vikendovky-v-ratiborskych-horach-2022-od-adam-petra\/2022\/12\/IMG_20220515_120815-700x932.jpg\" title=\"\" rel=\"gallery1\"><img loading=\"lazy\" decoding=\"async\" src=\"https:\/\/www.rozrazil.cz\/wp-content\/uploads\/fotky-z-pomocnicke-vikendovky-v-ratiborskych-horach-2022-od-adam-petra\/2022\/12\/IMG_20220515_120815-150x150.jpg\" width=\"150\" height=\"150\" alt=\"\" \/><\/a>\r\n<\/dt><\/dl><br style=\"clear: both\" \/><dl class=\"gallery-item\">\n<dt class=\"gallery-icon\">\r\n<a href=\"https:\/\/www.rozrazil.cz\/wp-content\/uploads\/fotky-z-pomocnicke-vikendovky-v-ratiborskych-horach-2022-od-adam-petra\/2022\/12\/IMG_20220515_121019-700x932.jpg\" title=\"\" rel=\"gallery1\"><img loading=\"lazy\" decoding=\"async\" src=\"https:\/\/www.rozrazil.cz\/wp-content\/uploads\/fotky-z-pomocnicke-vikendovky-v-ratiborskych-horach-2022-od-adam-petra\/2022\/12\/IMG_20220515_121019-150x150.jpg\" width=\"150\" height=\"150\" alt=\"\" \/><\/a>\r\n<\/dt><\/dl><dl class=\"gallery-item\">\n<dt class=\"gallery-icon\">\r\n<a href=\"https:\/\/www.rozrazil.cz\/wp-content\/uploads\/fotky-z-pomocnicke-vikendovky-v-ratiborskych-horach-2022-od-adam-petra\/2022\/12\/IMG_20220515_121023-700x932.jpg\" title=\"\" rel=\"gallery1\"><img loading=\"lazy\" decoding=\"async\" src=\"https:\/\/www.rozrazil.cz\/wp-content\/uploads\/fotky-z-pomocnicke-vikendovky-v-ratiborskych-horach-2022-od-adam-petra\/2022\/12\/IMG_20220515_121023-150x150.jpg\" width=\"150\" height=\"150\" alt=\"\" \/><\/a>\r\n<\/dt><\/dl><dl class=\"gallery-item\">\n<dt class=\"gallery-icon\">\r\n<a href=\"https:\/\/www.rozrazil.cz\/wp-content\/uploads\/fotky-z-pomocnicke-vikendovky-v-ratiborskych-horach-2022-od-adam-petra\/2022\/12\/IMG_20220515_121112-700x932.jpg\" title=\"\" rel=\"gallery1\"><img loading=\"lazy\" decoding=\"async\" src=\"https:\/\/www.rozrazil.cz\/wp-content\/uploads\/fotky-z-pomocnicke-vikendovky-v-ratiborskych-horach-2022-od-adam-petra\/2022\/12\/IMG_20220515_121112-150x150.jpg\" width=\"150\" height=\"150\" alt=\"\" \/><\/a>\r\n<\/dt><\/dl><dl class=\"gallery-item\">\n<dt class=\"gallery-icon\">\r\n<a href=\"https:\/\/www.rozrazil.cz\/wp-content\/uploads\/fotky-z-pomocnicke-vikendovky-v-ratiborskych-horach-2022-od-adam-petra\/2022\/12\/IMG_20220515_121129-700x932.jpg\" title=\"\" rel=\"gallery1\"><img loading=\"lazy\" decoding=\"async\" src=\"https:\/\/www.rozrazil.cz\/wp-content\/uploads\/fotky-z-pomocnicke-vikendovky-v-ratiborskych-horach-2022-od-adam-petra\/2022\/12\/IMG_20220515_121129-150x150.jpg\" width=\"150\" height=\"150\" alt=\"\" \/><\/a>\r\n<\/dt><\/dl><br style=\"clear: both\" \/>\r\n\t\t<\/div>\n\n","protected":false},"excerpt":{"rendered":"","protected":false},"author":79,"featured_media":0,"parent":36332,"menu_order":0,"comment_status":"closed","ping_status":"closed","template":"","meta":{"_bbp_topic_count":0,"_bbp_reply_count":0,"_bbp_total_topic_count":0,"_bbp_total_reply_count":0,"_bbp_voice_count":0,"_bbp_anonymous_reply_count":0,"_bbp_topic_count_hidden":0,"_bbp_reply_count_hidden":0,"_bbp_forum_subforum_count":0,"footnotes":""},"_links":{"self":[{"href":"https:\/\/www.rozrazil.cz\/index.php?rest_route=\/wp\/v2\/pages\/38270"}],"collection":[{"href":"https:\/\/www.rozrazil.cz\/index.php?rest_route=\/wp\/v2\/pages"}],"about":[{"href":"https:\/\/www.rozrazil.cz\/index.php?rest_route=\/wp\/v2\/types\/page"}],"author":[{"embeddable":true,"href":"https:\/\/www.rozrazil.cz\/index.php?rest_route=\/wp\/v2\/users\/79"}],"replies":[{"embeddable":true,"href":"https:\/\/www.rozrazil.cz\/index.php?rest_route=%2Fwp%2Fv2%2Fcomments&post=38270"}],"version-history":[{"count":1,"href":"https:\/\/www.rozrazil.cz\/index.php?rest_route=\/wp\/v2\/pages\/38270\/revisions"}],"predecessor-version":[{"id":38317,"href":"https:\/\/www.rozrazil.cz\/index.php?rest_route=\/wp\/v2\/pages\/38270\/revisions\/38317"}],"up":[{"embeddable":true,"href":"https:\/\/www.rozrazil.cz\/index.php?rest_route=\/wp\/v2\/pages\/36332"}],"wp:attachment":[{"href":"https:\/\/www.rozrazil.cz\/index.php?rest_route=%2Fwp%2Fv2%2Fmedia&parent=38270"}],"curies":[{"name":"wp","href":"https:\/\/api.w.org\/{rel}","templated":true}]}}