{"id":36530,"date":"2022-06-30T16:10:13","date_gmt":"2022-06-30T14:10:13","guid":{"rendered":"https:\/\/www.rozrazil.cz\/?page_id=36530"},"modified":"2022-06-30T16:10:13","modified_gmt":"2022-06-30T14:10:13","slug":"fotky-z-masopustu-v-kamenici-2020-od-bary-vachove","status":"publish","type":"page","link":"https:\/\/www.rozrazil.cz\/?page_id=36530","title":{"rendered":"Fotky z Masopustu v Kamenici 2020 od B\u00e1ry V\u00e1chov\u00e9"},"content":{"rendered":"\r\n\t\t<style type='text\/css'>\r\n\t\t\t#gallery-1 {\r\n\t\t\t\tmargin: auto;\r\n\t\t\t}\r\n\t\t\t#gallery-1 .gallery-item {\r\n\t\t\t\tfloat: left;\r\n\t\t\t\tmargin-top: 10px;\r\n\t\t\t\ttext-align: center;\r\n\t\t\t\twidth: 25%;\r\n\t\t\t}\r\n\t\t\t#gallery-1 img {\r\n\t\t\t\tborder: 2px solid #cfcfcf;\r\n\t\t\t}\r\n\t\t\t#gallery-1 .gallery-caption {\r\n\t\t\t\tmargin-left: 0;\r\n\t\t\t}\r\n\t\t<\/style>\r\n\t\t<!-- see gallery_shortcode() in wp-includes\/media.php -->\n\t\t<div id='gallery-1' class='gallery galleryid-36530 gallery-columns-4 gallery-size-thumbnail gallery1'><script type=\"text\/javascript\">\r\n\/\/ <![CDATA[\r\n\tjQuery(document).ready(function () {\r\n\t\tjQuery(\".gallery1 a\").attr(\"rel\",\"gallery1\");\t\r\n\t\tjQuery('a[rel=\"gallery1\"]').colorbox({maxWidth:\"95%\", maxHeight:\"95%\",title: function(){ return jQuery(this).children().attr(\"alt\"); }, });\r\n\t});\r\n\/\/ ]]>\r\n<\/script>\n<dl class=\"gallery-item\">\n<dt class=\"gallery-icon\">\r\n<a href=\"https:\/\/www.rozrazil.cz\/wp-content\/uploads\/fotky-z-masopustu-v-kamenici-2020-od-bary-vachove\/2022\/06\/IMG_20200223_105000900-700x933.jpg\" title=\"\" rel=\"gallery1\"><img loading=\"lazy\" decoding=\"async\" src=\"https:\/\/www.rozrazil.cz\/wp-content\/uploads\/fotky-z-masopustu-v-kamenici-2020-od-bary-vachove\/2022\/06\/IMG_20200223_105000900-150x150.jpg\" width=\"150\" height=\"150\" alt=\"\" \/><\/a>\r\n<\/dt><\/dl><dl class=\"gallery-item\">\n<dt class=\"gallery-icon\">\r\n<a href=\"https:\/\/www.rozrazil.cz\/wp-content\/uploads\/fotky-z-masopustu-v-kamenici-2020-od-bary-vachove\/2022\/06\/IMG_20200223_105015692-700x933.jpg\" title=\"\" rel=\"gallery1\"><img loading=\"lazy\" decoding=\"async\" src=\"https:\/\/www.rozrazil.cz\/wp-content\/uploads\/fotky-z-masopustu-v-kamenici-2020-od-bary-vachove\/2022\/06\/IMG_20200223_105015692-150x150.jpg\" width=\"150\" height=\"150\" alt=\"\" \/><\/a>\r\n<\/dt><\/dl><dl class=\"gallery-item\">\n<dt class=\"gallery-icon\">\r\n<a href=\"https:\/\/www.rozrazil.cz\/wp-content\/uploads\/fotky-z-masopustu-v-kamenici-2020-od-bary-vachove\/2022\/06\/IMG_20200223_111417885-700x525.jpg\" title=\"\" rel=\"gallery1\"><img loading=\"lazy\" decoding=\"async\" src=\"https:\/\/www.rozrazil.cz\/wp-content\/uploads\/fotky-z-masopustu-v-kamenici-2020-od-bary-vachove\/2022\/06\/IMG_20200223_111417885-150x150.jpg\" width=\"150\" height=\"150\" alt=\"\" \/><\/a>\r\n<\/dt><\/dl><dl class=\"gallery-item\">\n<dt class=\"gallery-icon\">\r\n<a href=\"https:\/\/www.rozrazil.cz\/wp-content\/uploads\/fotky-z-masopustu-v-kamenici-2020-od-bary-vachove\/2022\/06\/IMG_20200223_145132076-700x525.jpg\" title=\"\" rel=\"gallery1\"><img loading=\"lazy\" decoding=\"async\" src=\"https:\/\/www.rozrazil.cz\/wp-content\/uploads\/fotky-z-masopustu-v-kamenici-2020-od-bary-vachove\/2022\/06\/IMG_20200223_145132076-150x150.jpg\" width=\"150\" height=\"150\" alt=\"\" \/><\/a>\r\n<\/dt><\/dl><br style=\"clear: both\" \/><dl class=\"gallery-item\">\n<dt class=\"gallery-icon\">\r\n<a href=\"https:\/\/www.rozrazil.cz\/wp-content\/uploads\/fotky-z-masopustu-v-kamenici-2020-od-bary-vachove\/2022\/06\/IMG_20200223_145145602-700x525.jpg\" title=\"\" rel=\"gallery1\"><img loading=\"lazy\" decoding=\"async\" src=\"https:\/\/www.rozrazil.cz\/wp-content\/uploads\/fotky-z-masopustu-v-kamenici-2020-od-bary-vachove\/2022\/06\/IMG_20200223_145145602-150x150.jpg\" width=\"150\" height=\"150\" alt=\"\" \/><\/a>\r\n<\/dt><\/dl><dl class=\"gallery-item\">\n<dt class=\"gallery-icon\">\r\n<a href=\"https:\/\/www.rozrazil.cz\/wp-content\/uploads\/fotky-z-masopustu-v-kamenici-2020-od-bary-vachove\/2022\/06\/IMG_20200223_145152361-700x525.jpg\" title=\"\" rel=\"gallery1\"><img loading=\"lazy\" decoding=\"async\" src=\"https:\/\/www.rozrazil.cz\/wp-content\/uploads\/fotky-z-masopustu-v-kamenici-2020-od-bary-vachove\/2022\/06\/IMG_20200223_145152361-150x150.jpg\" width=\"150\" height=\"150\" alt=\"\" \/><\/a>\r\n<\/dt><\/dl><dl class=\"gallery-item\">\n<dt class=\"gallery-icon\">\r\n<a href=\"https:\/\/www.rozrazil.cz\/wp-content\/uploads\/fotky-z-masopustu-v-kamenici-2020-od-bary-vachove\/2022\/06\/IMG_20200223_151413495-700x525.jpg\" title=\"\" rel=\"gallery1\"><img loading=\"lazy\" decoding=\"async\" src=\"https:\/\/www.rozrazil.cz\/wp-content\/uploads\/fotky-z-masopustu-v-kamenici-2020-od-bary-vachove\/2022\/06\/IMG_20200223_151413495-150x150.jpg\" width=\"150\" height=\"150\" alt=\"\" \/><\/a>\r\n<\/dt><\/dl><dl class=\"gallery-item\">\n<dt class=\"gallery-icon\">\r\n<a href=\"https:\/\/www.rozrazil.cz\/wp-content\/uploads\/fotky-z-masopustu-v-kamenici-2020-od-bary-vachove\/2022\/06\/IMG_20200223_151415953-700x525.jpg\" title=\"\" rel=\"gallery1\"><img loading=\"lazy\" decoding=\"async\" src=\"https:\/\/www.rozrazil.cz\/wp-content\/uploads\/fotky-z-masopustu-v-kamenici-2020-od-bary-vachove\/2022\/06\/IMG_20200223_151415953-150x150.jpg\" width=\"150\" height=\"150\" alt=\"\" \/><\/a>\r\n<\/dt><\/dl><br style=\"clear: both\" \/><dl class=\"gallery-item\">\n<dt class=\"gallery-icon\">\r\n<a href=\"https:\/\/www.rozrazil.cz\/wp-content\/uploads\/fotky-z-masopustu-v-kamenici-2020-od-bary-vachove\/2022\/06\/IMG_20200223_151517499_HDR-700x525.jpg\" title=\"\" rel=\"gallery1\"><img loading=\"lazy\" decoding=\"async\" src=\"https:\/\/www.rozrazil.cz\/wp-content\/uploads\/fotky-z-masopustu-v-kamenici-2020-od-bary-vachove\/2022\/06\/IMG_20200223_151517499_HDR-150x150.jpg\" width=\"150\" height=\"150\" alt=\"\" \/><\/a>\r\n<\/dt><\/dl><dl class=\"gallery-item\">\n<dt class=\"gallery-icon\">\r\n<a href=\"https:\/\/www.rozrazil.cz\/wp-content\/uploads\/fotky-z-masopustu-v-kamenici-2020-od-bary-vachove\/2022\/06\/IMG_20200223_151654104_HDR-700x525.jpg\" title=\"\" rel=\"gallery1\"><img loading=\"lazy\" decoding=\"async\" src=\"https:\/\/www.rozrazil.cz\/wp-content\/uploads\/fotky-z-masopustu-v-kamenici-2020-od-bary-vachove\/2022\/06\/IMG_20200223_151654104_HDR-150x150.jpg\" width=\"150\" height=\"150\" alt=\"\" \/><\/a>\r\n<\/dt><\/dl><dl class=\"gallery-item\">\n<dt class=\"gallery-icon\">\r\n<a href=\"https:\/\/www.rozrazil.cz\/wp-content\/uploads\/fotky-z-masopustu-v-kamenici-2020-od-bary-vachove\/2022\/06\/IMG_20200223_151707942_HDR-700x525.jpg\" title=\"\" rel=\"gallery1\"><img loading=\"lazy\" decoding=\"async\" src=\"https:\/\/www.rozrazil.cz\/wp-content\/uploads\/fotky-z-masopustu-v-kamenici-2020-od-bary-vachove\/2022\/06\/IMG_20200223_151707942_HDR-150x150.jpg\" width=\"150\" height=\"150\" alt=\"\" \/><\/a>\r\n<\/dt><\/dl><dl class=\"gallery-item\">\n<dt class=\"gallery-icon\">\r\n<a href=\"https:\/\/www.rozrazil.cz\/wp-content\/uploads\/fotky-z-masopustu-v-kamenici-2020-od-bary-vachove\/2022\/06\/IMG_20200223_151720313_HDR-700x525.jpg\" title=\"\" rel=\"gallery1\"><img loading=\"lazy\" decoding=\"async\" src=\"https:\/\/www.rozrazil.cz\/wp-content\/uploads\/fotky-z-masopustu-v-kamenici-2020-od-bary-vachove\/2022\/06\/IMG_20200223_151720313_HDR-150x150.jpg\" width=\"150\" height=\"150\" alt=\"\" \/><\/a>\r\n<\/dt><\/dl><br style=\"clear: both\" \/><dl class=\"gallery-item\">\n<dt class=\"gallery-icon\">\r\n<a href=\"https:\/\/www.rozrazil.cz\/wp-content\/uploads\/fotky-z-masopustu-v-kamenici-2020-od-bary-vachove\/2022\/06\/P2221638-700x525.jpg\" title=\"OLYMPUS DIGITAL CAMERA\" rel=\"gallery1\"><img loading=\"lazy\" decoding=\"async\" src=\"https:\/\/www.rozrazil.cz\/wp-content\/uploads\/fotky-z-masopustu-v-kamenici-2020-od-bary-vachove\/2022\/06\/P2221638-150x150.jpg\" width=\"150\" height=\"150\" alt=\"OLYMPUS DIGITAL CAMERA\" \/><\/a>\r\n<\/dt><dd class=\"gallery-caption\" id=\"caption36543\"><span class=\"imagecaption\">OLYMPUS DIGITAL CAMERA<\/span><br \/>\n<\/dd><\/dl><dl class=\"gallery-item\">\n<dt class=\"gallery-icon\">\r\n<a href=\"https:\/\/www.rozrazil.cz\/wp-content\/uploads\/fotky-z-masopustu-v-kamenici-2020-od-bary-vachove\/2022\/06\/P2221639-700x525.jpg\" title=\"OLYMPUS DIGITAL CAMERA\" rel=\"gallery1\"><img loading=\"lazy\" decoding=\"async\" src=\"https:\/\/www.rozrazil.cz\/wp-content\/uploads\/fotky-z-masopustu-v-kamenici-2020-od-bary-vachove\/2022\/06\/P2221639-150x150.jpg\" width=\"150\" height=\"150\" alt=\"OLYMPUS DIGITAL CAMERA\" \/><\/a>\r\n<\/dt><dd class=\"gallery-caption\" id=\"caption36544\"><span class=\"imagecaption\">OLYMPUS DIGITAL CAMERA<\/span><br \/>\n<\/dd><\/dl><dl class=\"gallery-item\">\n<dt class=\"gallery-icon\">\r\n<a href=\"https:\/\/www.rozrazil.cz\/wp-content\/uploads\/fotky-z-masopustu-v-kamenici-2020-od-bary-vachove\/2022\/06\/P2221640-700x933.jpg\" title=\"OLYMPUS DIGITAL CAMERA\" rel=\"gallery1\"><img loading=\"lazy\" decoding=\"async\" src=\"https:\/\/www.rozrazil.cz\/wp-content\/uploads\/fotky-z-masopustu-v-kamenici-2020-od-bary-vachove\/2022\/06\/P2221640-150x150.jpg\" width=\"150\" height=\"150\" alt=\"OLYMPUS DIGITAL CAMERA\" \/><\/a>\r\n<\/dt><dd class=\"gallery-caption\" id=\"caption36545\"><span class=\"imagecaption\">OLYMPUS DIGITAL CAMERA<\/span><br \/>\n<\/dd><\/dl><dl class=\"gallery-item\">\n<dt class=\"gallery-icon\">\r\n<a href=\"https:\/\/www.rozrazil.cz\/wp-content\/uploads\/fotky-z-masopustu-v-kamenici-2020-od-bary-vachove\/2022\/06\/P2221642-700x525.jpg\" title=\"OLYMPUS DIGITAL CAMERA\" rel=\"gallery1\"><img loading=\"lazy\" decoding=\"async\" src=\"https:\/\/www.rozrazil.cz\/wp-content\/uploads\/fotky-z-masopustu-v-kamenici-2020-od-bary-vachove\/2022\/06\/P2221642-150x150.jpg\" width=\"150\" height=\"150\" alt=\"OLYMPUS DIGITAL CAMERA\" \/><\/a>\r\n<\/dt><dd class=\"gallery-caption\" id=\"caption36546\"><span class=\"imagecaption\">OLYMPUS DIGITAL CAMERA<\/span><br \/>\n<\/dd><\/dl><br style=\"clear: both\" \/><dl class=\"gallery-item\">\n<dt class=\"gallery-icon\">\r\n<a href=\"https:\/\/www.rozrazil.cz\/wp-content\/uploads\/fotky-z-masopustu-v-kamenici-2020-od-bary-vachove\/2022\/06\/P2221647-700x933.jpg\" title=\"OLYMPUS DIGITAL CAMERA\" rel=\"gallery1\"><img loading=\"lazy\" decoding=\"async\" src=\"https:\/\/www.rozrazil.cz\/wp-content\/uploads\/fotky-z-masopustu-v-kamenici-2020-od-bary-vachove\/2022\/06\/P2221647-150x150.jpg\" width=\"150\" height=\"150\" alt=\"OLYMPUS DIGITAL CAMERA\" \/><\/a>\r\n<\/dt><dd class=\"gallery-caption\" id=\"caption36547\"><span class=\"imagecaption\">OLYMPUS DIGITAL CAMERA<\/span><br \/>\n<\/dd><\/dl><dl class=\"gallery-item\">\n<dt class=\"gallery-icon\">\r\n<a href=\"https:\/\/www.rozrazil.cz\/wp-content\/uploads\/fotky-z-masopustu-v-kamenici-2020-od-bary-vachove\/2022\/06\/P2221649-700x525.jpg\" title=\"OLYMPUS DIGITAL CAMERA\" rel=\"gallery1\"><img loading=\"lazy\" decoding=\"async\" src=\"https:\/\/www.rozrazil.cz\/wp-content\/uploads\/fotky-z-masopustu-v-kamenici-2020-od-bary-vachove\/2022\/06\/P2221649-150x150.jpg\" width=\"150\" height=\"150\" alt=\"OLYMPUS DIGITAL CAMERA\" \/><\/a>\r\n<\/dt><dd class=\"gallery-caption\" id=\"caption36548\"><span class=\"imagecaption\">OLYMPUS DIGITAL CAMERA<\/span><br \/>\n<\/dd><\/dl><dl class=\"gallery-item\">\n<dt class=\"gallery-icon\">\r\n<a href=\"https:\/\/www.rozrazil.cz\/wp-content\/uploads\/fotky-z-masopustu-v-kamenici-2020-od-bary-vachove\/2022\/06\/P2221651-700x525.jpg\" title=\"OLYMPUS DIGITAL CAMERA\" rel=\"gallery1\"><img loading=\"lazy\" decoding=\"async\" src=\"https:\/\/www.rozrazil.cz\/wp-content\/uploads\/fotky-z-masopustu-v-kamenici-2020-od-bary-vachove\/2022\/06\/P2221651-150x150.jpg\" width=\"150\" height=\"150\" alt=\"OLYMPUS DIGITAL CAMERA\" \/><\/a>\r\n<\/dt><dd class=\"gallery-caption\" id=\"caption36549\"><span class=\"imagecaption\">OLYMPUS DIGITAL CAMERA<\/span><br \/>\n<\/dd><\/dl><dl class=\"gallery-item\">\n<dt class=\"gallery-icon\">\r\n<a href=\"https:\/\/www.rozrazil.cz\/wp-content\/uploads\/fotky-z-masopustu-v-kamenici-2020-od-bary-vachove\/2022\/06\/P2221652-700x933.jpg\" title=\"OLYMPUS DIGITAL CAMERA\" rel=\"gallery1\"><img loading=\"lazy\" decoding=\"async\" src=\"https:\/\/www.rozrazil.cz\/wp-content\/uploads\/fotky-z-masopustu-v-kamenici-2020-od-bary-vachove\/2022\/06\/P2221652-150x150.jpg\" width=\"150\" height=\"150\" alt=\"OLYMPUS DIGITAL CAMERA\" \/><\/a>\r\n<\/dt><dd class=\"gallery-caption\" id=\"caption36550\"><span class=\"imagecaption\">OLYMPUS DIGITAL CAMERA<\/span><br \/>\n<\/dd><\/dl><br style=\"clear: both\" \/><dl class=\"gallery-item\">\n<dt class=\"gallery-icon\">\r\n<a href=\"https:\/\/www.rozrazil.cz\/wp-content\/uploads\/fotky-z-masopustu-v-kamenici-2020-od-bary-vachove\/2022\/06\/P2221653-700x525.jpg\" title=\"OLYMPUS DIGITAL CAMERA\" rel=\"gallery1\"><img loading=\"lazy\" decoding=\"async\" src=\"https:\/\/www.rozrazil.cz\/wp-content\/uploads\/fotky-z-masopustu-v-kamenici-2020-od-bary-vachove\/2022\/06\/P2221653-150x150.jpg\" width=\"150\" height=\"150\" alt=\"OLYMPUS DIGITAL CAMERA\" \/><\/a>\r\n<\/dt><dd class=\"gallery-caption\" id=\"caption36551\"><span class=\"imagecaption\">OLYMPUS DIGITAL CAMERA<\/span><br \/>\n<\/dd><\/dl><dl class=\"gallery-item\">\n<dt class=\"gallery-icon\">\r\n<a href=\"https:\/\/www.rozrazil.cz\/wp-content\/uploads\/fotky-z-masopustu-v-kamenici-2020-od-bary-vachove\/2022\/06\/P2221654-700x525.jpg\" title=\"OLYMPUS DIGITAL CAMERA\" rel=\"gallery1\"><img loading=\"lazy\" decoding=\"async\" src=\"https:\/\/www.rozrazil.cz\/wp-content\/uploads\/fotky-z-masopustu-v-kamenici-2020-od-bary-vachove\/2022\/06\/P2221654-150x150.jpg\" width=\"150\" height=\"150\" alt=\"OLYMPUS DIGITAL CAMERA\" \/><\/a>\r\n<\/dt><dd class=\"gallery-caption\" id=\"caption36552\"><span class=\"imagecaption\">OLYMPUS DIGITAL CAMERA<\/span><br \/>\n<\/dd><\/dl><dl class=\"gallery-item\">\n<dt class=\"gallery-icon\">\r\n<a href=\"https:\/\/www.rozrazil.cz\/wp-content\/uploads\/fotky-z-masopustu-v-kamenici-2020-od-bary-vachove\/2022\/06\/P2221655-700x525.jpg\" title=\"OLYMPUS DIGITAL CAMERA\" rel=\"gallery1\"><img loading=\"lazy\" decoding=\"async\" src=\"https:\/\/www.rozrazil.cz\/wp-content\/uploads\/fotky-z-masopustu-v-kamenici-2020-od-bary-vachove\/2022\/06\/P2221655-150x150.jpg\" width=\"150\" height=\"150\" alt=\"OLYMPUS DIGITAL CAMERA\" \/><\/a>\r\n<\/dt><dd class=\"gallery-caption\" id=\"caption36553\"><span class=\"imagecaption\">OLYMPUS DIGITAL CAMERA<\/span><br \/>\n<\/dd><\/dl><dl class=\"gallery-item\">\n<dt class=\"gallery-icon\">\r\n<a href=\"https:\/\/www.rozrazil.cz\/wp-content\/uploads\/fotky-z-masopustu-v-kamenici-2020-od-bary-vachove\/2022\/06\/P2221662-700x525.jpg\" title=\"OLYMPUS DIGITAL CAMERA\" rel=\"gallery1\"><img loading=\"lazy\" decoding=\"async\" src=\"https:\/\/www.rozrazil.cz\/wp-content\/uploads\/fotky-z-masopustu-v-kamenici-2020-od-bary-vachove\/2022\/06\/P2221662-150x150.jpg\" width=\"150\" height=\"150\" alt=\"OLYMPUS DIGITAL CAMERA\" \/><\/a>\r\n<\/dt><dd class=\"gallery-caption\" id=\"caption36554\"><span class=\"imagecaption\">OLYMPUS DIGITAL CAMERA<\/span><br \/>\n<\/dd><\/dl><br style=\"clear: both\" \/><dl class=\"gallery-item\">\n<dt class=\"gallery-icon\">\r\n<a href=\"https:\/\/www.rozrazil.cz\/wp-content\/uploads\/fotky-z-masopustu-v-kamenici-2020-od-bary-vachove\/2022\/06\/P2221665-700x525.jpg\" title=\"OLYMPUS DIGITAL CAMERA\" rel=\"gallery1\"><img loading=\"lazy\" decoding=\"async\" src=\"https:\/\/www.rozrazil.cz\/wp-content\/uploads\/fotky-z-masopustu-v-kamenici-2020-od-bary-vachove\/2022\/06\/P2221665-150x150.jpg\" width=\"150\" height=\"150\" alt=\"OLYMPUS DIGITAL CAMERA\" \/><\/a>\r\n<\/dt><dd class=\"gallery-caption\" id=\"caption36555\"><span class=\"imagecaption\">OLYMPUS DIGITAL CAMERA<\/span><br \/>\n<\/dd><\/dl><dl class=\"gallery-item\">\n<dt class=\"gallery-icon\">\r\n<a href=\"https:\/\/www.rozrazil.cz\/wp-content\/uploads\/fotky-z-masopustu-v-kamenici-2020-od-bary-vachove\/2022\/06\/P2221671-700x525.jpg\" title=\"OLYMPUS DIGITAL CAMERA\" rel=\"gallery1\"><img loading=\"lazy\" decoding=\"async\" src=\"https:\/\/www.rozrazil.cz\/wp-content\/uploads\/fotky-z-masopustu-v-kamenici-2020-od-bary-vachove\/2022\/06\/P2221671-150x150.jpg\" width=\"150\" height=\"150\" alt=\"OLYMPUS DIGITAL CAMERA\" \/><\/a>\r\n<\/dt><dd class=\"gallery-caption\" id=\"caption36556\"><span class=\"imagecaption\">OLYMPUS DIGITAL CAMERA<\/span><br \/>\n<\/dd><\/dl>\r\n\t\t\t<br style='clear: both' \/>\r\n\t\t<\/div>\n\n","protected":false},"excerpt":{"rendered":"","protected":false},"author":6,"featured_media":0,"parent":33429,"menu_order":0,"comment_status":"closed","ping_status":"closed","template":"","meta":{"_bbp_topic_count":0,"_bbp_reply_count":0,"_bbp_total_topic_count":0,"_bbp_total_reply_count":0,"_bbp_voice_count":0,"_bbp_anonymous_reply_count":0,"_bbp_topic_count_hidden":0,"_bbp_reply_count_hidden":0,"_bbp_forum_subforum_count":0,"footnotes":""},"_links":{"self":[{"href":"https:\/\/www.rozrazil.cz\/index.php?rest_route=\/wp\/v2\/pages\/36530"}],"collection":[{"href":"https:\/\/www.rozrazil.cz\/index.php?rest_route=\/wp\/v2\/pages"}],"about":[{"href":"https:\/\/www.rozrazil.cz\/index.php?rest_route=\/wp\/v2\/types\/page"}],"author":[{"embeddable":true,"href":"https:\/\/www.rozrazil.cz\/index.php?rest_route=\/wp\/v2\/users\/6"}],"replies":[{"embeddable":true,"href":"https:\/\/www.rozrazil.cz\/index.php?rest_route=%2Fwp%2Fv2%2Fcomments&post=36530"}],"version-history":[{"count":1,"href":"https:\/\/www.rozrazil.cz\/index.php?rest_route=\/wp\/v2\/pages\/36530\/revisions"}],"predecessor-version":[{"id":36557,"href":"https:\/\/www.rozrazil.cz\/index.php?rest_route=\/wp\/v2\/pages\/36530\/revisions\/36557"}],"up":[{"embeddable":true,"href":"https:\/\/www.rozrazil.cz\/index.php?rest_route=\/wp\/v2\/pages\/33429"}],"wp:attachment":[{"href":"https:\/\/www.rozrazil.cz\/index.php?rest_route=%2Fwp%2Fv2%2Fmedia&parent=36530"}],"curies":[{"name":"wp","href":"https:\/\/api.w.org\/{rel}","templated":true}]}}