{"id":35215,"date":"2021-08-23T20:54:21","date_gmt":"2021-08-23T18:54:21","guid":{"rendered":"https:\/\/www.rozrazil.cz\/?page_id=35215"},"modified":"2021-09-29T22:17:42","modified_gmt":"2021-09-29T20:17:42","slug":"fotky-z-akci-2021","status":"publish","type":"page","link":"https:\/\/www.rozrazil.cz\/?page_id=35215","title":{"rendered":"Fotky z akc\u00ed 2021"},"content":{"rendered":"<div class=\"child_pages child_pages-thumbnail\">\n<div id=\"child_page-35392\" class=\"child_page\" style=\"width:100%;max-width:100%;\"><div class=\"child_page-container\"><div class=\"post_thumb\"><a href=\"https:\/\/www.rozrazil.cz\/?page_id=35392\"><\/a><\/div><div class=\"post_content\"><h4><a href=\"https:\/\/www.rozrazil.cz\/?page_id=35392\">Fotky z Pu\u0165\u00e1ku 2021 od Veroniky Zav\u0159elov\u00e9 & spol.<\/a><\/h4><div class=\"post_excerpt\"><\/div><\/div><!-- .post_content  --><\/div><!-- .child_page-container --><\/div><!-- #child_page-35392\" -->\n\n<div id=\"child_page-36161\" class=\"child_page\" style=\"width:100%;max-width:100%;\"><div class=\"child_page-container\"><div class=\"post_thumb\"><a href=\"https:\/\/www.rozrazil.cz\/?page_id=36161\"><\/a><\/div><div class=\"post_content\"><h4><a href=\"https:\/\/www.rozrazil.cz\/?page_id=36161\">Fotky z Podzimn\u00ed v\u00edkendovky 2021 od Veroniky Zav\u0159elov\u00e9<\/a><\/h4><div class=\"post_excerpt\"><\/div><\/div><!-- .post_content  --><\/div><!-- .child_page-container --><\/div><!-- #child_page-36161\" -->\n\n<div id=\"child_page-36467\" class=\"child_page\" style=\"width:100%;max-width:100%;\"><div class=\"child_page-container\"><div class=\"post_thumb\"><a href=\"https:\/\/www.rozrazil.cz\/?page_id=36467\"><\/a><\/div><div class=\"post_content\"><h4><a href=\"https:\/\/www.rozrazil.cz\/?page_id=36467\">Fotky z Pu\u0165\u00e1ku 2021 od B\u00e1ry V\u00e1chov\u00e9<\/a><\/h4><div class=\"post_excerpt\"><\/div><\/div><!-- .post_content  --><\/div><!-- .child_page-container --><\/div><!-- #child_page-36467\" -->\n\n<div id=\"child_page-36298\" class=\"child_page\" style=\"width:100%;max-width:100%;\"><div class=\"child_page-container\"><div class=\"post_thumb\"><a href=\"https:\/\/www.rozrazil.cz\/?page_id=36298\"><\/a><\/div><div class=\"post_content\"><h4><a href=\"https:\/\/www.rozrazil.cz\/?page_id=36298\">Fotky z Podzimn\u00ed v\u00edkendovky 2021 od Mark\u00e9ty Brychtov\u00e9<\/a><\/h4><div class=\"post_excerpt\"><\/div><\/div><!-- .post_content  --><\/div><!-- .child_page-container --><\/div><!-- #child_page-36298\" -->\n\n<div id=\"child_page-35301\" class=\"child_page\" style=\"width:100%;max-width:100%;\"><div class=\"child_page-container\"><div class=\"post_thumb\"><a href=\"https:\/\/www.rozrazil.cz\/?page_id=35301\"><\/a><\/div><div class=\"post_content\"><h4><a href=\"https:\/\/www.rozrazil.cz\/?page_id=35301\">Fotky z Pu\u0165\u00e1ku 2021 od Adama Petra<\/a><\/h4><div class=\"post_excerpt\"><\/div><\/div><!-- .post_content  --><\/div><!-- .child_page-container --><\/div><!-- #child_page-35301\" -->\n\n<div id=\"child_page-35303\" class=\"child_page\" style=\"width:100%;max-width:100%;\"><div class=\"child_page-container\"><div class=\"post_thumb\"><a href=\"https:\/\/www.rozrazil.cz\/?page_id=35303\"><\/a><\/div><div class=\"post_content\"><h4><a href=\"https:\/\/www.rozrazil.cz\/?page_id=35303\">Fotky z Pu\u0165\u00e1ku 2021 od B\u00e1ry Kapustov\u00e9<\/a><\/h4><div class=\"post_excerpt\"><\/div><\/div><!-- .post_content  --><\/div><!-- .child_page-container --><\/div><!-- #child_page-35303\" -->\n\n<div id=\"child_page-36076\" class=\"child_page\" style=\"width:100%;max-width:100%;\"><div class=\"child_page-container\"><div class=\"post_thumb\"><a href=\"https:\/\/www.rozrazil.cz\/?page_id=36076\"><\/a><\/div><div class=\"post_content\"><h4><a href=\"https:\/\/www.rozrazil.cz\/?page_id=36076\">Fotky z p\u0159edt\u00e1borovky 2021 od Veroniky Zav\u0159elov\u00e9<\/a><\/h4><div class=\"post_excerpt\"><\/div><\/div><!-- .post_content  --><\/div><!-- .child_page-container --><\/div><!-- #child_page-36076\" -->\n\n<div id=\"child_page-36339\" class=\"child_page\" style=\"width:100%;max-width:100%;\"><div class=\"child_page-container\"><div class=\"post_thumb\"><a href=\"https:\/\/www.rozrazil.cz\/?page_id=36339\"><\/a><\/div><div class=\"post_content\"><h4><a href=\"https:\/\/www.rozrazil.cz\/?page_id=36339\">Fotky z v\u00e1no\u010dn\u00ed proch\u00e1zky 2021 od B\u00e1ry Kapustov\u00e9<\/a><\/h4><div class=\"post_excerpt\"><\/div><\/div><!-- .post_content  --><\/div><!-- .child_page-container --><\/div><!-- #child_page-36339\" -->\n<\/div>\n","protected":false},"excerpt":{"rendered":"","protected":false},"author":79,"featured_media":0,"parent":1357,"menu_order":0,"comment_status":"closed","ping_status":"closed","template":"","meta":{"_bbp_topic_count":0,"_bbp_reply_count":0,"_bbp_total_topic_count":0,"_bbp_total_reply_count":0,"_bbp_voice_count":0,"_bbp_anonymous_reply_count":0,"_bbp_topic_count_hidden":0,"_bbp_reply_count_hidden":0,"_bbp_forum_subforum_count":0,"footnotes":""},"_links":{"self":[{"href":"https:\/\/www.rozrazil.cz\/index.php?rest_route=\/wp\/v2\/pages\/35215"}],"collection":[{"href":"https:\/\/www.rozrazil.cz\/index.php?rest_route=\/wp\/v2\/pages"}],"about":[{"href":"https:\/\/www.rozrazil.cz\/index.php?rest_route=\/wp\/v2\/types\/page"}],"author":[{"embeddable":true,"href":"https:\/\/www.rozrazil.cz\/index.php?rest_route=\/wp\/v2\/users\/79"}],"replies":[{"embeddable":true,"href":"https:\/\/www.rozrazil.cz\/index.php?rest_route=%2Fwp%2Fv2%2Fcomments&post=35215"}],"version-history":[{"count":1,"href":"https:\/\/www.rozrazil.cz\/index.php?rest_route=\/wp\/v2\/pages\/35215\/revisions"}],"predecessor-version":[{"id":35216,"href":"https:\/\/www.rozrazil.cz\/index.php?rest_route=\/wp\/v2\/pages\/35215\/revisions\/35216"}],"up":[{"embeddable":true,"href":"https:\/\/www.rozrazil.cz\/index.php?rest_route=\/wp\/v2\/pages\/1357"}],"wp:attachment":[{"href":"https:\/\/www.rozrazil.cz\/index.php?rest_route=%2Fwp%2Fv2%2Fmedia&parent=35215"}],"curies":[{"name":"wp","href":"https:\/\/api.w.org\/{rel}","templated":true}]}}