{"id":34813,"date":"2020-11-06T20:24:56","date_gmt":"2020-11-06T18:24:56","guid":{"rendered":"https:\/\/www.rozrazil.cz\/?page_id=34813"},"modified":"2020-11-06T20:24:56","modified_gmt":"2020-11-06T18:24:56","slug":"2-putakova-hymna-2018-martin-hobit","status":"publish","type":"page","link":"https:\/\/www.rozrazil.cz\/?page_id=34813","title":{"rendered":"#2 Pu\u0165\u00e1kov\u00e1 hymna 2018 (Martin Hobit)"},"content":{"rendered":"<div dir=\"auto\">Hobitova spln\u011bn\u00e1 v\u00fdzva <a href=\"https:\/\/youtu.be\/e1TaEnxTqR4\">ZDE<\/a><\/div>\n<div dir=\"auto\"><\/div>\n<div dir=\"auto\">Ahoj.., tak toto je odpov\u011b\u010f na to, co m\u011b poj\u00ed s pu\u0165\u00e1kem&#8230;<\/div>\n<div dir=\"auto\"><\/div>\n<div dir=\"auto\">Pozor, bude to trochu osobn\u00ed&#8230;<\/div>\n<div dir=\"auto\"><\/div>\n<div dir=\"auto\">1. T\u00e1borov\u00e1 hymna z roku 2018, jedin\u00e9ho zat\u00edm t\u00e1bora, kter\u00fd jsem vedl..<\/div>\n<div dir=\"auto\">Vyjad\u0159uje nejen obavy a nad\u011bje spojen\u00e9 se samotn\u00fdm zdarem t\u00e1bora, ale i m\u016fj bl\u00ed\u017e\u00edc\u00ed se odjezd a nov\u00fd nezn\u00e1m\u00fd za\u010d\u00e1tek ve \u0160v\u00fdcarsku.<\/div>\n<div dir=\"auto\"><\/div>\n<div dir=\"auto\">2. M\u016fj zdej\u0161\u00ed zn\u00e1m\u00fd, Michael, o 20 let star\u0161\u00ed IT \u00e1k, organizuj\u00edc\u00ed hudebn\u00ed a zp\u00edvac\u00ed setk\u00e1n\u00ed, u\u010ditel tchaj-\u0165i a \u010dchi kungu , hraje, mimo jin\u00e9, r\u00e1d na sit\u00e1r..<\/div>\n<div dir=\"auto\">A sit\u00e1r a jeho zvuk a indick\u00e1 hudba v\u016fbec byla pro m\u011b jedn\u00edm z d\u016fvod\u016f studia indologie. A to jsem za\u010dal po sv\u00e9m prvn\u00edm pu\u0165\u00e1ku v\u016fbec, 2001.<\/div>\n<div dir=\"auto\">A toto je poprv\u00e9, co jsem si mohl zahr\u00e1t s n\u011bk\u00fdm, kdo sit\u00e1r tak dob\u0159e ovl\u00e1d\u00e1.<\/div>\n<div dir=\"auto\"><\/div>\n<div dir=\"auto\">3. Modrou\u010dk\u00e9 mal\u00e9 ukulele&#8230;<\/div>\n<div dir=\"auto\">Pat\u0159ilo Vivi, kter\u00e1 byla celkem 2x nav\u0161t\u00edvit pu\u0165\u00e1k a za n\u00ed\u017e jsem se, s mo\u017en\u00e1 bl\u00e1hovou vidinou spole\u010dn\u00e9ho \u017eivota, odst\u011bhoval..<\/div>\n<div dir=\"auto\">Nenapl\u0148en\u00e1 l\u00e1ska m\u011b st\u00e1le je\u0161t\u011b trochu bol\u00ed. Ona m\u011b inspirovala k tomu za\u010d\u00edt si s ukulelem hr\u00e1t..<\/div>\n<div dir=\"auto\"><\/div>\n<div dir=\"auto\">+++++++++++++<\/div>\n<div dir=\"auto\">Budu se t\u011b\u0161it, co na sebe prozrad\u00ed dal\u0161\u00ed lid\u00e9 ve v\u00fdzvov\u00e9 \u0159ad\u011b..<\/div>\n<div dir=\"auto\">++++++++++++++<\/div>\n<div dir=\"auto\"><\/div>\n<div dir=\"auto\">A dal\u0161\u00ed v\u00fdzva je na VOJTU MAJERA:<\/div>\n<div dir=\"auto\">Vojto, sd\u00edlel by jsi s n\u00e1mi, jak se te\u010fka m\u00e1\u0161, jak prob\u00edh\u00e1 tv\u016fj den a co ti p\u0159in\u00e1\u0161\u00ed moment\u00e1ln\u011b radost?<\/div>\n<div dir=\"auto\"><\/div>\n<div dir=\"auto\">D\u00edky<\/div>\n","protected":false},"excerpt":{"rendered":"<p>Hobitova spln\u011bn\u00e1 v\u00fdzva ZDE Ahoj.., tak toto je odpov\u011b\u010f na to, co m\u011b poj\u00ed s pu\u0165\u00e1kem&#8230; Pozor, bude to trochu osobn\u00ed&#8230; 1. T\u00e1borov\u00e1 hymna z roku 2018, jedin\u00e9ho zat\u00edm t\u00e1bora, kter\u00fd jsem vedl.. Vyjad\u0159uje nejen obavy a nad\u011bje spojen\u00e9 se &hellip; <a href=\"https:\/\/www.rozrazil.cz\/?page_id=34813\">Cel\u00fd p\u0159\u00edsp\u011bvek <span class=\"meta-nav\">&rarr;<\/span><\/a><\/p>\n","protected":false},"author":79,"featured_media":0,"parent":0,"menu_order":0,"comment_status":"closed","ping_status":"closed","template":"","meta":{"_bbp_topic_count":0,"_bbp_reply_count":0,"_bbp_total_topic_count":0,"_bbp_total_reply_count":0,"_bbp_voice_count":0,"_bbp_anonymous_reply_count":0,"_bbp_topic_count_hidden":0,"_bbp_reply_count_hidden":0,"_bbp_forum_subforum_count":0,"footnotes":""},"_links":{"self":[{"href":"https:\/\/www.rozrazil.cz\/index.php?rest_route=\/wp\/v2\/pages\/34813"}],"collection":[{"href":"https:\/\/www.rozrazil.cz\/index.php?rest_route=\/wp\/v2\/pages"}],"about":[{"href":"https:\/\/www.rozrazil.cz\/index.php?rest_route=\/wp\/v2\/types\/page"}],"author":[{"embeddable":true,"href":"https:\/\/www.rozrazil.cz\/index.php?rest_route=\/wp\/v2\/users\/79"}],"replies":[{"embeddable":true,"href":"https:\/\/www.rozrazil.cz\/index.php?rest_route=%2Fwp%2Fv2%2Fcomments&post=34813"}],"version-history":[{"count":1,"href":"https:\/\/www.rozrazil.cz\/index.php?rest_route=\/wp\/v2\/pages\/34813\/revisions"}],"predecessor-version":[{"id":34814,"href":"https:\/\/www.rozrazil.cz\/index.php?rest_route=\/wp\/v2\/pages\/34813\/revisions\/34814"}],"wp:attachment":[{"href":"https:\/\/www.rozrazil.cz\/index.php?rest_route=%2Fwp%2Fv2%2Fmedia&parent=34813"}],"curies":[{"name":"wp","href":"https:\/\/api.w.org\/{rel}","templated":true}]}}