{"id":34804,"date":"2020-11-05T15:06:37","date_gmt":"2020-11-05T13:06:37","guid":{"rendered":"https:\/\/www.rozrazil.cz\/?page_id=34804"},"modified":"2020-11-05T15:09:52","modified_gmt":"2020-11-05T13:09:52","slug":"1-pisen-na-cesty-verca-a-anicka","status":"publish","type":"page","link":"https:\/\/www.rozrazil.cz\/?page_id=34804","title":{"rendered":"#1 P\u00edse\u0148 na cesty (Ver\u010da a Ani\u010dka)"},"content":{"rendered":"<div dir=\"auto\">\n<div><b>PRVN\u00cd V\u00ddZVA:<\/b><\/div>\n<\/div>\n<blockquote>\n<div>\n<div><em>Prvn\u00ed za\u010d\u00edn\u00e1me z V\u00fdboru j\u00e1 Ver\u010da\/pan Lustig a Ani\u010dka\/Hal\u00ed.\u00a0 <\/em><\/div>\n<div><em>Nahr\u00e1li jsem pro v\u00e1s p\u00edse\u0148 Na cesty, proto\u017ee je to pro n\u00e1s kr\u00e1snou a silnou vzpom\u00ednkou na Pu\u0165\u00e1k\u00a0 rok 2018.<\/em><\/div>\n<\/div>\n<div>\n<div><em><a href=\"https:\/\/youtu.be\/A7MKgoLhC6o\" target=\"_blank\" rel=\"noopener noreferrer\" data-saferedirecturl=\"https:\/\/www.google.com\/url?q=https:\/\/youtu.be\/A7MKgoLhC6o&amp;source=gmail&amp;ust=1604667787006000&amp;usg=AFQjCNGXj7Zu2Zp-cA2YPRu5sF5wEPfBKQ\">U\u017eijte si na\u0161e neum\u011ble ale autentick\u00e9 vystoupen\u00ed.<\/a>\u00a0<\/em><\/div>\n<ul>\n<li><em><a href=\"https:\/\/youtu.be\/A7MKgoLhC6o\">#1 P\u00edse\u0148 na cesty (Ver\u010da a Ani\u010dka)<\/a><\/em><\/li>\n<\/ul>\n<\/div>\n<\/blockquote>\n","protected":false},"excerpt":{"rendered":"<p>PRVN\u00cd V\u00ddZVA: Prvn\u00ed za\u010d\u00edn\u00e1me z V\u00fdboru j\u00e1 Ver\u010da\/pan Lustig a Ani\u010dka\/Hal\u00ed.\u00a0 Nahr\u00e1li jsem pro v\u00e1s p\u00edse\u0148 Na cesty, proto\u017ee je to pro n\u00e1s kr\u00e1snou a silnou vzpom\u00ednkou na Pu\u0165\u00e1k\u00a0 rok 2018. U\u017eijte si na\u0161e neum\u011ble ale autentick\u00e9 vystoupen\u00ed.\u00a0 #1 P\u00edse\u0148 &hellip; <a href=\"https:\/\/www.rozrazil.cz\/?page_id=34804\">Cel\u00fd p\u0159\u00edsp\u011bvek <span class=\"meta-nav\">&rarr;<\/span><\/a><\/p>\n","protected":false},"author":79,"featured_media":0,"parent":0,"menu_order":0,"comment_status":"closed","ping_status":"closed","template":"","meta":{"_bbp_topic_count":0,"_bbp_reply_count":0,"_bbp_total_topic_count":0,"_bbp_total_reply_count":0,"_bbp_voice_count":0,"_bbp_anonymous_reply_count":0,"_bbp_topic_count_hidden":0,"_bbp_reply_count_hidden":0,"_bbp_forum_subforum_count":0,"footnotes":""},"_links":{"self":[{"href":"https:\/\/www.rozrazil.cz\/index.php?rest_route=\/wp\/v2\/pages\/34804"}],"collection":[{"href":"https:\/\/www.rozrazil.cz\/index.php?rest_route=\/wp\/v2\/pages"}],"about":[{"href":"https:\/\/www.rozrazil.cz\/index.php?rest_route=\/wp\/v2\/types\/page"}],"author":[{"embeddable":true,"href":"https:\/\/www.rozrazil.cz\/index.php?rest_route=\/wp\/v2\/users\/79"}],"replies":[{"embeddable":true,"href":"https:\/\/www.rozrazil.cz\/index.php?rest_route=%2Fwp%2Fv2%2Fcomments&post=34804"}],"version-history":[{"count":3,"href":"https:\/\/www.rozrazil.cz\/index.php?rest_route=\/wp\/v2\/pages\/34804\/revisions"}],"predecessor-version":[{"id":34810,"href":"https:\/\/www.rozrazil.cz\/index.php?rest_route=\/wp\/v2\/pages\/34804\/revisions\/34810"}],"wp:attachment":[{"href":"https:\/\/www.rozrazil.cz\/index.php?rest_route=%2Fwp%2Fv2%2Fmedia&parent=34804"}],"curies":[{"name":"wp","href":"https:\/\/api.w.org\/{rel}","templated":true}]}}