{"id":34791,"date":"2020-11-05T13:27:41","date_gmt":"2020-11-05T11:27:41","guid":{"rendered":"https:\/\/www.rozrazil.cz\/?page_id=34791"},"modified":"2020-11-25T21:19:33","modified_gmt":"2020-11-25T19:19:33","slug":"rozrazil-online","status":"publish","type":"page","link":"https:\/\/www.rozrazil.cz\/?page_id=34791","title":{"rendered":"Rozrazil Online"},"content":{"rendered":"<p style=\"padding-left: 40px;\"><a href=\"https:\/\/www.rozrazil.cz\/?p=34779\"><strong>\u0158et\u011bzec p\u00edsn\u00ed &#8211; sd\u00edlen\u00e1 radost<\/strong><\/a><\/p>\n<ul>\n<li><a href=\"https:\/\/www.rozrazil.cz\/?page_id=34804\">#1 P\u00edse\u0148 na cesty (Ver\u010da a Ani\u010dka)<\/a><\/li>\n<li><a href=\"https:\/\/www.rozrazil.cz\/?page_id=34813\">#2 Pu\u0165\u00e1kov\u00e1 hymna 2018 (Martin Hobit)<\/a><\/li>\n<li><a href=\"https:\/\/youtu.be\/kP4vuhxCCiQ\">#3 Pozdraven\u00ed od Vojty a \u0160t\u011bp\u00e1ky (Vojta Ma.)<\/a><\/li>\n<li><a href=\"https:\/\/youtu.be\/CFMBlv45G8c\">#4 Oce\u00e1n p\u0159\u00edb\u011bh\u016f (Pavel)<\/a><\/li>\n<li>#5 zat\u00edm nespln\u011bno<\/li>\n<\/ul>\n","protected":false},"excerpt":{"rendered":"<p>\u0158et\u011bzec p\u00edsn\u00ed &#8211; sd\u00edlen\u00e1 radost #1 P\u00edse\u0148 na cesty (Ver\u010da a Ani\u010dka) #2 Pu\u0165\u00e1kov\u00e1 hymna 2018 (Martin Hobit) #3 Pozdraven\u00ed od Vojty a \u0160t\u011bp\u00e1ky (Vojta Ma.) #4 Oce\u00e1n p\u0159\u00edb\u011bh\u016f (Pavel) #5 zat\u00edm nespln\u011bno<\/p>\n","protected":false},"author":79,"featured_media":0,"parent":0,"menu_order":0,"comment_status":"closed","ping_status":"closed","template":"","meta":{"_bbp_topic_count":0,"_bbp_reply_count":0,"_bbp_total_topic_count":0,"_bbp_total_reply_count":0,"_bbp_voice_count":0,"_bbp_anonymous_reply_count":0,"_bbp_topic_count_hidden":0,"_bbp_reply_count_hidden":0,"_bbp_forum_subforum_count":0,"footnotes":""},"_links":{"self":[{"href":"https:\/\/www.rozrazil.cz\/index.php?rest_route=\/wp\/v2\/pages\/34791"}],"collection":[{"href":"https:\/\/www.rozrazil.cz\/index.php?rest_route=\/wp\/v2\/pages"}],"about":[{"href":"https:\/\/www.rozrazil.cz\/index.php?rest_route=\/wp\/v2\/types\/page"}],"author":[{"embeddable":true,"href":"https:\/\/www.rozrazil.cz\/index.php?rest_route=\/wp\/v2\/users\/79"}],"replies":[{"embeddable":true,"href":"https:\/\/www.rozrazil.cz\/index.php?rest_route=%2Fwp%2Fv2%2Fcomments&post=34791"}],"version-history":[{"count":13,"href":"https:\/\/www.rozrazil.cz\/index.php?rest_route=\/wp\/v2\/pages\/34791\/revisions"}],"predecessor-version":[{"id":35034,"href":"https:\/\/www.rozrazil.cz\/index.php?rest_route=\/wp\/v2\/pages\/34791\/revisions\/35034"}],"wp:attachment":[{"href":"https:\/\/www.rozrazil.cz\/index.php?rest_route=%2Fwp%2Fv2%2Fmedia&parent=34791"}],"curies":[{"name":"wp","href":"https:\/\/api.w.org\/{rel}","templated":true}]}}