{"id":33021,"date":"2020-05-07T19:58:33","date_gmt":"2020-05-07T17:58:33","guid":{"rendered":"https:\/\/www.rozrazil.cz\/?page_id=33021"},"modified":"2020-05-07T19:58:33","modified_gmt":"2020-05-07T17:58:33","slug":"videa-z-dinosauri-vikendovky-v-plzni-2019-od-ester-malosikove","status":"publish","type":"page","link":"https:\/\/www.rozrazil.cz\/?page_id=33021","title":{"rendered":"Videa z Dinosau\u0159\u00ed v\u00edkendovky v Plzni 2019 od Ester Malo\u0161\u00edkov\u00e9"},"content":{"rendered":"<!--[if lt IE 9]><script>document.createElement('video');<\/script><![endif]-->\n\t<div class=\"wp-playlist wp-video-playlist wp-playlist-light\">\n\t\t<video controls=\"controls\" preload=\"none\" width=\"562\"\n\t\t height=\"316\"\t><\/video>\n\t<div class=\"wp-playlist-next\"><\/div>\n\t<div class=\"wp-playlist-prev\"><\/div>\n\t<noscript>\n\t<ol>\n\t\t<li><a href='https:\/\/www.rozrazil.cz\/wp-content\/uploads\/videa-z-dinosauri-vikendovky-v-plzni-2020-od-ester-malosikove\/2020\/05\/Kuba-klouza\u010dka-1.mp4'>Kuba - klouza\u010dka<\/a><\/li>\t<\/ol>\n\t<\/noscript>\n\t<script type=\"application\/json\" class=\"wp-playlist-script\">{\"type\":\"video\",\"tracklist\":true,\"tracknumbers\":true,\"images\":true,\"artists\":true,\"tracks\":[{\"src\":\"https:\\\/\\\/www.rozrazil.cz\\\/wp-content\\\/uploads\\\/videa-z-dinosauri-vikendovky-v-plzni-2020-od-ester-malosikove\\\/2020\\\/05\\\/Kuba-klouza\\u010dka-1.mp4\",\"type\":\"video\\\/mp4\",\"title\":\"Kuba - klouza\\u010dka\",\"caption\":\"\",\"description\":\"\",\"meta\":{\"length_formatted\":\"1:41\"},\"dimensions\":{\"original\":{\"width\":1280,\"height\":720},\"resized\":{\"width\":562,\"height\":316}},\"image\":{\"src\":\"https:\\\/\\\/www.rozrazil.cz\\\/wp-includes\\\/images\\\/media\\\/video.png\",\"width\":48,\"height\":64},\"thumb\":{\"src\":\"https:\\\/\\\/www.rozrazil.cz\\\/wp-includes\\\/images\\\/media\\\/video.png\",\"width\":48,\"height\":64}}]}<\/script>\n<\/div>\n\t\n","protected":false},"excerpt":{"rendered":"","protected":false},"author":79,"featured_media":0,"parent":30207,"menu_order":0,"comment_status":"closed","ping_status":"closed","template":"","meta":{"_bbp_topic_count":0,"_bbp_reply_count":0,"_bbp_total_topic_count":0,"_bbp_total_reply_count":0,"_bbp_voice_count":0,"_bbp_anonymous_reply_count":0,"_bbp_topic_count_hidden":0,"_bbp_reply_count_hidden":0,"_bbp_forum_subforum_count":0,"footnotes":""},"_links":{"self":[{"href":"https:\/\/www.rozrazil.cz\/index.php?rest_route=\/wp\/v2\/pages\/33021"}],"collection":[{"href":"https:\/\/www.rozrazil.cz\/index.php?rest_route=\/wp\/v2\/pages"}],"about":[{"href":"https:\/\/www.rozrazil.cz\/index.php?rest_route=\/wp\/v2\/types\/page"}],"author":[{"embeddable":true,"href":"https:\/\/www.rozrazil.cz\/index.php?rest_route=\/wp\/v2\/users\/79"}],"replies":[{"embeddable":true,"href":"https:\/\/www.rozrazil.cz\/index.php?rest_route=%2Fwp%2Fv2%2Fcomments&post=33021"}],"version-history":[{"count":1,"href":"https:\/\/www.rozrazil.cz\/index.php?rest_route=\/wp\/v2\/pages\/33021\/revisions"}],"predecessor-version":[{"id":33024,"href":"https:\/\/www.rozrazil.cz\/index.php?rest_route=\/wp\/v2\/pages\/33021\/revisions\/33024"}],"up":[{"embeddable":true,"href":"https:\/\/www.rozrazil.cz\/index.php?rest_route=\/wp\/v2\/pages\/30207"}],"wp:attachment":[{"href":"https:\/\/www.rozrazil.cz\/index.php?rest_route=%2Fwp%2Fv2%2Fmedia&parent=33021"}],"curies":[{"name":"wp","href":"https:\/\/api.w.org\/{rel}","templated":true}]}}