{"id":30565,"date":"2019-04-14T11:24:28","date_gmt":"2019-04-14T11:24:28","guid":{"rendered":"https:\/\/www.rozrazil.cz\/?page_id=30565"},"modified":"2019-04-14T12:18:58","modified_gmt":"2019-04-14T12:18:58","slug":"fotky-z-dinosauri-vikendovky-v-plzni-2019-od-ester-malosikove","status":"publish","type":"page","link":"https:\/\/www.rozrazil.cz\/?page_id=30565","title":{"rendered":"Fotky z Dinosau\u0159\u00ed v\u00edkendovky v Plzni 2019 od Ester Malo\u0161\u00edkov\u00e9"},"content":{"rendered":"\r\n\t\t<style type='text\/css'>\r\n\t\t\t#gallery-1 {\r\n\t\t\t\tmargin: auto;\r\n\t\t\t}\r\n\t\t\t#gallery-1 .gallery-item {\r\n\t\t\t\tfloat: left;\r\n\t\t\t\tmargin-top: 10px;\r\n\t\t\t\ttext-align: center;\r\n\t\t\t\twidth: 25%;\r\n\t\t\t}\r\n\t\t\t#gallery-1 img {\r\n\t\t\t\tborder: 2px solid #cfcfcf;\r\n\t\t\t}\r\n\t\t\t#gallery-1 .gallery-caption {\r\n\t\t\t\tmargin-left: 0;\r\n\t\t\t}\r\n\t\t<\/style>\r\n\t\t<!-- see gallery_shortcode() in wp-includes\/media.php -->\n\t\t<div id='gallery-1' class='gallery galleryid-30565 gallery-columns-4 gallery-size-thumbnail gallery1'><script type=\"text\/javascript\">\r\n\/\/ <![CDATA[\r\n\tjQuery(document).ready(function () {\r\n\t\tjQuery(\".gallery1 a\").attr(\"rel\",\"gallery1\");\t\r\n\t\tjQuery('a[rel=\"gallery1\"]').colorbox({maxWidth:\"95%\", maxHeight:\"95%\",title: function(){ return jQuery(this).children().attr(\"alt\"); }, });\r\n\t});\r\n\/\/ ]]>\r\n<\/script>\n<dl class=\"gallery-item\">\n<dt class=\"gallery-icon\">\r\n<a href=\"https:\/\/www.rozrazil.cz\/wp-content\/uploads\/fotky-z-dinosari-vikendovky-v-plzni-2019-od-ester-malosikove\/2019\/04\/IMG_20190405_202302-576x1024.jpg\" title=\"\" rel=\"gallery1\"><img loading=\"lazy\" decoding=\"async\" src=\"https:\/\/www.rozrazil.cz\/wp-content\/uploads\/fotky-z-dinosari-vikendovky-v-plzni-2019-od-ester-malosikove\/2019\/04\/IMG_20190405_202302-150x150.jpg\" width=\"150\" height=\"150\" alt=\"\" \/><\/a>\r\n<\/dt><\/dl><dl class=\"gallery-item\">\n<dt class=\"gallery-icon\">\r\n<a href=\"https:\/\/www.rozrazil.cz\/wp-content\/uploads\/fotky-z-dinosari-vikendovky-v-plzni-2019-od-ester-malosikove\/2019\/04\/IMG_20190405_205045-1024x576.jpg\" title=\"\" rel=\"gallery1\"><img loading=\"lazy\" decoding=\"async\" src=\"https:\/\/www.rozrazil.cz\/wp-content\/uploads\/fotky-z-dinosari-vikendovky-v-plzni-2019-od-ester-malosikove\/2019\/04\/IMG_20190405_205045-150x150.jpg\" width=\"150\" height=\"150\" alt=\"\" \/><\/a>\r\n<\/dt><\/dl><dl class=\"gallery-item\">\n<dt class=\"gallery-icon\">\r\n<a href=\"https:\/\/www.rozrazil.cz\/wp-content\/uploads\/fotky-z-dinosari-vikendovky-v-plzni-2019-od-ester-malosikove\/2019\/04\/IMG_20190405_205106-576x1024.jpg\" title=\"\" rel=\"gallery1\"><img loading=\"lazy\" decoding=\"async\" src=\"https:\/\/www.rozrazil.cz\/wp-content\/uploads\/fotky-z-dinosari-vikendovky-v-plzni-2019-od-ester-malosikove\/2019\/04\/IMG_20190405_205106-150x150.jpg\" width=\"150\" height=\"150\" alt=\"\" \/><\/a>\r\n<\/dt><\/dl><dl class=\"gallery-item\">\n<dt class=\"gallery-icon\">\r\n<a href=\"https:\/\/www.rozrazil.cz\/wp-content\/uploads\/fotky-z-dinosari-vikendovky-v-plzni-2019-od-ester-malosikove\/2019\/04\/IMG_20190405_232231-1024x576.jpg\" title=\"\" rel=\"gallery1\"><img loading=\"lazy\" decoding=\"async\" src=\"https:\/\/www.rozrazil.cz\/wp-content\/uploads\/fotky-z-dinosari-vikendovky-v-plzni-2019-od-ester-malosikove\/2019\/04\/IMG_20190405_232231-150x150.jpg\" width=\"150\" height=\"150\" alt=\"\" \/><\/a>\r\n<\/dt><\/dl><br style=\"clear: both\" \/><dl class=\"gallery-item\">\n<dt class=\"gallery-icon\">\r\n<a href=\"https:\/\/www.rozrazil.cz\/wp-content\/uploads\/fotky-z-dinosari-vikendovky-v-plzni-2019-od-ester-malosikove\/2019\/04\/IMG_20190406_122815-576x1024.jpg\" title=\"\" rel=\"gallery1\"><img loading=\"lazy\" decoding=\"async\" src=\"https:\/\/www.rozrazil.cz\/wp-content\/uploads\/fotky-z-dinosari-vikendovky-v-plzni-2019-od-ester-malosikove\/2019\/04\/IMG_20190406_122815-150x150.jpg\" width=\"150\" height=\"150\" alt=\"\" \/><\/a>\r\n<\/dt><\/dl><dl class=\"gallery-item\">\n<dt class=\"gallery-icon\">\r\n<a href=\"https:\/\/www.rozrazil.cz\/wp-content\/uploads\/fotky-z-dinosari-vikendovky-v-plzni-2019-od-ester-malosikove\/2019\/04\/IMG_20190406_122825-1024x576.jpg\" title=\"\" rel=\"gallery1\"><img loading=\"lazy\" decoding=\"async\" src=\"https:\/\/www.rozrazil.cz\/wp-content\/uploads\/fotky-z-dinosari-vikendovky-v-plzni-2019-od-ester-malosikove\/2019\/04\/IMG_20190406_122825-150x150.jpg\" width=\"150\" height=\"150\" alt=\"\" \/><\/a>\r\n<\/dt><\/dl><dl class=\"gallery-item\">\n<dt class=\"gallery-icon\">\r\n<a href=\"https:\/\/www.rozrazil.cz\/wp-content\/uploads\/fotky-z-dinosari-vikendovky-v-plzni-2019-od-ester-malosikove\/2019\/04\/IMG_20190406_143056-576x1024.jpg\" title=\"\" rel=\"gallery1\"><img loading=\"lazy\" decoding=\"async\" src=\"https:\/\/www.rozrazil.cz\/wp-content\/uploads\/fotky-z-dinosari-vikendovky-v-plzni-2019-od-ester-malosikove\/2019\/04\/IMG_20190406_143056-150x150.jpg\" width=\"150\" height=\"150\" alt=\"\" \/><\/a>\r\n<\/dt><\/dl><dl class=\"gallery-item\">\n<dt class=\"gallery-icon\">\r\n<a href=\"https:\/\/www.rozrazil.cz\/wp-content\/uploads\/fotky-z-dinosari-vikendovky-v-plzni-2019-od-ester-malosikove\/2019\/04\/IMG_20190406_143105-576x1024.jpg\" title=\"\" rel=\"gallery1\"><img loading=\"lazy\" decoding=\"async\" src=\"https:\/\/www.rozrazil.cz\/wp-content\/uploads\/fotky-z-dinosari-vikendovky-v-plzni-2019-od-ester-malosikove\/2019\/04\/IMG_20190406_143105-150x150.jpg\" width=\"150\" height=\"150\" alt=\"\" \/><\/a>\r\n<\/dt><\/dl><br style=\"clear: both\" \/><dl class=\"gallery-item\">\n<dt class=\"gallery-icon\">\r\n<a href=\"https:\/\/www.rozrazil.cz\/wp-content\/uploads\/fotky-z-dinosari-vikendovky-v-plzni-2019-od-ester-malosikove\/2019\/04\/IMG_20190406_144804-1024x576.jpg\" title=\"\" rel=\"gallery1\"><img loading=\"lazy\" decoding=\"async\" src=\"https:\/\/www.rozrazil.cz\/wp-content\/uploads\/fotky-z-dinosari-vikendovky-v-plzni-2019-od-ester-malosikove\/2019\/04\/IMG_20190406_144804-150x150.jpg\" width=\"150\" height=\"150\" alt=\"\" \/><\/a>\r\n<\/dt><\/dl><dl class=\"gallery-item\">\n<dt class=\"gallery-icon\">\r\n<a href=\"https:\/\/www.rozrazil.cz\/wp-content\/uploads\/fotky-z-dinosari-vikendovky-v-plzni-2019-od-ester-malosikove\/2019\/04\/IMG_20190406_151210-1024x576.jpg\" title=\"\" rel=\"gallery1\"><img loading=\"lazy\" decoding=\"async\" src=\"https:\/\/www.rozrazil.cz\/wp-content\/uploads\/fotky-z-dinosari-vikendovky-v-plzni-2019-od-ester-malosikove\/2019\/04\/IMG_20190406_151210-150x150.jpg\" width=\"150\" height=\"150\" alt=\"\" \/><\/a>\r\n<\/dt><\/dl><dl class=\"gallery-item\">\n<dt class=\"gallery-icon\">\r\n<a href=\"https:\/\/www.rozrazil.cz\/wp-content\/uploads\/fotky-z-dinosari-vikendovky-v-plzni-2019-od-ester-malosikove\/2019\/04\/IMG_20190406_151603-1024x576.jpg\" title=\"\" rel=\"gallery1\"><img loading=\"lazy\" decoding=\"async\" src=\"https:\/\/www.rozrazil.cz\/wp-content\/uploads\/fotky-z-dinosari-vikendovky-v-plzni-2019-od-ester-malosikove\/2019\/04\/IMG_20190406_151603-150x150.jpg\" width=\"150\" height=\"150\" alt=\"\" \/><\/a>\r\n<\/dt><\/dl><dl class=\"gallery-item\">\n<dt class=\"gallery-icon\">\r\n<a href=\"https:\/\/www.rozrazil.cz\/wp-content\/uploads\/fotky-z-dinosari-vikendovky-v-plzni-2019-od-ester-malosikove\/2019\/04\/IMG_20190406_151613-1024x576.jpg\" title=\"\" rel=\"gallery1\"><img loading=\"lazy\" decoding=\"async\" src=\"https:\/\/www.rozrazil.cz\/wp-content\/uploads\/fotky-z-dinosari-vikendovky-v-plzni-2019-od-ester-malosikove\/2019\/04\/IMG_20190406_151613-150x150.jpg\" width=\"150\" height=\"150\" alt=\"\" \/><\/a>\r\n<\/dt><\/dl><br style=\"clear: both\" \/><dl class=\"gallery-item\">\n<dt class=\"gallery-icon\">\r\n<a href=\"https:\/\/www.rozrazil.cz\/wp-content\/uploads\/fotky-z-dinosari-vikendovky-v-plzni-2019-od-ester-malosikove\/2019\/04\/IMG_20190406_151631-1024x576.jpg\" title=\"\" rel=\"gallery1\"><img loading=\"lazy\" decoding=\"async\" src=\"https:\/\/www.rozrazil.cz\/wp-content\/uploads\/fotky-z-dinosari-vikendovky-v-plzni-2019-od-ester-malosikove\/2019\/04\/IMG_20190406_151631-150x150.jpg\" width=\"150\" height=\"150\" alt=\"\" \/><\/a>\r\n<\/dt><\/dl><dl class=\"gallery-item\">\n<dt class=\"gallery-icon\">\r\n<a href=\"https:\/\/www.rozrazil.cz\/wp-content\/uploads\/fotky-z-dinosari-vikendovky-v-plzni-2019-od-ester-malosikove\/2019\/04\/IMG_20190406_151832-1024x576.jpg\" title=\"\" rel=\"gallery1\"><img loading=\"lazy\" decoding=\"async\" src=\"https:\/\/www.rozrazil.cz\/wp-content\/uploads\/fotky-z-dinosari-vikendovky-v-plzni-2019-od-ester-malosikove\/2019\/04\/IMG_20190406_151832-150x150.jpg\" width=\"150\" height=\"150\" alt=\"\" \/><\/a>\r\n<\/dt><\/dl><dl class=\"gallery-item\">\n<dt class=\"gallery-icon\">\r\n<a href=\"https:\/\/www.rozrazil.cz\/wp-content\/uploads\/fotky-z-dinosari-vikendovky-v-plzni-2019-od-ester-malosikove\/2019\/04\/IMG_20190406_152859-1024x576.jpg\" title=\"\" rel=\"gallery1\"><img loading=\"lazy\" decoding=\"async\" src=\"https:\/\/www.rozrazil.cz\/wp-content\/uploads\/fotky-z-dinosari-vikendovky-v-plzni-2019-od-ester-malosikove\/2019\/04\/IMG_20190406_152859-150x150.jpg\" width=\"150\" height=\"150\" alt=\"\" \/><\/a>\r\n<\/dt><\/dl><dl class=\"gallery-item\">\n<dt class=\"gallery-icon\">\r\n<a href=\"https:\/\/www.rozrazil.cz\/wp-content\/uploads\/fotky-z-dinosari-vikendovky-v-plzni-2019-od-ester-malosikove\/2019\/04\/IMG_20190406_153027-1024x576.jpg\" title=\"\" rel=\"gallery1\"><img loading=\"lazy\" decoding=\"async\" src=\"https:\/\/www.rozrazil.cz\/wp-content\/uploads\/fotky-z-dinosari-vikendovky-v-plzni-2019-od-ester-malosikove\/2019\/04\/IMG_20190406_153027-150x150.jpg\" width=\"150\" height=\"150\" alt=\"\" \/><\/a>\r\n<\/dt><\/dl><br style=\"clear: both\" \/><dl class=\"gallery-item\">\n<dt class=\"gallery-icon\">\r\n<a href=\"https:\/\/www.rozrazil.cz\/wp-content\/uploads\/fotky-z-dinosari-vikendovky-v-plzni-2019-od-ester-malosikove\/2019\/04\/IMG_20190406_170420-1024x576.jpg\" title=\"\" rel=\"gallery1\"><img loading=\"lazy\" decoding=\"async\" src=\"https:\/\/www.rozrazil.cz\/wp-content\/uploads\/fotky-z-dinosari-vikendovky-v-plzni-2019-od-ester-malosikove\/2019\/04\/IMG_20190406_170420-150x150.jpg\" width=\"150\" height=\"150\" alt=\"\" \/><\/a>\r\n<\/dt><\/dl><dl class=\"gallery-item\">\n<dt class=\"gallery-icon\">\r\n<a href=\"https:\/\/www.rozrazil.cz\/wp-content\/uploads\/fotky-z-dinosari-vikendovky-v-plzni-2019-od-ester-malosikove\/2019\/04\/IMG_20190406_173101-1024x576.jpg\" title=\"\" rel=\"gallery1\"><img loading=\"lazy\" decoding=\"async\" src=\"https:\/\/www.rozrazil.cz\/wp-content\/uploads\/fotky-z-dinosari-vikendovky-v-plzni-2019-od-ester-malosikove\/2019\/04\/IMG_20190406_173101-150x150.jpg\" width=\"150\" height=\"150\" alt=\"\" \/><\/a>\r\n<\/dt><\/dl><dl class=\"gallery-item\">\n<dt class=\"gallery-icon\">\r\n<a href=\"https:\/\/www.rozrazil.cz\/wp-content\/uploads\/fotky-z-dinosari-vikendovky-v-plzni-2019-od-ester-malosikove\/2019\/04\/IMG_20190406_175601-1024x576.jpg\" title=\"\" rel=\"gallery1\"><img loading=\"lazy\" decoding=\"async\" src=\"https:\/\/www.rozrazil.cz\/wp-content\/uploads\/fotky-z-dinosari-vikendovky-v-plzni-2019-od-ester-malosikove\/2019\/04\/IMG_20190406_175601-150x150.jpg\" width=\"150\" height=\"150\" alt=\"\" \/><\/a>\r\n<\/dt><\/dl><dl class=\"gallery-item\">\n<dt class=\"gallery-icon\">\r\n<a href=\"https:\/\/www.rozrazil.cz\/wp-content\/uploads\/fotky-z-dinosari-vikendovky-v-plzni-2019-od-ester-malosikove\/2019\/04\/IMG_20190406_184024-1024x576.jpg\" title=\"\" rel=\"gallery1\"><img loading=\"lazy\" decoding=\"async\" src=\"https:\/\/www.rozrazil.cz\/wp-content\/uploads\/fotky-z-dinosari-vikendovky-v-plzni-2019-od-ester-malosikove\/2019\/04\/IMG_20190406_184024-150x150.jpg\" width=\"150\" height=\"150\" alt=\"\" \/><\/a>\r\n<\/dt><\/dl><br style=\"clear: both\" \/><dl class=\"gallery-item\">\n<dt class=\"gallery-icon\">\r\n<a href=\"https:\/\/www.rozrazil.cz\/wp-content\/uploads\/fotky-z-dinosari-vikendovky-v-plzni-2019-od-ester-malosikove\/2019\/04\/IMG_20190406_201543-1024x712.jpg\" title=\"\" rel=\"gallery1\"><img loading=\"lazy\" decoding=\"async\" src=\"https:\/\/www.rozrazil.cz\/wp-content\/uploads\/fotky-z-dinosari-vikendovky-v-plzni-2019-od-ester-malosikove\/2019\/04\/IMG_20190406_201543-150x150.jpg\" width=\"150\" height=\"150\" alt=\"\" \/><\/a>\r\n<\/dt><\/dl><dl class=\"gallery-item\">\n<dt class=\"gallery-icon\">\r\n<a href=\"https:\/\/www.rozrazil.cz\/wp-content\/uploads\/fotky-z-dinosari-vikendovky-v-plzni-2019-od-ester-malosikove\/2019\/04\/IMG_20190407_100600-576x1024.jpg\" title=\"\" rel=\"gallery1\"><img loading=\"lazy\" decoding=\"async\" src=\"https:\/\/www.rozrazil.cz\/wp-content\/uploads\/fotky-z-dinosari-vikendovky-v-plzni-2019-od-ester-malosikove\/2019\/04\/IMG_20190407_100600-150x150.jpg\" width=\"150\" height=\"150\" alt=\"\" \/><\/a>\r\n<\/dt><\/dl><dl class=\"gallery-item\">\n<dt class=\"gallery-icon\">\r\n<a href=\"https:\/\/www.rozrazil.cz\/wp-content\/uploads\/fotky-z-dinosari-vikendovky-v-plzni-2019-od-ester-malosikove\/2019\/04\/IMG_20190407_103224-576x1024.jpg\" title=\"\" rel=\"gallery1\"><img loading=\"lazy\" decoding=\"async\" src=\"https:\/\/www.rozrazil.cz\/wp-content\/uploads\/fotky-z-dinosari-vikendovky-v-plzni-2019-od-ester-malosikove\/2019\/04\/IMG_20190407_103224-150x150.jpg\" width=\"150\" height=\"150\" alt=\"\" \/><\/a>\r\n<\/dt><\/dl><dl class=\"gallery-item\">\n<dt class=\"gallery-icon\">\r\n<a href=\"https:\/\/www.rozrazil.cz\/wp-content\/uploads\/fotky-z-dinosari-vikendovky-v-plzni-2019-od-ester-malosikove\/2019\/04\/IMG_20190407_104408-1024x576.jpg\" title=\"\" rel=\"gallery1\"><img loading=\"lazy\" decoding=\"async\" src=\"https:\/\/www.rozrazil.cz\/wp-content\/uploads\/fotky-z-dinosari-vikendovky-v-plzni-2019-od-ester-malosikove\/2019\/04\/IMG_20190407_104408-150x150.jpg\" width=\"150\" height=\"150\" alt=\"\" \/><\/a>\r\n<\/dt><\/dl><br style=\"clear: both\" \/>\r\n\t\t<\/div>\n\n<div style=\"width: 584px;\" class=\"wp-video\"><!--[if lt IE 9]><script>document.createElement('video');<\/script><![endif]-->\n<video class=\"wp-video-shortcode\" id=\"video-30565-1\" width=\"584\" height=\"350\" preload=\"metadata\" controls=\"controls\"><source type=\"video\/webm\" src=\"http:\/\/www.rozrazil.cz\/wp-content\/uploads\/fotky-z-dinosauri-vikendovky-v-plzni-2019-od-ester-malosikove\/2019\/04\/skluzavka.webm?_=1\" \/><a href=\"http:\/\/www.rozrazil.cz\/wp-content\/uploads\/fotky-z-dinosauri-vikendovky-v-plzni-2019-od-ester-malosikove\/2019\/04\/skluzavka.webm\">http:\/\/www.rozrazil.cz\/wp-content\/uploads\/fotky-z-dinosauri-vikendovky-v-plzni-2019-od-ester-malosikove\/2019\/04\/skluzavka.webm<\/a><\/video><\/div>\n","protected":false},"excerpt":{"rendered":"","protected":false},"author":20,"featured_media":0,"parent":30207,"menu_order":0,"comment_status":"closed","ping_status":"closed","template":"","meta":{"_bbp_topic_count":0,"_bbp_reply_count":0,"_bbp_total_topic_count":0,"_bbp_total_reply_count":0,"_bbp_voice_count":0,"_bbp_anonymous_reply_count":0,"_bbp_topic_count_hidden":0,"_bbp_reply_count_hidden":0,"_bbp_forum_subforum_count":0,"footnotes":""},"_links":{"self":[{"href":"https:\/\/www.rozrazil.cz\/index.php?rest_route=\/wp\/v2\/pages\/30565"}],"collection":[{"href":"https:\/\/www.rozrazil.cz\/index.php?rest_route=\/wp\/v2\/pages"}],"about":[{"href":"https:\/\/www.rozrazil.cz\/index.php?rest_route=\/wp\/v2\/types\/page"}],"author":[{"embeddable":true,"href":"https:\/\/www.rozrazil.cz\/index.php?rest_route=\/wp\/v2\/users\/20"}],"replies":[{"embeddable":true,"href":"https:\/\/www.rozrazil.cz\/index.php?rest_route=%2Fwp%2Fv2%2Fcomments&post=30565"}],"version-history":[{"count":12,"href":"https:\/\/www.rozrazil.cz\/index.php?rest_route=\/wp\/v2\/pages\/30565\/revisions"}],"predecessor-version":[{"id":30606,"href":"https:\/\/www.rozrazil.cz\/index.php?rest_route=\/wp\/v2\/pages\/30565\/revisions\/30606"}],"up":[{"embeddable":true,"href":"https:\/\/www.rozrazil.cz\/index.php?rest_route=\/wp\/v2\/pages\/30207"}],"wp:attachment":[{"href":"https:\/\/www.rozrazil.cz\/index.php?rest_route=%2Fwp%2Fv2%2Fmedia&parent=30565"}],"curies":[{"name":"wp","href":"https:\/\/api.w.org\/{rel}","templated":true}]}}