{"id":30207,"date":"2019-01-20T18:09:59","date_gmt":"2019-01-20T18:09:59","guid":{"rendered":"https:\/\/www.rozrazil.cz\/?page_id=30207"},"modified":"2019-01-20T18:09:59","modified_gmt":"2019-01-20T18:09:59","slug":"fotky-z-akci-2019","status":"publish","type":"page","link":"https:\/\/www.rozrazil.cz\/?page_id=30207","title":{"rendered":"Fotky z akc\u00ed 2019"},"content":{"rendered":"<div class=\"child_pages child_pages-thumbnail\">\n<div id=\"child_page-33026\" class=\"child_page\" style=\"width:100%;max-width:100%;\"><div class=\"child_page-container\"><div class=\"post_thumb\"><a href=\"https:\/\/www.rozrazil.cz\/?page_id=33026\"><\/a><\/div><div class=\"post_content\"><h4><a href=\"https:\/\/www.rozrazil.cz\/?page_id=33026\">Fotky z v\u00e1no\u010dn\u00ed v\u00edkendovky 2019 od Adam Petra<\/a><\/h4><div class=\"post_excerpt\"><\/div><\/div><!-- .post_content  --><\/div><!-- .child_page-container --><\/div><!-- #child_page-33026\" -->\n\n<div id=\"child_page-30736\" class=\"child_page\" style=\"width:100%;max-width:100%;\"><div class=\"child_page-container\"><div class=\"post_thumb\"><a href=\"https:\/\/www.rozrazil.cz\/?page_id=30736\"><\/a><\/div><div class=\"post_content\"><h4><a href=\"https:\/\/www.rozrazil.cz\/?page_id=30736\">Fotky z pu\u0165\u00e1ku 2019 od Ivy Lipensk\u00e9<\/a><\/h4><div class=\"post_excerpt\"><\/div><\/div><!-- .post_content  --><\/div><!-- .child_page-container --><\/div><!-- #child_page-30736\" -->\n\n<div id=\"child_page-31250\" class=\"child_page\" style=\"width:100%;max-width:100%;\"><div class=\"child_page-container\"><div class=\"post_thumb\"><a href=\"https:\/\/www.rozrazil.cz\/?page_id=31250\"><\/a><\/div><div class=\"post_content\"><h4><a href=\"https:\/\/www.rozrazil.cz\/?page_id=31250\">Fotky z v\u00e1no\u010dn\u00ed v\u00edkendovky 2019 od Veroniky \u0160tefanov\u00e9<\/a><\/h4><div class=\"post_excerpt\"><\/div><\/div><!-- .post_content  --><\/div><!-- .child_page-container --><\/div><!-- #child_page-31250\" -->\n\n<div id=\"child_page-30487\" class=\"child_page\" style=\"width:100%;max-width:100%;\"><div class=\"child_page-container\"><div class=\"post_thumb\"><a href=\"https:\/\/www.rozrazil.cz\/?page_id=30487\"><\/a><\/div><div class=\"post_content\"><h4><a href=\"https:\/\/www.rozrazil.cz\/?page_id=30487\">Fotky z Dinosau\u0159\u00ed v\u00edkendovky v Plzni 2019 od Davida Huben\u00e9ho<\/a><\/h4><div class=\"post_excerpt\"><\/div><\/div><!-- .post_content  --><\/div><!-- .child_page-container --><\/div><!-- #child_page-30487\" -->\n\n<div id=\"child_page-32539\" class=\"child_page\" style=\"width:100%;max-width:100%;\"><div class=\"child_page-container\"><div class=\"post_thumb\"><a href=\"https:\/\/www.rozrazil.cz\/?page_id=32539\"><\/a><\/div><div class=\"post_content\"><h4><a href=\"https:\/\/www.rozrazil.cz\/?page_id=32539\">Fotky z pu\u0165\u00e1ku 2019 od Mark\u00e9ty Brychtov\u00e9<\/a><\/h4><div class=\"post_excerpt\"><\/div><\/div><!-- .post_content  --><\/div><!-- .child_page-container --><\/div><!-- #child_page-32539\" -->\n\n<div id=\"child_page-30505\" class=\"child_page\" style=\"width:100%;max-width:100%;\"><div class=\"child_page-container\"><div class=\"post_thumb\"><a href=\"https:\/\/www.rozrazil.cz\/?page_id=30505\"><\/a><\/div><div class=\"post_content\"><h4><a href=\"https:\/\/www.rozrazil.cz\/?page_id=30505\">Fotky z Dinosau\u0159\u00ed v\u00edkendovky v Plzni 2019 od Veroniky Zav\u0159elov\u00e9<\/a><\/h4><div class=\"post_excerpt\"><\/div><\/div><!-- .post_content  --><\/div><!-- .child_page-container --><\/div><!-- #child_page-30505\" -->\n\n<div id=\"child_page-31034\" class=\"child_page\" style=\"width:100%;max-width:100%;\"><div class=\"child_page-container\"><div class=\"post_thumb\"><a href=\"https:\/\/www.rozrazil.cz\/?page_id=31034\"><\/a><\/div><div class=\"post_content\"><h4><a href=\"https:\/\/www.rozrazil.cz\/?page_id=31034\">Fotky z v\u00edkendovky v T\u00e1bo\u0159e 2019 od Anny Strasserov\u00e9<\/a><\/h4><div class=\"post_excerpt\"><\/div><\/div><!-- .post_content  --><\/div><!-- .child_page-container --><\/div><!-- #child_page-31034\" -->\n\n<div id=\"child_page-30530\" class=\"child_page\" style=\"width:100%;max-width:100%;\"><div class=\"child_page-container\"><div class=\"post_thumb\"><a href=\"https:\/\/www.rozrazil.cz\/?page_id=30530\"><\/a><\/div><div class=\"post_content\"><h4><a href=\"https:\/\/www.rozrazil.cz\/?page_id=30530\">Fotky z Dinosau\u0159\u00ed v\u00edkendovky v Plzni 2019 od v\u00edcero fotograf\u016f<\/a><\/h4><div class=\"post_excerpt\"><\/div><\/div><!-- .post_content  --><\/div><!-- .child_page-container --><\/div><!-- #child_page-30530\" -->\n\n<div id=\"child_page-30797\" class=\"child_page\" style=\"width:100%;max-width:100%;\"><div class=\"child_page-container\"><div class=\"post_thumb\"><a href=\"https:\/\/www.rozrazil.cz\/?page_id=30797\"><\/a><\/div><div class=\"post_content\"><h4><a href=\"https:\/\/www.rozrazil.cz\/?page_id=30797\">Fotky z pu\u0165\u00e1ku 2019 od Nikoly Petra<\/a><\/h4><div class=\"post_excerpt\"><\/div><\/div><!-- .post_content  --><\/div><!-- .child_page-container --><\/div><!-- #child_page-30797\" -->\n\n<div id=\"child_page-31059\" class=\"child_page\" style=\"width:100%;max-width:100%;\"><div class=\"child_page-container\"><div class=\"post_thumb\"><a href=\"https:\/\/www.rozrazil.cz\/?page_id=31059\"><\/a><\/div><div class=\"post_content\"><h4><a href=\"https:\/\/www.rozrazil.cz\/?page_id=31059\">Fotky z v\u00edkendovky v T\u00e1bo\u0159e 2019 od Veroniky Zav\u0159elov\u00e9<\/a><\/h4><div class=\"post_excerpt\"><\/div><\/div><!-- .post_content  --><\/div><!-- .child_page-container --><\/div><!-- #child_page-31059\" -->\n\n<div id=\"child_page-30565\" class=\"child_page\" style=\"width:100%;max-width:100%;\"><div class=\"child_page-container\"><div class=\"post_thumb\"><a href=\"https:\/\/www.rozrazil.cz\/?page_id=30565\"><\/a><\/div><div class=\"post_content\"><h4><a href=\"https:\/\/www.rozrazil.cz\/?page_id=30565\">Fotky z Dinosau\u0159\u00ed v\u00edkendovky v Plzni 2019 od Ester Malo\u0161\u00edkov\u00e9<\/a><\/h4><div class=\"post_excerpt\"><\/div><\/div><!-- .post_content  --><\/div><!-- .child_page-container --><\/div><!-- #child_page-30565\" -->\n\n<div id=\"child_page-32891\" class=\"child_page\" style=\"width:100%;max-width:100%;\"><div class=\"child_page-container\"><div class=\"post_thumb\"><a href=\"https:\/\/www.rozrazil.cz\/?page_id=32891\"><\/a><\/div><div class=\"post_content\"><h4><a href=\"https:\/\/www.rozrazil.cz\/?page_id=32891\">Fotky z pot\u00e1borovky 2019 od Mark\u00e9ty Brychtov\u00e9<\/a><\/h4><div class=\"post_excerpt\"><\/div><\/div><!-- .post_content  --><\/div><!-- .child_page-container --><\/div><!-- #child_page-32891\" -->\n\n<div id=\"child_page-32144\" class=\"child_page\" style=\"width:100%;max-width:100%;\"><div class=\"child_page-container\"><div class=\"post_thumb\"><a href=\"https:\/\/www.rozrazil.cz\/?page_id=32144\"><\/a><\/div><div class=\"post_content\"><h4><a href=\"https:\/\/www.rozrazil.cz\/?page_id=32144\">Fotky z P\u0159edt\u00e1borovky 2019 od Mark\u00e9ty Brychtov\u00e9<\/a><\/h4><div class=\"post_excerpt\"><\/div><\/div><!-- .post_content  --><\/div><!-- .child_page-container --><\/div><!-- #child_page-32144\" -->\n\n<div id=\"child_page-31137\" class=\"child_page\" style=\"width:100%;max-width:100%;\"><div class=\"child_page-container\"><div class=\"post_thumb\"><a href=\"https:\/\/www.rozrazil.cz\/?page_id=31137\"><\/a><\/div><div class=\"post_content\"><h4><a href=\"https:\/\/www.rozrazil.cz\/?page_id=31137\">Fotky z v\u00edkendovky v T\u00e1bo\u0159e 2019 od Ivy Lipensk\u00e9<\/a><\/h4><div class=\"post_excerpt\"><\/div><\/div><!-- .post_content  --><\/div><!-- .child_page-container --><\/div><!-- #child_page-31137\" -->\n\n<div id=\"child_page-30648\" class=\"child_page\" style=\"width:100%;max-width:100%;\"><div class=\"child_page-container\"><div class=\"post_thumb\"><a href=\"https:\/\/www.rozrazil.cz\/?page_id=30648\"><\/a><\/div><div class=\"post_content\"><h4><a href=\"https:\/\/www.rozrazil.cz\/?page_id=30648\">Fotky ze \u0160moul\u00ed v\u00edkendovky ve Skuh\u0159i 2019 od Veroniky Zav\u0159elov\u00e9<\/a><\/h4><div class=\"post_excerpt\"><\/div><\/div><!-- .post_content  --><\/div><!-- .child_page-container --><\/div><!-- #child_page-30648\" -->\n\n<div id=\"child_page-30669\" class=\"child_page\" style=\"width:100%;max-width:100%;\"><div class=\"child_page-container\"><div class=\"post_thumb\"><a href=\"https:\/\/www.rozrazil.cz\/?page_id=30669\"><\/a><\/div><div class=\"post_content\"><h4><a href=\"https:\/\/www.rozrazil.cz\/?page_id=30669\">Fotky z pu\u0165\u00e1ku 2019 od Veroniky \u0160tefanov\u00e9<\/a><\/h4><div class=\"post_excerpt\"><\/div><\/div><!-- .post_content  --><\/div><!-- .child_page-container --><\/div><!-- #child_page-30669\" -->\n\n<div id=\"child_page-31189\" class=\"child_page\" style=\"width:100%;max-width:100%;\"><div class=\"child_page-container\"><div class=\"post_thumb\"><a href=\"https:\/\/www.rozrazil.cz\/?page_id=31189\"><\/a><\/div><div class=\"post_content\"><h4><a href=\"https:\/\/www.rozrazil.cz\/?page_id=31189\">Fotky z v\u00edkendovky v T\u00e1bo\u0159e 2019 od Veroniky \u0160tefanov\u00e9<\/a><\/h4><div class=\"post_excerpt\"><\/div><\/div><!-- .post_content  --><\/div><!-- .child_page-container --><\/div><!-- #child_page-31189\" -->\n\n<div id=\"child_page-30943\" class=\"child_page\" style=\"width:100%;max-width:100%;\"><div class=\"child_page-container\"><div class=\"post_thumb\"><a href=\"https:\/\/www.rozrazil.cz\/?page_id=30943\"><\/a><\/div><div class=\"post_content\"><h4><a href=\"https:\/\/www.rozrazil.cz\/?page_id=30943\">Fotky z pu\u0165\u00e1ku 2019 od B\u00e1ry V\u00e1chov\u00e9<\/a><\/h4><div class=\"post_excerpt\"><\/div><\/div><!-- .post_content  --><\/div><!-- .child_page-container --><\/div><!-- #child_page-30943\" -->\n\n<div id=\"child_page-30690\" class=\"child_page\" style=\"width:100%;max-width:100%;\"><div class=\"child_page-container\"><div class=\"post_thumb\"><a href=\"https:\/\/www.rozrazil.cz\/?page_id=30690\"><\/a><\/div><div class=\"post_content\"><h4><a href=\"https:\/\/www.rozrazil.cz\/?page_id=30690\">Fotky z pu\u0165\u00e1ku 2019 od Hanky Kar\u00e1skov\u00e9<\/a><\/h4><div class=\"post_excerpt\"><\/div><\/div><!-- .post_content  --><\/div><!-- .child_page-container --><\/div><!-- #child_page-30690\" -->\n\n<div id=\"child_page-31460\" class=\"child_page\" style=\"width:100%;max-width:100%;\"><div class=\"child_page-container\"><div class=\"post_thumb\"><a href=\"https:\/\/www.rozrazil.cz\/?page_id=31460\"><\/a><\/div><div class=\"post_content\"><h4><a href=\"https:\/\/www.rozrazil.cz\/?page_id=31460\">Fotky z pu\u0165\u00e1ku 2019 od Veroniky Zav\u0159elov\u00e9<\/a><\/h4><div class=\"post_excerpt\"><\/div><\/div><!-- .post_content  --><\/div><!-- .child_page-container --><\/div><!-- #child_page-31460\" -->\n\n<div id=\"child_page-31223\" class=\"child_page\" style=\"width:100%;max-width:100%;\"><div class=\"child_page-container\"><div class=\"post_thumb\"><a href=\"https:\/\/www.rozrazil.cz\/?page_id=31223\"><\/a><\/div><div class=\"post_content\"><h4><a href=\"https:\/\/www.rozrazil.cz\/?page_id=31223\">Fotky z v\u00e1no\u010dn\u00ed v\u00edkendovky 2019 od Mark\u00e9ty Brychtov\u00e9<\/a><\/h4><div class=\"post_excerpt\"><\/div><\/div><!-- .post_content  --><\/div><!-- .child_page-container --><\/div><!-- #child_page-31223\" -->\n\n<div id=\"child_page-30712\" class=\"child_page\" style=\"width:100%;max-width:100%;\"><div class=\"child_page-container\"><div class=\"post_thumb\"><a href=\"https:\/\/www.rozrazil.cz\/?page_id=30712\"><\/a><\/div><div class=\"post_content\"><h4><a href=\"https:\/\/www.rozrazil.cz\/?page_id=30712\">Fotky z pu\u0165\u00e1ku 2019 od Sama Ko\u010di\u0161\u010d\u00e1ka<\/a><\/h4><div class=\"post_excerpt\"><\/div><\/div><!-- .post_content  --><\/div><!-- .child_page-container --><\/div><!-- #child_page-30712\" -->\n\n<div id=\"child_page-33021\" class=\"child_page\" style=\"width:100%;max-width:100%;\"><div class=\"child_page-container\"><div class=\"post_thumb\"><a href=\"https:\/\/www.rozrazil.cz\/?page_id=33021\"><\/a><\/div><div class=\"post_content\"><h4><a href=\"https:\/\/www.rozrazil.cz\/?page_id=33021\">Videa z Dinosau\u0159\u00ed v\u00edkendovky v Plzni 2019 od Ester Malo\u0161\u00edkov\u00e9<\/a><\/h4><div class=\"post_excerpt\"><\/div><\/div><!-- .post_content  --><\/div><!-- .child_page-container --><\/div><!-- #child_page-33021\" -->\n<\/div>\n","protected":false},"excerpt":{"rendered":"","protected":false},"author":2,"featured_media":0,"parent":1357,"menu_order":0,"comment_status":"closed","ping_status":"closed","template":"","meta":{"_bbp_topic_count":0,"_bbp_reply_count":0,"_bbp_total_topic_count":0,"_bbp_total_reply_count":0,"_bbp_voice_count":0,"_bbp_anonymous_reply_count":0,"_bbp_topic_count_hidden":0,"_bbp_reply_count_hidden":0,"_bbp_forum_subforum_count":0,"footnotes":""},"_links":{"self":[{"href":"https:\/\/www.rozrazil.cz\/index.php?rest_route=\/wp\/v2\/pages\/30207"}],"collection":[{"href":"https:\/\/www.rozrazil.cz\/index.php?rest_route=\/wp\/v2\/pages"}],"about":[{"href":"https:\/\/www.rozrazil.cz\/index.php?rest_route=\/wp\/v2\/types\/page"}],"author":[{"embeddable":true,"href":"https:\/\/www.rozrazil.cz\/index.php?rest_route=\/wp\/v2\/users\/2"}],"replies":[{"embeddable":true,"href":"https:\/\/www.rozrazil.cz\/index.php?rest_route=%2Fwp%2Fv2%2Fcomments&post=30207"}],"version-history":[{"count":1,"href":"https:\/\/www.rozrazil.cz\/index.php?rest_route=\/wp\/v2\/pages\/30207\/revisions"}],"predecessor-version":[{"id":30208,"href":"https:\/\/www.rozrazil.cz\/index.php?rest_route=\/wp\/v2\/pages\/30207\/revisions\/30208"}],"up":[{"embeddable":true,"href":"https:\/\/www.rozrazil.cz\/index.php?rest_route=\/wp\/v2\/pages\/1357"}],"wp:attachment":[{"href":"https:\/\/www.rozrazil.cz\/index.php?rest_route=%2Fwp%2Fv2%2Fmedia&parent=30207"}],"curies":[{"name":"wp","href":"https:\/\/api.w.org\/{rel}","templated":true}]}}