{"id":27882,"date":"2016-12-13T21:26:06","date_gmt":"2016-12-13T21:26:06","guid":{"rendered":"http:\/\/www.rozrazil.cz\/?page_id=27882"},"modified":"2016-12-13T21:41:36","modified_gmt":"2016-12-13T21:41:36","slug":"fotky-z-vanocnhttpwww-rozrazil-czpage_id27882previewtruei-vikendovky-v-kunraticich-2016-od-terezy-lubovske","status":"publish","type":"page","link":"https:\/\/www.rozrazil.cz\/?page_id=27882","title":{"rendered":"Fotky z v\u00e1no\u010dn\u00ed v\u00edkendovky v Kunratic\u00edch 2016 od Terezy Lubovsk\u00e9"},"content":{"rendered":"\r\n\t\t<style type='text\/css'>\r\n\t\t\t#gallery-1 {\r\n\t\t\t\tmargin: auto;\r\n\t\t\t}\r\n\t\t\t#gallery-1 .gallery-item {\r\n\t\t\t\tfloat: left;\r\n\t\t\t\tmargin-top: 10px;\r\n\t\t\t\ttext-align: center;\r\n\t\t\t\twidth: 25%;\r\n\t\t\t}\r\n\t\t\t#gallery-1 img {\r\n\t\t\t\tborder: 2px solid #cfcfcf;\r\n\t\t\t}\r\n\t\t\t#gallery-1 .gallery-caption {\r\n\t\t\t\tmargin-left: 0;\r\n\t\t\t}\r\n\t\t<\/style>\r\n\t\t<!-- see gallery_shortcode() in wp-includes\/media.php -->\n\t\t<div id='gallery-1' class='gallery galleryid-27882 gallery-columns-4 gallery-size-thumbnail gallery1'><script type=\"text\/javascript\">\r\n\/\/ <![CDATA[\r\n\tjQuery(document).ready(function () {\r\n\t\tjQuery(\".gallery1 a\").attr(\"rel\",\"gallery1\");\t\r\n\t\tjQuery('a[rel=\"gallery1\"]').colorbox({maxWidth:\"95%\", maxHeight:\"95%\",title: function(){ return jQuery(this).children().attr(\"alt\"); }, });\r\n\t});\r\n\/\/ ]]>\r\n<\/script>\n<dl class=\"gallery-item\">\n<dt class=\"gallery-icon\">\r\n<a href=\"https:\/\/www.rozrazil.cz\/wp-content\/uploads\/fotky-z-vanocnhttpwww-rozrazil-czpage_id27882previewtruei-vikendovky-v-kunraticich-2016-od-terezy-lubovske\/2016\/12\/IMG_5183-1024x629.jpg\" title=\"\" rel=\"gallery1\"><img loading=\"lazy\" decoding=\"async\" src=\"https:\/\/www.rozrazil.cz\/wp-content\/uploads\/fotky-z-vanocnhttpwww-rozrazil-czpage_id27882previewtruei-vikendovky-v-kunraticich-2016-od-terezy-lubovske\/2016\/12\/IMG_5183-150x150.jpg\" width=\"150\" height=\"150\" alt=\"\" \/><\/a>\r\n<\/dt><\/dl><dl class=\"gallery-item\">\n<dt class=\"gallery-icon\">\r\n<a href=\"https:\/\/www.rozrazil.cz\/wp-content\/uploads\/fotky-z-vanocnhttpwww-rozrazil-czpage_id27882previewtruei-vikendovky-v-kunraticich-2016-od-terezy-lubovske\/2016\/12\/IMG_5187-1024x875.jpg\" title=\"\" rel=\"gallery1\"><img loading=\"lazy\" decoding=\"async\" src=\"https:\/\/www.rozrazil.cz\/wp-content\/uploads\/fotky-z-vanocnhttpwww-rozrazil-czpage_id27882previewtruei-vikendovky-v-kunraticich-2016-od-terezy-lubovske\/2016\/12\/IMG_5187-150x150.jpg\" width=\"150\" height=\"150\" alt=\"\" \/><\/a>\r\n<\/dt><\/dl><dl class=\"gallery-item\">\n<dt class=\"gallery-icon\">\r\n<a href=\"https:\/\/www.rozrazil.cz\/wp-content\/uploads\/fotky-z-vanocnhttpwww-rozrazil-czpage_id27882previewtruei-vikendovky-v-kunraticich-2016-od-terezy-lubovske\/2016\/12\/IMG_5189-1024x778.jpg\" title=\"\" rel=\"gallery1\"><img loading=\"lazy\" decoding=\"async\" src=\"https:\/\/www.rozrazil.cz\/wp-content\/uploads\/fotky-z-vanocnhttpwww-rozrazil-czpage_id27882previewtruei-vikendovky-v-kunraticich-2016-od-terezy-lubovske\/2016\/12\/IMG_5189-150x150.jpg\" width=\"150\" height=\"150\" alt=\"\" \/><\/a>\r\n<\/dt><\/dl><dl class=\"gallery-item\">\n<dt class=\"gallery-icon\">\r\n<a href=\"https:\/\/www.rozrazil.cz\/wp-content\/uploads\/fotky-z-vanocnhttpwww-rozrazil-czpage_id27882previewtruei-vikendovky-v-kunraticich-2016-od-terezy-lubovske\/2016\/12\/IMG_5193-1-1024x778.jpg\" title=\"\" rel=\"gallery1\"><img loading=\"lazy\" decoding=\"async\" src=\"https:\/\/www.rozrazil.cz\/wp-content\/uploads\/fotky-z-vanocnhttpwww-rozrazil-czpage_id27882previewtruei-vikendovky-v-kunraticich-2016-od-terezy-lubovske\/2016\/12\/IMG_5193-1-150x150.jpg\" width=\"150\" height=\"150\" alt=\"\" \/><\/a>\r\n<\/dt><\/dl><br style=\"clear: both\" \/><dl class=\"gallery-item\">\n<dt class=\"gallery-icon\">\r\n<a href=\"https:\/\/www.rozrazil.cz\/wp-content\/uploads\/fotky-z-vanocnhttpwww-rozrazil-czpage_id27882previewtruei-vikendovky-v-kunraticich-2016-od-terezy-lubovske\/2016\/12\/IMG_5196-1024x778.jpg\" title=\"\" rel=\"gallery1\"><img loading=\"lazy\" decoding=\"async\" src=\"https:\/\/www.rozrazil.cz\/wp-content\/uploads\/fotky-z-vanocnhttpwww-rozrazil-czpage_id27882previewtruei-vikendovky-v-kunraticich-2016-od-terezy-lubovske\/2016\/12\/IMG_5196-150x150.jpg\" width=\"150\" height=\"150\" alt=\"\" \/><\/a>\r\n<\/dt><\/dl><dl class=\"gallery-item\">\n<dt class=\"gallery-icon\">\r\n<a href=\"https:\/\/www.rozrazil.cz\/wp-content\/uploads\/fotky-z-vanocnhttpwww-rozrazil-czpage_id27882previewtruei-vikendovky-v-kunraticich-2016-od-terezy-lubovske\/2016\/12\/IMG_5198-1024x735.jpg\" title=\"\" rel=\"gallery1\"><img loading=\"lazy\" decoding=\"async\" src=\"https:\/\/www.rozrazil.cz\/wp-content\/uploads\/fotky-z-vanocnhttpwww-rozrazil-czpage_id27882previewtruei-vikendovky-v-kunraticich-2016-od-terezy-lubovske\/2016\/12\/IMG_5198-150x150.jpg\" width=\"150\" height=\"150\" alt=\"\" \/><\/a>\r\n<\/dt><\/dl><dl class=\"gallery-item\">\n<dt class=\"gallery-icon\">\r\n<a href=\"https:\/\/www.rozrazil.cz\/wp-content\/uploads\/fotky-z-vanocnhttpwww-rozrazil-czpage_id27882previewtruei-vikendovky-v-kunraticich-2016-od-terezy-lubovske\/2016\/12\/IMG_5202-778x1024.jpg\" title=\"\" rel=\"gallery1\"><img loading=\"lazy\" decoding=\"async\" src=\"https:\/\/www.rozrazil.cz\/wp-content\/uploads\/fotky-z-vanocnhttpwww-rozrazil-czpage_id27882previewtruei-vikendovky-v-kunraticich-2016-od-terezy-lubovske\/2016\/12\/IMG_5202-150x150.jpg\" width=\"150\" height=\"150\" alt=\"\" \/><\/a>\r\n<\/dt><\/dl><dl class=\"gallery-item\">\n<dt class=\"gallery-icon\">\r\n<a href=\"https:\/\/www.rozrazil.cz\/wp-content\/uploads\/fotky-z-vanocnhttpwww-rozrazil-czpage_id27882previewtruei-vikendovky-v-kunraticich-2016-od-terezy-lubovske\/2016\/12\/IMG_5203-1024x778.jpg\" title=\"\" rel=\"gallery1\"><img loading=\"lazy\" decoding=\"async\" src=\"https:\/\/www.rozrazil.cz\/wp-content\/uploads\/fotky-z-vanocnhttpwww-rozrazil-czpage_id27882previewtruei-vikendovky-v-kunraticich-2016-od-terezy-lubovske\/2016\/12\/IMG_5203-150x150.jpg\" width=\"150\" height=\"150\" alt=\"\" \/><\/a>\r\n<\/dt><\/dl><br style=\"clear: both\" \/><dl class=\"gallery-item\">\n<dt class=\"gallery-icon\">\r\n<a href=\"https:\/\/www.rozrazil.cz\/wp-content\/uploads\/fotky-z-vanocnhttpwww-rozrazil-czpage_id27882previewtruei-vikendovky-v-kunraticich-2016-od-terezy-lubovske\/2016\/12\/IMG_5205-1024x867.jpg\" title=\"\" rel=\"gallery1\"><img loading=\"lazy\" decoding=\"async\" src=\"https:\/\/www.rozrazil.cz\/wp-content\/uploads\/fotky-z-vanocnhttpwww-rozrazil-czpage_id27882previewtruei-vikendovky-v-kunraticich-2016-od-terezy-lubovske\/2016\/12\/IMG_5205-150x150.jpg\" width=\"150\" height=\"150\" alt=\"\" \/><\/a>\r\n<\/dt><\/dl><dl class=\"gallery-item\">\n<dt class=\"gallery-icon\">\r\n<a href=\"https:\/\/www.rozrazil.cz\/wp-content\/uploads\/fotky-z-vanocnhttpwww-rozrazil-czpage_id27882previewtruei-vikendovky-v-kunraticich-2016-od-terezy-lubovske\/2016\/12\/IMG_5207-1024x778.jpg\" title=\"\" rel=\"gallery1\"><img loading=\"lazy\" decoding=\"async\" src=\"https:\/\/www.rozrazil.cz\/wp-content\/uploads\/fotky-z-vanocnhttpwww-rozrazil-czpage_id27882previewtruei-vikendovky-v-kunraticich-2016-od-terezy-lubovske\/2016\/12\/IMG_5207-150x150.jpg\" width=\"150\" height=\"150\" alt=\"\" \/><\/a>\r\n<\/dt><\/dl><dl class=\"gallery-item\">\n<dt class=\"gallery-icon\">\r\n<a href=\"https:\/\/www.rozrazil.cz\/wp-content\/uploads\/fotky-z-vanocnhttpwww-rozrazil-czpage_id27882previewtruei-vikendovky-v-kunraticich-2016-od-terezy-lubovske\/2016\/12\/IMG_5212-1024x778.jpg\" title=\"\" rel=\"gallery1\"><img loading=\"lazy\" decoding=\"async\" src=\"https:\/\/www.rozrazil.cz\/wp-content\/uploads\/fotky-z-vanocnhttpwww-rozrazil-czpage_id27882previewtruei-vikendovky-v-kunraticich-2016-od-terezy-lubovske\/2016\/12\/IMG_5212-150x150.jpg\" width=\"150\" height=\"150\" alt=\"\" \/><\/a>\r\n<\/dt><\/dl><dl class=\"gallery-item\">\n<dt class=\"gallery-icon\">\r\n<a href=\"https:\/\/www.rozrazil.cz\/wp-content\/uploads\/fotky-z-vanocnhttpwww-rozrazil-czpage_id27882previewtruei-vikendovky-v-kunraticich-2016-od-terezy-lubovske\/2016\/12\/IMG_5217-1024x668.jpg\" title=\"\" rel=\"gallery1\"><img loading=\"lazy\" decoding=\"async\" src=\"https:\/\/www.rozrazil.cz\/wp-content\/uploads\/fotky-z-vanocnhttpwww-rozrazil-czpage_id27882previewtruei-vikendovky-v-kunraticich-2016-od-terezy-lubovske\/2016\/12\/IMG_5217-150x150.jpg\" width=\"150\" height=\"150\" alt=\"\" \/><\/a>\r\n<\/dt><\/dl><br style=\"clear: both\" \/><dl class=\"gallery-item\">\n<dt class=\"gallery-icon\">\r\n<a href=\"https:\/\/www.rozrazil.cz\/wp-content\/uploads\/fotky-z-vanocnhttpwww-rozrazil-czpage_id27882previewtruei-vikendovky-v-kunraticich-2016-od-terezy-lubovske\/2016\/12\/IMG_5220-1024x778.jpg\" title=\"\" rel=\"gallery1\"><img loading=\"lazy\" decoding=\"async\" src=\"https:\/\/www.rozrazil.cz\/wp-content\/uploads\/fotky-z-vanocnhttpwww-rozrazil-czpage_id27882previewtruei-vikendovky-v-kunraticich-2016-od-terezy-lubovske\/2016\/12\/IMG_5220-150x150.jpg\" width=\"150\" height=\"150\" alt=\"\" \/><\/a>\r\n<\/dt><\/dl><dl class=\"gallery-item\">\n<dt class=\"gallery-icon\">\r\n<a href=\"https:\/\/www.rozrazil.cz\/wp-content\/uploads\/fotky-z-vanocnhttpwww-rozrazil-czpage_id27882previewtruei-vikendovky-v-kunraticich-2016-od-terezy-lubovske\/2016\/12\/IMG_5222-1024x719.jpg\" title=\"\" rel=\"gallery1\"><img loading=\"lazy\" decoding=\"async\" src=\"https:\/\/www.rozrazil.cz\/wp-content\/uploads\/fotky-z-vanocnhttpwww-rozrazil-czpage_id27882previewtruei-vikendovky-v-kunraticich-2016-od-terezy-lubovske\/2016\/12\/IMG_5222-150x150.jpg\" width=\"150\" height=\"150\" alt=\"\" \/><\/a>\r\n<\/dt><\/dl><dl class=\"gallery-item\">\n<dt class=\"gallery-icon\">\r\n<a href=\"https:\/\/www.rozrazil.cz\/wp-content\/uploads\/fotky-z-vanocnhttpwww-rozrazil-czpage_id27882previewtruei-vikendovky-v-kunraticich-2016-od-terezy-lubovske\/2016\/12\/IMG_5232-1024x778.jpg\" title=\"\" rel=\"gallery1\"><img loading=\"lazy\" decoding=\"async\" src=\"https:\/\/www.rozrazil.cz\/wp-content\/uploads\/fotky-z-vanocnhttpwww-rozrazil-czpage_id27882previewtruei-vikendovky-v-kunraticich-2016-od-terezy-lubovske\/2016\/12\/IMG_5232-150x150.jpg\" width=\"150\" height=\"150\" alt=\"\" \/><\/a>\r\n<\/dt><\/dl><dl class=\"gallery-item\">\n<dt class=\"gallery-icon\">\r\n<a href=\"https:\/\/www.rozrazil.cz\/wp-content\/uploads\/fotky-z-vanocnhttpwww-rozrazil-czpage_id27882previewtruei-vikendovky-v-kunraticich-2016-od-terezy-lubovske\/2016\/12\/IMG_5233-1024x902.jpg\" title=\"\" rel=\"gallery1\"><img loading=\"lazy\" decoding=\"async\" src=\"https:\/\/www.rozrazil.cz\/wp-content\/uploads\/fotky-z-vanocnhttpwww-rozrazil-czpage_id27882previewtruei-vikendovky-v-kunraticich-2016-od-terezy-lubovske\/2016\/12\/IMG_5233-150x150.jpg\" width=\"150\" height=\"150\" alt=\"\" \/><\/a>\r\n<\/dt><\/dl><br style=\"clear: both\" \/><dl class=\"gallery-item\">\n<dt class=\"gallery-icon\">\r\n<a href=\"https:\/\/www.rozrazil.cz\/wp-content\/uploads\/fotky-z-vanocnhttpwww-rozrazil-czpage_id27882previewtruei-vikendovky-v-kunraticich-2016-od-terezy-lubovske\/2016\/12\/IMG_5237-1024x778.jpg\" title=\"\" rel=\"gallery1\"><img loading=\"lazy\" decoding=\"async\" src=\"https:\/\/www.rozrazil.cz\/wp-content\/uploads\/fotky-z-vanocnhttpwww-rozrazil-czpage_id27882previewtruei-vikendovky-v-kunraticich-2016-od-terezy-lubovske\/2016\/12\/IMG_5237-150x150.jpg\" width=\"150\" height=\"150\" alt=\"\" \/><\/a>\r\n<\/dt><\/dl><dl class=\"gallery-item\">\n<dt class=\"gallery-icon\">\r\n<a href=\"https:\/\/www.rozrazil.cz\/wp-content\/uploads\/fotky-z-vanocnhttpwww-rozrazil-czpage_id27882previewtruei-vikendovky-v-kunraticich-2016-od-terezy-lubovske\/2016\/12\/IMG_5238-1024x778.jpg\" title=\"\" rel=\"gallery1\"><img loading=\"lazy\" decoding=\"async\" src=\"https:\/\/www.rozrazil.cz\/wp-content\/uploads\/fotky-z-vanocnhttpwww-rozrazil-czpage_id27882previewtruei-vikendovky-v-kunraticich-2016-od-terezy-lubovske\/2016\/12\/IMG_5238-150x150.jpg\" width=\"150\" height=\"150\" alt=\"\" \/><\/a>\r\n<\/dt><\/dl><dl class=\"gallery-item\">\n<dt class=\"gallery-icon\">\r\n<a href=\"https:\/\/www.rozrazil.cz\/wp-content\/uploads\/fotky-z-vanocnhttpwww-rozrazil-czpage_id27882previewtruei-vikendovky-v-kunraticich-2016-od-terezy-lubovske\/2016\/12\/IMG_5245-1024x991.jpg\" title=\"\" rel=\"gallery1\"><img loading=\"lazy\" decoding=\"async\" src=\"https:\/\/www.rozrazil.cz\/wp-content\/uploads\/fotky-z-vanocnhttpwww-rozrazil-czpage_id27882previewtruei-vikendovky-v-kunraticich-2016-od-terezy-lubovske\/2016\/12\/IMG_5245-150x150.jpg\" width=\"150\" height=\"150\" alt=\"\" \/><\/a>\r\n<\/dt><\/dl><dl class=\"gallery-item\">\n<dt class=\"gallery-icon\">\r\n<a href=\"https:\/\/www.rozrazil.cz\/wp-content\/uploads\/fotky-z-vanocnhttpwww-rozrazil-czpage_id27882previewtruei-vikendovky-v-kunraticich-2016-od-terezy-lubovske\/2016\/12\/IMG_5249-1024x806.jpg\" title=\"\" rel=\"gallery1\"><img loading=\"lazy\" decoding=\"async\" src=\"https:\/\/www.rozrazil.cz\/wp-content\/uploads\/fotky-z-vanocnhttpwww-rozrazil-czpage_id27882previewtruei-vikendovky-v-kunraticich-2016-od-terezy-lubovske\/2016\/12\/IMG_5249-150x150.jpg\" width=\"150\" height=\"150\" alt=\"\" \/><\/a>\r\n<\/dt><\/dl><br style=\"clear: both\" \/><dl class=\"gallery-item\">\n<dt class=\"gallery-icon\">\r\n<a href=\"https:\/\/www.rozrazil.cz\/wp-content\/uploads\/fotky-z-vanocnhttpwww-rozrazil-czpage_id27882previewtruei-vikendovky-v-kunraticich-2016-od-terezy-lubovske\/2016\/12\/IMG_5251-1024x778.jpg\" title=\"\" rel=\"gallery1\"><img loading=\"lazy\" decoding=\"async\" src=\"https:\/\/www.rozrazil.cz\/wp-content\/uploads\/fotky-z-vanocnhttpwww-rozrazil-czpage_id27882previewtruei-vikendovky-v-kunraticich-2016-od-terezy-lubovske\/2016\/12\/IMG_5251-150x150.jpg\" width=\"150\" height=\"150\" alt=\"\" \/><\/a>\r\n<\/dt><\/dl><dl class=\"gallery-item\">\n<dt class=\"gallery-icon\">\r\n<a href=\"https:\/\/www.rozrazil.cz\/wp-content\/uploads\/fotky-z-vanocnhttpwww-rozrazil-czpage_id27882previewtruei-vikendovky-v-kunraticich-2016-od-terezy-lubovske\/2016\/12\/IMG_5255-1024x778.jpg\" title=\"\" rel=\"gallery1\"><img loading=\"lazy\" decoding=\"async\" src=\"https:\/\/www.rozrazil.cz\/wp-content\/uploads\/fotky-z-vanocnhttpwww-rozrazil-czpage_id27882previewtruei-vikendovky-v-kunraticich-2016-od-terezy-lubovske\/2016\/12\/IMG_5255-150x150.jpg\" width=\"150\" height=\"150\" alt=\"\" \/><\/a>\r\n<\/dt><\/dl><dl class=\"gallery-item\">\n<dt class=\"gallery-icon\">\r\n<a href=\"https:\/\/www.rozrazil.cz\/wp-content\/uploads\/fotky-z-vanocnhttpwww-rozrazil-czpage_id27882previewtruei-vikendovky-v-kunraticich-2016-od-terezy-lubovske\/2016\/12\/IMG_5256-1024x778.jpg\" title=\"\" rel=\"gallery1\"><img loading=\"lazy\" decoding=\"async\" src=\"https:\/\/www.rozrazil.cz\/wp-content\/uploads\/fotky-z-vanocnhttpwww-rozrazil-czpage_id27882previewtruei-vikendovky-v-kunraticich-2016-od-terezy-lubovske\/2016\/12\/IMG_5256-150x150.jpg\" width=\"150\" height=\"150\" alt=\"\" \/><\/a>\r\n<\/dt><\/dl><dl class=\"gallery-item\">\n<dt class=\"gallery-icon\">\r\n<a href=\"https:\/\/www.rozrazil.cz\/wp-content\/uploads\/fotky-z-vanocnhttpwww-rozrazil-czpage_id27882previewtruei-vikendovky-v-kunraticich-2016-od-terezy-lubovske\/2016\/12\/IMG_5258-778x1024.jpg\" title=\"\" rel=\"gallery1\"><img loading=\"lazy\" decoding=\"async\" src=\"https:\/\/www.rozrazil.cz\/wp-content\/uploads\/fotky-z-vanocnhttpwww-rozrazil-czpage_id27882previewtruei-vikendovky-v-kunraticich-2016-od-terezy-lubovske\/2016\/12\/IMG_5258-150x150.jpg\" width=\"150\" height=\"150\" alt=\"\" \/><\/a>\r\n<\/dt><\/dl><br style=\"clear: both\" \/><dl class=\"gallery-item\">\n<dt class=\"gallery-icon\">\r\n<a href=\"https:\/\/www.rozrazil.cz\/wp-content\/uploads\/fotky-z-vanocnhttpwww-rozrazil-czpage_id27882previewtruei-vikendovky-v-kunraticich-2016-od-terezy-lubovske\/2016\/12\/IMG_5261-1024x835.jpg\" title=\"\" rel=\"gallery1\"><img loading=\"lazy\" decoding=\"async\" src=\"https:\/\/www.rozrazil.cz\/wp-content\/uploads\/fotky-z-vanocnhttpwww-rozrazil-czpage_id27882previewtruei-vikendovky-v-kunraticich-2016-od-terezy-lubovske\/2016\/12\/IMG_5261-150x150.jpg\" width=\"150\" height=\"150\" alt=\"\" \/><\/a>\r\n<\/dt><\/dl><dl class=\"gallery-item\">\n<dt class=\"gallery-icon\">\r\n<a href=\"https:\/\/www.rozrazil.cz\/wp-content\/uploads\/fotky-z-vanocnhttpwww-rozrazil-czpage_id27882previewtruei-vikendovky-v-kunraticich-2016-od-terezy-lubovske\/2016\/12\/IMG_5264-1024x778.jpg\" title=\"\" rel=\"gallery1\"><img loading=\"lazy\" decoding=\"async\" src=\"https:\/\/www.rozrazil.cz\/wp-content\/uploads\/fotky-z-vanocnhttpwww-rozrazil-czpage_id27882previewtruei-vikendovky-v-kunraticich-2016-od-terezy-lubovske\/2016\/12\/IMG_5264-150x150.jpg\" width=\"150\" height=\"150\" alt=\"\" \/><\/a>\r\n<\/dt><\/dl><dl class=\"gallery-item\">\n<dt class=\"gallery-icon\">\r\n<a href=\"https:\/\/www.rozrazil.cz\/wp-content\/uploads\/fotky-z-vanocnhttpwww-rozrazil-czpage_id27882previewtruei-vikendovky-v-kunraticich-2016-od-terezy-lubovske\/2016\/12\/IMG_5270-1024x778.jpg\" title=\"\" rel=\"gallery1\"><img loading=\"lazy\" decoding=\"async\" src=\"https:\/\/www.rozrazil.cz\/wp-content\/uploads\/fotky-z-vanocnhttpwww-rozrazil-czpage_id27882previewtruei-vikendovky-v-kunraticich-2016-od-terezy-lubovske\/2016\/12\/IMG_5270-150x150.jpg\" width=\"150\" height=\"150\" alt=\"\" \/><\/a>\r\n<\/dt><\/dl><dl class=\"gallery-item\">\n<dt class=\"gallery-icon\">\r\n<a href=\"https:\/\/www.rozrazil.cz\/wp-content\/uploads\/fotky-z-vanocnhttpwww-rozrazil-czpage_id27882previewtruei-vikendovky-v-kunraticich-2016-od-terezy-lubovske\/2016\/12\/IMG_5272-1024x816.jpg\" title=\"\" rel=\"gallery1\"><img loading=\"lazy\" decoding=\"async\" src=\"https:\/\/www.rozrazil.cz\/wp-content\/uploads\/fotky-z-vanocnhttpwww-rozrazil-czpage_id27882previewtruei-vikendovky-v-kunraticich-2016-od-terezy-lubovske\/2016\/12\/IMG_5272-150x150.jpg\" width=\"150\" height=\"150\" alt=\"\" \/><\/a>\r\n<\/dt><\/dl><br style=\"clear: both\" \/><dl class=\"gallery-item\">\n<dt class=\"gallery-icon\">\r\n<a href=\"https:\/\/www.rozrazil.cz\/wp-content\/uploads\/fotky-z-vanocnhttpwww-rozrazil-czpage_id27882previewtruei-vikendovky-v-kunraticich-2016-od-terezy-lubovske\/2016\/12\/IMG_5273-832x1024.jpg\" title=\"\" rel=\"gallery1\"><img loading=\"lazy\" decoding=\"async\" src=\"https:\/\/www.rozrazil.cz\/wp-content\/uploads\/fotky-z-vanocnhttpwww-rozrazil-czpage_id27882previewtruei-vikendovky-v-kunraticich-2016-od-terezy-lubovske\/2016\/12\/IMG_5273-150x150.jpg\" width=\"150\" height=\"150\" alt=\"\" \/><\/a>\r\n<\/dt><\/dl><dl class=\"gallery-item\">\n<dt class=\"gallery-icon\">\r\n<a href=\"https:\/\/www.rozrazil.cz\/wp-content\/uploads\/fotky-z-vanocnhttpwww-rozrazil-czpage_id27882previewtruei-vikendovky-v-kunraticich-2016-od-terezy-lubovske\/2016\/12\/IMG_5274-1024x778.jpg\" title=\"\" rel=\"gallery1\"><img loading=\"lazy\" decoding=\"async\" src=\"https:\/\/www.rozrazil.cz\/wp-content\/uploads\/fotky-z-vanocnhttpwww-rozrazil-czpage_id27882previewtruei-vikendovky-v-kunraticich-2016-od-terezy-lubovske\/2016\/12\/IMG_5274-150x150.jpg\" width=\"150\" height=\"150\" alt=\"\" \/><\/a>\r\n<\/dt><\/dl><dl class=\"gallery-item\">\n<dt class=\"gallery-icon\">\r\n<a href=\"https:\/\/www.rozrazil.cz\/wp-content\/uploads\/fotky-z-vanocnhttpwww-rozrazil-czpage_id27882previewtruei-vikendovky-v-kunraticich-2016-od-terezy-lubovske\/2016\/12\/IMG_5276-1024x874.jpg\" title=\"\" rel=\"gallery1\"><img loading=\"lazy\" decoding=\"async\" src=\"https:\/\/www.rozrazil.cz\/wp-content\/uploads\/fotky-z-vanocnhttpwww-rozrazil-czpage_id27882previewtruei-vikendovky-v-kunraticich-2016-od-terezy-lubovske\/2016\/12\/IMG_5276-150x150.jpg\" width=\"150\" height=\"150\" alt=\"\" \/><\/a>\r\n<\/dt><\/dl><dl class=\"gallery-item\">\n<dt class=\"gallery-icon\">\r\n<a href=\"https:\/\/www.rozrazil.cz\/wp-content\/uploads\/fotky-z-vanocnhttpwww-rozrazil-czpage_id27882previewtruei-vikendovky-v-kunraticich-2016-od-terezy-lubovske\/2016\/12\/IMG_5277-1024x778.jpg\" title=\"\" rel=\"gallery1\"><img loading=\"lazy\" decoding=\"async\" src=\"https:\/\/www.rozrazil.cz\/wp-content\/uploads\/fotky-z-vanocnhttpwww-rozrazil-czpage_id27882previewtruei-vikendovky-v-kunraticich-2016-od-terezy-lubovske\/2016\/12\/IMG_5277-150x150.jpg\" width=\"150\" height=\"150\" alt=\"\" \/><\/a>\r\n<\/dt><\/dl><br style=\"clear: both\" \/><dl class=\"gallery-item\">\n<dt class=\"gallery-icon\">\r\n<a href=\"https:\/\/www.rozrazil.cz\/wp-content\/uploads\/fotky-z-vanocnhttpwww-rozrazil-czpage_id27882previewtruei-vikendovky-v-kunraticich-2016-od-terezy-lubovske\/2016\/12\/IMG_5279-1024x778.jpg\" title=\"\" rel=\"gallery1\"><img loading=\"lazy\" decoding=\"async\" src=\"https:\/\/www.rozrazil.cz\/wp-content\/uploads\/fotky-z-vanocnhttpwww-rozrazil-czpage_id27882previewtruei-vikendovky-v-kunraticich-2016-od-terezy-lubovske\/2016\/12\/IMG_5279-150x150.jpg\" width=\"150\" height=\"150\" alt=\"\" \/><\/a>\r\n<\/dt><\/dl><dl class=\"gallery-item\">\n<dt class=\"gallery-icon\">\r\n<a href=\"https:\/\/www.rozrazil.cz\/wp-content\/uploads\/fotky-z-vanocnhttpwww-rozrazil-czpage_id27882previewtruei-vikendovky-v-kunraticich-2016-od-terezy-lubovske\/2016\/12\/IMG_5283-778x1024.jpg\" title=\"\" rel=\"gallery1\"><img loading=\"lazy\" decoding=\"async\" src=\"https:\/\/www.rozrazil.cz\/wp-content\/uploads\/fotky-z-vanocnhttpwww-rozrazil-czpage_id27882previewtruei-vikendovky-v-kunraticich-2016-od-terezy-lubovske\/2016\/12\/IMG_5283-150x150.jpg\" width=\"150\" height=\"150\" alt=\"\" \/><\/a>\r\n<\/dt><\/dl><dl class=\"gallery-item\">\n<dt class=\"gallery-icon\">\r\n<a href=\"https:\/\/www.rozrazil.cz\/wp-content\/uploads\/fotky-z-vanocnhttpwww-rozrazil-czpage_id27882previewtruei-vikendovky-v-kunraticich-2016-od-terezy-lubovske\/2016\/12\/IMG_5287-1024x778.jpg\" title=\"\" rel=\"gallery1\"><img loading=\"lazy\" decoding=\"async\" src=\"https:\/\/www.rozrazil.cz\/wp-content\/uploads\/fotky-z-vanocnhttpwww-rozrazil-czpage_id27882previewtruei-vikendovky-v-kunraticich-2016-od-terezy-lubovske\/2016\/12\/IMG_5287-150x150.jpg\" width=\"150\" height=\"150\" alt=\"\" \/><\/a>\r\n<\/dt><\/dl>\r\n\t\t\t<br style='clear: both' \/>\r\n\t\t<\/div>\n\n","protected":false},"excerpt":{"rendered":"","protected":false},"author":2,"featured_media":0,"parent":26506,"menu_order":0,"comment_status":"closed","ping_status":"closed","template":"","meta":{"_bbp_topic_count":0,"_bbp_reply_count":0,"_bbp_total_topic_count":0,"_bbp_total_reply_count":0,"_bbp_voice_count":0,"_bbp_anonymous_reply_count":0,"_bbp_topic_count_hidden":0,"_bbp_reply_count_hidden":0,"_bbp_forum_subforum_count":0,"footnotes":""},"_links":{"self":[{"href":"https:\/\/www.rozrazil.cz\/index.php?rest_route=\/wp\/v2\/pages\/27882"}],"collection":[{"href":"https:\/\/www.rozrazil.cz\/index.php?rest_route=\/wp\/v2\/pages"}],"about":[{"href":"https:\/\/www.rozrazil.cz\/index.php?rest_route=\/wp\/v2\/types\/page"}],"author":[{"embeddable":true,"href":"https:\/\/www.rozrazil.cz\/index.php?rest_route=\/wp\/v2\/users\/2"}],"replies":[{"embeddable":true,"href":"https:\/\/www.rozrazil.cz\/index.php?rest_route=%2Fwp%2Fv2%2Fcomments&post=27882"}],"version-history":[{"count":4,"href":"https:\/\/www.rozrazil.cz\/index.php?rest_route=\/wp\/v2\/pages\/27882\/revisions"}],"predecessor-version":[{"id":27922,"href":"https:\/\/www.rozrazil.cz\/index.php?rest_route=\/wp\/v2\/pages\/27882\/revisions\/27922"}],"up":[{"embeddable":true,"href":"https:\/\/www.rozrazil.cz\/index.php?rest_route=\/wp\/v2\/pages\/26506"}],"wp:attachment":[{"href":"https:\/\/www.rozrazil.cz\/index.php?rest_route=%2Fwp%2Fv2%2Fmedia&parent=27882"}],"curies":[{"name":"wp","href":"https:\/\/api.w.org\/{rel}","templated":true}]}}