{"id":26665,"date":"2016-06-12T13:36:57","date_gmt":"2016-06-12T13:36:57","guid":{"rendered":"http:\/\/www.rozrazil.cz\/?page_id=26665"},"modified":"2016-06-12T13:36:57","modified_gmt":"2016-06-12T13:36:57","slug":"fotky-z-posazavske-putovni-vikendovky-2016-od-bary-vachove","status":"publish","type":"page","link":"https:\/\/www.rozrazil.cz\/?page_id=26665","title":{"rendered":"Fotky z Pos\u00e1zavsk\u00e9 putovn\u00ed v\u00edkendovky 2016 od B\u00e1ry V\u00e1chov\u00e9"},"content":{"rendered":"\r\n\t\t<style type='text\/css'>\r\n\t\t\t#gallery-1 {\r\n\t\t\t\tmargin: auto;\r\n\t\t\t}\r\n\t\t\t#gallery-1 .gallery-item {\r\n\t\t\t\tfloat: left;\r\n\t\t\t\tmargin-top: 10px;\r\n\t\t\t\ttext-align: center;\r\n\t\t\t\twidth: 25%;\r\n\t\t\t}\r\n\t\t\t#gallery-1 img {\r\n\t\t\t\tborder: 2px solid #cfcfcf;\r\n\t\t\t}\r\n\t\t\t#gallery-1 .gallery-caption {\r\n\t\t\t\tmargin-left: 0;\r\n\t\t\t}\r\n\t\t<\/style>\r\n\t\t<!-- see gallery_shortcode() in wp-includes\/media.php -->\n\t\t<div id='gallery-1' class='gallery galleryid-26665 gallery-columns-4 gallery-size-thumbnail gallery1'><script type=\"text\/javascript\">\r\n\/\/ <![CDATA[\r\n\tjQuery(document).ready(function () {\r\n\t\tjQuery(\".gallery1 a\").attr(\"rel\",\"gallery1\");\t\r\n\t\tjQuery('a[rel=\"gallery1\"]').colorbox({maxWidth:\"95%\", maxHeight:\"95%\",title: function(){ return jQuery(this).children().attr(\"alt\"); }, });\r\n\t});\r\n\/\/ ]]>\r\n<\/script>\n<dl class=\"gallery-item\">\n<dt class=\"gallery-icon\">\r\n<a href=\"https:\/\/www.rozrazil.cz\/wp-content\/uploads\/fotky-z-posazavske-putovni-vikendovky-2016-od-bary-vachove\/2016\/06\/P5211595-1024x768.jpg\" title=\"OLYMPUS DIGITAL CAMERA\" rel=\"gallery1\"><img loading=\"lazy\" decoding=\"async\" src=\"https:\/\/www.rozrazil.cz\/wp-content\/uploads\/fotky-z-posazavske-putovni-vikendovky-2016-od-bary-vachove\/2016\/06\/P5211595-150x150.jpg\" width=\"150\" height=\"150\" alt=\"OLYMPUS DIGITAL CAMERA\" \/><\/a>\r\n<\/dt><dd class=\"gallery-caption\" id=\"caption26666\"><span class=\"imagecaption\">OLYMPUS DIGITAL CAMERA<\/span><br \/>\n<\/dd><\/dl><dl class=\"gallery-item\">\n<dt class=\"gallery-icon\">\r\n<a href=\"https:\/\/www.rozrazil.cz\/wp-content\/uploads\/fotky-z-posazavske-putovni-vikendovky-2016-od-bary-vachove\/2016\/06\/P5211596-1024x808.jpg\" title=\"OLYMPUS DIGITAL CAMERA\" rel=\"gallery1\"><img loading=\"lazy\" decoding=\"async\" src=\"https:\/\/www.rozrazil.cz\/wp-content\/uploads\/fotky-z-posazavske-putovni-vikendovky-2016-od-bary-vachove\/2016\/06\/P5211596-150x150.jpg\" width=\"150\" height=\"150\" alt=\"OLYMPUS DIGITAL CAMERA\" \/><\/a>\r\n<\/dt><dd class=\"gallery-caption\" id=\"caption26667\"><span class=\"imagecaption\">OLYMPUS DIGITAL CAMERA<\/span><br \/>\n<\/dd><\/dl><dl class=\"gallery-item\">\n<dt class=\"gallery-icon\">\r\n<a href=\"https:\/\/www.rozrazil.cz\/wp-content\/uploads\/fotky-z-posazavske-putovni-vikendovky-2016-od-bary-vachove\/2016\/06\/P5211598-1024x768.jpg\" title=\"OLYMPUS DIGITAL CAMERA\" rel=\"gallery1\"><img loading=\"lazy\" decoding=\"async\" src=\"https:\/\/www.rozrazil.cz\/wp-content\/uploads\/fotky-z-posazavske-putovni-vikendovky-2016-od-bary-vachove\/2016\/06\/P5211598-150x150.jpg\" width=\"150\" height=\"150\" alt=\"OLYMPUS DIGITAL CAMERA\" \/><\/a>\r\n<\/dt><dd class=\"gallery-caption\" id=\"caption26668\"><span class=\"imagecaption\">OLYMPUS DIGITAL CAMERA<\/span><br \/>\n<\/dd><\/dl><dl class=\"gallery-item\">\n<dt class=\"gallery-icon\">\r\n<a href=\"https:\/\/www.rozrazil.cz\/wp-content\/uploads\/fotky-z-posazavske-putovni-vikendovky-2016-od-bary-vachove\/2016\/06\/P5211599-1024x768.jpg\" title=\"OLYMPUS DIGITAL CAMERA\" rel=\"gallery1\"><img loading=\"lazy\" decoding=\"async\" src=\"https:\/\/www.rozrazil.cz\/wp-content\/uploads\/fotky-z-posazavske-putovni-vikendovky-2016-od-bary-vachove\/2016\/06\/P5211599-150x150.jpg\" width=\"150\" height=\"150\" alt=\"OLYMPUS DIGITAL CAMERA\" \/><\/a>\r\n<\/dt><dd class=\"gallery-caption\" id=\"caption26669\"><span class=\"imagecaption\">OLYMPUS DIGITAL CAMERA<\/span><br \/>\n<\/dd><\/dl><br style=\"clear: both\" \/><dl class=\"gallery-item\">\n<dt class=\"gallery-icon\">\r\n<a href=\"https:\/\/www.rozrazil.cz\/wp-content\/uploads\/fotky-z-posazavske-putovni-vikendovky-2016-od-bary-vachove\/2016\/06\/P5211600-768x1024.jpg\" title=\"OLYMPUS DIGITAL CAMERA\" rel=\"gallery1\"><img loading=\"lazy\" decoding=\"async\" src=\"https:\/\/www.rozrazil.cz\/wp-content\/uploads\/fotky-z-posazavske-putovni-vikendovky-2016-od-bary-vachove\/2016\/06\/P5211600-150x150.jpg\" width=\"150\" height=\"150\" alt=\"OLYMPUS DIGITAL CAMERA\" \/><\/a>\r\n<\/dt><dd class=\"gallery-caption\" id=\"caption26670\"><span class=\"imagecaption\">OLYMPUS DIGITAL CAMERA<\/span><br \/>\n<\/dd><\/dl><dl class=\"gallery-item\">\n<dt class=\"gallery-icon\">\r\n<a href=\"https:\/\/www.rozrazil.cz\/wp-content\/uploads\/fotky-z-posazavske-putovni-vikendovky-2016-od-bary-vachove\/2016\/06\/P5211602-1024x768.jpg\" title=\"OLYMPUS DIGITAL CAMERA\" rel=\"gallery1\"><img loading=\"lazy\" decoding=\"async\" src=\"https:\/\/www.rozrazil.cz\/wp-content\/uploads\/fotky-z-posazavske-putovni-vikendovky-2016-od-bary-vachove\/2016\/06\/P5211602-150x150.jpg\" width=\"150\" height=\"150\" alt=\"OLYMPUS DIGITAL CAMERA\" \/><\/a>\r\n<\/dt><dd class=\"gallery-caption\" id=\"caption26671\"><span class=\"imagecaption\">OLYMPUS DIGITAL CAMERA<\/span><br \/>\n<\/dd><\/dl><dl class=\"gallery-item\">\n<dt class=\"gallery-icon\">\r\n<a href=\"https:\/\/www.rozrazil.cz\/wp-content\/uploads\/fotky-z-posazavske-putovni-vikendovky-2016-od-bary-vachove\/2016\/06\/P5211604-1024x768.jpg\" title=\"OLYMPUS DIGITAL CAMERA\" rel=\"gallery1\"><img loading=\"lazy\" decoding=\"async\" src=\"https:\/\/www.rozrazil.cz\/wp-content\/uploads\/fotky-z-posazavske-putovni-vikendovky-2016-od-bary-vachove\/2016\/06\/P5211604-150x150.jpg\" width=\"150\" height=\"150\" alt=\"OLYMPUS DIGITAL CAMERA\" \/><\/a>\r\n<\/dt><dd class=\"gallery-caption\" id=\"caption26672\"><span class=\"imagecaption\">OLYMPUS DIGITAL CAMERA<\/span><br \/>\n<\/dd><\/dl><dl class=\"gallery-item\">\n<dt class=\"gallery-icon\">\r\n<a href=\"https:\/\/www.rozrazil.cz\/wp-content\/uploads\/fotky-z-posazavske-putovni-vikendovky-2016-od-bary-vachove\/2016\/06\/P5211607-1024x768.jpg\" title=\"OLYMPUS DIGITAL CAMERA\" rel=\"gallery1\"><img loading=\"lazy\" decoding=\"async\" src=\"https:\/\/www.rozrazil.cz\/wp-content\/uploads\/fotky-z-posazavske-putovni-vikendovky-2016-od-bary-vachove\/2016\/06\/P5211607-150x150.jpg\" width=\"150\" height=\"150\" alt=\"OLYMPUS DIGITAL CAMERA\" \/><\/a>\r\n<\/dt><dd class=\"gallery-caption\" id=\"caption26673\"><span class=\"imagecaption\">OLYMPUS DIGITAL CAMERA<\/span><br \/>\n<\/dd><\/dl><br style=\"clear: both\" \/><dl class=\"gallery-item\">\n<dt class=\"gallery-icon\">\r\n<a href=\"https:\/\/www.rozrazil.cz\/wp-content\/uploads\/fotky-z-posazavske-putovni-vikendovky-2016-od-bary-vachove\/2016\/06\/P5211608-1024x768.jpg\" title=\"OLYMPUS DIGITAL CAMERA\" rel=\"gallery1\"><img loading=\"lazy\" decoding=\"async\" src=\"https:\/\/www.rozrazil.cz\/wp-content\/uploads\/fotky-z-posazavske-putovni-vikendovky-2016-od-bary-vachove\/2016\/06\/P5211608-150x150.jpg\" width=\"150\" height=\"150\" alt=\"OLYMPUS DIGITAL CAMERA\" \/><\/a>\r\n<\/dt><dd class=\"gallery-caption\" id=\"caption26674\"><span class=\"imagecaption\">OLYMPUS DIGITAL CAMERA<\/span><br \/>\n<\/dd><\/dl><dl class=\"gallery-item\">\n<dt class=\"gallery-icon\">\r\n<a href=\"https:\/\/www.rozrazil.cz\/wp-content\/uploads\/fotky-z-posazavske-putovni-vikendovky-2016-od-bary-vachove\/2016\/06\/P5211609-768x1024.jpg\" title=\"OLYMPUS DIGITAL CAMERA\" rel=\"gallery1\"><img loading=\"lazy\" decoding=\"async\" src=\"https:\/\/www.rozrazil.cz\/wp-content\/uploads\/fotky-z-posazavske-putovni-vikendovky-2016-od-bary-vachove\/2016\/06\/P5211609-150x150.jpg\" width=\"150\" height=\"150\" alt=\"OLYMPUS DIGITAL CAMERA\" \/><\/a>\r\n<\/dt><dd class=\"gallery-caption\" id=\"caption26675\"><span class=\"imagecaption\">OLYMPUS DIGITAL CAMERA<\/span><br \/>\n<\/dd><\/dl><dl class=\"gallery-item\">\n<dt class=\"gallery-icon\">\r\n<a href=\"https:\/\/www.rozrazil.cz\/wp-content\/uploads\/fotky-z-posazavske-putovni-vikendovky-2016-od-bary-vachove\/2016\/06\/P5211610-768x1024.jpg\" title=\"OLYMPUS DIGITAL CAMERA\" rel=\"gallery1\"><img loading=\"lazy\" decoding=\"async\" src=\"https:\/\/www.rozrazil.cz\/wp-content\/uploads\/fotky-z-posazavske-putovni-vikendovky-2016-od-bary-vachove\/2016\/06\/P5211610-150x150.jpg\" width=\"150\" height=\"150\" alt=\"OLYMPUS DIGITAL CAMERA\" \/><\/a>\r\n<\/dt><dd class=\"gallery-caption\" id=\"caption26676\"><span class=\"imagecaption\">OLYMPUS DIGITAL CAMERA<\/span><br \/>\n<\/dd><\/dl><dl class=\"gallery-item\">\n<dt class=\"gallery-icon\">\r\n<a href=\"https:\/\/www.rozrazil.cz\/wp-content\/uploads\/fotky-z-posazavske-putovni-vikendovky-2016-od-bary-vachove\/2016\/06\/P5211611-709x1024.jpg\" title=\"OLYMPUS DIGITAL CAMERA\" rel=\"gallery1\"><img loading=\"lazy\" decoding=\"async\" src=\"https:\/\/www.rozrazil.cz\/wp-content\/uploads\/fotky-z-posazavske-putovni-vikendovky-2016-od-bary-vachove\/2016\/06\/P5211611-150x150.jpg\" width=\"150\" height=\"150\" alt=\"OLYMPUS DIGITAL CAMERA\" \/><\/a>\r\n<\/dt><dd class=\"gallery-caption\" id=\"caption26677\"><span class=\"imagecaption\">OLYMPUS DIGITAL CAMERA<\/span><br \/>\n<\/dd><\/dl><br style=\"clear: both\" \/><dl class=\"gallery-item\">\n<dt class=\"gallery-icon\">\r\n<a href=\"https:\/\/www.rozrazil.cz\/wp-content\/uploads\/fotky-z-posazavske-putovni-vikendovky-2016-od-bary-vachove\/2016\/06\/P5211612-1024x768.jpg\" title=\"OLYMPUS DIGITAL CAMERA\" rel=\"gallery1\"><img loading=\"lazy\" decoding=\"async\" src=\"https:\/\/www.rozrazil.cz\/wp-content\/uploads\/fotky-z-posazavske-putovni-vikendovky-2016-od-bary-vachove\/2016\/06\/P5211612-150x150.jpg\" width=\"150\" height=\"150\" alt=\"OLYMPUS DIGITAL CAMERA\" \/><\/a>\r\n<\/dt><dd class=\"gallery-caption\" id=\"caption26678\"><span class=\"imagecaption\">OLYMPUS DIGITAL CAMERA<\/span><br \/>\n<\/dd><\/dl><dl class=\"gallery-item\">\n<dt class=\"gallery-icon\">\r\n<a href=\"https:\/\/www.rozrazil.cz\/wp-content\/uploads\/fotky-z-posazavske-putovni-vikendovky-2016-od-bary-vachove\/2016\/06\/P5211614-1024x768.jpg\" title=\"OLYMPUS DIGITAL CAMERA\" rel=\"gallery1\"><img loading=\"lazy\" decoding=\"async\" src=\"https:\/\/www.rozrazil.cz\/wp-content\/uploads\/fotky-z-posazavske-putovni-vikendovky-2016-od-bary-vachove\/2016\/06\/P5211614-150x150.jpg\" width=\"150\" height=\"150\" alt=\"OLYMPUS DIGITAL CAMERA\" \/><\/a>\r\n<\/dt><dd class=\"gallery-caption\" id=\"caption26679\"><span class=\"imagecaption\">OLYMPUS DIGITAL CAMERA<\/span><br \/>\n<\/dd><\/dl><dl class=\"gallery-item\">\n<dt class=\"gallery-icon\">\r\n<a href=\"https:\/\/www.rozrazil.cz\/wp-content\/uploads\/fotky-z-posazavske-putovni-vikendovky-2016-od-bary-vachove\/2016\/06\/P5211615-768x1024.jpg\" title=\"OLYMPUS DIGITAL CAMERA\" rel=\"gallery1\"><img loading=\"lazy\" decoding=\"async\" src=\"https:\/\/www.rozrazil.cz\/wp-content\/uploads\/fotky-z-posazavske-putovni-vikendovky-2016-od-bary-vachove\/2016\/06\/P5211615-150x150.jpg\" width=\"150\" height=\"150\" alt=\"OLYMPUS DIGITAL CAMERA\" \/><\/a>\r\n<\/dt><dd class=\"gallery-caption\" id=\"caption26680\"><span class=\"imagecaption\">OLYMPUS DIGITAL CAMERA<\/span><br \/>\n<\/dd><\/dl><dl class=\"gallery-item\">\n<dt class=\"gallery-icon\">\r\n<a href=\"https:\/\/www.rozrazil.cz\/wp-content\/uploads\/fotky-z-posazavske-putovni-vikendovky-2016-od-bary-vachove\/2016\/06\/P5211617-768x1024.jpg\" title=\"OLYMPUS DIGITAL CAMERA\" rel=\"gallery1\"><img loading=\"lazy\" decoding=\"async\" src=\"https:\/\/www.rozrazil.cz\/wp-content\/uploads\/fotky-z-posazavske-putovni-vikendovky-2016-od-bary-vachove\/2016\/06\/P5211617-150x150.jpg\" width=\"150\" height=\"150\" alt=\"OLYMPUS DIGITAL CAMERA\" \/><\/a>\r\n<\/dt><dd class=\"gallery-caption\" id=\"caption26681\"><span class=\"imagecaption\">OLYMPUS DIGITAL CAMERA<\/span><br \/>\n<\/dd><\/dl><br style=\"clear: both\" \/><dl class=\"gallery-item\">\n<dt class=\"gallery-icon\">\r\n<a href=\"https:\/\/www.rozrazil.cz\/wp-content\/uploads\/fotky-z-posazavske-putovni-vikendovky-2016-od-bary-vachove\/2016\/06\/P5211619-848x1024.jpg\" title=\"OLYMPUS DIGITAL CAMERA\" rel=\"gallery1\"><img loading=\"lazy\" decoding=\"async\" src=\"https:\/\/www.rozrazil.cz\/wp-content\/uploads\/fotky-z-posazavske-putovni-vikendovky-2016-od-bary-vachove\/2016\/06\/P5211619-150x150.jpg\" width=\"150\" height=\"150\" alt=\"OLYMPUS DIGITAL CAMERA\" \/><\/a>\r\n<\/dt><dd class=\"gallery-caption\" id=\"caption26682\"><span class=\"imagecaption\">OLYMPUS DIGITAL CAMERA<\/span><br \/>\n<\/dd><\/dl><dl class=\"gallery-item\">\n<dt class=\"gallery-icon\">\r\n<a href=\"https:\/\/www.rozrazil.cz\/wp-content\/uploads\/fotky-z-posazavske-putovni-vikendovky-2016-od-bary-vachove\/2016\/06\/P5211621-768x1024.jpg\" title=\"OLYMPUS DIGITAL CAMERA\" rel=\"gallery1\"><img loading=\"lazy\" decoding=\"async\" src=\"https:\/\/www.rozrazil.cz\/wp-content\/uploads\/fotky-z-posazavske-putovni-vikendovky-2016-od-bary-vachove\/2016\/06\/P5211621-150x150.jpg\" width=\"150\" height=\"150\" alt=\"OLYMPUS DIGITAL CAMERA\" \/><\/a>\r\n<\/dt><dd class=\"gallery-caption\" id=\"caption26683\"><span class=\"imagecaption\">OLYMPUS DIGITAL CAMERA<\/span><br \/>\n<\/dd><\/dl><dl class=\"gallery-item\">\n<dt class=\"gallery-icon\">\r\n<a href=\"https:\/\/www.rozrazil.cz\/wp-content\/uploads\/fotky-z-posazavske-putovni-vikendovky-2016-od-bary-vachove\/2016\/06\/P5211624-768x1024.jpg\" title=\"OLYMPUS DIGITAL CAMERA\" rel=\"gallery1\"><img loading=\"lazy\" decoding=\"async\" src=\"https:\/\/www.rozrazil.cz\/wp-content\/uploads\/fotky-z-posazavske-putovni-vikendovky-2016-od-bary-vachove\/2016\/06\/P5211624-150x150.jpg\" width=\"150\" height=\"150\" alt=\"OLYMPUS DIGITAL CAMERA\" \/><\/a>\r\n<\/dt><dd class=\"gallery-caption\" id=\"caption26684\"><span class=\"imagecaption\">OLYMPUS DIGITAL CAMERA<\/span><br \/>\n<\/dd><\/dl><dl class=\"gallery-item\">\n<dt class=\"gallery-icon\">\r\n<a href=\"https:\/\/www.rozrazil.cz\/wp-content\/uploads\/fotky-z-posazavske-putovni-vikendovky-2016-od-bary-vachove\/2016\/06\/P5211625-1024x768.jpg\" title=\"OLYMPUS DIGITAL CAMERA\" rel=\"gallery1\"><img loading=\"lazy\" decoding=\"async\" src=\"https:\/\/www.rozrazil.cz\/wp-content\/uploads\/fotky-z-posazavske-putovni-vikendovky-2016-od-bary-vachove\/2016\/06\/P5211625-150x150.jpg\" width=\"150\" height=\"150\" alt=\"OLYMPUS DIGITAL CAMERA\" \/><\/a>\r\n<\/dt><dd class=\"gallery-caption\" id=\"caption26685\"><span class=\"imagecaption\">OLYMPUS DIGITAL CAMERA<\/span><br \/>\n<\/dd><\/dl><br style=\"clear: both\" \/><dl class=\"gallery-item\">\n<dt class=\"gallery-icon\">\r\n<a href=\"https:\/\/www.rozrazil.cz\/wp-content\/uploads\/fotky-z-posazavske-putovni-vikendovky-2016-od-bary-vachove\/2016\/06\/P5211626-1024x768.jpg\" title=\"OLYMPUS DIGITAL CAMERA\" rel=\"gallery1\"><img loading=\"lazy\" decoding=\"async\" src=\"https:\/\/www.rozrazil.cz\/wp-content\/uploads\/fotky-z-posazavske-putovni-vikendovky-2016-od-bary-vachove\/2016\/06\/P5211626-150x150.jpg\" width=\"150\" height=\"150\" alt=\"OLYMPUS DIGITAL CAMERA\" \/><\/a>\r\n<\/dt><dd class=\"gallery-caption\" id=\"caption26686\"><span class=\"imagecaption\">OLYMPUS DIGITAL CAMERA<\/span><br \/>\n<\/dd><\/dl><dl class=\"gallery-item\">\n<dt class=\"gallery-icon\">\r\n<a href=\"https:\/\/www.rozrazil.cz\/wp-content\/uploads\/fotky-z-posazavske-putovni-vikendovky-2016-od-bary-vachove\/2016\/06\/P5211629-768x1024.jpg\" title=\"OLYMPUS DIGITAL CAMERA\" rel=\"gallery1\"><img loading=\"lazy\" decoding=\"async\" src=\"https:\/\/www.rozrazil.cz\/wp-content\/uploads\/fotky-z-posazavske-putovni-vikendovky-2016-od-bary-vachove\/2016\/06\/P5211629-150x150.jpg\" width=\"150\" height=\"150\" alt=\"OLYMPUS DIGITAL CAMERA\" \/><\/a>\r\n<\/dt><dd class=\"gallery-caption\" id=\"caption26687\"><span class=\"imagecaption\">OLYMPUS DIGITAL CAMERA<\/span><br \/>\n<\/dd><\/dl><dl class=\"gallery-item\">\n<dt class=\"gallery-icon\">\r\n<a href=\"https:\/\/www.rozrazil.cz\/wp-content\/uploads\/fotky-z-posazavske-putovni-vikendovky-2016-od-bary-vachove\/2016\/06\/P5221633-1024x768.jpg\" title=\"OLYMPUS DIGITAL CAMERA\" rel=\"gallery1\"><img loading=\"lazy\" decoding=\"async\" src=\"https:\/\/www.rozrazil.cz\/wp-content\/uploads\/fotky-z-posazavske-putovni-vikendovky-2016-od-bary-vachove\/2016\/06\/P5221633-150x150.jpg\" width=\"150\" height=\"150\" alt=\"OLYMPUS DIGITAL CAMERA\" \/><\/a>\r\n<\/dt><dd class=\"gallery-caption\" id=\"caption26688\"><span class=\"imagecaption\">OLYMPUS DIGITAL CAMERA<\/span><br \/>\n<\/dd><\/dl><dl class=\"gallery-item\">\n<dt class=\"gallery-icon\">\r\n<a href=\"https:\/\/www.rozrazil.cz\/wp-content\/uploads\/fotky-z-posazavske-putovni-vikendovky-2016-od-bary-vachove\/2016\/06\/P5221634-1024x768.jpg\" title=\"OLYMPUS DIGITAL CAMERA\" rel=\"gallery1\"><img loading=\"lazy\" decoding=\"async\" src=\"https:\/\/www.rozrazil.cz\/wp-content\/uploads\/fotky-z-posazavske-putovni-vikendovky-2016-od-bary-vachove\/2016\/06\/P5221634-150x150.jpg\" width=\"150\" height=\"150\" alt=\"OLYMPUS DIGITAL CAMERA\" \/><\/a>\r\n<\/dt><dd class=\"gallery-caption\" id=\"caption26689\"><span class=\"imagecaption\">OLYMPUS DIGITAL CAMERA<\/span><br \/>\n<\/dd><\/dl><br style=\"clear: both\" \/><dl class=\"gallery-item\">\n<dt class=\"gallery-icon\">\r\n<a href=\"https:\/\/www.rozrazil.cz\/wp-content\/uploads\/fotky-z-posazavske-putovni-vikendovky-2016-od-bary-vachove\/2016\/06\/P5221637-768x1024.jpg\" title=\"OLYMPUS DIGITAL CAMERA\" rel=\"gallery1\"><img loading=\"lazy\" decoding=\"async\" src=\"https:\/\/www.rozrazil.cz\/wp-content\/uploads\/fotky-z-posazavske-putovni-vikendovky-2016-od-bary-vachove\/2016\/06\/P5221637-150x150.jpg\" width=\"150\" height=\"150\" alt=\"OLYMPUS DIGITAL CAMERA\" \/><\/a>\r\n<\/dt><dd class=\"gallery-caption\" id=\"caption26690\"><span class=\"imagecaption\">OLYMPUS DIGITAL CAMERA<\/span><br \/>\n<\/dd><\/dl><dl class=\"gallery-item\">\n<dt class=\"gallery-icon\">\r\n<a href=\"https:\/\/www.rozrazil.cz\/wp-content\/uploads\/fotky-z-posazavske-putovni-vikendovky-2016-od-bary-vachove\/2016\/06\/P5221640-1024x768.jpg\" title=\"OLYMPUS DIGITAL CAMERA\" rel=\"gallery1\"><img loading=\"lazy\" decoding=\"async\" src=\"https:\/\/www.rozrazil.cz\/wp-content\/uploads\/fotky-z-posazavske-putovni-vikendovky-2016-od-bary-vachove\/2016\/06\/P5221640-150x150.jpg\" width=\"150\" height=\"150\" alt=\"OLYMPUS DIGITAL CAMERA\" \/><\/a>\r\n<\/dt><dd class=\"gallery-caption\" id=\"caption26691\"><span class=\"imagecaption\">OLYMPUS DIGITAL CAMERA<\/span><br \/>\n<\/dd><\/dl><dl class=\"gallery-item\">\n<dt class=\"gallery-icon\">\r\n<a href=\"https:\/\/www.rozrazil.cz\/wp-content\/uploads\/fotky-z-posazavske-putovni-vikendovky-2016-od-bary-vachove\/2016\/06\/P5221641-1024x857.jpg\" title=\"OLYMPUS DIGITAL CAMERA\" rel=\"gallery1\"><img loading=\"lazy\" decoding=\"async\" src=\"https:\/\/www.rozrazil.cz\/wp-content\/uploads\/fotky-z-posazavske-putovni-vikendovky-2016-od-bary-vachove\/2016\/06\/P5221641-150x150.jpg\" width=\"150\" height=\"150\" alt=\"OLYMPUS DIGITAL CAMERA\" \/><\/a>\r\n<\/dt><dd class=\"gallery-caption\" id=\"caption26692\"><span class=\"imagecaption\">OLYMPUS DIGITAL CAMERA<\/span><br \/>\n<\/dd><\/dl><dl class=\"gallery-item\">\n<dt class=\"gallery-icon\">\r\n<a href=\"https:\/\/www.rozrazil.cz\/wp-content\/uploads\/fotky-z-posazavske-putovni-vikendovky-2016-od-bary-vachove\/2016\/06\/P5221643-1024x768.jpg\" title=\"OLYMPUS DIGITAL CAMERA\" rel=\"gallery1\"><img loading=\"lazy\" decoding=\"async\" src=\"https:\/\/www.rozrazil.cz\/wp-content\/uploads\/fotky-z-posazavske-putovni-vikendovky-2016-od-bary-vachove\/2016\/06\/P5221643-150x150.jpg\" width=\"150\" height=\"150\" alt=\"OLYMPUS DIGITAL CAMERA\" \/><\/a>\r\n<\/dt><dd class=\"gallery-caption\" id=\"caption26693\"><span class=\"imagecaption\">OLYMPUS DIGITAL CAMERA<\/span><br \/>\n<\/dd><\/dl><br style=\"clear: both\" \/><dl class=\"gallery-item\">\n<dt class=\"gallery-icon\">\r\n<a href=\"https:\/\/www.rozrazil.cz\/wp-content\/uploads\/fotky-z-posazavske-putovni-vikendovky-2016-od-bary-vachove\/2016\/06\/P5221644-1024x768.jpg\" title=\"OLYMPUS DIGITAL CAMERA\" rel=\"gallery1\"><img loading=\"lazy\" decoding=\"async\" src=\"https:\/\/www.rozrazil.cz\/wp-content\/uploads\/fotky-z-posazavske-putovni-vikendovky-2016-od-bary-vachove\/2016\/06\/P5221644-150x150.jpg\" width=\"150\" height=\"150\" alt=\"OLYMPUS DIGITAL CAMERA\" \/><\/a>\r\n<\/dt><dd class=\"gallery-caption\" id=\"caption26694\"><span class=\"imagecaption\">OLYMPUS DIGITAL CAMERA<\/span><br \/>\n<\/dd><\/dl><dl class=\"gallery-item\">\n<dt class=\"gallery-icon\">\r\n<a href=\"https:\/\/www.rozrazil.cz\/wp-content\/uploads\/fotky-z-posazavske-putovni-vikendovky-2016-od-bary-vachove\/2016\/06\/P5221645-1024x768.jpg\" title=\"OLYMPUS DIGITAL CAMERA\" rel=\"gallery1\"><img loading=\"lazy\" decoding=\"async\" src=\"https:\/\/www.rozrazil.cz\/wp-content\/uploads\/fotky-z-posazavske-putovni-vikendovky-2016-od-bary-vachove\/2016\/06\/P5221645-150x150.jpg\" width=\"150\" height=\"150\" alt=\"OLYMPUS DIGITAL CAMERA\" \/><\/a>\r\n<\/dt><dd class=\"gallery-caption\" id=\"caption26695\"><span class=\"imagecaption\">OLYMPUS DIGITAL CAMERA<\/span><br \/>\n<\/dd><\/dl><dl class=\"gallery-item\">\n<dt class=\"gallery-icon\">\r\n<a href=\"https:\/\/www.rozrazil.cz\/wp-content\/uploads\/fotky-z-posazavske-putovni-vikendovky-2016-od-bary-vachove\/2016\/06\/P5221646-768x1024.jpg\" title=\"OLYMPUS DIGITAL CAMERA\" rel=\"gallery1\"><img loading=\"lazy\" decoding=\"async\" src=\"https:\/\/www.rozrazil.cz\/wp-content\/uploads\/fotky-z-posazavske-putovni-vikendovky-2016-od-bary-vachove\/2016\/06\/P5221646-150x150.jpg\" width=\"150\" height=\"150\" alt=\"OLYMPUS DIGITAL CAMERA\" \/><\/a>\r\n<\/dt><dd class=\"gallery-caption\" id=\"caption26696\"><span class=\"imagecaption\">OLYMPUS DIGITAL CAMERA<\/span><br \/>\n<\/dd><\/dl><dl class=\"gallery-item\">\n<dt class=\"gallery-icon\">\r\n<a href=\"https:\/\/www.rozrazil.cz\/wp-content\/uploads\/fotky-z-posazavske-putovni-vikendovky-2016-od-bary-vachove\/2016\/06\/P5221647-1024x768.jpg\" title=\"OLYMPUS DIGITAL CAMERA\" rel=\"gallery1\"><img loading=\"lazy\" decoding=\"async\" src=\"https:\/\/www.rozrazil.cz\/wp-content\/uploads\/fotky-z-posazavske-putovni-vikendovky-2016-od-bary-vachove\/2016\/06\/P5221647-150x150.jpg\" width=\"150\" height=\"150\" alt=\"OLYMPUS DIGITAL CAMERA\" \/><\/a>\r\n<\/dt><dd class=\"gallery-caption\" id=\"caption26697\"><span class=\"imagecaption\">OLYMPUS DIGITAL CAMERA<\/span><br \/>\n<\/dd><\/dl><br style=\"clear: both\" \/><dl class=\"gallery-item\">\n<dt class=\"gallery-icon\">\r\n<a href=\"https:\/\/www.rozrazil.cz\/wp-content\/uploads\/fotky-z-posazavske-putovni-vikendovky-2016-od-bary-vachove\/2016\/06\/P5221652-1024x768.jpg\" title=\"OLYMPUS DIGITAL CAMERA\" rel=\"gallery1\"><img loading=\"lazy\" decoding=\"async\" src=\"https:\/\/www.rozrazil.cz\/wp-content\/uploads\/fotky-z-posazavske-putovni-vikendovky-2016-od-bary-vachove\/2016\/06\/P5221652-150x150.jpg\" width=\"150\" height=\"150\" alt=\"OLYMPUS DIGITAL CAMERA\" \/><\/a>\r\n<\/dt><dd class=\"gallery-caption\" id=\"caption26698\"><span class=\"imagecaption\">OLYMPUS DIGITAL CAMERA<\/span><br \/>\n<\/dd><\/dl>\r\n\t\t\t<br style='clear: both' \/>\r\n\t\t<\/div>\n\n","protected":false},"excerpt":{"rendered":"","protected":false},"author":6,"featured_media":0,"parent":26506,"menu_order":0,"comment_status":"open","ping_status":"open","template":"","meta":{"_bbp_topic_count":0,"_bbp_reply_count":0,"_bbp_total_topic_count":0,"_bbp_total_reply_count":0,"_bbp_voice_count":0,"_bbp_anonymous_reply_count":0,"_bbp_topic_count_hidden":0,"_bbp_reply_count_hidden":0,"_bbp_forum_subforum_count":0,"footnotes":""},"_links":{"self":[{"href":"https:\/\/www.rozrazil.cz\/index.php?rest_route=\/wp\/v2\/pages\/26665"}],"collection":[{"href":"https:\/\/www.rozrazil.cz\/index.php?rest_route=\/wp\/v2\/pages"}],"about":[{"href":"https:\/\/www.rozrazil.cz\/index.php?rest_route=\/wp\/v2\/types\/page"}],"author":[{"embeddable":true,"href":"https:\/\/www.rozrazil.cz\/index.php?rest_route=\/wp\/v2\/users\/6"}],"replies":[{"embeddable":true,"href":"https:\/\/www.rozrazil.cz\/index.php?rest_route=%2Fwp%2Fv2%2Fcomments&post=26665"}],"version-history":[{"count":1,"href":"https:\/\/www.rozrazil.cz\/index.php?rest_route=\/wp\/v2\/pages\/26665\/revisions"}],"predecessor-version":[{"id":26699,"href":"https:\/\/www.rozrazil.cz\/index.php?rest_route=\/wp\/v2\/pages\/26665\/revisions\/26699"}],"up":[{"embeddable":true,"href":"https:\/\/www.rozrazil.cz\/index.php?rest_route=\/wp\/v2\/pages\/26506"}],"wp:attachment":[{"href":"https:\/\/www.rozrazil.cz\/index.php?rest_route=%2Fwp%2Fv2%2Fmedia&parent=26665"}],"curies":[{"name":"wp","href":"https:\/\/api.w.org\/{rel}","templated":true}]}}