{"id":25213,"date":"2015-03-27T11:25:17","date_gmt":"2015-03-27T11:25:17","guid":{"rendered":"http:\/\/www.rozrazil.cz\/?page_id=25213"},"modified":"2015-03-27T17:12:29","modified_gmt":"2015-03-27T17:12:29","slug":"fotky-z-akci-2015","status":"publish","type":"page","link":"https:\/\/www.rozrazil.cz\/?page_id=25213","title":{"rendered":"Fotky z akc\u00ed 2015"},"content":{"rendered":"<div class=\"child_pages child_pages-thumbnail\">\n<div id=\"child_page-25618\" class=\"child_page\" style=\"width:100%;max-width:100%;\"><div class=\"child_page-container\"><div class=\"post_thumb\"><a href=\"https:\/\/www.rozrazil.cz\/?page_id=25618\"><\/a><\/div><div class=\"post_content\"><h4><a href=\"https:\/\/www.rozrazil.cz\/?page_id=25618\">Fotky z Pu\u0165\u00e1ku 2015 od B\u00e1ry V\u00e1chov\u00e9<\/a><\/h4><div class=\"post_excerpt\"><\/div><\/div><!-- .post_content  --><\/div><!-- .child_page-container --><\/div><!-- #child_page-25618\" -->\n\n<div id=\"child_page-26130\" class=\"child_page\" style=\"width:100%;max-width:100%;\"><div class=\"child_page-container\"><div class=\"post_thumb\"><a href=\"https:\/\/www.rozrazil.cz\/?page_id=26130\"><\/a><\/div><div class=\"post_content\"><h4><a href=\"https:\/\/www.rozrazil.cz\/?page_id=26130\">Fotky z P\u0159ibyslavi (pot\u00e1borovky) 2015 od Terky Lubovsk\u00e9<\/a><\/h4><div class=\"post_excerpt\"><\/div><\/div><!-- .post_content  --><\/div><!-- .child_page-container --><\/div><!-- #child_page-26130\" -->\n\n<div id=\"child_page-25381\" class=\"child_page\" style=\"width:100%;max-width:100%;\"><div class=\"child_page-container\"><div class=\"post_thumb\"><a href=\"https:\/\/www.rozrazil.cz\/?page_id=25381\"><\/a><\/div><div class=\"post_content\"><h4><a href=\"https:\/\/www.rozrazil.cz\/?page_id=25381\">Fotky z v\u00edkendovky v Sedmihork\u00e1ch 2015 od Terky Lubovsk\u00e9<\/a><\/h4><div class=\"post_excerpt\"><\/div><\/div><!-- .post_content  --><\/div><!-- .child_page-container --><\/div><!-- #child_page-25381\" -->\n\n<div id=\"child_page-26161\" class=\"child_page\" style=\"width:100%;max-width:100%;\"><div class=\"child_page-container\"><div class=\"post_thumb\"><a href=\"https:\/\/www.rozrazil.cz\/?page_id=26161\"><\/a><\/div><div class=\"post_content\"><h4><a href=\"https:\/\/www.rozrazil.cz\/?page_id=26161\">Fotky z P\u0159ibyslavi (pot\u00e1borovky) 2015 od B\u00e1ry V\u00e1chov\u00e9<\/a><\/h4><div class=\"post_excerpt\"><\/div><\/div><!-- .post_content  --><\/div><!-- .child_page-container --><\/div><!-- #child_page-26161\" -->\n\n<div id=\"child_page-25425\" class=\"child_page\" style=\"width:100%;max-width:100%;\"><div class=\"child_page-container\"><div class=\"post_thumb\"><a href=\"https:\/\/www.rozrazil.cz\/?page_id=25425\"><\/a><\/div><div class=\"post_content\"><h4><a href=\"https:\/\/www.rozrazil.cz\/?page_id=25425\">Fotky z Pu\u0165\u00e1ku 2015 od Terky Lubovsk\u00e9<\/a><\/h4><div class=\"post_excerpt\"><\/div><\/div><!-- .post_content  --><\/div><!-- .child_page-container --><\/div><!-- #child_page-25425\" -->\n\n<div id=\"child_page-25455\" class=\"child_page\" style=\"width:100%;max-width:100%;\"><div class=\"child_page-container\"><div class=\"post_thumb\"><a href=\"https:\/\/www.rozrazil.cz\/?page_id=25455\"><\/a><\/div><div class=\"post_content\"><h4><a href=\"https:\/\/www.rozrazil.cz\/?page_id=25455\">Fotky z Pu\u0165\u00e1ku 2015 od Ji\u0159\u00edho Renzy<\/a><\/h4><div class=\"post_excerpt\"><\/div><\/div><!-- .post_content  --><\/div><!-- .child_page-container --><\/div><!-- #child_page-25455\" -->\n\n<div id=\"child_page-25200\" class=\"child_page\" style=\"width:100%;max-width:100%;\"><div class=\"child_page-container\"><div class=\"post_thumb\"><a href=\"https:\/\/www.rozrazil.cz\/?page_id=25200\"><\/a><\/div><div class=\"post_content\"><h4><a href=\"https:\/\/www.rozrazil.cz\/?page_id=25200\">Fotky z b\u0159eznov\u00e9ho v\u00fdletu do zoo 2015 od B\u00e1ry Hudcov\u00e9<\/a><\/h4><div class=\"post_excerpt\"><\/div><\/div><!-- .post_content  --><\/div><!-- .child_page-container --><\/div><!-- #child_page-25200\" -->\n\n<div id=\"child_page-26254\" class=\"child_page\" style=\"width:100%;max-width:100%;\"><div class=\"child_page-container\"><div class=\"post_thumb\"><a href=\"https:\/\/www.rozrazil.cz\/?page_id=26254\"><\/a><\/div><div class=\"post_content\"><h4><a href=\"https:\/\/www.rozrazil.cz\/?page_id=26254\">Fotky z P\u0159ibyslavi (pot\u00e1borovky) 2015 od Mark\u00e9ty Petrov\u00e9<\/a><\/h4><div class=\"post_excerpt\"><\/div><\/div><!-- .post_content  --><\/div><!-- .child_page-container --><\/div><!-- #child_page-26254\" -->\n\n<div id=\"child_page-26516\" class=\"child_page\" style=\"width:100%;max-width:100%;\"><div class=\"child_page-container\"><div class=\"post_thumb\"><a href=\"https:\/\/www.rozrazil.cz\/?page_id=26516\"><\/a><\/div><div class=\"post_content\"><h4><a href=\"https:\/\/www.rozrazil.cz\/?page_id=26516\">Fotky z v\u00e1no\u010dn\u00ed v\u00edkendovky ve Vokovic\u00edch 2015 od Mark\u00e9ty Brychtov\u00e9<\/a><\/h4><div class=\"post_excerpt\"><\/div><\/div><!-- .post_content  --><\/div><!-- .child_page-container --><\/div><!-- #child_page-26516\" -->\n\n<div id=\"child_page-25502\" class=\"child_page\" style=\"width:100%;max-width:100%;\"><div class=\"child_page-container\"><div class=\"post_thumb\"><a href=\"https:\/\/www.rozrazil.cz\/?page_id=25502\"><\/a><\/div><div class=\"post_content\"><h4><a href=\"https:\/\/www.rozrazil.cz\/?page_id=25502\">Fotky z Pu\u0165\u00e1ku 2015 od Pavla Du\u0161ka<\/a><\/h4><div class=\"post_excerpt\"><\/div><\/div><!-- .post_content  --><\/div><!-- .child_page-container --><\/div><!-- #child_page-25502\" -->\n\n<div id=\"child_page-25787\" class=\"child_page\" style=\"width:100%;max-width:100%;\"><div class=\"child_page-container\"><div class=\"post_thumb\"><a href=\"https:\/\/www.rozrazil.cz\/?page_id=25787\"><\/a><\/div><div class=\"post_content\"><h4><a href=\"https:\/\/www.rozrazil.cz\/?page_id=25787\">Fotky z Pu\u0165\u00e1ku 2015 od Mark\u00e9ty Brychtov\u00e9<\/a><\/h4><div class=\"post_excerpt\">&nbsp; &nbsp;<\/div><\/div><!-- .post_content  --><\/div><!-- .child_page-container --><\/div><!-- #child_page-25787\" -->\n\n<div id=\"child_page-25316\" class=\"child_page\" style=\"width:100%;max-width:100%;\"><div class=\"child_page-container\"><div class=\"post_thumb\"><a href=\"https:\/\/www.rozrazil.cz\/?page_id=25316\"><\/a><\/div><div class=\"post_content\"><h4><a href=\"https:\/\/www.rozrazil.cz\/?page_id=25316\">Fotky ze sondy 2015 od B\u00e1ry V\u00e1chov\u00e9<\/a><\/h4><div class=\"post_excerpt\">&nbsp;<\/div><\/div><!-- .post_content  --><\/div><!-- .child_page-container --><\/div><!-- #child_page-25316\" -->\n\n<div id=\"child_page-26340\" class=\"child_page\" style=\"width:100%;max-width:100%;\"><div class=\"child_page-container\"><div class=\"post_thumb\"><a href=\"https:\/\/www.rozrazil.cz\/?page_id=26340\"><\/a><\/div><div class=\"post_content\"><h4><a href=\"https:\/\/www.rozrazil.cz\/?page_id=26340\">Fotky z v\u00e1no\u010dn\u00ed v\u00edkendovky ve Vokovic\u00edch 2015 od Terky Lubovsk\u00e9<\/a><\/h4><div class=\"post_excerpt\">&nbsp;<\/div><\/div><!-- .post_content  --><\/div><!-- .child_page-container --><\/div><!-- #child_page-26340\" -->\n\n<div id=\"child_page-26366\" class=\"child_page\" style=\"width:100%;max-width:100%;\"><div class=\"child_page-container\"><div class=\"post_thumb\"><a href=\"https:\/\/www.rozrazil.cz\/?page_id=26366\"><\/a><\/div><div class=\"post_content\"><h4><a href=\"https:\/\/www.rozrazil.cz\/?page_id=26366\">Fotky z v\u00e1no\u010dn\u00ed v\u00edkendovky ve Vokovic\u00edch 2015 od B\u00e1ry V\u00e1chov\u00e9<\/a><\/h4><div class=\"post_excerpt\"><\/div><\/div><!-- .post_content  --><\/div><!-- .child_page-container --><\/div><!-- #child_page-26366\" -->\n<\/div>\n","protected":false},"excerpt":{"rendered":"","protected":false},"author":1,"featured_media":0,"parent":1357,"menu_order":0,"comment_status":"open","ping_status":"open","template":"","meta":{"_bbp_topic_count":0,"_bbp_reply_count":0,"_bbp_total_topic_count":0,"_bbp_total_reply_count":0,"_bbp_voice_count":0,"_bbp_anonymous_reply_count":0,"_bbp_topic_count_hidden":0,"_bbp_reply_count_hidden":0,"_bbp_forum_subforum_count":0,"footnotes":""},"_links":{"self":[{"href":"https:\/\/www.rozrazil.cz\/index.php?rest_route=\/wp\/v2\/pages\/25213"}],"collection":[{"href":"https:\/\/www.rozrazil.cz\/index.php?rest_route=\/wp\/v2\/pages"}],"about":[{"href":"https:\/\/www.rozrazil.cz\/index.php?rest_route=\/wp\/v2\/types\/page"}],"author":[{"embeddable":true,"href":"https:\/\/www.rozrazil.cz\/index.php?rest_route=\/wp\/v2\/users\/1"}],"replies":[{"embeddable":true,"href":"https:\/\/www.rozrazil.cz\/index.php?rest_route=%2Fwp%2Fv2%2Fcomments&post=25213"}],"version-history":[{"count":2,"href":"https:\/\/www.rozrazil.cz\/index.php?rest_route=\/wp\/v2\/pages\/25213\/revisions"}],"predecessor-version":[{"id":25216,"href":"https:\/\/www.rozrazil.cz\/index.php?rest_route=\/wp\/v2\/pages\/25213\/revisions\/25216"}],"up":[{"embeddable":true,"href":"https:\/\/www.rozrazil.cz\/index.php?rest_route=\/wp\/v2\/pages\/1357"}],"wp:attachment":[{"href":"https:\/\/www.rozrazil.cz\/index.php?rest_route=%2Fwp%2Fv2%2Fmedia&parent=25213"}],"curies":[{"name":"wp","href":"https:\/\/api.w.org\/{rel}","templated":true}]}}