{"id":24977,"date":"2014-12-18T16:50:03","date_gmt":"2014-12-18T16:50:03","guid":{"rendered":"http:\/\/www.rozrazil.cz\/?page_id=24977"},"modified":"2014-12-18T16:50:03","modified_gmt":"2014-12-18T16:50:03","slug":"fotky-z-vikendovky-pro-pomocniky-na-blazkovci-2014-od-bary-vachove","status":"publish","type":"page","link":"https:\/\/www.rozrazil.cz\/?page_id=24977","title":{"rendered":"Fotky z v\u00edkendovky pro pomocn\u00edky na Bla\u017ekovci 2014 od B\u00e1ry V\u00e1chov\u00e9"},"content":{"rendered":"\r\n\t\t<style type='text\/css'>\r\n\t\t\t#gallery-1 {\r\n\t\t\t\tmargin: auto;\r\n\t\t\t}\r\n\t\t\t#gallery-1 .gallery-item {\r\n\t\t\t\tfloat: left;\r\n\t\t\t\tmargin-top: 10px;\r\n\t\t\t\ttext-align: center;\r\n\t\t\t\twidth: 25%;\r\n\t\t\t}\r\n\t\t\t#gallery-1 img {\r\n\t\t\t\tborder: 2px solid #cfcfcf;\r\n\t\t\t}\r\n\t\t\t#gallery-1 .gallery-caption {\r\n\t\t\t\tmargin-left: 0;\r\n\t\t\t}\r\n\t\t<\/style>\r\n\t\t<!-- see gallery_shortcode() in wp-includes\/media.php -->\n\t\t<div id='gallery-1' class='gallery galleryid-24977 gallery-columns-4 gallery-size-thumbnail gallery1'><script type=\"text\/javascript\">\r\n\/\/ <![CDATA[\r\n\tjQuery(document).ready(function () {\r\n\t\tjQuery(\".gallery1 a\").attr(\"rel\",\"gallery1\");\t\r\n\t\tjQuery('a[rel=\"gallery1\"]').colorbox({maxWidth:\"95%\", maxHeight:\"95%\",title: function(){ return jQuery(this).children().attr(\"alt\"); }, });\r\n\t});\r\n\/\/ ]]>\r\n<\/script>\n<dl class=\"gallery-item\">\n<dt class=\"gallery-icon\">\r\n<a href=\"https:\/\/www.rozrazil.cz\/wp-content\/uploads\/fotky-z-vikendovky-2014-od-bary-vachove\/2014\/12\/PB291875-768x1024.jpg\" title=\"\" rel=\"gallery1\"><img loading=\"lazy\" decoding=\"async\" src=\"https:\/\/www.rozrazil.cz\/wp-content\/uploads\/fotky-z-vikendovky-2014-od-bary-vachove\/2014\/12\/PB291875-150x150.jpg\" width=\"150\" height=\"150\" alt=\"\" \/><\/a>\r\n<\/dt><\/dl><dl class=\"gallery-item\">\n<dt class=\"gallery-icon\">\r\n<a href=\"https:\/\/www.rozrazil.cz\/wp-content\/uploads\/fotky-z-vikendovky-2014-od-bary-vachove\/2014\/12\/PB291879-1024x768.jpg\" title=\"\" rel=\"gallery1\"><img loading=\"lazy\" decoding=\"async\" src=\"https:\/\/www.rozrazil.cz\/wp-content\/uploads\/fotky-z-vikendovky-2014-od-bary-vachove\/2014\/12\/PB291879-150x150.jpg\" width=\"150\" height=\"150\" alt=\"\" \/><\/a>\r\n<\/dt><\/dl><dl class=\"gallery-item\">\n<dt class=\"gallery-icon\">\r\n<a href=\"https:\/\/www.rozrazil.cz\/wp-content\/uploads\/fotky-z-vikendovky-2014-od-bary-vachove\/2014\/12\/PB291881-1024x768.jpg\" title=\"\" rel=\"gallery1\"><img loading=\"lazy\" decoding=\"async\" src=\"https:\/\/www.rozrazil.cz\/wp-content\/uploads\/fotky-z-vikendovky-2014-od-bary-vachove\/2014\/12\/PB291881-150x150.jpg\" width=\"150\" height=\"150\" alt=\"\" \/><\/a>\r\n<\/dt><\/dl><dl class=\"gallery-item\">\n<dt class=\"gallery-icon\">\r\n<a href=\"https:\/\/www.rozrazil.cz\/wp-content\/uploads\/fotky-z-vikendovky-2014-od-bary-vachove\/2014\/12\/PB291887-1024x768.jpg\" title=\"\" rel=\"gallery1\"><img loading=\"lazy\" decoding=\"async\" src=\"https:\/\/www.rozrazil.cz\/wp-content\/uploads\/fotky-z-vikendovky-2014-od-bary-vachove\/2014\/12\/PB291887-150x150.jpg\" width=\"150\" height=\"150\" alt=\"\" \/><\/a>\r\n<\/dt><\/dl><br style=\"clear: both\" \/><dl class=\"gallery-item\">\n<dt class=\"gallery-icon\">\r\n<a href=\"https:\/\/www.rozrazil.cz\/wp-content\/uploads\/fotky-z-vikendovky-2014-od-bary-vachove\/2014\/12\/PB291893-768x1024.jpg\" title=\"\" rel=\"gallery1\"><img loading=\"lazy\" decoding=\"async\" src=\"https:\/\/www.rozrazil.cz\/wp-content\/uploads\/fotky-z-vikendovky-2014-od-bary-vachove\/2014\/12\/PB291893-150x150.jpg\" width=\"150\" height=\"150\" alt=\"\" \/><\/a>\r\n<\/dt><\/dl><dl class=\"gallery-item\">\n<dt class=\"gallery-icon\">\r\n<a href=\"https:\/\/www.rozrazil.cz\/wp-content\/uploads\/fotky-z-vikendovky-2014-od-bary-vachove\/2014\/12\/PB291888-768x1024.jpg\" title=\"\" rel=\"gallery1\"><img loading=\"lazy\" decoding=\"async\" src=\"https:\/\/www.rozrazil.cz\/wp-content\/uploads\/fotky-z-vikendovky-2014-od-bary-vachove\/2014\/12\/PB291888-150x150.jpg\" width=\"150\" height=\"150\" alt=\"\" \/><\/a>\r\n<\/dt><\/dl><dl class=\"gallery-item\">\n<dt class=\"gallery-icon\">\r\n<a href=\"https:\/\/www.rozrazil.cz\/wp-content\/uploads\/fotky-z-vikendovky-2014-od-bary-vachove\/2014\/12\/PB291897-1024x768.jpg\" title=\"\" rel=\"gallery1\"><img loading=\"lazy\" decoding=\"async\" src=\"https:\/\/www.rozrazil.cz\/wp-content\/uploads\/fotky-z-vikendovky-2014-od-bary-vachove\/2014\/12\/PB291897-150x150.jpg\" width=\"150\" height=\"150\" alt=\"\" \/><\/a>\r\n<\/dt><\/dl><dl class=\"gallery-item\">\n<dt class=\"gallery-icon\">\r\n<a href=\"https:\/\/www.rozrazil.cz\/wp-content\/uploads\/fotky-z-vikendovky-2014-od-bary-vachove\/2014\/12\/PB291900-768x1024.jpg\" title=\"\" rel=\"gallery1\"><img loading=\"lazy\" decoding=\"async\" src=\"https:\/\/www.rozrazil.cz\/wp-content\/uploads\/fotky-z-vikendovky-2014-od-bary-vachove\/2014\/12\/PB291900-150x150.jpg\" width=\"150\" height=\"150\" alt=\"\" \/><\/a>\r\n<\/dt><\/dl><br style=\"clear: both\" \/><dl class=\"gallery-item\">\n<dt class=\"gallery-icon\">\r\n<a href=\"https:\/\/www.rozrazil.cz\/wp-content\/uploads\/fotky-z-vikendovky-2014-od-bary-vachove\/2014\/12\/PB291901-768x1024.jpg\" title=\"\" rel=\"gallery1\"><img loading=\"lazy\" decoding=\"async\" src=\"https:\/\/www.rozrazil.cz\/wp-content\/uploads\/fotky-z-vikendovky-2014-od-bary-vachove\/2014\/12\/PB291901-150x150.jpg\" width=\"150\" height=\"150\" alt=\"\" \/><\/a>\r\n<\/dt><\/dl><dl class=\"gallery-item\">\n<dt class=\"gallery-icon\">\r\n<a href=\"https:\/\/www.rozrazil.cz\/wp-content\/uploads\/fotky-z-vikendovky-2014-od-bary-vachove\/2014\/12\/PB291903-768x1024.jpg\" title=\"\" rel=\"gallery1\"><img loading=\"lazy\" decoding=\"async\" src=\"https:\/\/www.rozrazil.cz\/wp-content\/uploads\/fotky-z-vikendovky-2014-od-bary-vachove\/2014\/12\/PB291903-150x150.jpg\" width=\"150\" height=\"150\" alt=\"\" \/><\/a>\r\n<\/dt><\/dl><dl class=\"gallery-item\">\n<dt class=\"gallery-icon\">\r\n<a href=\"https:\/\/www.rozrazil.cz\/wp-content\/uploads\/fotky-z-vikendovky-2014-od-bary-vachove\/2014\/12\/PB291912-922x1024.jpg\" title=\"\" rel=\"gallery1\"><img loading=\"lazy\" decoding=\"async\" src=\"https:\/\/www.rozrazil.cz\/wp-content\/uploads\/fotky-z-vikendovky-2014-od-bary-vachove\/2014\/12\/PB291912-150x150.jpg\" width=\"150\" height=\"150\" alt=\"\" \/><\/a>\r\n<\/dt><\/dl><dl class=\"gallery-item\">\n<dt class=\"gallery-icon\">\r\n<a href=\"https:\/\/www.rozrazil.cz\/wp-content\/uploads\/fotky-z-vikendovky-2014-od-bary-vachove\/2014\/12\/PB291907-768x1024.jpg\" title=\"\" rel=\"gallery1\"><img loading=\"lazy\" decoding=\"async\" src=\"https:\/\/www.rozrazil.cz\/wp-content\/uploads\/fotky-z-vikendovky-2014-od-bary-vachove\/2014\/12\/PB291907-150x150.jpg\" width=\"150\" height=\"150\" alt=\"\" \/><\/a>\r\n<\/dt><\/dl><br style=\"clear: both\" \/><dl class=\"gallery-item\">\n<dt class=\"gallery-icon\">\r\n<a href=\"https:\/\/www.rozrazil.cz\/wp-content\/uploads\/fotky-z-vikendovky-2014-od-bary-vachove\/2014\/12\/PB291905-1024x768.jpg\" title=\"\" rel=\"gallery1\"><img loading=\"lazy\" decoding=\"async\" src=\"https:\/\/www.rozrazil.cz\/wp-content\/uploads\/fotky-z-vikendovky-2014-od-bary-vachove\/2014\/12\/PB291905-150x150.jpg\" width=\"150\" height=\"150\" alt=\"\" \/><\/a>\r\n<\/dt><\/dl><dl class=\"gallery-item\">\n<dt class=\"gallery-icon\">\r\n<a href=\"https:\/\/www.rozrazil.cz\/wp-content\/uploads\/fotky-z-vikendovky-2014-od-bary-vachove\/2014\/12\/PB291904-1024x768.jpg\" title=\"\" rel=\"gallery1\"><img loading=\"lazy\" decoding=\"async\" src=\"https:\/\/www.rozrazil.cz\/wp-content\/uploads\/fotky-z-vikendovky-2014-od-bary-vachove\/2014\/12\/PB291904-150x150.jpg\" width=\"150\" height=\"150\" alt=\"\" \/><\/a>\r\n<\/dt><\/dl><dl class=\"gallery-item\">\n<dt class=\"gallery-icon\">\r\n<a href=\"https:\/\/www.rozrazil.cz\/wp-content\/uploads\/fotky-z-vikendovky-2014-od-bary-vachove\/2014\/12\/PB291919-768x1024.jpg\" title=\"\" rel=\"gallery1\"><img loading=\"lazy\" decoding=\"async\" src=\"https:\/\/www.rozrazil.cz\/wp-content\/uploads\/fotky-z-vikendovky-2014-od-bary-vachove\/2014\/12\/PB291919-150x150.jpg\" width=\"150\" height=\"150\" alt=\"\" \/><\/a>\r\n<\/dt><\/dl><dl class=\"gallery-item\">\n<dt class=\"gallery-icon\">\r\n<a href=\"https:\/\/www.rozrazil.cz\/wp-content\/uploads\/fotky-z-vikendovky-2014-od-bary-vachove\/2014\/12\/PB291917-768x1024.jpg\" title=\"\" rel=\"gallery1\"><img loading=\"lazy\" decoding=\"async\" src=\"https:\/\/www.rozrazil.cz\/wp-content\/uploads\/fotky-z-vikendovky-2014-od-bary-vachove\/2014\/12\/PB291917-150x150.jpg\" width=\"150\" height=\"150\" alt=\"\" \/><\/a>\r\n<\/dt><\/dl><br style=\"clear: both\" \/><dl class=\"gallery-item\">\n<dt class=\"gallery-icon\">\r\n<a href=\"https:\/\/www.rozrazil.cz\/wp-content\/uploads\/fotky-z-vikendovky-2014-od-bary-vachove\/2014\/12\/PB291916-737x1024.jpg\" title=\"\" rel=\"gallery1\"><img loading=\"lazy\" decoding=\"async\" src=\"https:\/\/www.rozrazil.cz\/wp-content\/uploads\/fotky-z-vikendovky-2014-od-bary-vachove\/2014\/12\/PB291916-150x150.jpg\" width=\"150\" height=\"150\" alt=\"\" \/><\/a>\r\n<\/dt><\/dl><dl class=\"gallery-item\">\n<dt class=\"gallery-icon\">\r\n<a href=\"https:\/\/www.rozrazil.cz\/wp-content\/uploads\/fotky-z-vikendovky-2014-od-bary-vachove\/2014\/12\/PB291914-787x1024.jpg\" title=\"\" rel=\"gallery1\"><img loading=\"lazy\" decoding=\"async\" src=\"https:\/\/www.rozrazil.cz\/wp-content\/uploads\/fotky-z-vikendovky-2014-od-bary-vachove\/2014\/12\/PB291914-150x150.jpg\" width=\"150\" height=\"150\" alt=\"\" \/><\/a>\r\n<\/dt><\/dl><dl class=\"gallery-item\">\n<dt class=\"gallery-icon\">\r\n<a href=\"https:\/\/www.rozrazil.cz\/wp-content\/uploads\/fotky-z-vikendovky-2014-od-bary-vachove\/2014\/12\/PB291933-768x1024.jpg\" title=\"\" rel=\"gallery1\"><img loading=\"lazy\" decoding=\"async\" src=\"https:\/\/www.rozrazil.cz\/wp-content\/uploads\/fotky-z-vikendovky-2014-od-bary-vachove\/2014\/12\/PB291933-150x150.jpg\" width=\"150\" height=\"150\" alt=\"\" \/><\/a>\r\n<\/dt><\/dl><dl class=\"gallery-item\">\n<dt class=\"gallery-icon\">\r\n<a href=\"https:\/\/www.rozrazil.cz\/wp-content\/uploads\/fotky-z-vikendovky-2014-od-bary-vachove\/2014\/12\/PB291930-1024x768.jpg\" title=\"\" rel=\"gallery1\"><img loading=\"lazy\" decoding=\"async\" src=\"https:\/\/www.rozrazil.cz\/wp-content\/uploads\/fotky-z-vikendovky-2014-od-bary-vachove\/2014\/12\/PB291930-150x150.jpg\" width=\"150\" height=\"150\" alt=\"\" \/><\/a>\r\n<\/dt><\/dl><br style=\"clear: both\" \/><dl class=\"gallery-item\">\n<dt class=\"gallery-icon\">\r\n<a href=\"https:\/\/www.rozrazil.cz\/wp-content\/uploads\/fotky-z-vikendovky-2014-od-bary-vachove\/2014\/12\/PB291927-768x1024.jpg\" title=\"\" rel=\"gallery1\"><img loading=\"lazy\" decoding=\"async\" src=\"https:\/\/www.rozrazil.cz\/wp-content\/uploads\/fotky-z-vikendovky-2014-od-bary-vachove\/2014\/12\/PB291927-150x150.jpg\" width=\"150\" height=\"150\" alt=\"\" \/><\/a>\r\n<\/dt><\/dl><dl class=\"gallery-item\">\n<dt class=\"gallery-icon\">\r\n<a href=\"https:\/\/www.rozrazil.cz\/wp-content\/uploads\/fotky-z-vikendovky-2014-od-bary-vachove\/2014\/12\/PB291922-768x1024.jpg\" title=\"\" rel=\"gallery1\"><img loading=\"lazy\" decoding=\"async\" src=\"https:\/\/www.rozrazil.cz\/wp-content\/uploads\/fotky-z-vikendovky-2014-od-bary-vachove\/2014\/12\/PB291922-150x150.jpg\" width=\"150\" height=\"150\" alt=\"\" \/><\/a>\r\n<\/dt><\/dl><dl class=\"gallery-item\">\n<dt class=\"gallery-icon\">\r\n<a href=\"https:\/\/www.rozrazil.cz\/wp-content\/uploads\/fotky-z-vikendovky-2014-od-bary-vachove\/2014\/12\/PB291936-1024x768.jpg\" title=\"\" rel=\"gallery1\"><img loading=\"lazy\" decoding=\"async\" src=\"https:\/\/www.rozrazil.cz\/wp-content\/uploads\/fotky-z-vikendovky-2014-od-bary-vachove\/2014\/12\/PB291936-150x150.jpg\" width=\"150\" height=\"150\" alt=\"\" \/><\/a>\r\n<\/dt><\/dl><dl class=\"gallery-item\">\n<dt class=\"gallery-icon\">\r\n<a href=\"https:\/\/www.rozrazil.cz\/wp-content\/uploads\/fotky-z-vikendovky-2014-od-bary-vachove\/2014\/12\/PB291938-768x1024.jpg\" title=\"\" rel=\"gallery1\"><img loading=\"lazy\" decoding=\"async\" src=\"https:\/\/www.rozrazil.cz\/wp-content\/uploads\/fotky-z-vikendovky-2014-od-bary-vachove\/2014\/12\/PB291938-150x150.jpg\" width=\"150\" height=\"150\" alt=\"\" \/><\/a>\r\n<\/dt><\/dl><br style=\"clear: both\" \/><dl class=\"gallery-item\">\n<dt class=\"gallery-icon\">\r\n<a href=\"https:\/\/www.rozrazil.cz\/wp-content\/uploads\/fotky-z-vikendovky-2014-od-bary-vachove\/2014\/12\/PB291941-768x1024.jpg\" title=\"\" rel=\"gallery1\"><img loading=\"lazy\" decoding=\"async\" src=\"https:\/\/www.rozrazil.cz\/wp-content\/uploads\/fotky-z-vikendovky-2014-od-bary-vachove\/2014\/12\/PB291941-150x150.jpg\" width=\"150\" height=\"150\" alt=\"\" \/><\/a>\r\n<\/dt><\/dl><dl class=\"gallery-item\">\n<dt class=\"gallery-icon\">\r\n<a href=\"https:\/\/www.rozrazil.cz\/wp-content\/uploads\/fotky-z-vikendovky-2014-od-bary-vachove\/2014\/12\/PB291942-768x1024.jpg\" title=\"\" rel=\"gallery1\"><img loading=\"lazy\" decoding=\"async\" src=\"https:\/\/www.rozrazil.cz\/wp-content\/uploads\/fotky-z-vikendovky-2014-od-bary-vachove\/2014\/12\/PB291942-150x150.jpg\" width=\"150\" height=\"150\" alt=\"\" \/><\/a>\r\n<\/dt><\/dl><dl class=\"gallery-item\">\n<dt class=\"gallery-icon\">\r\n<a href=\"https:\/\/www.rozrazil.cz\/wp-content\/uploads\/fotky-z-vikendovky-2014-od-bary-vachove\/2014\/12\/PB291947-1024x768.jpg\" title=\"\" rel=\"gallery1\"><img loading=\"lazy\" decoding=\"async\" src=\"https:\/\/www.rozrazil.cz\/wp-content\/uploads\/fotky-z-vikendovky-2014-od-bary-vachove\/2014\/12\/PB291947-150x150.jpg\" width=\"150\" height=\"150\" alt=\"\" \/><\/a>\r\n<\/dt><\/dl><dl class=\"gallery-item\">\n<dt class=\"gallery-icon\">\r\n<a href=\"https:\/\/www.rozrazil.cz\/wp-content\/uploads\/fotky-z-vikendovky-2014-od-bary-vachove\/2014\/12\/PB291946-768x1024.jpg\" title=\"\" rel=\"gallery1\"><img loading=\"lazy\" decoding=\"async\" src=\"https:\/\/www.rozrazil.cz\/wp-content\/uploads\/fotky-z-vikendovky-2014-od-bary-vachove\/2014\/12\/PB291946-150x150.jpg\" width=\"150\" height=\"150\" alt=\"\" \/><\/a>\r\n<\/dt><\/dl><br style=\"clear: both\" \/><dl class=\"gallery-item\">\n<dt class=\"gallery-icon\">\r\n<a href=\"https:\/\/www.rozrazil.cz\/wp-content\/uploads\/fotky-z-vikendovky-2014-od-bary-vachove\/2014\/12\/PB291944-776x1024.jpg\" title=\"\" rel=\"gallery1\"><img loading=\"lazy\" decoding=\"async\" src=\"https:\/\/www.rozrazil.cz\/wp-content\/uploads\/fotky-z-vikendovky-2014-od-bary-vachove\/2014\/12\/PB291944-150x150.jpg\" width=\"150\" height=\"150\" alt=\"\" \/><\/a>\r\n<\/dt><\/dl><dl class=\"gallery-item\">\n<dt class=\"gallery-icon\">\r\n<a href=\"https:\/\/www.rozrazil.cz\/wp-content\/uploads\/fotky-z-vikendovky-2014-od-bary-vachove\/2014\/12\/PB291943-768x1024.jpg\" title=\"\" rel=\"gallery1\"><img loading=\"lazy\" decoding=\"async\" src=\"https:\/\/www.rozrazil.cz\/wp-content\/uploads\/fotky-z-vikendovky-2014-od-bary-vachove\/2014\/12\/PB291943-150x150.jpg\" width=\"150\" height=\"150\" alt=\"\" \/><\/a>\r\n<\/dt><\/dl><dl class=\"gallery-item\">\n<dt class=\"gallery-icon\">\r\n<a href=\"https:\/\/www.rozrazil.cz\/wp-content\/uploads\/fotky-z-vikendovky-2014-od-bary-vachove\/2014\/12\/PB291950-1024x768.jpg\" title=\"\" rel=\"gallery1\"><img loading=\"lazy\" decoding=\"async\" src=\"https:\/\/www.rozrazil.cz\/wp-content\/uploads\/fotky-z-vikendovky-2014-od-bary-vachove\/2014\/12\/PB291950-150x150.jpg\" width=\"150\" height=\"150\" alt=\"\" \/><\/a>\r\n<\/dt><\/dl><dl class=\"gallery-item\">\n<dt class=\"gallery-icon\">\r\n<a href=\"https:\/\/www.rozrazil.cz\/wp-content\/uploads\/fotky-z-vikendovky-2014-od-bary-vachove\/2014\/12\/PB291951-1024x768.jpg\" title=\"\" rel=\"gallery1\"><img loading=\"lazy\" decoding=\"async\" src=\"https:\/\/www.rozrazil.cz\/wp-content\/uploads\/fotky-z-vikendovky-2014-od-bary-vachove\/2014\/12\/PB291951-150x150.jpg\" width=\"150\" height=\"150\" alt=\"\" \/><\/a>\r\n<\/dt><\/dl><br style=\"clear: both\" \/><dl class=\"gallery-item\">\n<dt class=\"gallery-icon\">\r\n<a href=\"https:\/\/www.rozrazil.cz\/wp-content\/uploads\/fotky-z-vikendovky-2014-od-bary-vachove\/2014\/12\/PB291952-855x1024.jpg\" title=\"\" rel=\"gallery1\"><img loading=\"lazy\" decoding=\"async\" src=\"https:\/\/www.rozrazil.cz\/wp-content\/uploads\/fotky-z-vikendovky-2014-od-bary-vachove\/2014\/12\/PB291952-150x150.jpg\" width=\"150\" height=\"150\" alt=\"\" \/><\/a>\r\n<\/dt><\/dl><dl class=\"gallery-item\">\n<dt class=\"gallery-icon\">\r\n<a href=\"https:\/\/www.rozrazil.cz\/wp-content\/uploads\/fotky-z-vikendovky-2014-od-bary-vachove\/2014\/12\/PB291955-1024x768.jpg\" title=\"\" rel=\"gallery1\"><img loading=\"lazy\" decoding=\"async\" src=\"https:\/\/www.rozrazil.cz\/wp-content\/uploads\/fotky-z-vikendovky-2014-od-bary-vachove\/2014\/12\/PB291955-150x150.jpg\" width=\"150\" height=\"150\" alt=\"\" \/><\/a>\r\n<\/dt><\/dl><dl class=\"gallery-item\">\n<dt class=\"gallery-icon\">\r\n<a href=\"https:\/\/www.rozrazil.cz\/wp-content\/uploads\/fotky-z-vikendovky-2014-od-bary-vachove\/2014\/12\/PB291957-1024x768.jpg\" title=\"\" rel=\"gallery1\"><img loading=\"lazy\" decoding=\"async\" src=\"https:\/\/www.rozrazil.cz\/wp-content\/uploads\/fotky-z-vikendovky-2014-od-bary-vachove\/2014\/12\/PB291957-150x150.jpg\" width=\"150\" height=\"150\" alt=\"\" \/><\/a>\r\n<\/dt><\/dl><dl class=\"gallery-item\">\n<dt class=\"gallery-icon\">\r\n<a href=\"https:\/\/www.rozrazil.cz\/wp-content\/uploads\/fotky-z-vikendovky-2014-od-bary-vachove\/2014\/12\/PB301961-1024x768.jpg\" title=\"\" rel=\"gallery1\"><img loading=\"lazy\" decoding=\"async\" src=\"https:\/\/www.rozrazil.cz\/wp-content\/uploads\/fotky-z-vikendovky-2014-od-bary-vachove\/2014\/12\/PB301961-150x150.jpg\" width=\"150\" height=\"150\" alt=\"\" \/><\/a>\r\n<\/dt><\/dl><br style=\"clear: both\" \/><dl class=\"gallery-item\">\n<dt class=\"gallery-icon\">\r\n<a href=\"https:\/\/www.rozrazil.cz\/wp-content\/uploads\/fotky-z-vikendovky-2014-od-bary-vachove\/2014\/12\/PB301965-768x1024.jpg\" title=\"\" rel=\"gallery1\"><img loading=\"lazy\" decoding=\"async\" src=\"https:\/\/www.rozrazil.cz\/wp-content\/uploads\/fotky-z-vikendovky-2014-od-bary-vachove\/2014\/12\/PB301965-150x150.jpg\" width=\"150\" height=\"150\" alt=\"\" \/><\/a>\r\n<\/dt><\/dl><dl class=\"gallery-item\">\n<dt class=\"gallery-icon\">\r\n<a href=\"https:\/\/www.rozrazil.cz\/wp-content\/uploads\/fotky-z-vikendovky-2014-od-bary-vachove\/2014\/12\/PB301966-768x1024.jpg\" title=\"\" rel=\"gallery1\"><img loading=\"lazy\" decoding=\"async\" src=\"https:\/\/www.rozrazil.cz\/wp-content\/uploads\/fotky-z-vikendovky-2014-od-bary-vachove\/2014\/12\/PB301966-150x150.jpg\" width=\"150\" height=\"150\" alt=\"\" \/><\/a>\r\n<\/dt><\/dl>\r\n\t\t\t<br style='clear: both' \/>\r\n\t\t<\/div>\n\n","protected":false},"excerpt":{"rendered":"","protected":false},"author":6,"featured_media":0,"parent":21476,"menu_order":0,"comment_status":"open","ping_status":"open","template":"","meta":{"_bbp_topic_count":0,"_bbp_reply_count":0,"_bbp_total_topic_count":0,"_bbp_total_reply_count":0,"_bbp_voice_count":0,"_bbp_anonymous_reply_count":0,"_bbp_topic_count_hidden":0,"_bbp_reply_count_hidden":0,"_bbp_forum_subforum_count":0,"footnotes":""},"_links":{"self":[{"href":"https:\/\/www.rozrazil.cz\/index.php?rest_route=\/wp\/v2\/pages\/24977"}],"collection":[{"href":"https:\/\/www.rozrazil.cz\/index.php?rest_route=\/wp\/v2\/pages"}],"about":[{"href":"https:\/\/www.rozrazil.cz\/index.php?rest_route=\/wp\/v2\/types\/page"}],"author":[{"embeddable":true,"href":"https:\/\/www.rozrazil.cz\/index.php?rest_route=\/wp\/v2\/users\/6"}],"replies":[{"embeddable":true,"href":"https:\/\/www.rozrazil.cz\/index.php?rest_route=%2Fwp%2Fv2%2Fcomments&post=24977"}],"version-history":[{"count":5,"href":"https:\/\/www.rozrazil.cz\/index.php?rest_route=\/wp\/v2\/pages\/24977\/revisions"}],"predecessor-version":[{"id":25054,"href":"https:\/\/www.rozrazil.cz\/index.php?rest_route=\/wp\/v2\/pages\/24977\/revisions\/25054"}],"up":[{"embeddable":true,"href":"https:\/\/www.rozrazil.cz\/index.php?rest_route=\/wp\/v2\/pages\/21476"}],"wp:attachment":[{"href":"https:\/\/www.rozrazil.cz\/index.php?rest_route=%2Fwp%2Fv2%2Fmedia&parent=24977"}],"curies":[{"name":"wp","href":"https:\/\/api.w.org\/{rel}","templated":true}]}}