{"id":24816,"date":"2014-11-17T13:20:44","date_gmt":"2014-11-17T13:20:44","guid":{"rendered":"http:\/\/www.rozrazil.cz\/?page_id=24816"},"modified":"2014-11-17T13:28:15","modified_gmt":"2014-11-17T13:28:15","slug":"fotky-z-vikendovky-v-usti-nad-orlici-2014-ctvero-rocnich-obdobi","status":"publish","type":"page","link":"https:\/\/www.rozrazil.cz\/?page_id=24816","title":{"rendered":"Fotky z v\u00edkendovky v \u00dast\u00ed nad Orlic\u00ed 2014 od Pavla Du\u0161ka \u2013 \u010ctvero ro\u010dn\u00edch obdob\u00ed"},"content":{"rendered":"\r\n\t\t<style type='text\/css'>\r\n\t\t\t#gallery-1 {\r\n\t\t\t\tmargin: auto;\r\n\t\t\t}\r\n\t\t\t#gallery-1 .gallery-item {\r\n\t\t\t\tfloat: left;\r\n\t\t\t\tmargin-top: 10px;\r\n\t\t\t\ttext-align: center;\r\n\t\t\t\twidth: 25%;\r\n\t\t\t}\r\n\t\t\t#gallery-1 img {\r\n\t\t\t\tborder: 2px solid #cfcfcf;\r\n\t\t\t}\r\n\t\t\t#gallery-1 .gallery-caption {\r\n\t\t\t\tmargin-left: 0;\r\n\t\t\t}\r\n\t\t<\/style>\r\n\t\t<!-- see gallery_shortcode() in wp-includes\/media.php -->\n\t\t<div id='gallery-1' class='gallery galleryid-24816 gallery-columns-4 gallery-size-thumbnail gallery1'><script type=\"text\/javascript\">\r\n\/\/ <![CDATA[\r\n\tjQuery(document).ready(function () {\r\n\t\tjQuery(\".gallery1 a\").attr(\"rel\",\"gallery1\");\t\r\n\t\tjQuery('a[rel=\"gallery1\"]').colorbox({maxWidth:\"95%\", maxHeight:\"95%\",title: function(){ return jQuery(this).children().attr(\"alt\"); }, });\r\n\t});\r\n\/\/ ]]>\r\n<\/script>\n<dl class=\"gallery-item\">\n<dt class=\"gallery-icon\">\r\n<a href=\"https:\/\/www.rozrazil.cz\/wp-content\/uploads\/fotky-z-vikendovky-v-usti-nad-orlici-2014-ctvero-rocnich-obdobi\/2014\/11\/2014-ustiNO-ctvero-rocnich-obdobi_0_normailni_IMG_5824-1024x682.jpg\" title=\"\" rel=\"gallery1\"><img loading=\"lazy\" decoding=\"async\" src=\"https:\/\/www.rozrazil.cz\/wp-content\/uploads\/fotky-z-vikendovky-v-usti-nad-orlici-2014-ctvero-rocnich-obdobi\/2014\/11\/2014-ustiNO-ctvero-rocnich-obdobi_0_normailni_IMG_5824-150x150.jpg\" width=\"150\" height=\"150\" alt=\"\" \/><\/a>\r\n<\/dt><\/dl><dl class=\"gallery-item\">\n<dt class=\"gallery-icon\">\r\n<a href=\"https:\/\/www.rozrazil.cz\/wp-content\/uploads\/fotky-z-vikendovky-v-usti-nad-orlici-2014-ctvero-rocnich-obdobi\/2014\/11\/2014-ustiNO-ctvero-rocnich-obdobi_1_jaro_IMG_5887-1024x682.jpg\" title=\"Jaro\" rel=\"gallery1\"><img loading=\"lazy\" decoding=\"async\" src=\"https:\/\/www.rozrazil.cz\/wp-content\/uploads\/fotky-z-vikendovky-v-usti-nad-orlici-2014-ctvero-rocnich-obdobi\/2014\/11\/2014-ustiNO-ctvero-rocnich-obdobi_1_jaro_IMG_5887-150x150.jpg\" width=\"150\" height=\"150\" alt=\"Jaro\" \/><\/a>\r\n<\/dt><dd class=\"gallery-caption\" id=\"caption24818\"><span class=\"imagecaption\">Jaro<\/span><br \/>\n<\/dd><\/dl><dl class=\"gallery-item\">\n<dt class=\"gallery-icon\">\r\n<a href=\"https:\/\/www.rozrazil.cz\/wp-content\/uploads\/fotky-z-vikendovky-v-usti-nad-orlici-2014-ctvero-rocnich-obdobi\/2014\/11\/2014-ustiNO-ctvero-rocnich-obdobi_2_leto_IMG_5872-1024x682.jpg\" title=\"L\u00e9to\" rel=\"gallery1\"><img loading=\"lazy\" decoding=\"async\" src=\"https:\/\/www.rozrazil.cz\/wp-content\/uploads\/fotky-z-vikendovky-v-usti-nad-orlici-2014-ctvero-rocnich-obdobi\/2014\/11\/2014-ustiNO-ctvero-rocnich-obdobi_2_leto_IMG_5872-150x150.jpg\" width=\"150\" height=\"150\" alt=\"L\u00e9to\" \/><\/a>\r\n<\/dt><dd class=\"gallery-caption\" id=\"caption24819\"><span class=\"imagecaption\">L\u00e9to<\/span><br \/>\n<\/dd><\/dl><dl class=\"gallery-item\">\n<dt class=\"gallery-icon\">\r\n<a href=\"https:\/\/www.rozrazil.cz\/wp-content\/uploads\/fotky-z-vikendovky-v-usti-nad-orlici-2014-ctvero-rocnich-obdobi\/2014\/11\/2014-ustiNO-ctvero-rocnich-obdobi_3_podzim_IMG_5980-1024x682.jpg\" title=\"Podzim\" rel=\"gallery1\"><img loading=\"lazy\" decoding=\"async\" src=\"https:\/\/www.rozrazil.cz\/wp-content\/uploads\/fotky-z-vikendovky-v-usti-nad-orlici-2014-ctvero-rocnich-obdobi\/2014\/11\/2014-ustiNO-ctvero-rocnich-obdobi_3_podzim_IMG_5980-150x150.jpg\" width=\"150\" height=\"150\" alt=\"Podzim\" \/><\/a>\r\n<\/dt><dd class=\"gallery-caption\" id=\"caption24820\"><span class=\"imagecaption\">Podzim<\/span><br \/>\n<\/dd><\/dl><br style=\"clear: both\" \/><dl class=\"gallery-item\">\n<dt class=\"gallery-icon\">\r\n<a href=\"https:\/\/www.rozrazil.cz\/wp-content\/uploads\/fotky-z-vikendovky-v-usti-nad-orlici-2014-ctvero-rocnich-obdobi\/2014\/11\/2014-ustiNO-ctvero-rocnich-obdobi_4_zima_IMG_6039-1024x682.jpg\" title=\"Zima\" rel=\"gallery1\"><img loading=\"lazy\" decoding=\"async\" src=\"https:\/\/www.rozrazil.cz\/wp-content\/uploads\/fotky-z-vikendovky-v-usti-nad-orlici-2014-ctvero-rocnich-obdobi\/2014\/11\/2014-ustiNO-ctvero-rocnich-obdobi_4_zima_IMG_6039-150x150.jpg\" width=\"150\" height=\"150\" alt=\"Zima\" \/><\/a>\r\n<\/dt><dd class=\"gallery-caption\" id=\"caption24821\"><span class=\"imagecaption\">Zima<\/span><br \/>\n<\/dd><\/dl>\r\n\t\t\t<br style='clear: both' \/>\r\n\t\t<\/div>\n\n","protected":false},"excerpt":{"rendered":"","protected":false},"author":2,"featured_media":0,"parent":21476,"menu_order":0,"comment_status":"open","ping_status":"open","template":"","meta":{"_bbp_topic_count":0,"_bbp_reply_count":0,"_bbp_total_topic_count":0,"_bbp_total_reply_count":0,"_bbp_voice_count":0,"_bbp_anonymous_reply_count":0,"_bbp_topic_count_hidden":0,"_bbp_reply_count_hidden":0,"_bbp_forum_subforum_count":0,"footnotes":""},"_links":{"self":[{"href":"https:\/\/www.rozrazil.cz\/index.php?rest_route=\/wp\/v2\/pages\/24816"}],"collection":[{"href":"https:\/\/www.rozrazil.cz\/index.php?rest_route=\/wp\/v2\/pages"}],"about":[{"href":"https:\/\/www.rozrazil.cz\/index.php?rest_route=\/wp\/v2\/types\/page"}],"author":[{"embeddable":true,"href":"https:\/\/www.rozrazil.cz\/index.php?rest_route=\/wp\/v2\/users\/2"}],"replies":[{"embeddable":true,"href":"https:\/\/www.rozrazil.cz\/index.php?rest_route=%2Fwp%2Fv2%2Fcomments&post=24816"}],"version-history":[{"count":2,"href":"https:\/\/www.rozrazil.cz\/index.php?rest_route=\/wp\/v2\/pages\/24816\/revisions"}],"predecessor-version":[{"id":24824,"href":"https:\/\/www.rozrazil.cz\/index.php?rest_route=\/wp\/v2\/pages\/24816\/revisions\/24824"}],"up":[{"embeddable":true,"href":"https:\/\/www.rozrazil.cz\/index.php?rest_route=\/wp\/v2\/pages\/21476"}],"wp:attachment":[{"href":"https:\/\/www.rozrazil.cz\/index.php?rest_route=%2Fwp%2Fv2%2Fmedia&parent=24816"}],"curies":[{"name":"wp","href":"https:\/\/api.w.org\/{rel}","templated":true}]}}