{"id":23516,"date":"2014-08-24T19:13:48","date_gmt":"2014-08-24T19:13:48","guid":{"rendered":"http:\/\/www.rozrazil.cz\/?page_id=23516"},"modified":"2021-06-13T14:41:09","modified_gmt":"2021-06-13T12:41:09","slug":"dobrovolnictvi","status":"publish","type":"page","link":"https:\/\/www.rozrazil.cz\/?page_id=23516","title":{"rendered":"Dobrovolnictv\u00ed"},"content":{"rendered":"<p><img loading=\"lazy\" decoding=\"async\" class=\"alignnone size-medium wp-image-35202\" src=\"https:\/\/www.rozrazil.cz\/wp-content\/uploads\/dobrovolnictvi\/2014\/08\/pozvanka-2021-600x404.jpg\" alt=\"\" width=\"600\" height=\"404\" srcset=\"https:\/\/www.rozrazil.cz\/wp-content\/uploads\/dobrovolnictvi\/2014\/08\/pozvanka-2021-600x404.jpg 600w, https:\/\/www.rozrazil.cz\/wp-content\/uploads\/dobrovolnictvi\/2014\/08\/pozvanka-2021-1024x690.jpg 1024w, https:\/\/www.rozrazil.cz\/wp-content\/uploads\/dobrovolnictvi\/2014\/08\/pozvanka-2021-768x517.jpg 768w, https:\/\/www.rozrazil.cz\/wp-content\/uploads\/dobrovolnictvi\/2014\/08\/pozvanka-2021-1536x1035.jpg 1536w, https:\/\/www.rozrazil.cz\/wp-content\/uploads\/dobrovolnictvi\/2014\/08\/pozvanka-2021-2048x1380.jpg 2048w, https:\/\/www.rozrazil.cz\/wp-content\/uploads\/dobrovolnictvi\/2014\/08\/pozvanka-2021-445x300.jpg 445w\" sizes=\"(max-width: 600px) 100vw, 600px\" \/><\/p>\n<p>Chce\u0161-li se zapojit do spr\u00e1vn\u00e9 party lid\u00ed, dobrovoln\u011b vydat trochu \u010dasu a energie k n\u011b\u010demu smyslupln\u00e9mu a pro\u017e\u00edt fajn chv\u00edle, tak jsi tu spr\u00e1vn\u011b.<\/p>\n<p>Jsme otev\u0159en\u00e1 skupina mlad\u00fdch lid\u00ed s prom\u011bnliv\u00fdm slo\u017een\u00edm, t\u00e9m\u011b\u0159 na ka\u017edou akci se s n\u00e1mi vyd\u00e1 n\u011bkdo poprv\u00e9 &#8211; je tedy mo\u017en\u00e9 p\u0159idat se kdykoli.\u00a0P\u0159ipojit se m\u016f\u017ee\u0161 jak chce\u0161 &#8211; jednor\u00e1zov\u011b, nebo se pak zapojit \u010dast\u011bji.<\/p>\n<p>Ne\u010dek\u00e1me p\u0159edchoz\u00ed zku\u0161enosti s d\u011btmi s hendikepem, sta\u010d\u00ed chu\u0165 poznat n\u011bco nov\u00e9ho a ochota u\u010dit se, v\u0161e pot\u0159ebn\u00e9 se postupn\u011b nau\u010d\u00ed\u0161 s n\u00e1mi. Na akc\u00edch si vz\u00e1jemn\u011b pom\u00e1h\u00e1me, tak\u017ee se rozhodn\u011b nemus\u00ed\u0161 b\u00e1t p\u0159\u00edstupu &#8222;tady m\u00e1\u0161 d\u00edt\u011b a cel\u00fd v\u00edkend se starej&#8220;. S asistenc\u00ed si pom\u00e1h\u00e1me a v\u017edycky je na m\u00edst\u011b n\u011bjak\u00fd zku\u0161en\u00fd &#8222;star\u00fd&#8220; dobrovoln\u00edk, kter\u00fd Ti m\u016f\u017ee se v\u0161\u00edm pomoct.<\/p>\n<p>Na v\u00edkendovce nebo t\u00e1bo\u0159e bude\u0161 typicky pom\u00e1hat s osobn\u00ed asistenc\u00ed lidem, kte\u0159\u00ed pot\u0159ebuj\u00ed n\u011bjakou dopomoc, ale uv\u00edt\u00e1me i pomoc s p\u0159\u00edpravou programu. Vyskytnou se i r\u016fzn\u00e9 provozn\u00ed v\u011bci &#8211; va\u0159en\u00ed, \u00faklid, \u0159ez\u00e1n\u00ed d\u0159eva a podobn\u011b.<\/p>\n<p>R\u00e1di Ti p\u0159edem odpov\u00edme na v\u0161echny ot\u00e1zky. V\u00edme, \u017ee p\u0159ij\u00edt mezi nezn\u00e1m\u00e9 lidi nen\u00ed snadn\u00e9 a proto se budeme sna\u017eit Ti to usnadnit. Poj\u010f vykro\u010dit vst\u0159\u00edc nezn\u00e1m\u00e9mu a nechat se p\u0159ekvapit&#8230; Budeme se t\u011b\u0161it!<\/p>\n<p>Pro v\u00edc informac\u00ed jak se k n\u00e1m p\u0159idat, napi\u0161:<\/p>\n<p>email: rozrazil.spolek@gmail.com<\/p>\n<p>tel: +420792200564<\/p>\n<p>FB: <a href=\"https:\/\/www.facebook.com\/rozrazil\">https:\/\/www.facebook.com\/rozrazil<\/a><\/p>\n","protected":false},"excerpt":{"rendered":"<p>Chce\u0161-li se zapojit do spr\u00e1vn\u00e9 party lid\u00ed, dobrovoln\u011b vydat trochu \u010dasu a energie k n\u011b\u010demu smyslupln\u00e9mu a pro\u017e\u00edt fajn chv\u00edle, tak jsi tu spr\u00e1vn\u011b. Jsme otev\u0159en\u00e1 skupina mlad\u00fdch lid\u00ed s prom\u011bnliv\u00fdm slo\u017een\u00edm, t\u00e9m\u011b\u0159 na ka\u017edou akci se s n\u00e1mi vyd\u00e1 &hellip; <a href=\"https:\/\/www.rozrazil.cz\/?page_id=23516\">Cel\u00fd p\u0159\u00edsp\u011bvek <span class=\"meta-nav\">&rarr;<\/span><\/a><\/p>\n","protected":false},"author":2,"featured_media":0,"parent":0,"menu_order":0,"comment_status":"open","ping_status":"open","template":"","meta":{"_bbp_topic_count":0,"_bbp_reply_count":0,"_bbp_total_topic_count":0,"_bbp_total_reply_count":0,"_bbp_voice_count":0,"_bbp_anonymous_reply_count":0,"_bbp_topic_count_hidden":0,"_bbp_reply_count_hidden":0,"_bbp_forum_subforum_count":0,"footnotes":""},"_links":{"self":[{"href":"https:\/\/www.rozrazil.cz\/index.php?rest_route=\/wp\/v2\/pages\/23516"}],"collection":[{"href":"https:\/\/www.rozrazil.cz\/index.php?rest_route=\/wp\/v2\/pages"}],"about":[{"href":"https:\/\/www.rozrazil.cz\/index.php?rest_route=\/wp\/v2\/types\/page"}],"author":[{"embeddable":true,"href":"https:\/\/www.rozrazil.cz\/index.php?rest_route=\/wp\/v2\/users\/2"}],"replies":[{"embeddable":true,"href":"https:\/\/www.rozrazil.cz\/index.php?rest_route=%2Fwp%2Fv2%2Fcomments&post=23516"}],"version-history":[{"count":27,"href":"https:\/\/www.rozrazil.cz\/index.php?rest_route=\/wp\/v2\/pages\/23516\/revisions"}],"predecessor-version":[{"id":35204,"href":"https:\/\/www.rozrazil.cz\/index.php?rest_route=\/wp\/v2\/pages\/23516\/revisions\/35204"}],"wp:attachment":[{"href":"https:\/\/www.rozrazil.cz\/index.php?rest_route=%2Fwp%2Fv2%2Fmedia&parent=23516"}],"curies":[{"name":"wp","href":"https:\/\/api.w.org\/{rel}","templated":true}]}}