{"id":22673,"date":"2014-07-02T19:05:19","date_gmt":"2014-07-02T19:05:19","guid":{"rendered":"http:\/\/www.rozrazil.cz\/?page_id=22673"},"modified":"2014-07-02T19:11:24","modified_gmt":"2014-07-02T19:11:24","slug":"fotky-ze-staveni-tabora-2014-od-pavla-duska","status":"publish","type":"page","link":"https:\/\/www.rozrazil.cz\/?page_id=22673","title":{"rendered":"Fotky ze stav\u011bn\u00ed t\u00e1bora 2014 od Pavla Du\u0161ka"},"content":{"rendered":"\r\n\t\t<style type='text\/css'>\r\n\t\t\t#gallery-1 {\r\n\t\t\t\tmargin: auto;\r\n\t\t\t}\r\n\t\t\t#gallery-1 .gallery-item {\r\n\t\t\t\tfloat: left;\r\n\t\t\t\tmargin-top: 10px;\r\n\t\t\t\ttext-align: center;\r\n\t\t\t\twidth: 25%;\r\n\t\t\t}\r\n\t\t\t#gallery-1 img {\r\n\t\t\t\tborder: 2px solid #cfcfcf;\r\n\t\t\t}\r\n\t\t\t#gallery-1 .gallery-caption {\r\n\t\t\t\tmargin-left: 0;\r\n\t\t\t}\r\n\t\t<\/style>\r\n\t\t<!-- see gallery_shortcode() in wp-includes\/media.php -->\n\t\t<div id='gallery-1' class='gallery galleryid-22673 gallery-columns-4 gallery-size-thumbnail gallery1'><script type=\"text\/javascript\">\r\n\/\/ <![CDATA[\r\n\tjQuery(document).ready(function () {\r\n\t\tjQuery(\".gallery1 a\").attr(\"rel\",\"gallery1\");\t\r\n\t\tjQuery('a[rel=\"gallery1\"]').colorbox({maxWidth:\"95%\", maxHeight:\"95%\",title: function(){ return jQuery(this).children().attr(\"alt\"); }, });\r\n\t});\r\n\/\/ ]]>\r\n<\/script>\n<dl class=\"gallery-item\">\n<dt class=\"gallery-icon\">\r\n<a href=\"https:\/\/www.rozrazil.cz\/wp-content\/uploads\/fotky-ze-staveni-tabora-2014-od-pavla-duska\/2014\/07\/20140701_181832-640x1024.jpg\" title=\"\" rel=\"gallery1\"><img loading=\"lazy\" decoding=\"async\" src=\"https:\/\/www.rozrazil.cz\/wp-content\/uploads\/fotky-ze-staveni-tabora-2014-od-pavla-duska\/2014\/07\/20140701_181832-150x150.jpg\" width=\"150\" height=\"150\" alt=\"\" \/><\/a>\r\n<\/dt><\/dl><dl class=\"gallery-item\">\n<dt class=\"gallery-icon\">\r\n<a href=\"https:\/\/www.rozrazil.cz\/wp-content\/uploads\/fotky-ze-staveni-tabora-2014-od-pavla-duska\/2014\/07\/20140701_181838-640x1024.jpg\" title=\"\" rel=\"gallery1\"><img loading=\"lazy\" decoding=\"async\" src=\"https:\/\/www.rozrazil.cz\/wp-content\/uploads\/fotky-ze-staveni-tabora-2014-od-pavla-duska\/2014\/07\/20140701_181838-150x150.jpg\" width=\"150\" height=\"150\" alt=\"\" \/><\/a>\r\n<\/dt><\/dl><dl class=\"gallery-item\">\n<dt class=\"gallery-icon\">\r\n<a href=\"https:\/\/www.rozrazil.cz\/wp-content\/uploads\/fotky-ze-staveni-tabora-2014-od-pavla-duska\/2014\/07\/20140701_181928-640x1024.jpg\" title=\"\" rel=\"gallery1\"><img loading=\"lazy\" decoding=\"async\" src=\"https:\/\/www.rozrazil.cz\/wp-content\/uploads\/fotky-ze-staveni-tabora-2014-od-pavla-duska\/2014\/07\/20140701_181928-150x150.jpg\" width=\"150\" height=\"150\" alt=\"\" \/><\/a>\r\n<\/dt><\/dl><dl class=\"gallery-item\">\n<dt class=\"gallery-icon\">\r\n<a href=\"https:\/\/www.rozrazil.cz\/wp-content\/uploads\/fotky-ze-staveni-tabora-2014-od-pavla-duska\/2014\/07\/20140701_181932-640x1024.jpg\" title=\"\" rel=\"gallery1\"><img loading=\"lazy\" decoding=\"async\" src=\"https:\/\/www.rozrazil.cz\/wp-content\/uploads\/fotky-ze-staveni-tabora-2014-od-pavla-duska\/2014\/07\/20140701_181932-150x150.jpg\" width=\"150\" height=\"150\" alt=\"\" \/><\/a>\r\n<\/dt><\/dl><br style=\"clear: both\" \/><dl class=\"gallery-item\">\n<dt class=\"gallery-icon\">\r\n<a href=\"https:\/\/www.rozrazil.cz\/wp-content\/uploads\/fotky-ze-staveni-tabora-2014-od-pavla-duska\/2014\/07\/20140701_181933-640x1024.jpg\" title=\"\" rel=\"gallery1\"><img loading=\"lazy\" decoding=\"async\" src=\"https:\/\/www.rozrazil.cz\/wp-content\/uploads\/fotky-ze-staveni-tabora-2014-od-pavla-duska\/2014\/07\/20140701_181933-150x150.jpg\" width=\"150\" height=\"150\" alt=\"\" \/><\/a>\r\n<\/dt><\/dl><dl class=\"gallery-item\">\n<dt class=\"gallery-icon\">\r\n<a href=\"https:\/\/www.rozrazil.cz\/wp-content\/uploads\/fotky-ze-staveni-tabora-2014-od-pavla-duska\/2014\/07\/20140701_182017-640x1024.jpg\" title=\"\" rel=\"gallery1\"><img loading=\"lazy\" decoding=\"async\" src=\"https:\/\/www.rozrazil.cz\/wp-content\/uploads\/fotky-ze-staveni-tabora-2014-od-pavla-duska\/2014\/07\/20140701_182017-150x150.jpg\" width=\"150\" height=\"150\" alt=\"\" \/><\/a>\r\n<\/dt><\/dl><dl class=\"gallery-item\">\n<dt class=\"gallery-icon\">\r\n<a href=\"https:\/\/www.rozrazil.cz\/wp-content\/uploads\/fotky-ze-staveni-tabora-2014-od-pavla-duska\/2014\/07\/20140701_182027-640x1024.jpg\" title=\"\" rel=\"gallery1\"><img loading=\"lazy\" decoding=\"async\" src=\"https:\/\/www.rozrazil.cz\/wp-content\/uploads\/fotky-ze-staveni-tabora-2014-od-pavla-duska\/2014\/07\/20140701_182027-150x150.jpg\" width=\"150\" height=\"150\" alt=\"\" \/><\/a>\r\n<\/dt><\/dl><dl class=\"gallery-item\">\n<dt class=\"gallery-icon\">\r\n<a href=\"https:\/\/www.rozrazil.cz\/wp-content\/uploads\/fotky-ze-staveni-tabora-2014-od-pavla-duska\/2014\/07\/20140701_182035-640x1024.jpg\" title=\"\" rel=\"gallery1\"><img loading=\"lazy\" decoding=\"async\" src=\"https:\/\/www.rozrazil.cz\/wp-content\/uploads\/fotky-ze-staveni-tabora-2014-od-pavla-duska\/2014\/07\/20140701_182035-150x150.jpg\" width=\"150\" height=\"150\" alt=\"\" \/><\/a>\r\n<\/dt><\/dl><br style=\"clear: both\" \/><dl class=\"gallery-item\">\n<dt class=\"gallery-icon\">\r\n<a href=\"https:\/\/www.rozrazil.cz\/wp-content\/uploads\/fotky-ze-staveni-tabora-2014-od-pavla-duska\/2014\/07\/20140701_182050-640x1024.jpg\" title=\"\" rel=\"gallery1\"><img loading=\"lazy\" decoding=\"async\" src=\"https:\/\/www.rozrazil.cz\/wp-content\/uploads\/fotky-ze-staveni-tabora-2014-od-pavla-duska\/2014\/07\/20140701_182050-150x150.jpg\" width=\"150\" height=\"150\" alt=\"\" \/><\/a>\r\n<\/dt><\/dl><dl class=\"gallery-item\">\n<dt class=\"gallery-icon\">\r\n<a href=\"https:\/\/www.rozrazil.cz\/wp-content\/uploads\/fotky-ze-staveni-tabora-2014-od-pavla-duska\/2014\/07\/20140701_182105-640x1024.jpg\" title=\"\" rel=\"gallery1\"><img loading=\"lazy\" decoding=\"async\" src=\"https:\/\/www.rozrazil.cz\/wp-content\/uploads\/fotky-ze-staveni-tabora-2014-od-pavla-duska\/2014\/07\/20140701_182105-150x150.jpg\" width=\"150\" height=\"150\" alt=\"\" \/><\/a>\r\n<\/dt><\/dl><dl class=\"gallery-item\">\n<dt class=\"gallery-icon\">\r\n<a href=\"https:\/\/www.rozrazil.cz\/wp-content\/uploads\/fotky-ze-staveni-tabora-2014-od-pavla-duska\/2014\/07\/20140701_182108-640x1024.jpg\" title=\"\" rel=\"gallery1\"><img loading=\"lazy\" decoding=\"async\" src=\"https:\/\/www.rozrazil.cz\/wp-content\/uploads\/fotky-ze-staveni-tabora-2014-od-pavla-duska\/2014\/07\/20140701_182108-150x150.jpg\" width=\"150\" height=\"150\" alt=\"\" \/><\/a>\r\n<\/dt><\/dl><dl class=\"gallery-item\">\n<dt class=\"gallery-icon\">\r\n<a href=\"https:\/\/www.rozrazil.cz\/wp-content\/uploads\/fotky-ze-staveni-tabora-2014-od-pavla-duska\/2014\/07\/20140701_182136-640x1024.jpg\" title=\"\" rel=\"gallery1\"><img loading=\"lazy\" decoding=\"async\" src=\"https:\/\/www.rozrazil.cz\/wp-content\/uploads\/fotky-ze-staveni-tabora-2014-od-pavla-duska\/2014\/07\/20140701_182136-150x150.jpg\" width=\"150\" height=\"150\" alt=\"\" \/><\/a>\r\n<\/dt><\/dl><br style=\"clear: both\" \/><dl class=\"gallery-item\">\n<dt class=\"gallery-icon\">\r\n<a href=\"https:\/\/www.rozrazil.cz\/wp-content\/uploads\/fotky-ze-staveni-tabora-2014-od-pavla-duska\/2014\/07\/20140701_182151-640x1024.jpg\" title=\"\" rel=\"gallery1\"><img loading=\"lazy\" decoding=\"async\" src=\"https:\/\/www.rozrazil.cz\/wp-content\/uploads\/fotky-ze-staveni-tabora-2014-od-pavla-duska\/2014\/07\/20140701_182151-150x150.jpg\" width=\"150\" height=\"150\" alt=\"\" \/><\/a>\r\n<\/dt><\/dl><dl class=\"gallery-item\">\n<dt class=\"gallery-icon\">\r\n<a href=\"https:\/\/www.rozrazil.cz\/wp-content\/uploads\/fotky-ze-staveni-tabora-2014-od-pavla-duska\/2014\/07\/20140701_182212-640x1024.jpg\" title=\"\" rel=\"gallery1\"><img loading=\"lazy\" decoding=\"async\" src=\"https:\/\/www.rozrazil.cz\/wp-content\/uploads\/fotky-ze-staveni-tabora-2014-od-pavla-duska\/2014\/07\/20140701_182212-150x150.jpg\" width=\"150\" height=\"150\" alt=\"\" \/><\/a>\r\n<\/dt><\/dl><dl class=\"gallery-item\">\n<dt class=\"gallery-icon\">\r\n<a href=\"https:\/\/www.rozrazil.cz\/wp-content\/uploads\/fotky-ze-staveni-tabora-2014-od-pavla-duska\/2014\/07\/20140701_214227-640x1024.jpg\" title=\"\" rel=\"gallery1\"><img loading=\"lazy\" decoding=\"async\" src=\"https:\/\/www.rozrazil.cz\/wp-content\/uploads\/fotky-ze-staveni-tabora-2014-od-pavla-duska\/2014\/07\/20140701_214227-150x150.jpg\" width=\"150\" height=\"150\" alt=\"\" \/><\/a>\r\n<\/dt><\/dl><dl class=\"gallery-item\">\n<dt class=\"gallery-icon\">\r\n<a href=\"https:\/\/www.rozrazil.cz\/wp-content\/uploads\/fotky-ze-staveni-tabora-2014-od-pavla-duska\/2014\/07\/20140702_133500-640x1024.jpg\" title=\"\" rel=\"gallery1\"><img loading=\"lazy\" decoding=\"async\" src=\"https:\/\/www.rozrazil.cz\/wp-content\/uploads\/fotky-ze-staveni-tabora-2014-od-pavla-duska\/2014\/07\/20140702_133500-150x150.jpg\" width=\"150\" height=\"150\" alt=\"\" \/><\/a>\r\n<\/dt><\/dl><br style=\"clear: both\" \/><dl class=\"gallery-item\">\n<dt class=\"gallery-icon\">\r\n<a href=\"https:\/\/www.rozrazil.cz\/wp-content\/uploads\/fotky-ze-staveni-tabora-2014-od-pavla-duska\/2014\/07\/20140702_133515-640x1024.jpg\" title=\"\" rel=\"gallery1\"><img loading=\"lazy\" decoding=\"async\" src=\"https:\/\/www.rozrazil.cz\/wp-content\/uploads\/fotky-ze-staveni-tabora-2014-od-pavla-duska\/2014\/07\/20140702_133515-150x150.jpg\" width=\"150\" height=\"150\" alt=\"\" \/><\/a>\r\n<\/dt><\/dl><dl class=\"gallery-item\">\n<dt class=\"gallery-icon\">\r\n<a href=\"https:\/\/www.rozrazil.cz\/wp-content\/uploads\/fotky-ze-staveni-tabora-2014-od-pavla-duska\/2014\/07\/20140702_133522-640x1024.jpg\" title=\"\" rel=\"gallery1\"><img loading=\"lazy\" decoding=\"async\" src=\"https:\/\/www.rozrazil.cz\/wp-content\/uploads\/fotky-ze-staveni-tabora-2014-od-pavla-duska\/2014\/07\/20140702_133522-150x150.jpg\" width=\"150\" height=\"150\" alt=\"\" \/><\/a>\r\n<\/dt><\/dl><dl class=\"gallery-item\">\n<dt class=\"gallery-icon\">\r\n<a href=\"https:\/\/www.rozrazil.cz\/wp-content\/uploads\/fotky-ze-staveni-tabora-2014-od-pavla-duska\/2014\/07\/20140702_133534-640x1024.jpg\" title=\"\" rel=\"gallery1\"><img loading=\"lazy\" decoding=\"async\" src=\"https:\/\/www.rozrazil.cz\/wp-content\/uploads\/fotky-ze-staveni-tabora-2014-od-pavla-duska\/2014\/07\/20140702_133534-150x150.jpg\" width=\"150\" height=\"150\" alt=\"\" \/><\/a>\r\n<\/dt><\/dl><dl class=\"gallery-item\">\n<dt class=\"gallery-icon\">\r\n<a href=\"https:\/\/www.rozrazil.cz\/wp-content\/uploads\/fotky-ze-staveni-tabora-2014-od-pavla-duska\/2014\/07\/20140702_133541-640x1024.jpg\" title=\"\" rel=\"gallery1\"><img loading=\"lazy\" decoding=\"async\" src=\"https:\/\/www.rozrazil.cz\/wp-content\/uploads\/fotky-ze-staveni-tabora-2014-od-pavla-duska\/2014\/07\/20140702_133541-150x150.jpg\" width=\"150\" height=\"150\" alt=\"\" \/><\/a>\r\n<\/dt><\/dl><br style=\"clear: both\" \/>\r\n\t\t<\/div>\n\n","protected":false},"excerpt":{"rendered":"","protected":false},"author":2,"featured_media":0,"parent":21476,"menu_order":0,"comment_status":"open","ping_status":"open","template":"","meta":{"_bbp_topic_count":0,"_bbp_reply_count":0,"_bbp_total_topic_count":0,"_bbp_total_reply_count":0,"_bbp_voice_count":0,"_bbp_anonymous_reply_count":0,"_bbp_topic_count_hidden":0,"_bbp_reply_count_hidden":0,"_bbp_forum_subforum_count":0,"footnotes":""},"_links":{"self":[{"href":"https:\/\/www.rozrazil.cz\/index.php?rest_route=\/wp\/v2\/pages\/22673"}],"collection":[{"href":"https:\/\/www.rozrazil.cz\/index.php?rest_route=\/wp\/v2\/pages"}],"about":[{"href":"https:\/\/www.rozrazil.cz\/index.php?rest_route=\/wp\/v2\/types\/page"}],"author":[{"embeddable":true,"href":"https:\/\/www.rozrazil.cz\/index.php?rest_route=\/wp\/v2\/users\/2"}],"replies":[{"embeddable":true,"href":"https:\/\/www.rozrazil.cz\/index.php?rest_route=%2Fwp%2Fv2%2Fcomments&post=22673"}],"version-history":[{"count":2,"href":"https:\/\/www.rozrazil.cz\/index.php?rest_route=\/wp\/v2\/pages\/22673\/revisions"}],"predecessor-version":[{"id":22698,"href":"https:\/\/www.rozrazil.cz\/index.php?rest_route=\/wp\/v2\/pages\/22673\/revisions\/22698"}],"up":[{"embeddable":true,"href":"https:\/\/www.rozrazil.cz\/index.php?rest_route=\/wp\/v2\/pages\/21476"}],"wp:attachment":[{"href":"https:\/\/www.rozrazil.cz\/index.php?rest_route=%2Fwp%2Fv2%2Fmedia&parent=22673"}],"curies":[{"name":"wp","href":"https:\/\/api.w.org\/{rel}","templated":true}]}}