{"id":22517,"date":"2014-06-07T10:02:39","date_gmt":"2014-06-07T10:02:39","guid":{"rendered":"http:\/\/www.rozrazil.cz\/?page_id=22517"},"modified":"2014-06-07T10:02:39","modified_gmt":"2014-06-07T10:02:39","slug":"fotky-z-legendavikendu-v-brne-2014-od-bary-vachove","status":"publish","type":"page","link":"https:\/\/www.rozrazil.cz\/?page_id=22517","title":{"rendered":"Fotky z legendav\u00edkendu v Brn\u011b 2014 od B\u00e1ry V\u00e1chov\u00e9"},"content":{"rendered":"\r\n\t\t<style type='text\/css'>\r\n\t\t\t#gallery-1 {\r\n\t\t\t\tmargin: auto;\r\n\t\t\t}\r\n\t\t\t#gallery-1 .gallery-item {\r\n\t\t\t\tfloat: left;\r\n\t\t\t\tmargin-top: 10px;\r\n\t\t\t\ttext-align: center;\r\n\t\t\t\twidth: 25%;\r\n\t\t\t}\r\n\t\t\t#gallery-1 img {\r\n\t\t\t\tborder: 2px solid #cfcfcf;\r\n\t\t\t}\r\n\t\t\t#gallery-1 .gallery-caption {\r\n\t\t\t\tmargin-left: 0;\r\n\t\t\t}\r\n\t\t<\/style>\r\n\t\t<!-- see gallery_shortcode() in wp-includes\/media.php -->\n\t\t<div id='gallery-1' class='gallery galleryid-22517 gallery-columns-4 gallery-size-thumbnail gallery1'><script type=\"text\/javascript\">\r\n\/\/ <![CDATA[\r\n\tjQuery(document).ready(function () {\r\n\t\tjQuery(\".gallery1 a\").attr(\"rel\",\"gallery1\");\t\r\n\t\tjQuery('a[rel=\"gallery1\"]').colorbox({maxWidth:\"95%\", maxHeight:\"95%\",title: function(){ return jQuery(this).children().attr(\"alt\"); }, });\r\n\t});\r\n\/\/ ]]>\r\n<\/script>\n<dl class=\"gallery-item\">\n<dt class=\"gallery-icon\">\r\n<a href=\"https:\/\/www.rozrazil.cz\/wp-content\/uploads\/fotky-z-legendavikenduv-brne-2014-od-bary-vachove\/2014\/06\/P2213495-1024x789.jpg\" title=\"\" rel=\"gallery1\"><img loading=\"lazy\" decoding=\"async\" src=\"https:\/\/www.rozrazil.cz\/wp-content\/uploads\/fotky-z-legendavikenduv-brne-2014-od-bary-vachove\/2014\/06\/P2213495-150x150.jpg\" width=\"150\" height=\"150\" alt=\"\" \/><\/a>\r\n<\/dt><\/dl><dl class=\"gallery-item\">\n<dt class=\"gallery-icon\">\r\n<a href=\"https:\/\/www.rozrazil.cz\/wp-content\/uploads\/fotky-z-legendavikenduv-brne-2014-od-bary-vachove\/2014\/06\/P2213496-1024x734.jpg\" title=\"\" rel=\"gallery1\"><img loading=\"lazy\" decoding=\"async\" src=\"https:\/\/www.rozrazil.cz\/wp-content\/uploads\/fotky-z-legendavikenduv-brne-2014-od-bary-vachove\/2014\/06\/P2213496-150x150.jpg\" width=\"150\" height=\"150\" alt=\"\" \/><\/a>\r\n<\/dt><\/dl><dl class=\"gallery-item\">\n<dt class=\"gallery-icon\">\r\n<a href=\"https:\/\/www.rozrazil.cz\/wp-content\/uploads\/fotky-z-legendavikenduv-brne-2014-od-bary-vachove\/2014\/06\/P2213497-1024x854.jpg\" title=\"\" rel=\"gallery1\"><img loading=\"lazy\" decoding=\"async\" src=\"https:\/\/www.rozrazil.cz\/wp-content\/uploads\/fotky-z-legendavikenduv-brne-2014-od-bary-vachove\/2014\/06\/P2213497-150x150.jpg\" width=\"150\" height=\"150\" alt=\"\" \/><\/a>\r\n<\/dt><\/dl><dl class=\"gallery-item\">\n<dt class=\"gallery-icon\">\r\n<a href=\"https:\/\/www.rozrazil.cz\/wp-content\/uploads\/fotky-z-legendavikenduv-brne-2014-od-bary-vachove\/2014\/06\/P2213499-1024x768.jpg\" title=\"\" rel=\"gallery1\"><img loading=\"lazy\" decoding=\"async\" src=\"https:\/\/www.rozrazil.cz\/wp-content\/uploads\/fotky-z-legendavikenduv-brne-2014-od-bary-vachove\/2014\/06\/P2213499-150x150.jpg\" width=\"150\" height=\"150\" alt=\"\" \/><\/a>\r\n<\/dt><\/dl><br style=\"clear: both\" \/><dl class=\"gallery-item\">\n<dt class=\"gallery-icon\">\r\n<a href=\"https:\/\/www.rozrazil.cz\/wp-content\/uploads\/fotky-z-legendavikenduv-brne-2014-od-bary-vachove\/2014\/06\/P2213500-768x1024.jpg\" title=\"\" rel=\"gallery1\"><img loading=\"lazy\" decoding=\"async\" src=\"https:\/\/www.rozrazil.cz\/wp-content\/uploads\/fotky-z-legendavikenduv-brne-2014-od-bary-vachove\/2014\/06\/P2213500-150x150.jpg\" width=\"150\" height=\"150\" alt=\"\" \/><\/a>\r\n<\/dt><\/dl><dl class=\"gallery-item\">\n<dt class=\"gallery-icon\">\r\n<a href=\"https:\/\/www.rozrazil.cz\/wp-content\/uploads\/fotky-z-legendavikenduv-brne-2014-od-bary-vachove\/2014\/06\/P2223503-1024x768.jpg\" title=\"\" rel=\"gallery1\"><img loading=\"lazy\" decoding=\"async\" src=\"https:\/\/www.rozrazil.cz\/wp-content\/uploads\/fotky-z-legendavikenduv-brne-2014-od-bary-vachove\/2014\/06\/P2223503-150x150.jpg\" width=\"150\" height=\"150\" alt=\"\" \/><\/a>\r\n<\/dt><\/dl><dl class=\"gallery-item\">\n<dt class=\"gallery-icon\">\r\n<a href=\"https:\/\/www.rozrazil.cz\/wp-content\/uploads\/fotky-z-legendavikenduv-brne-2014-od-bary-vachove\/2014\/06\/P2223504-1024x768.jpg\" title=\"\" rel=\"gallery1\"><img loading=\"lazy\" decoding=\"async\" src=\"https:\/\/www.rozrazil.cz\/wp-content\/uploads\/fotky-z-legendavikenduv-brne-2014-od-bary-vachove\/2014\/06\/P2223504-150x150.jpg\" width=\"150\" height=\"150\" alt=\"\" \/><\/a>\r\n<\/dt><\/dl><dl class=\"gallery-item\">\n<dt class=\"gallery-icon\">\r\n<a href=\"https:\/\/www.rozrazil.cz\/wp-content\/uploads\/fotky-z-legendavikenduv-brne-2014-od-bary-vachove\/2014\/06\/P2223505-1024x768.jpg\" title=\"\" rel=\"gallery1\"><img loading=\"lazy\" decoding=\"async\" src=\"https:\/\/www.rozrazil.cz\/wp-content\/uploads\/fotky-z-legendavikenduv-brne-2014-od-bary-vachove\/2014\/06\/P2223505-150x150.jpg\" width=\"150\" height=\"150\" alt=\"\" \/><\/a>\r\n<\/dt><\/dl><br style=\"clear: both\" \/><dl class=\"gallery-item\">\n<dt class=\"gallery-icon\">\r\n<a href=\"https:\/\/www.rozrazil.cz\/wp-content\/uploads\/fotky-z-legendavikenduv-brne-2014-od-bary-vachove\/2014\/06\/P2223507-1024x832.jpg\" title=\"\" rel=\"gallery1\"><img loading=\"lazy\" decoding=\"async\" src=\"https:\/\/www.rozrazil.cz\/wp-content\/uploads\/fotky-z-legendavikenduv-brne-2014-od-bary-vachove\/2014\/06\/P2223507-150x150.jpg\" width=\"150\" height=\"150\" alt=\"\" \/><\/a>\r\n<\/dt><\/dl>\r\n\t\t\t<br style='clear: both' \/>\r\n\t\t<\/div>\n\n","protected":false},"excerpt":{"rendered":"","protected":false},"author":6,"featured_media":0,"parent":21476,"menu_order":0,"comment_status":"open","ping_status":"open","template":"","meta":{"_bbp_topic_count":0,"_bbp_reply_count":0,"_bbp_total_topic_count":0,"_bbp_total_reply_count":0,"_bbp_voice_count":0,"_bbp_anonymous_reply_count":0,"_bbp_topic_count_hidden":0,"_bbp_reply_count_hidden":0,"_bbp_forum_subforum_count":0,"footnotes":""},"_links":{"self":[{"href":"https:\/\/www.rozrazil.cz\/index.php?rest_route=\/wp\/v2\/pages\/22517"}],"collection":[{"href":"https:\/\/www.rozrazil.cz\/index.php?rest_route=\/wp\/v2\/pages"}],"about":[{"href":"https:\/\/www.rozrazil.cz\/index.php?rest_route=\/wp\/v2\/types\/page"}],"author":[{"embeddable":true,"href":"https:\/\/www.rozrazil.cz\/index.php?rest_route=\/wp\/v2\/users\/6"}],"replies":[{"embeddable":true,"href":"https:\/\/www.rozrazil.cz\/index.php?rest_route=%2Fwp%2Fv2%2Fcomments&post=22517"}],"version-history":[{"count":2,"href":"https:\/\/www.rozrazil.cz\/index.php?rest_route=\/wp\/v2\/pages\/22517\/revisions"}],"predecessor-version":[{"id":22528,"href":"https:\/\/www.rozrazil.cz\/index.php?rest_route=\/wp\/v2\/pages\/22517\/revisions\/22528"}],"up":[{"embeddable":true,"href":"https:\/\/www.rozrazil.cz\/index.php?rest_route=\/wp\/v2\/pages\/21476"}],"wp:attachment":[{"href":"https:\/\/www.rozrazil.cz\/index.php?rest_route=%2Fwp%2Fv2%2Fmedia&parent=22517"}],"curies":[{"name":"wp","href":"https:\/\/api.w.org\/{rel}","templated":true}]}}