{"id":21957,"date":"2014-03-15T08:55:47","date_gmt":"2014-03-15T08:55:47","guid":{"rendered":"http:\/\/www.rozrazil.cz\/?page_id=21957"},"modified":"2014-03-15T13:26:57","modified_gmt":"2014-03-15T13:26:57","slug":"fotky-z-vikendovky-v-usti-nad-orlici-2014-od-karoliny-lindove","status":"publish","type":"page","link":"https:\/\/www.rozrazil.cz\/?page_id=21957","title":{"rendered":"Fotky z v\u00edkendovky v \u00dast\u00ed nad Orlic\u00ed 2014 od Karol\u00edny Lindov\u00e9"},"content":{"rendered":"\r\n\t\t<style type='text\/css'>\r\n\t\t\t#gallery-1 {\r\n\t\t\t\tmargin: auto;\r\n\t\t\t}\r\n\t\t\t#gallery-1 .gallery-item {\r\n\t\t\t\tfloat: left;\r\n\t\t\t\tmargin-top: 10px;\r\n\t\t\t\ttext-align: center;\r\n\t\t\t\twidth: 25%;\r\n\t\t\t}\r\n\t\t\t#gallery-1 img {\r\n\t\t\t\tborder: 2px solid #cfcfcf;\r\n\t\t\t}\r\n\t\t\t#gallery-1 .gallery-caption {\r\n\t\t\t\tmargin-left: 0;\r\n\t\t\t}\r\n\t\t<\/style>\r\n\t\t<!-- see gallery_shortcode() in wp-includes\/media.php -->\n\t\t<div id='gallery-1' class='gallery galleryid-21957 gallery-columns-4 gallery-size-thumbnail gallery1'><script type=\"text\/javascript\">\r\n\/\/ <![CDATA[\r\n\tjQuery(document).ready(function () {\r\n\t\tjQuery(\".gallery1 a\").attr(\"rel\",\"gallery1\");\t\r\n\t\tjQuery('a[rel=\"gallery1\"]').colorbox({maxWidth:\"95%\", maxHeight:\"95%\",title: function(){ return jQuery(this).children().attr(\"alt\"); }, });\r\n\t});\r\n\/\/ ]]>\r\n<\/script>\n<dl class=\"gallery-item\">\n<dt class=\"gallery-icon\">\r\n<a href=\"https:\/\/www.rozrazil.cz\/wp-content\/uploads\/automaticky-vytvoreny-koncept\/2014\/03\/IMG_4994-1024x768.jpg\" title=\"\" rel=\"gallery1\"><img loading=\"lazy\" decoding=\"async\" src=\"https:\/\/www.rozrazil.cz\/wp-content\/uploads\/automaticky-vytvoreny-koncept\/2014\/03\/IMG_4994-150x150.jpg\" width=\"150\" height=\"150\" alt=\"\" \/><\/a>\r\n<\/dt><\/dl><dl class=\"gallery-item\">\n<dt class=\"gallery-icon\">\r\n<a href=\"https:\/\/www.rozrazil.cz\/wp-content\/uploads\/automaticky-vytvoreny-koncept\/2014\/03\/IMG_4987-768x1024.jpg\" title=\"\" rel=\"gallery1\"><img loading=\"lazy\" decoding=\"async\" src=\"https:\/\/www.rozrazil.cz\/wp-content\/uploads\/automaticky-vytvoreny-koncept\/2014\/03\/IMG_4987-150x150.jpg\" width=\"150\" height=\"150\" alt=\"\" \/><\/a>\r\n<\/dt><\/dl><dl class=\"gallery-item\">\n<dt class=\"gallery-icon\">\r\n<a href=\"https:\/\/www.rozrazil.cz\/wp-content\/uploads\/automaticky-vytvoreny-koncept\/2014\/03\/IMG_4988-1024x768.jpg\" title=\"\" rel=\"gallery1\"><img loading=\"lazy\" decoding=\"async\" src=\"https:\/\/www.rozrazil.cz\/wp-content\/uploads\/automaticky-vytvoreny-koncept\/2014\/03\/IMG_4988-150x150.jpg\" width=\"150\" height=\"150\" alt=\"\" \/><\/a>\r\n<\/dt><\/dl><dl class=\"gallery-item\">\n<dt class=\"gallery-icon\">\r\n<a href=\"https:\/\/www.rozrazil.cz\/wp-content\/uploads\/automaticky-vytvoreny-koncept\/2014\/03\/IMG_4990-1024x768.jpg\" title=\"\" rel=\"gallery1\"><img loading=\"lazy\" decoding=\"async\" src=\"https:\/\/www.rozrazil.cz\/wp-content\/uploads\/automaticky-vytvoreny-koncept\/2014\/03\/IMG_4990-150x150.jpg\" width=\"150\" height=\"150\" alt=\"\" \/><\/a>\r\n<\/dt><\/dl><br style=\"clear: both\" \/><dl class=\"gallery-item\">\n<dt class=\"gallery-icon\">\r\n<a href=\"https:\/\/www.rozrazil.cz\/wp-content\/uploads\/automaticky-vytvoreny-koncept\/2014\/03\/IMG_4995-1024x768.jpg\" title=\"\" rel=\"gallery1\"><img loading=\"lazy\" decoding=\"async\" src=\"https:\/\/www.rozrazil.cz\/wp-content\/uploads\/automaticky-vytvoreny-koncept\/2014\/03\/IMG_4995-150x150.jpg\" width=\"150\" height=\"150\" alt=\"\" \/><\/a>\r\n<\/dt><\/dl><dl class=\"gallery-item\">\n<dt class=\"gallery-icon\">\r\n<a href=\"https:\/\/www.rozrazil.cz\/wp-content\/uploads\/automaticky-vytvoreny-koncept\/2014\/03\/IMG_4999-1024x768.jpg\" title=\"\" rel=\"gallery1\"><img loading=\"lazy\" decoding=\"async\" src=\"https:\/\/www.rozrazil.cz\/wp-content\/uploads\/automaticky-vytvoreny-koncept\/2014\/03\/IMG_4999-150x150.jpg\" width=\"150\" height=\"150\" alt=\"\" \/><\/a>\r\n<\/dt><\/dl><dl class=\"gallery-item\">\n<dt class=\"gallery-icon\">\r\n<a href=\"https:\/\/www.rozrazil.cz\/wp-content\/uploads\/automaticky-vytvoreny-koncept\/2014\/03\/IMG_5002-1024x768.jpg\" title=\"\" rel=\"gallery1\"><img loading=\"lazy\" decoding=\"async\" src=\"https:\/\/www.rozrazil.cz\/wp-content\/uploads\/automaticky-vytvoreny-koncept\/2014\/03\/IMG_5002-150x150.jpg\" width=\"150\" height=\"150\" alt=\"\" \/><\/a>\r\n<\/dt><\/dl><dl class=\"gallery-item\">\n<dt class=\"gallery-icon\">\r\n<a href=\"https:\/\/www.rozrazil.cz\/wp-content\/uploads\/automaticky-vytvoreny-koncept\/2014\/03\/IMG_5005-768x1024.jpg\" title=\"\" rel=\"gallery1\"><img loading=\"lazy\" decoding=\"async\" src=\"https:\/\/www.rozrazil.cz\/wp-content\/uploads\/automaticky-vytvoreny-koncept\/2014\/03\/IMG_5005-150x150.jpg\" width=\"150\" height=\"150\" alt=\"\" \/><\/a>\r\n<\/dt><\/dl><br style=\"clear: both\" \/><dl class=\"gallery-item\">\n<dt class=\"gallery-icon\">\r\n<a href=\"https:\/\/www.rozrazil.cz\/wp-content\/uploads\/automaticky-vytvoreny-koncept\/2014\/03\/IMG_5006-1024x768.jpg\" title=\"\" rel=\"gallery1\"><img loading=\"lazy\" decoding=\"async\" src=\"https:\/\/www.rozrazil.cz\/wp-content\/uploads\/automaticky-vytvoreny-koncept\/2014\/03\/IMG_5006-150x150.jpg\" width=\"150\" height=\"150\" alt=\"\" \/><\/a>\r\n<\/dt><\/dl><dl class=\"gallery-item\">\n<dt class=\"gallery-icon\">\r\n<a href=\"https:\/\/www.rozrazil.cz\/wp-content\/uploads\/automaticky-vytvoreny-koncept\/2014\/03\/IMG_5007-1024x768.jpg\" title=\"\" rel=\"gallery1\"><img loading=\"lazy\" decoding=\"async\" src=\"https:\/\/www.rozrazil.cz\/wp-content\/uploads\/automaticky-vytvoreny-koncept\/2014\/03\/IMG_5007-150x150.jpg\" width=\"150\" height=\"150\" alt=\"\" \/><\/a>\r\n<\/dt><\/dl><dl class=\"gallery-item\">\n<dt class=\"gallery-icon\">\r\n<a href=\"https:\/\/www.rozrazil.cz\/wp-content\/uploads\/automaticky-vytvoreny-koncept\/2014\/03\/IMG_5009-1024x768.jpg\" title=\"\" rel=\"gallery1\"><img loading=\"lazy\" decoding=\"async\" src=\"https:\/\/www.rozrazil.cz\/wp-content\/uploads\/automaticky-vytvoreny-koncept\/2014\/03\/IMG_5009-150x150.jpg\" width=\"150\" height=\"150\" alt=\"\" \/><\/a>\r\n<\/dt><\/dl><dl class=\"gallery-item\">\n<dt class=\"gallery-icon\">\r\n<a href=\"https:\/\/www.rozrazil.cz\/wp-content\/uploads\/automaticky-vytvoreny-koncept\/2014\/03\/IMG_5010-1024x768.jpg\" title=\"\" rel=\"gallery1\"><img loading=\"lazy\" decoding=\"async\" src=\"https:\/\/www.rozrazil.cz\/wp-content\/uploads\/automaticky-vytvoreny-koncept\/2014\/03\/IMG_5010-150x150.jpg\" width=\"150\" height=\"150\" alt=\"\" \/><\/a>\r\n<\/dt><\/dl><br style=\"clear: both\" \/><dl class=\"gallery-item\">\n<dt class=\"gallery-icon\">\r\n<a href=\"https:\/\/www.rozrazil.cz\/wp-content\/uploads\/automaticky-vytvoreny-koncept\/2014\/03\/IMG_5011-1024x768.jpg\" title=\"\" rel=\"gallery1\"><img loading=\"lazy\" decoding=\"async\" src=\"https:\/\/www.rozrazil.cz\/wp-content\/uploads\/automaticky-vytvoreny-koncept\/2014\/03\/IMG_5011-150x150.jpg\" width=\"150\" height=\"150\" alt=\"\" \/><\/a>\r\n<\/dt><\/dl><dl class=\"gallery-item\">\n<dt class=\"gallery-icon\">\r\n<a href=\"https:\/\/www.rozrazil.cz\/wp-content\/uploads\/automaticky-vytvoreny-koncept\/2014\/03\/IMG_5016-1024x768.jpg\" title=\"\" rel=\"gallery1\"><img loading=\"lazy\" decoding=\"async\" src=\"https:\/\/www.rozrazil.cz\/wp-content\/uploads\/automaticky-vytvoreny-koncept\/2014\/03\/IMG_5016-150x150.jpg\" width=\"150\" height=\"150\" alt=\"\" \/><\/a>\r\n<\/dt><\/dl><dl class=\"gallery-item\">\n<dt class=\"gallery-icon\">\r\n<a href=\"https:\/\/www.rozrazil.cz\/wp-content\/uploads\/automaticky-vytvoreny-koncept\/2014\/03\/IMG_5017-768x1024.jpg\" title=\"\" rel=\"gallery1\"><img loading=\"lazy\" decoding=\"async\" src=\"https:\/\/www.rozrazil.cz\/wp-content\/uploads\/automaticky-vytvoreny-koncept\/2014\/03\/IMG_5017-150x150.jpg\" width=\"150\" height=\"150\" alt=\"\" \/><\/a>\r\n<\/dt><\/dl><dl class=\"gallery-item\">\n<dt class=\"gallery-icon\">\r\n<a href=\"https:\/\/www.rozrazil.cz\/wp-content\/uploads\/automaticky-vytvoreny-koncept\/2014\/03\/IMG_5019-1024x768.jpg\" title=\"\" rel=\"gallery1\"><img loading=\"lazy\" decoding=\"async\" src=\"https:\/\/www.rozrazil.cz\/wp-content\/uploads\/automaticky-vytvoreny-koncept\/2014\/03\/IMG_5019-150x150.jpg\" width=\"150\" height=\"150\" alt=\"\" \/><\/a>\r\n<\/dt><\/dl><br style=\"clear: both\" \/><dl class=\"gallery-item\">\n<dt class=\"gallery-icon\">\r\n<a href=\"https:\/\/www.rozrazil.cz\/wp-content\/uploads\/automaticky-vytvoreny-koncept\/2014\/03\/IMG_5023-1024x768.jpg\" title=\"\" rel=\"gallery1\"><img loading=\"lazy\" decoding=\"async\" src=\"https:\/\/www.rozrazil.cz\/wp-content\/uploads\/automaticky-vytvoreny-koncept\/2014\/03\/IMG_5023-150x150.jpg\" width=\"150\" height=\"150\" alt=\"\" \/><\/a>\r\n<\/dt><\/dl><dl class=\"gallery-item\">\n<dt class=\"gallery-icon\">\r\n<a href=\"https:\/\/www.rozrazil.cz\/wp-content\/uploads\/automaticky-vytvoreny-koncept\/2014\/03\/IMG_5025-1024x768.jpg\" title=\"\" rel=\"gallery1\"><img loading=\"lazy\" decoding=\"async\" src=\"https:\/\/www.rozrazil.cz\/wp-content\/uploads\/automaticky-vytvoreny-koncept\/2014\/03\/IMG_5025-150x150.jpg\" width=\"150\" height=\"150\" alt=\"\" \/><\/a>\r\n<\/dt><\/dl><dl class=\"gallery-item\">\n<dt class=\"gallery-icon\">\r\n<a href=\"https:\/\/www.rozrazil.cz\/wp-content\/uploads\/automaticky-vytvoreny-koncept\/2014\/03\/IMG_5027-1024x768.jpg\" title=\"\" rel=\"gallery1\"><img loading=\"lazy\" decoding=\"async\" src=\"https:\/\/www.rozrazil.cz\/wp-content\/uploads\/automaticky-vytvoreny-koncept\/2014\/03\/IMG_5027-150x150.jpg\" width=\"150\" height=\"150\" alt=\"\" \/><\/a>\r\n<\/dt><\/dl><dl class=\"gallery-item\">\n<dt class=\"gallery-icon\">\r\n<a href=\"https:\/\/www.rozrazil.cz\/wp-content\/uploads\/automaticky-vytvoreny-koncept\/2014\/03\/IMG_5031-1024x768.jpg\" title=\"\" rel=\"gallery1\"><img loading=\"lazy\" decoding=\"async\" src=\"https:\/\/www.rozrazil.cz\/wp-content\/uploads\/automaticky-vytvoreny-koncept\/2014\/03\/IMG_5031-150x150.jpg\" width=\"150\" height=\"150\" alt=\"\" \/><\/a>\r\n<\/dt><\/dl><br style=\"clear: both\" \/><dl class=\"gallery-item\">\n<dt class=\"gallery-icon\">\r\n<a href=\"https:\/\/www.rozrazil.cz\/wp-content\/uploads\/automaticky-vytvoreny-koncept\/2014\/03\/IMG_5033-1024x768.jpg\" title=\"\" rel=\"gallery1\"><img loading=\"lazy\" decoding=\"async\" src=\"https:\/\/www.rozrazil.cz\/wp-content\/uploads\/automaticky-vytvoreny-koncept\/2014\/03\/IMG_5033-150x150.jpg\" width=\"150\" height=\"150\" alt=\"\" \/><\/a>\r\n<\/dt><\/dl><dl class=\"gallery-item\">\n<dt class=\"gallery-icon\">\r\n<a href=\"https:\/\/www.rozrazil.cz\/wp-content\/uploads\/automaticky-vytvoreny-koncept\/2014\/03\/IMG_5034-1024x768.jpg\" title=\"\" rel=\"gallery1\"><img loading=\"lazy\" decoding=\"async\" src=\"https:\/\/www.rozrazil.cz\/wp-content\/uploads\/automaticky-vytvoreny-koncept\/2014\/03\/IMG_5034-150x150.jpg\" width=\"150\" height=\"150\" alt=\"\" \/><\/a>\r\n<\/dt><\/dl><dl class=\"gallery-item\">\n<dt class=\"gallery-icon\">\r\n<a href=\"https:\/\/www.rozrazil.cz\/wp-content\/uploads\/automaticky-vytvoreny-koncept\/2014\/03\/IMG_5035-1024x768.jpg\" title=\"\" rel=\"gallery1\"><img loading=\"lazy\" decoding=\"async\" src=\"https:\/\/www.rozrazil.cz\/wp-content\/uploads\/automaticky-vytvoreny-koncept\/2014\/03\/IMG_5035-150x150.jpg\" width=\"150\" height=\"150\" alt=\"\" \/><\/a>\r\n<\/dt><\/dl><dl class=\"gallery-item\">\n<dt class=\"gallery-icon\">\r\n<a href=\"https:\/\/www.rozrazil.cz\/wp-content\/uploads\/automaticky-vytvoreny-koncept\/2014\/03\/IMG_5042-1024x768.jpg\" title=\"\" rel=\"gallery1\"><img loading=\"lazy\" decoding=\"async\" src=\"https:\/\/www.rozrazil.cz\/wp-content\/uploads\/automaticky-vytvoreny-koncept\/2014\/03\/IMG_5042-150x150.jpg\" width=\"150\" height=\"150\" alt=\"\" \/><\/a>\r\n<\/dt><\/dl><br style=\"clear: both\" \/><dl class=\"gallery-item\">\n<dt class=\"gallery-icon\">\r\n<a href=\"https:\/\/www.rozrazil.cz\/wp-content\/uploads\/automaticky-vytvoreny-koncept\/2014\/03\/IMG_5045-768x1024.jpg\" title=\"\" rel=\"gallery1\"><img loading=\"lazy\" decoding=\"async\" src=\"https:\/\/www.rozrazil.cz\/wp-content\/uploads\/automaticky-vytvoreny-koncept\/2014\/03\/IMG_5045-150x150.jpg\" width=\"150\" height=\"150\" alt=\"\" \/><\/a>\r\n<\/dt><\/dl><dl class=\"gallery-item\">\n<dt class=\"gallery-icon\">\r\n<a href=\"https:\/\/www.rozrazil.cz\/wp-content\/uploads\/automaticky-vytvoreny-koncept\/2014\/03\/IMG_5047.jpg\" title=\"\" rel=\"gallery1\"><img loading=\"lazy\" decoding=\"async\" src=\"https:\/\/www.rozrazil.cz\/wp-content\/uploads\/automaticky-vytvoreny-koncept\/2014\/03\/IMG_5047-150x150.jpg\" width=\"150\" height=\"150\" alt=\"\" \/><\/a>\r\n<\/dt><\/dl><dl class=\"gallery-item\">\n<dt class=\"gallery-icon\">\r\n<a href=\"https:\/\/www.rozrazil.cz\/wp-content\/uploads\/automaticky-vytvoreny-koncept\/2014\/03\/IMG_5048-768x1024.jpg\" title=\"\" rel=\"gallery1\"><img loading=\"lazy\" decoding=\"async\" src=\"https:\/\/www.rozrazil.cz\/wp-content\/uploads\/automaticky-vytvoreny-koncept\/2014\/03\/IMG_5048-150x150.jpg\" width=\"150\" height=\"150\" alt=\"\" \/><\/a>\r\n<\/dt><\/dl><dl class=\"gallery-item\">\n<dt class=\"gallery-icon\">\r\n<a href=\"https:\/\/www.rozrazil.cz\/wp-content\/uploads\/automaticky-vytvoreny-koncept\/2014\/03\/IMG_5049-1024x768.jpg\" title=\"\" rel=\"gallery1\"><img loading=\"lazy\" decoding=\"async\" src=\"https:\/\/www.rozrazil.cz\/wp-content\/uploads\/automaticky-vytvoreny-koncept\/2014\/03\/IMG_5049-150x150.jpg\" width=\"150\" height=\"150\" alt=\"\" \/><\/a>\r\n<\/dt><\/dl><br style=\"clear: both\" \/><dl class=\"gallery-item\">\n<dt class=\"gallery-icon\">\r\n<a href=\"https:\/\/www.rozrazil.cz\/wp-content\/uploads\/automaticky-vytvoreny-koncept\/2014\/03\/IMG_5050-768x1024.jpg\" title=\"\" rel=\"gallery1\"><img loading=\"lazy\" decoding=\"async\" src=\"https:\/\/www.rozrazil.cz\/wp-content\/uploads\/automaticky-vytvoreny-koncept\/2014\/03\/IMG_5050-150x150.jpg\" width=\"150\" height=\"150\" alt=\"\" \/><\/a>\r\n<\/dt><\/dl><dl class=\"gallery-item\">\n<dt class=\"gallery-icon\">\r\n<a href=\"https:\/\/www.rozrazil.cz\/wp-content\/uploads\/automaticky-vytvoreny-koncept\/2014\/03\/IMG_5051-1024x768.jpg\" title=\"\" rel=\"gallery1\"><img loading=\"lazy\" decoding=\"async\" src=\"https:\/\/www.rozrazil.cz\/wp-content\/uploads\/automaticky-vytvoreny-koncept\/2014\/03\/IMG_5051-150x150.jpg\" width=\"150\" height=\"150\" alt=\"\" \/><\/a>\r\n<\/dt><\/dl><dl class=\"gallery-item\">\n<dt class=\"gallery-icon\">\r\n<a href=\"https:\/\/www.rozrazil.cz\/wp-content\/uploads\/automaticky-vytvoreny-koncept\/2014\/03\/IMG_5052-1024x768.jpg\" title=\"\" rel=\"gallery1\"><img loading=\"lazy\" decoding=\"async\" src=\"https:\/\/www.rozrazil.cz\/wp-content\/uploads\/automaticky-vytvoreny-koncept\/2014\/03\/IMG_5052-150x150.jpg\" width=\"150\" height=\"150\" alt=\"\" \/><\/a>\r\n<\/dt><\/dl><dl class=\"gallery-item\">\n<dt class=\"gallery-icon\">\r\n<a href=\"https:\/\/www.rozrazil.cz\/wp-content\/uploads\/automaticky-vytvoreny-koncept\/2014\/03\/IMG_5053-1024x768.jpg\" title=\"\" rel=\"gallery1\"><img loading=\"lazy\" decoding=\"async\" src=\"https:\/\/www.rozrazil.cz\/wp-content\/uploads\/automaticky-vytvoreny-koncept\/2014\/03\/IMG_5053-150x150.jpg\" width=\"150\" height=\"150\" alt=\"\" \/><\/a>\r\n<\/dt><\/dl><br style=\"clear: both\" \/><dl class=\"gallery-item\">\n<dt class=\"gallery-icon\">\r\n<a href=\"https:\/\/www.rozrazil.cz\/wp-content\/uploads\/automaticky-vytvoreny-koncept\/2014\/03\/IMG_5054-1024x768.jpg\" title=\"\" rel=\"gallery1\"><img loading=\"lazy\" decoding=\"async\" src=\"https:\/\/www.rozrazil.cz\/wp-content\/uploads\/automaticky-vytvoreny-koncept\/2014\/03\/IMG_5054-150x150.jpg\" width=\"150\" height=\"150\" alt=\"\" \/><\/a>\r\n<\/dt><\/dl><dl class=\"gallery-item\">\n<dt class=\"gallery-icon\">\r\n<a href=\"https:\/\/www.rozrazil.cz\/wp-content\/uploads\/automaticky-vytvoreny-koncept\/2014\/03\/IMG_5056-1024x768.jpg\" title=\"\" rel=\"gallery1\"><img loading=\"lazy\" decoding=\"async\" src=\"https:\/\/www.rozrazil.cz\/wp-content\/uploads\/automaticky-vytvoreny-koncept\/2014\/03\/IMG_5056-150x150.jpg\" width=\"150\" height=\"150\" alt=\"\" \/><\/a>\r\n<\/dt><\/dl><dl class=\"gallery-item\">\n<dt class=\"gallery-icon\">\r\n<a href=\"https:\/\/www.rozrazil.cz\/wp-content\/uploads\/automaticky-vytvoreny-koncept\/2014\/03\/IMG_5058-1024x768.jpg\" title=\"\" rel=\"gallery1\"><img loading=\"lazy\" decoding=\"async\" src=\"https:\/\/www.rozrazil.cz\/wp-content\/uploads\/automaticky-vytvoreny-koncept\/2014\/03\/IMG_5058-150x150.jpg\" width=\"150\" height=\"150\" alt=\"\" \/><\/a>\r\n<\/dt><\/dl><dl class=\"gallery-item\">\n<dt class=\"gallery-icon\">\r\n<a href=\"https:\/\/www.rozrazil.cz\/wp-content\/uploads\/automaticky-vytvoreny-koncept\/2014\/03\/IMG_5061-768x1024.jpg\" title=\"\" rel=\"gallery1\"><img loading=\"lazy\" decoding=\"async\" src=\"https:\/\/www.rozrazil.cz\/wp-content\/uploads\/automaticky-vytvoreny-koncept\/2014\/03\/IMG_5061-150x150.jpg\" width=\"150\" height=\"150\" alt=\"\" \/><\/a>\r\n<\/dt><\/dl><br style=\"clear: both\" \/><dl class=\"gallery-item\">\n<dt class=\"gallery-icon\">\r\n<a href=\"https:\/\/www.rozrazil.cz\/wp-content\/uploads\/automaticky-vytvoreny-koncept\/2014\/03\/IMG_5066-768x1024.jpg\" title=\"\" rel=\"gallery1\"><img loading=\"lazy\" decoding=\"async\" src=\"https:\/\/www.rozrazil.cz\/wp-content\/uploads\/automaticky-vytvoreny-koncept\/2014\/03\/IMG_5066-150x150.jpg\" width=\"150\" height=\"150\" alt=\"\" \/><\/a>\r\n<\/dt><\/dl><dl class=\"gallery-item\">\n<dt class=\"gallery-icon\">\r\n<a href=\"https:\/\/www.rozrazil.cz\/wp-content\/uploads\/automaticky-vytvoreny-koncept\/2014\/03\/IMG_5071-1024x768.jpg\" title=\"\" rel=\"gallery1\"><img loading=\"lazy\" decoding=\"async\" src=\"https:\/\/www.rozrazil.cz\/wp-content\/uploads\/automaticky-vytvoreny-koncept\/2014\/03\/IMG_5071-150x150.jpg\" width=\"150\" height=\"150\" alt=\"\" \/><\/a>\r\n<\/dt><\/dl><dl class=\"gallery-item\">\n<dt class=\"gallery-icon\">\r\n<a href=\"https:\/\/www.rozrazil.cz\/wp-content\/uploads\/automaticky-vytvoreny-koncept\/2014\/03\/IMG_5073-1024x768.jpg\" title=\"\" rel=\"gallery1\"><img loading=\"lazy\" decoding=\"async\" src=\"https:\/\/www.rozrazil.cz\/wp-content\/uploads\/automaticky-vytvoreny-koncept\/2014\/03\/IMG_5073-150x150.jpg\" width=\"150\" height=\"150\" alt=\"\" \/><\/a>\r\n<\/dt><\/dl><dl class=\"gallery-item\">\n<dt class=\"gallery-icon\">\r\n<a href=\"https:\/\/www.rozrazil.cz\/wp-content\/uploads\/automaticky-vytvoreny-koncept\/2014\/03\/IMG_5075-1024x768.jpg\" title=\"\" rel=\"gallery1\"><img loading=\"lazy\" decoding=\"async\" src=\"https:\/\/www.rozrazil.cz\/wp-content\/uploads\/automaticky-vytvoreny-koncept\/2014\/03\/IMG_5075-150x150.jpg\" width=\"150\" height=\"150\" alt=\"\" \/><\/a>\r\n<\/dt><\/dl><br style=\"clear: both\" \/><dl class=\"gallery-item\">\n<dt class=\"gallery-icon\">\r\n<a href=\"https:\/\/www.rozrazil.cz\/wp-content\/uploads\/automaticky-vytvoreny-koncept\/2014\/03\/IMG_5078-768x1024.jpg\" title=\"\" rel=\"gallery1\"><img loading=\"lazy\" decoding=\"async\" src=\"https:\/\/www.rozrazil.cz\/wp-content\/uploads\/automaticky-vytvoreny-koncept\/2014\/03\/IMG_5078-150x150.jpg\" width=\"150\" height=\"150\" alt=\"\" \/><\/a>\r\n<\/dt><\/dl><dl class=\"gallery-item\">\n<dt class=\"gallery-icon\">\r\n<a href=\"https:\/\/www.rozrazil.cz\/wp-content\/uploads\/automaticky-vytvoreny-koncept\/2014\/03\/IMG_5081-1024x768.jpg\" title=\"\" rel=\"gallery1\"><img loading=\"lazy\" decoding=\"async\" src=\"https:\/\/www.rozrazil.cz\/wp-content\/uploads\/automaticky-vytvoreny-koncept\/2014\/03\/IMG_5081-150x150.jpg\" width=\"150\" height=\"150\" alt=\"\" \/><\/a>\r\n<\/dt><\/dl>\r\n\t\t\t<br style='clear: both' \/>\r\n\t\t<\/div>\n\n","protected":false},"excerpt":{"rendered":"","protected":false},"author":60,"featured_media":0,"parent":21476,"menu_order":0,"comment_status":"open","ping_status":"open","template":"","meta":{"_bbp_topic_count":0,"_bbp_reply_count":0,"_bbp_total_topic_count":0,"_bbp_total_reply_count":0,"_bbp_voice_count":0,"_bbp_anonymous_reply_count":0,"_bbp_topic_count_hidden":0,"_bbp_reply_count_hidden":0,"_bbp_forum_subforum_count":0,"footnotes":""},"_links":{"self":[{"href":"https:\/\/www.rozrazil.cz\/index.php?rest_route=\/wp\/v2\/pages\/21957"}],"collection":[{"href":"https:\/\/www.rozrazil.cz\/index.php?rest_route=\/wp\/v2\/pages"}],"about":[{"href":"https:\/\/www.rozrazil.cz\/index.php?rest_route=\/wp\/v2\/types\/page"}],"author":[{"embeddable":true,"href":"https:\/\/www.rozrazil.cz\/index.php?rest_route=\/wp\/v2\/users\/60"}],"replies":[{"embeddable":true,"href":"https:\/\/www.rozrazil.cz\/index.php?rest_route=%2Fwp%2Fv2%2Fcomments&post=21957"}],"version-history":[{"count":1,"href":"https:\/\/www.rozrazil.cz\/index.php?rest_route=\/wp\/v2\/pages\/21957\/revisions"}],"predecessor-version":[{"id":22000,"href":"https:\/\/www.rozrazil.cz\/index.php?rest_route=\/wp\/v2\/pages\/21957\/revisions\/22000"}],"up":[{"embeddable":true,"href":"https:\/\/www.rozrazil.cz\/index.php?rest_route=\/wp\/v2\/pages\/21476"}],"wp:attachment":[{"href":"https:\/\/www.rozrazil.cz\/index.php?rest_route=%2Fwp%2Fv2%2Fmedia&parent=21957"}],"curies":[{"name":"wp","href":"https:\/\/api.w.org\/{rel}","templated":true}]}}