{"id":21795,"date":"2014-03-12T17:13:56","date_gmt":"2014-03-12T17:13:56","guid":{"rendered":"http:\/\/www.rozrazil.cz\/?page_id=21795"},"modified":"2014-03-25T23:42:19","modified_gmt":"2014-03-25T23:42:19","slug":"fotky-z-vikendovky-v-usti-nad-orlici-2014-nafocene-pamatky","status":"publish","type":"page","link":"https:\/\/www.rozrazil.cz\/?page_id=21795","title":{"rendered":"Fotky z v\u00edkendovky v \u00dast\u00ed nad Orlic\u00ed 2014 od r\u016fzn\u00fdch skupin nafocen\u00e9 pam\u00e1tky"},"content":{"rendered":"<p>\r\n\t\t<style type='text\/css'>\r\n\t\t\t#gallery-1 {\r\n\t\t\t\tmargin: auto;\r\n\t\t\t}\r\n\t\t\t#gallery-1 .gallery-item {\r\n\t\t\t\tfloat: left;\r\n\t\t\t\tmargin-top: 10px;\r\n\t\t\t\ttext-align: center;\r\n\t\t\t\twidth: 25%;\r\n\t\t\t}\r\n\t\t\t#gallery-1 img {\r\n\t\t\t\tborder: 2px solid #cfcfcf;\r\n\t\t\t}\r\n\t\t\t#gallery-1 .gallery-caption {\r\n\t\t\t\tmargin-left: 0;\r\n\t\t\t}\r\n\t\t<\/style>\r\n\t\t<!-- see gallery_shortcode() in wp-includes\/media.php -->\n\t\t<div id='gallery-1' class='gallery galleryid-21795 gallery-columns-4 gallery-size-thumbnail gallery1'><script type=\"text\/javascript\">\r\n\/\/ <![CDATA[\r\n\tjQuery(document).ready(function () {\r\n\t\tjQuery(\".gallery1 a\").attr(\"rel\",\"gallery1\");\t\r\n\t\tjQuery('a[rel=\"gallery1\"]').colorbox({maxWidth:\"95%\", maxHeight:\"95%\",title: function(){ return jQuery(this).children().attr(\"alt\"); }, });\r\n\t});\r\n\/\/ ]]>\r\n<\/script>\n<dl class=\"gallery-item\">\n<dt class=\"gallery-icon\">\r\n<a href=\"https:\/\/www.rozrazil.cz\/wp-content\/uploads\/fotky-z-vikendovky-v-usti-nad-orlici-2014-nafocene-pamatky\/2014\/03\/2014-usti-pamatky_\u00dast\u00ed_nad_Orlic\u00ed_Bo\u017e\u00ed_muka_a_Souso\u0161\u00ed_Nejsv\u011bt\u011bj\u0161\u00ed_Trojice-768x1024.jpg\" title=\"CC-BY-SA 3.0\" rel=\"gallery1\"><img loading=\"lazy\" decoding=\"async\" src=\"https:\/\/www.rozrazil.cz\/wp-content\/uploads\/fotky-z-vikendovky-v-usti-nad-orlici-2014-nafocene-pamatky\/2014\/03\/2014-usti-pamatky_\u00dast\u00ed_nad_Orlic\u00ed_Bo\u017e\u00ed_muka_a_Souso\u0161\u00ed_Nejsv\u011bt\u011bj\u0161\u00ed_Trojice-150x150.jpg\" width=\"150\" height=\"150\" alt=\"CC-BY-SA 3.0\" \/><\/a>\r\n<\/dt><dd class=\"gallery-caption\" id=\"caption21796\"><span class=\"imagecaption\">CC-BY-SA 3.0<\/span><br \/>\n<\/dd><\/dl><dl class=\"gallery-item\">\n<dt class=\"gallery-icon\">\r\n<a href=\"https:\/\/www.rozrazil.cz\/wp-content\/uploads\/fotky-z-vikendovky-v-usti-nad-orlici-2014-nafocene-pamatky\/2014\/03\/2014-usti-pamatky_\u00dast\u00ed_nad_Orlic\u00ed_Hartmanova_vila-1024x768.jpg\" title=\"CC-BY-SA 3.0\" rel=\"gallery1\"><img loading=\"lazy\" decoding=\"async\" src=\"https:\/\/www.rozrazil.cz\/wp-content\/uploads\/fotky-z-vikendovky-v-usti-nad-orlici-2014-nafocene-pamatky\/2014\/03\/2014-usti-pamatky_\u00dast\u00ed_nad_Orlic\u00ed_Hartmanova_vila-150x150.jpg\" width=\"150\" height=\"150\" alt=\"CC-BY-SA 3.0\" \/><\/a>\r\n<\/dt><dd class=\"gallery-caption\" id=\"caption21797\"><span class=\"imagecaption\">CC-BY-SA 3.0<\/span><br \/>\n<\/dd><\/dl><dl class=\"gallery-item\">\n<dt class=\"gallery-icon\">\r\n<a href=\"https:\/\/www.rozrazil.cz\/wp-content\/uploads\/fotky-z-vikendovky-v-usti-nad-orlici-2014-nafocene-pamatky\/2014\/03\/2014-usti-pamatky_\u00dast\u00ed_nad_Orlic\u00ed_Kaple_svat\u00e9ho_Jana_K\u0159titele-768x1024.jpg\" title=\"CC-BY-SA 3.0\" rel=\"gallery1\"><img loading=\"lazy\" decoding=\"async\" src=\"https:\/\/www.rozrazil.cz\/wp-content\/uploads\/fotky-z-vikendovky-v-usti-nad-orlici-2014-nafocene-pamatky\/2014\/03\/2014-usti-pamatky_\u00dast\u00ed_nad_Orlic\u00ed_Kaple_svat\u00e9ho_Jana_K\u0159titele-150x150.jpg\" width=\"150\" height=\"150\" alt=\"CC-BY-SA 3.0\" \/><\/a>\r\n<\/dt><dd class=\"gallery-caption\" id=\"caption21798\"><span class=\"imagecaption\">CC-BY-SA 3.0<\/span><br \/>\n<\/dd><\/dl><dl class=\"gallery-item\">\n<dt class=\"gallery-icon\">\r\n<a href=\"https:\/\/www.rozrazil.cz\/wp-content\/uploads\/fotky-z-vikendovky-v-usti-nad-orlici-2014-nafocene-pamatky\/2014\/03\/2014-usti-pamatky_\u00dast\u00ed_nad_Orlic\u00ed_M\u011b\u0161\u0165ansk\u00fd_d\u016fm_Mistra_Jaroslava_Koci\u00e1na_\u010d.p._84-682x1024.jpg\" title=\"CC-BY-SA 3.0\" rel=\"gallery1\"><img loading=\"lazy\" decoding=\"async\" src=\"https:\/\/www.rozrazil.cz\/wp-content\/uploads\/fotky-z-vikendovky-v-usti-nad-orlici-2014-nafocene-pamatky\/2014\/03\/2014-usti-pamatky_\u00dast\u00ed_nad_Orlic\u00ed_M\u011b\u0161\u0165ansk\u00fd_d\u016fm_Mistra_Jaroslava_Koci\u00e1na_\u010d.p._84-150x150.jpg\" width=\"150\" height=\"150\" alt=\"CC-BY-SA 3.0\" \/><\/a>\r\n<\/dt><dd class=\"gallery-caption\" id=\"caption21799\"><span class=\"imagecaption\">CC-BY-SA 3.0<\/span><br \/>\n<\/dd><\/dl><br style=\"clear: both\" \/><dl class=\"gallery-item\">\n<dt class=\"gallery-icon\">\r\n<a href=\"https:\/\/www.rozrazil.cz\/wp-content\/uploads\/fotky-z-vikendovky-v-usti-nad-orlici-2014-nafocene-pamatky\/2014\/03\/2014-usti-pamatky_\u00dast\u00ed_nad_Orlic\u00ed_Socha_Bi\u010dov\u00e1n\u00ed_Krista_Detail_1-1024x682.jpg\" title=\"CC-BY-SA 3.0\" rel=\"gallery1\"><img loading=\"lazy\" decoding=\"async\" src=\"https:\/\/www.rozrazil.cz\/wp-content\/uploads\/fotky-z-vikendovky-v-usti-nad-orlici-2014-nafocene-pamatky\/2014\/03\/2014-usti-pamatky_\u00dast\u00ed_nad_Orlic\u00ed_Socha_Bi\u010dov\u00e1n\u00ed_Krista_Detail_1-150x150.jpg\" width=\"150\" height=\"150\" alt=\"CC-BY-SA 3.0\" \/><\/a>\r\n<\/dt><dd class=\"gallery-caption\" id=\"caption21800\"><span class=\"imagecaption\">CC-BY-SA 3.0<\/span><br \/>\n<\/dd><\/dl><dl class=\"gallery-item\">\n<dt class=\"gallery-icon\">\r\n<a href=\"https:\/\/www.rozrazil.cz\/wp-content\/uploads\/fotky-z-vikendovky-v-usti-nad-orlici-2014-nafocene-pamatky\/2014\/03\/2014-usti-pamatky_\u00dast\u00ed_nad_Orlic\u00ed_Socha_Bi\u010dov\u00e1n\u00ed_Krista_Detail_2-1024x682.jpg\" title=\"CC-BY-SA 3.0\" rel=\"gallery1\"><img loading=\"lazy\" decoding=\"async\" src=\"https:\/\/www.rozrazil.cz\/wp-content\/uploads\/fotky-z-vikendovky-v-usti-nad-orlici-2014-nafocene-pamatky\/2014\/03\/2014-usti-pamatky_\u00dast\u00ed_nad_Orlic\u00ed_Socha_Bi\u010dov\u00e1n\u00ed_Krista_Detail_2-150x150.jpg\" width=\"150\" height=\"150\" alt=\"CC-BY-SA 3.0\" \/><\/a>\r\n<\/dt><dd class=\"gallery-caption\" id=\"caption21801\"><span class=\"imagecaption\">CC-BY-SA 3.0<\/span><br \/>\n<\/dd><\/dl><dl class=\"gallery-item\">\n<dt class=\"gallery-icon\">\r\n<a href=\"https:\/\/www.rozrazil.cz\/wp-content\/uploads\/fotky-z-vikendovky-v-usti-nad-orlici-2014-nafocene-pamatky\/2014\/03\/2014-usti-pamatky_\u00dast\u00ed_nad_Orlic\u00ed_Socha_Bi\u010dov\u00e1n\u00ed_Krista_Detail_3-1024x682.jpg\" title=\"CC-BY-SA 3.0\" rel=\"gallery1\"><img loading=\"lazy\" decoding=\"async\" src=\"https:\/\/www.rozrazil.cz\/wp-content\/uploads\/fotky-z-vikendovky-v-usti-nad-orlici-2014-nafocene-pamatky\/2014\/03\/2014-usti-pamatky_\u00dast\u00ed_nad_Orlic\u00ed_Socha_Bi\u010dov\u00e1n\u00ed_Krista_Detail_3-150x150.jpg\" width=\"150\" height=\"150\" alt=\"CC-BY-SA 3.0\" \/><\/a>\r\n<\/dt><dd class=\"gallery-caption\" id=\"caption21802\"><span class=\"imagecaption\">CC-BY-SA 3.0<\/span><br \/>\n<\/dd><\/dl><dl class=\"gallery-item\">\n<dt class=\"gallery-icon\">\r\n<a href=\"https:\/\/www.rozrazil.cz\/wp-content\/uploads\/fotky-z-vikendovky-v-usti-nad-orlici-2014-nafocene-pamatky\/2014\/03\/2014-usti-pamatky_\u00dast\u00ed_nad_Orlic\u00ed_Socha_Bi\u010dov\u00e1n\u00ed_Krista_Detail_4-1024x682.jpg\" title=\"CC-BY-SA 3.0\" rel=\"gallery1\"><img loading=\"lazy\" decoding=\"async\" src=\"https:\/\/www.rozrazil.cz\/wp-content\/uploads\/fotky-z-vikendovky-v-usti-nad-orlici-2014-nafocene-pamatky\/2014\/03\/2014-usti-pamatky_\u00dast\u00ed_nad_Orlic\u00ed_Socha_Bi\u010dov\u00e1n\u00ed_Krista_Detail_4-150x150.jpg\" width=\"150\" height=\"150\" alt=\"CC-BY-SA 3.0\" \/><\/a>\r\n<\/dt><dd class=\"gallery-caption\" id=\"caption21803\"><span class=\"imagecaption\">CC-BY-SA 3.0<\/span><br \/>\n<\/dd><\/dl><br style=\"clear: both\" \/><dl class=\"gallery-item\">\n<dt class=\"gallery-icon\">\r\n<a href=\"https:\/\/www.rozrazil.cz\/wp-content\/uploads\/fotky-z-vikendovky-v-usti-nad-orlici-2014-nafocene-pamatky\/2014\/03\/2014-usti-pamatky_\u00dast\u00ed_nad_Orlic\u00ed_Socha_Bi\u010dov\u00e1n\u00ed_Krista_Detail_5-1024x682.jpg\" title=\"CC-BY-SA 3.0\" rel=\"gallery1\"><img loading=\"lazy\" decoding=\"async\" src=\"https:\/\/www.rozrazil.cz\/wp-content\/uploads\/fotky-z-vikendovky-v-usti-nad-orlici-2014-nafocene-pamatky\/2014\/03\/2014-usti-pamatky_\u00dast\u00ed_nad_Orlic\u00ed_Socha_Bi\u010dov\u00e1n\u00ed_Krista_Detail_5-150x150.jpg\" width=\"150\" height=\"150\" alt=\"CC-BY-SA 3.0\" \/><\/a>\r\n<\/dt><dd class=\"gallery-caption\" id=\"caption21804\"><span class=\"imagecaption\">CC-BY-SA 3.0<\/span><br \/>\n<\/dd><\/dl><dl class=\"gallery-item\">\n<dt class=\"gallery-icon\">\r\n<a href=\"https:\/\/www.rozrazil.cz\/wp-content\/uploads\/fotky-z-vikendovky-v-usti-nad-orlici-2014-nafocene-pamatky\/2014\/03\/2014-usti-pamatky_\u00dast\u00ed_nad_Orlic\u00ed_Socha_Bi\u010dov\u00e1n\u00ed_Krista_HDR-682x1024.jpg\" title=\"CC-BY-SA 3.0\" rel=\"gallery1\"><img loading=\"lazy\" decoding=\"async\" src=\"https:\/\/www.rozrazil.cz\/wp-content\/uploads\/fotky-z-vikendovky-v-usti-nad-orlici-2014-nafocene-pamatky\/2014\/03\/2014-usti-pamatky_\u00dast\u00ed_nad_Orlic\u00ed_Socha_Bi\u010dov\u00e1n\u00ed_Krista_HDR-150x150.jpg\" width=\"150\" height=\"150\" alt=\"CC-BY-SA 3.0\" \/><\/a>\r\n<\/dt><dd class=\"gallery-caption\" id=\"caption21805\"><span class=\"imagecaption\">CC-BY-SA 3.0<\/span><br \/>\n<\/dd><\/dl><dl class=\"gallery-item\">\n<dt class=\"gallery-icon\">\r\n<a href=\"https:\/\/www.rozrazil.cz\/wp-content\/uploads\/fotky-z-vikendovky-v-usti-nad-orlici-2014-nafocene-pamatky\/2014\/03\/2014-usti-pamatky_\u00dast\u00ed_nad_Orlic\u00ed_Socha_Bi\u010dov\u00e1n\u00ed_Singleshot_HDR-682x1024.jpg\" title=\"CC-BY-SA 3.0\" rel=\"gallery1\"><img loading=\"lazy\" decoding=\"async\" src=\"https:\/\/www.rozrazil.cz\/wp-content\/uploads\/fotky-z-vikendovky-v-usti-nad-orlici-2014-nafocene-pamatky\/2014\/03\/2014-usti-pamatky_\u00dast\u00ed_nad_Orlic\u00ed_Socha_Bi\u010dov\u00e1n\u00ed_Singleshot_HDR-150x150.jpg\" width=\"150\" height=\"150\" alt=\"CC-BY-SA 3.0\" \/><\/a>\r\n<\/dt><dd class=\"gallery-caption\" id=\"caption21806\"><span class=\"imagecaption\">CC-BY-SA 3.0<\/span><br \/>\n<\/dd><\/dl><dl class=\"gallery-item\">\n<dt class=\"gallery-icon\">\r\n<a href=\"https:\/\/www.rozrazil.cz\/wp-content\/uploads\/fotky-z-vikendovky-v-usti-nad-orlici-2014-nafocene-pamatky\/2014\/03\/2014-usti-pamatky_\u00dast\u00ed_nad_Orlic\u00ed_Socha_Ikara-1024x768.jpg\" title=\"CC-BY-SA 3.0\" rel=\"gallery1\"><img loading=\"lazy\" decoding=\"async\" src=\"https:\/\/www.rozrazil.cz\/wp-content\/uploads\/fotky-z-vikendovky-v-usti-nad-orlici-2014-nafocene-pamatky\/2014\/03\/2014-usti-pamatky_\u00dast\u00ed_nad_Orlic\u00ed_Socha_Ikara-150x150.jpg\" width=\"150\" height=\"150\" alt=\"CC-BY-SA 3.0\" \/><\/a>\r\n<\/dt><dd class=\"gallery-caption\" id=\"caption21807\"><span class=\"imagecaption\">CC-BY-SA 3.0<\/span><br \/>\n<\/dd><\/dl><br style=\"clear: both\" \/><dl class=\"gallery-item\">\n<dt class=\"gallery-icon\">\r\n<a href=\"https:\/\/www.rozrazil.cz\/wp-content\/uploads\/fotky-z-vikendovky-v-usti-nad-orlici-2014-nafocene-pamatky\/2014\/03\/2014-usti-pamatky_\u00dast\u00ed_nad_Orlic\u00ed_Socha_Ikara_2-768x1024.jpg\" title=\"CC-BY-SA 3.0\" rel=\"gallery1\"><img loading=\"lazy\" decoding=\"async\" src=\"https:\/\/www.rozrazil.cz\/wp-content\/uploads\/fotky-z-vikendovky-v-usti-nad-orlici-2014-nafocene-pamatky\/2014\/03\/2014-usti-pamatky_\u00dast\u00ed_nad_Orlic\u00ed_Socha_Ikara_2-150x150.jpg\" width=\"150\" height=\"150\" alt=\"CC-BY-SA 3.0\" \/><\/a>\r\n<\/dt><dd class=\"gallery-caption\" id=\"caption21808\"><span class=\"imagecaption\">CC-BY-SA 3.0<\/span><br \/>\n<\/dd><\/dl><dl class=\"gallery-item\">\n<dt class=\"gallery-icon\">\r\n<a href=\"https:\/\/www.rozrazil.cz\/wp-content\/uploads\/fotky-z-vikendovky-v-usti-nad-orlici-2014-nafocene-pamatky\/2014\/03\/2014-usti-pamatky_\u00dast\u00ed_nad_Orlic\u00ed_Venkovsk\u00fd_d\u016fm_Lukesova_\u010d._p._313-768x1024.jpg\" title=\"CC-BY-SA 3.0\" rel=\"gallery1\"><img loading=\"lazy\" decoding=\"async\" src=\"https:\/\/www.rozrazil.cz\/wp-content\/uploads\/fotky-z-vikendovky-v-usti-nad-orlici-2014-nafocene-pamatky\/2014\/03\/2014-usti-pamatky_\u00dast\u00ed_nad_Orlic\u00ed_Venkovsk\u00fd_d\u016fm_Lukesova_\u010d._p._313-150x150.jpg\" width=\"150\" height=\"150\" alt=\"CC-BY-SA 3.0\" \/><\/a>\r\n<\/dt><dd class=\"gallery-caption\" id=\"caption21809\"><span class=\"imagecaption\">CC-BY-SA 3.0<\/span><br \/>\n<\/dd><\/dl><dl class=\"gallery-item\">\n<dt class=\"gallery-icon\">\r\n<a href=\"https:\/\/www.rozrazil.cz\/wp-content\/uploads\/fotky-z-vikendovky-v-usti-nad-orlici-2014-nafocene-pamatky\/2014\/03\/2014-usti-pamatky_\u00dast\u00ed_nad_Orlic\u00ed_Venkovsk\u00fd_d\u016fm_Lukesova_\u010d._p._313_ze_strany-1024x768.jpg\" title=\"CC-BY-SA 3.0\" rel=\"gallery1\"><img loading=\"lazy\" decoding=\"async\" src=\"https:\/\/www.rozrazil.cz\/wp-content\/uploads\/fotky-z-vikendovky-v-usti-nad-orlici-2014-nafocene-pamatky\/2014\/03\/2014-usti-pamatky_\u00dast\u00ed_nad_Orlic\u00ed_Venkovsk\u00fd_d\u016fm_Lukesova_\u010d._p._313_ze_strany-150x150.jpg\" width=\"150\" height=\"150\" alt=\"CC-BY-SA 3.0\" \/><\/a>\r\n<\/dt><dd class=\"gallery-caption\" id=\"caption21810\"><span class=\"imagecaption\">CC-BY-SA 3.0<\/span><br \/>\n<\/dd><\/dl><dl class=\"gallery-item\">\n<dt class=\"gallery-icon\">\r\n<a href=\"https:\/\/www.rozrazil.cz\/wp-content\/uploads\/fotky-z-vikendovky-v-usti-nad-orlici-2014-nafocene-pamatky\/2014\/03\/2014-usti-pamatky_\u00dast\u00ed_nad_Orlic\u00ed_Venkovsk\u00fd_d\u016fm_Lukesova_\u010d._p._314-1024x682.jpg\" title=\"CC-BY-SA 3.0\" rel=\"gallery1\"><img loading=\"lazy\" decoding=\"async\" src=\"https:\/\/www.rozrazil.cz\/wp-content\/uploads\/fotky-z-vikendovky-v-usti-nad-orlici-2014-nafocene-pamatky\/2014\/03\/2014-usti-pamatky_\u00dast\u00ed_nad_Orlic\u00ed_Venkovsk\u00fd_d\u016fm_Lukesova_\u010d._p._314-150x150.jpg\" width=\"150\" height=\"150\" alt=\"CC-BY-SA 3.0\" \/><\/a>\r\n<\/dt><dd class=\"gallery-caption\" id=\"caption21811\"><span class=\"imagecaption\">CC-BY-SA 3.0<\/span><br \/>\n<\/dd><\/dl><br style=\"clear: both\" \/><dl class=\"gallery-item\">\n<dt class=\"gallery-icon\">\r\n<a href=\"https:\/\/www.rozrazil.cz\/wp-content\/uploads\/fotky-z-vikendovky-v-usti-nad-orlici-2014-nafocene-pamatky\/2014\/03\/2014-usti-pamatky_\u00dast\u00ed_nad_Orlic\u00ed_Venkovsk\u00fd_d\u016fm_Zahradn\u00ed_\u010d._p._320-1024x768.jpg\" title=\"CC-BY-SA 3.0\" rel=\"gallery1\"><img loading=\"lazy\" decoding=\"async\" src=\"https:\/\/www.rozrazil.cz\/wp-content\/uploads\/fotky-z-vikendovky-v-usti-nad-orlici-2014-nafocene-pamatky\/2014\/03\/2014-usti-pamatky_\u00dast\u00ed_nad_Orlic\u00ed_Venkovsk\u00fd_d\u016fm_Zahradn\u00ed_\u010d._p._320-150x150.jpg\" width=\"150\" height=\"150\" alt=\"CC-BY-SA 3.0\" \/><\/a>\r\n<\/dt><dd class=\"gallery-caption\" id=\"caption21812\"><span class=\"imagecaption\">CC-BY-SA 3.0<\/span><br \/>\n<\/dd><\/dl><dl class=\"gallery-item\">\n<dt class=\"gallery-icon\">\r\n<a href=\"https:\/\/www.rozrazil.cz\/wp-content\/uploads\/fotky-z-vikendovky-v-usti-nad-orlici-2014-nafocene-pamatky\/2014\/03\/2014-usti-pamatky_\u00dast\u00ed_nad_Orlic\u00ed_Venkovsk\u00fd_d\u016fm_Zahradn\u00ed_\u010d._p._321-1024x768.jpg\" title=\"CC-BY-SA 3.0\" rel=\"gallery1\"><img loading=\"lazy\" decoding=\"async\" src=\"https:\/\/www.rozrazil.cz\/wp-content\/uploads\/fotky-z-vikendovky-v-usti-nad-orlici-2014-nafocene-pamatky\/2014\/03\/2014-usti-pamatky_\u00dast\u00ed_nad_Orlic\u00ed_Venkovsk\u00fd_d\u016fm_Zahradn\u00ed_\u010d._p._321-150x150.jpg\" width=\"150\" height=\"150\" alt=\"CC-BY-SA 3.0\" \/><\/a>\r\n<\/dt><dd class=\"gallery-caption\" id=\"caption21813\"><span class=\"imagecaption\">CC-BY-SA 3.0<\/span><br \/>\n<\/dd><\/dl><dl class=\"gallery-item\">\n<dt class=\"gallery-icon\">\r\n<a href=\"https:\/\/www.rozrazil.cz\/wp-content\/uploads\/fotky-z-vikendovky-v-usti-nad-orlici-2014-nafocene-pamatky\/2014\/03\/2014-usti-pamatky_\u00dast\u00ed_nad_Orlic\u00ed_Venkovsk\u00fd_d\u016fm_Zahradn\u00ed_\u010d._p._322-1024x768.jpg\" title=\"CC-BY-SA 3.0\" rel=\"gallery1\"><img loading=\"lazy\" decoding=\"async\" src=\"https:\/\/www.rozrazil.cz\/wp-content\/uploads\/fotky-z-vikendovky-v-usti-nad-orlici-2014-nafocene-pamatky\/2014\/03\/2014-usti-pamatky_\u00dast\u00ed_nad_Orlic\u00ed_Venkovsk\u00fd_d\u016fm_Zahradn\u00ed_\u010d._p._322-150x150.jpg\" width=\"150\" height=\"150\" alt=\"CC-BY-SA 3.0\" \/><\/a>\r\n<\/dt><dd class=\"gallery-caption\" id=\"caption21814\"><span class=\"imagecaption\">CC-BY-SA 3.0<\/span><br \/>\n<\/dd><\/dl><dl class=\"gallery-item\">\n<dt class=\"gallery-icon\">\r\n<a href=\"https:\/\/www.rozrazil.cz\/wp-content\/uploads\/fotky-z-vikendovky-v-usti-nad-orlici-2014-nafocene-pamatky\/2014\/03\/2014-usti-pamatky_\u00dast\u00ed_nad_Orlic\u00ed_Venkovsk\u00fd_d\u016fm_Zahradn\u00ed_\u010d._p._322_ze_strany-1024x768.jpg\" title=\"CC-BY-SA 3.0\" rel=\"gallery1\"><img loading=\"lazy\" decoding=\"async\" src=\"https:\/\/www.rozrazil.cz\/wp-content\/uploads\/fotky-z-vikendovky-v-usti-nad-orlici-2014-nafocene-pamatky\/2014\/03\/2014-usti-pamatky_\u00dast\u00ed_nad_Orlic\u00ed_Venkovsk\u00fd_d\u016fm_Zahradn\u00ed_\u010d._p._322_ze_strany-150x150.jpg\" width=\"150\" height=\"150\" alt=\"CC-BY-SA 3.0\" \/><\/a>\r\n<\/dt><dd class=\"gallery-caption\" id=\"caption21815\"><span class=\"imagecaption\">CC-BY-SA 3.0<\/span><br \/>\n<\/dd><\/dl><br style=\"clear: both\" \/>\r\n\t\t<\/div>\n<br \/>\nFotky jsou zve\u0159ejn\u011bny pod licenc\u00ed <a href='http:\/\/creativecommons.org\/licenses\/by-sa\/3.0\/' alt='CC-BY-SA 3.0'>CC-BY-SA 3.0<\/a>.<\/p>\n","protected":false},"excerpt":{"rendered":"<p>Fotky jsou zve\u0159ejn\u011bny pod licenc\u00ed CC-BY-SA 3.0.<\/p>\n","protected":false},"author":2,"featured_media":0,"parent":21476,"menu_order":0,"comment_status":"open","ping_status":"open","template":"","meta":{"_bbp_topic_count":0,"_bbp_reply_count":0,"_bbp_total_topic_count":0,"_bbp_total_reply_count":0,"_bbp_voice_count":0,"_bbp_anonymous_reply_count":0,"_bbp_topic_count_hidden":0,"_bbp_reply_count_hidden":0,"_bbp_forum_subforum_count":0,"footnotes":""},"_links":{"self":[{"href":"https:\/\/www.rozrazil.cz\/index.php?rest_route=\/wp\/v2\/pages\/21795"}],"collection":[{"href":"https:\/\/www.rozrazil.cz\/index.php?rest_route=\/wp\/v2\/pages"}],"about":[{"href":"https:\/\/www.rozrazil.cz\/index.php?rest_route=\/wp\/v2\/types\/page"}],"author":[{"embeddable":true,"href":"https:\/\/www.rozrazil.cz\/index.php?rest_route=\/wp\/v2\/users\/2"}],"replies":[{"embeddable":true,"href":"https:\/\/www.rozrazil.cz\/index.php?rest_route=%2Fwp%2Fv2%2Fcomments&post=21795"}],"version-history":[{"count":8,"href":"https:\/\/www.rozrazil.cz\/index.php?rest_route=\/wp\/v2\/pages\/21795\/revisions"}],"predecessor-version":[{"id":22397,"href":"https:\/\/www.rozrazil.cz\/index.php?rest_route=\/wp\/v2\/pages\/21795\/revisions\/22397"}],"up":[{"embeddable":true,"href":"https:\/\/www.rozrazil.cz\/index.php?rest_route=\/wp\/v2\/pages\/21476"}],"wp:attachment":[{"href":"https:\/\/www.rozrazil.cz\/index.php?rest_route=%2Fwp%2Fv2%2Fmedia&parent=21795"}],"curies":[{"name":"wp","href":"https:\/\/api.w.org\/{rel}","templated":true}]}}