{"id":20518,"date":"2013-12-03T16:43:17","date_gmt":"2013-12-03T16:43:17","guid":{"rendered":"http:\/\/www.rozrazil.cz\/?page_id=20518"},"modified":"2013-12-27T09:52:38","modified_gmt":"2013-12-27T09:52:38","slug":"fotky-z-akci-2012","status":"publish","type":"page","link":"https:\/\/www.rozrazil.cz\/?page_id=20518","title":{"rendered":"Fotky z akc\u00ed 2012"},"content":{"rendered":"<div class=\"child_pages child_pages-thumbnail\">\n<div id=\"child_page-17152\" class=\"child_page\" style=\"width:100%;max-width:100%;\"><div class=\"child_page-container\"><div class=\"post_thumb\"><a href=\"https:\/\/www.rozrazil.cz\/?page_id=17152\"><\/a><\/div><div class=\"post_content\"><h4><a href=\"https:\/\/www.rozrazil.cz\/?page_id=17152\">Fotky z p\u0159edt\u00e1borov\u00e9 sondy 2012 od B\u00e1ry V\u00e1chov\u00e9<\/a><\/h4><div class=\"post_excerpt\"><\/div><\/div><!-- .post_content  --><\/div><!-- .child_page-container --><\/div><!-- #child_page-17152\" -->\n\n<div id=\"child_page-17182\" class=\"child_page\" style=\"width:100%;max-width:100%;\"><div class=\"child_page-container\"><div class=\"post_thumb\"><a href=\"https:\/\/www.rozrazil.cz\/?page_id=17182\"><\/a><\/div><div class=\"post_content\"><h4><a href=\"https:\/\/www.rozrazil.cz\/?page_id=17182\">Fotky z v\u00edkendovky v Boskovic\u00edch 2012 od Mark\u00e9ty Petrov\u00e9<\/a><\/h4><div class=\"post_excerpt\"><\/div><\/div><!-- .post_content  --><\/div><!-- .child_page-container --><\/div><!-- #child_page-17182\" -->\n\n<div id=\"child_page-17193\" class=\"child_page\" style=\"width:100%;max-width:100%;\"><div class=\"child_page-container\"><div class=\"post_thumb\"><a href=\"https:\/\/www.rozrazil.cz\/?page_id=17193\"><\/a><\/div><div class=\"post_content\"><h4><a href=\"https:\/\/www.rozrazil.cz\/?page_id=17193\">Fotky z v\u00edkendovky v Boskovic\u00edch 2012 od B\u00e1ry V\u00e1chov\u00e9<\/a><\/h4><div class=\"post_excerpt\"><\/div><\/div><!-- .post_content  --><\/div><!-- .child_page-container --><\/div><!-- #child_page-17193\" -->\n\n<div id=\"child_page-17206\" class=\"child_page\" style=\"width:100%;max-width:100%;\"><div class=\"child_page-container\"><div class=\"post_thumb\"><a href=\"https:\/\/www.rozrazil.cz\/?page_id=17206\"><\/a><\/div><div class=\"post_content\"><h4><a href=\"https:\/\/www.rozrazil.cz\/?page_id=17206\">Fotky z v\u00edkendovky v Boskovic\u00edch 2012 od Dalibora<\/a><\/h4><div class=\"post_excerpt\"><\/div><\/div><!-- .post_content  --><\/div><!-- .child_page-container --><\/div><!-- #child_page-17206\" -->\n\n<div id=\"child_page-17734\" class=\"child_page\" style=\"width:100%;max-width:100%;\"><div class=\"child_page-container\"><div class=\"post_thumb\"><a href=\"https:\/\/www.rozrazil.cz\/?page_id=17734\"><\/a><\/div><div class=\"post_content\"><h4><a href=\"https:\/\/www.rozrazil.cz\/?page_id=17734\">Fotky z pu\u0165\u00e1ku 2012 od Franty Zimmela<\/a><\/h4><div class=\"post_excerpt\"><\/div><\/div><!-- .post_content  --><\/div><!-- .child_page-container --><\/div><!-- #child_page-17734\" -->\n\n<div id=\"child_page-16979\" class=\"child_page\" style=\"width:100%;max-width:100%;\"><div class=\"child_page-container\"><div class=\"post_thumb\"><a href=\"https:\/\/www.rozrazil.cz\/?page_id=16979\"><\/a><\/div><div class=\"post_content\"><h4><a href=\"https:\/\/www.rozrazil.cz\/?page_id=16979\">Fotky z v\u00edkendovky v Kutn\u00e9 Ho\u0159e 2012 od Davida Huben\u00e9ho<\/a><\/h4><div class=\"post_excerpt\"><\/div><\/div><!-- .post_content  --><\/div><!-- .child_page-container --><\/div><!-- #child_page-16979\" -->\n\n<div id=\"child_page-18040\" class=\"child_page\" style=\"width:100%;max-width:100%;\"><div class=\"child_page-container\"><div class=\"post_thumb\"><a href=\"https:\/\/www.rozrazil.cz\/?page_id=18040\"><\/a><\/div><div class=\"post_content\"><h4><a href=\"https:\/\/www.rozrazil.cz\/?page_id=18040\">Fotky z v\u00edkendovky v Moravsk\u00e9 T\u0159ebov\u00e9 2012 od B\u00e1ry V\u00e1chov\u00e9<\/a><\/h4><div class=\"post_excerpt\"><\/div><\/div><!-- .post_content  --><\/div><!-- .child_page-container --><\/div><!-- #child_page-18040\" -->\n\n<div id=\"child_page-17552\" class=\"child_page\" style=\"width:100%;max-width:100%;\"><div class=\"child_page-container\"><div class=\"post_thumb\"><a href=\"https:\/\/www.rozrazil.cz\/?page_id=17552\"><\/a><\/div><div class=\"post_content\"><h4><a href=\"https:\/\/www.rozrazil.cz\/?page_id=17552\">Fotky z pu\u0165\u00e1ku 2012 Photoatelieur od Francise a Veronique Kodak<\/a><\/h4><div class=\"post_excerpt\"><\/div><\/div><!-- .post_content  --><\/div><!-- .child_page-container --><\/div><!-- #child_page-17552\" -->\n\n<div id=\"child_page-16793\" class=\"child_page\" style=\"width:100%;max-width:100%;\"><div class=\"child_page-container\"><div class=\"post_thumb\"><a href=\"https:\/\/www.rozrazil.cz\/?page_id=16793\"><\/a><\/div><div class=\"post_content\"><h4><a href=\"https:\/\/www.rozrazil.cz\/?page_id=16793\">Fotky z v\u00edkendovky v Kutn\u00e9 Ho\u0159e 2012 od B\u00e1ry V\u00e1chov\u00e9<\/a><\/h4><div class=\"post_excerpt\"><\/div><\/div><!-- .post_content  --><\/div><!-- .child_page-container --><\/div><!-- #child_page-16793\" -->\n\n<div id=\"child_page-18613\" class=\"child_page\" style=\"width:100%;max-width:100%;\"><div class=\"child_page-container\"><div class=\"post_thumb\"><a href=\"https:\/\/www.rozrazil.cz\/?page_id=18613\"><\/a><\/div><div class=\"post_content\"><h4><a href=\"https:\/\/www.rozrazil.cz\/?page_id=18613\">Fotky z v\u00e1no\u010dn\u00ed v\u00edkendovky v Dejvic\u00edch 2012 od B\u00e1ry V\u00e1chov\u00e9<\/a><\/h4><div class=\"post_excerpt\"><\/div><\/div><!-- .post_content  --><\/div><!-- .child_page-container --><\/div><!-- #child_page-18613\" -->\n\n<div id=\"child_page-17594\" class=\"child_page\" style=\"width:100%;max-width:100%;\"><div class=\"child_page-container\"><div class=\"post_thumb\"><a href=\"https:\/\/www.rozrazil.cz\/?page_id=17594\"><\/a><\/div><div class=\"post_content\"><h4><a href=\"https:\/\/www.rozrazil.cz\/?page_id=17594\">Fotky z pu\u0165\u00e1ku 2012 od B\u00e1ry V\u00e1chov\u00e9<\/a><\/h4><div class=\"post_excerpt\"><\/div><\/div><!-- .post_content  --><\/div><!-- .child_page-container --><\/div><!-- #child_page-17594\" -->\n\n<div id=\"child_page-18875\" class=\"child_page\" style=\"width:100%;max-width:100%;\"><div class=\"child_page-container\"><div class=\"post_thumb\"><a href=\"https:\/\/www.rozrazil.cz\/?page_id=18875\"><\/a><\/div><div class=\"post_content\"><h4><a href=\"https:\/\/www.rozrazil.cz\/?page_id=18875\">Fotky z v\u00e1no\u010dn\u00ed v\u00edkendovky v Dejvic\u00edch 2012 od Mark\u00e9ty Petrov\u00e9<\/a><\/h4><div class=\"post_excerpt\"><\/div><\/div><!-- .post_content  --><\/div><!-- .child_page-container --><\/div><!-- #child_page-18875\" -->\n\n<div id=\"child_page-17859\" class=\"child_page\" style=\"width:100%;max-width:100%;\"><div class=\"child_page-container\"><div class=\"post_thumb\"><a href=\"https:\/\/www.rozrazil.cz\/?page_id=17859\"><\/a><\/div><div class=\"post_content\"><h4><a href=\"https:\/\/www.rozrazil.cz\/?page_id=17859\">Fotky z pu\u0165\u00e1ku 2012 od Mark\u00e9ty Petrov\u00e9<\/a><\/h4><div class=\"post_excerpt\"><\/div><\/div><!-- .post_content  --><\/div><!-- .child_page-container --><\/div><!-- #child_page-17859\" -->\n\n<div id=\"child_page-16837\" class=\"child_page\" style=\"width:100%;max-width:100%;\"><div class=\"child_page-container\"><div class=\"post_thumb\"><a href=\"https:\/\/www.rozrazil.cz\/?page_id=16837\"><\/a><\/div><div class=\"post_content\"><h4><a href=\"https:\/\/www.rozrazil.cz\/?page_id=16837\">Fotky z v\u00edkendovky v Kutn\u00e9 Ho\u0159e 2012 od Mark\u00e9ty Petrov\u00e9<\/a><\/h4><div class=\"post_excerpt\"><\/div><\/div><!-- .post_content  --><\/div><!-- .child_page-container --><\/div><!-- #child_page-16837\" -->\n\n<div id=\"child_page-17626\" class=\"child_page\" style=\"width:100%;max-width:100%;\"><div class=\"child_page-container\"><div class=\"post_thumb\"><a href=\"https:\/\/www.rozrazil.cz\/?page_id=17626\"><\/a><\/div><div class=\"post_content\"><h4><a href=\"https:\/\/www.rozrazil.cz\/?page_id=17626\">Fotky z pu\u0165\u00e1ku 2012 od Blanky \u0160vehlov\u00e9<\/a><\/h4><div class=\"post_excerpt\"><\/div><\/div><!-- .post_content  --><\/div><!-- .child_page-container --><\/div><!-- #child_page-17626\" -->\n\n<div id=\"child_page-17124\" class=\"child_page\" style=\"width:100%;max-width:100%;\"><div class=\"child_page-container\"><div class=\"post_thumb\"><a href=\"https:\/\/www.rozrazil.cz\/?page_id=17124\"><\/a><\/div><div class=\"post_content\"><h4><a href=\"https:\/\/www.rozrazil.cz\/?page_id=17124\">Fotky z v\u00edkendovky pro pomocn\u00edky v Oucmanic\u00edch 2012 od Mark\u00e9ty Petrov\u00e9<\/a><\/h4><div class=\"post_excerpt\"><\/div><\/div><!-- .post_content  --><\/div><!-- .child_page-container --><\/div><!-- #child_page-17124\" -->\n\n<div id=\"child_page-21226\" class=\"child_page\" style=\"width:100%;max-width:100%;\"><div class=\"child_page-container\"><div class=\"post_thumb\"><a href=\"https:\/\/www.rozrazil.cz\/?page_id=21226\"><\/a><\/div><div class=\"post_content\"><h4><a href=\"https:\/\/www.rozrazil.cz\/?page_id=21226\">Fotky z vandru v Orlick\u00fdch hor\u00e1ch 2012 od B\u00e1ry V\u00e1chov\u00e9<\/a><\/h4><div class=\"post_excerpt\"><\/div><\/div><!-- .post_content  --><\/div><!-- .child_page-container --><\/div><!-- #child_page-21226\" -->\n\n<div id=\"child_page-18174\" class=\"child_page\" style=\"width:100%;max-width:100%;\"><div class=\"child_page-container\"><div class=\"post_thumb\"><a href=\"https:\/\/www.rozrazil.cz\/?page_id=18174\"><\/a><\/div><div class=\"post_content\"><h4><a href=\"https:\/\/www.rozrazil.cz\/?page_id=18174\">Fotky z v\u00edkendovky v Moravsk\u00e9 T\u0159ebov\u00e9 2012 od Tom\u00e1\u0161e Brychty<\/a><\/h4><div class=\"post_excerpt\"><\/div><\/div><!-- .post_content  --><\/div><!-- .child_page-container --><\/div><!-- #child_page-18174\" -->\n<\/div>\n","protected":false},"excerpt":{"rendered":"","protected":false},"author":2,"featured_media":0,"parent":1357,"menu_order":0,"comment_status":"closed","ping_status":"closed","template":"","meta":{"_bbp_topic_count":0,"_bbp_reply_count":0,"_bbp_total_topic_count":0,"_bbp_total_reply_count":0,"_bbp_voice_count":0,"_bbp_anonymous_reply_count":0,"_bbp_topic_count_hidden":0,"_bbp_reply_count_hidden":0,"_bbp_forum_subforum_count":0,"footnotes":""},"_links":{"self":[{"href":"https:\/\/www.rozrazil.cz\/index.php?rest_route=\/wp\/v2\/pages\/20518"}],"collection":[{"href":"https:\/\/www.rozrazil.cz\/index.php?rest_route=\/wp\/v2\/pages"}],"about":[{"href":"https:\/\/www.rozrazil.cz\/index.php?rest_route=\/wp\/v2\/types\/page"}],"author":[{"embeddable":true,"href":"https:\/\/www.rozrazil.cz\/index.php?rest_route=\/wp\/v2\/users\/2"}],"replies":[{"embeddable":true,"href":"https:\/\/www.rozrazil.cz\/index.php?rest_route=%2Fwp%2Fv2%2Fcomments&post=20518"}],"version-history":[{"count":1,"href":"https:\/\/www.rozrazil.cz\/index.php?rest_route=\/wp\/v2\/pages\/20518\/revisions"}],"predecessor-version":[{"id":20519,"href":"https:\/\/www.rozrazil.cz\/index.php?rest_route=\/wp\/v2\/pages\/20518\/revisions\/20519"}],"up":[{"embeddable":true,"href":"https:\/\/www.rozrazil.cz\/index.php?rest_route=\/wp\/v2\/pages\/1357"}],"wp:attachment":[{"href":"https:\/\/www.rozrazil.cz\/index.php?rest_route=%2Fwp%2Fv2%2Fmedia&parent=20518"}],"curies":[{"name":"wp","href":"https:\/\/api.w.org\/{rel}","templated":true}]}}