{"id":20497,"date":"2013-12-02T18:38:22","date_gmt":"2013-12-02T18:38:22","guid":{"rendered":"http:\/\/www.rozrazil.cz\/?page_id=20497"},"modified":"2013-12-27T09:50:58","modified_gmt":"2013-12-27T09:50:58","slug":"fotky-z-akci-2007","status":"publish","type":"page","link":"https:\/\/www.rozrazil.cz\/?page_id=20497","title":{"rendered":"Fotky z akc\u00ed 2007"},"content":{"rendered":"<div class=\"child_pages child_pages-thumbnail\">\n<div id=\"child_page-3848\" class=\"child_page\" style=\"width:100%;max-width:100%;\"><div class=\"child_page-container\"><div class=\"post_thumb\"><a href=\"https:\/\/www.rozrazil.cz\/?page_id=3848\"><\/a><\/div><div class=\"post_content\"><h4><a href=\"https:\/\/www.rozrazil.cz\/?page_id=3848\">Fotky z pu\u0165\u00e1ku 2007 od Tom\u00e1\u0161e Kalibery<\/a><\/h4><div class=\"post_excerpt\"><\/div><\/div><!-- .post_content  --><\/div><!-- .child_page-container --><\/div><!-- #child_page-3848\" -->\n\n<div id=\"child_page-4652\" class=\"child_page\" style=\"width:100%;max-width:100%;\"><div class=\"child_page-container\"><div class=\"post_thumb\"><a href=\"https:\/\/www.rozrazil.cz\/?page_id=4652\"><\/a><\/div><div class=\"post_content\"><h4><a href=\"https:\/\/www.rozrazil.cz\/?page_id=4652\">Fotky z v\u00edkendovky v Jihlav\u011b 2007 od Lucky Matu\u0161kov\u00e9<\/a><\/h4><div class=\"post_excerpt\"><\/div><\/div><!-- .post_content  --><\/div><!-- .child_page-container --><\/div><!-- #child_page-4652\" -->\n\n<div id=\"child_page-3630\" class=\"child_page\" style=\"width:100%;max-width:100%;\"><div class=\"child_page-container\"><div class=\"post_thumb\"><a href=\"https:\/\/www.rozrazil.cz\/?page_id=3630\"><\/a><\/div><div class=\"post_content\"><h4><a href=\"https:\/\/www.rozrazil.cz\/?page_id=3630\">Fotky z pu\u0165\u00e1ku 2007 od Franty Zimmela<\/a><\/h4><div class=\"post_excerpt\"><\/div><\/div><!-- .post_content  --><\/div><!-- .child_page-container --><\/div><!-- #child_page-3630\" -->\n\n<div id=\"child_page-3130\" class=\"child_page\" style=\"width:100%;max-width:100%;\"><div class=\"child_page-container\"><div class=\"post_thumb\"><a href=\"https:\/\/www.rozrazil.cz\/?page_id=3130\"><\/a><\/div><div class=\"post_content\"><h4><a href=\"https:\/\/www.rozrazil.cz\/?page_id=3130\">Fotky z v\u00edkendovky v Pr\u016fhonic\u00edch 2007 od Mirky Sejtkov\u00e9<\/a><\/h4><div class=\"post_excerpt\"><\/div><\/div><!-- .post_content  --><\/div><!-- .child_page-container --><\/div><!-- #child_page-3130\" -->\n\n<div id=\"child_page-2639\" class=\"child_page\" style=\"width:100%;max-width:100%;\"><div class=\"child_page-container\"><div class=\"post_thumb\"><a href=\"https:\/\/www.rozrazil.cz\/?page_id=2639\"><\/a><\/div><div class=\"post_content\"><h4><a href=\"https:\/\/www.rozrazil.cz\/?page_id=2639\">Fotky z v\u00edkendovky v Lounech 2007 od B\u00e1ry Jank\u00e1skov\u00e9<\/a><\/h4><div class=\"post_excerpt\"><\/div><\/div><!-- .post_content  --><\/div><!-- .child_page-container --><\/div><!-- #child_page-2639\" -->\n\n<div id=\"child_page-3931\" class=\"child_page\" style=\"width:100%;max-width:100%;\"><div class=\"child_page-container\"><div class=\"post_thumb\"><a href=\"https:\/\/www.rozrazil.cz\/?page_id=3931\"><\/a><\/div><div class=\"post_content\"><h4><a href=\"https:\/\/www.rozrazil.cz\/?page_id=3931\">Fotky z pu\u0165\u00e1ku 2007 od trpasl\u00edk\u016f (Mazarbul)<\/a><\/h4><div class=\"post_excerpt\"><\/div><\/div><!-- .post_content  --><\/div><!-- .child_page-container --><\/div><!-- #child_page-3931\" -->\n\n<div id=\"child_page-3679\" class=\"child_page\" style=\"width:100%;max-width:100%;\"><div class=\"child_page-container\"><div class=\"post_thumb\"><a href=\"https:\/\/www.rozrazil.cz\/?page_id=3679\"><\/a><\/div><div class=\"post_content\"><h4><a href=\"https:\/\/www.rozrazil.cz\/?page_id=3679\">Fotky z pu\u0165\u00e1ku 2007 od Kuby Housera<\/a><\/h4><div class=\"post_excerpt\"><\/div><\/div><!-- .post_content  --><\/div><!-- .child_page-container --><\/div><!-- #child_page-3679\" -->\n\n<div id=\"child_page-2916\" class=\"child_page\" style=\"width:100%;max-width:100%;\"><div class=\"child_page-container\"><div class=\"post_thumb\"><a href=\"https:\/\/www.rozrazil.cz\/?page_id=2916\"><\/a><\/div><div class=\"post_content\"><h4><a href=\"https:\/\/www.rozrazil.cz\/?page_id=2916\">Fotky z p\u0159edt\u00e1borov\u00e9 sondy 2007 od Tom\u00e1\u0161e Kalibery<\/a><\/h4><div class=\"post_excerpt\"><\/div><\/div><!-- .post_content  --><\/div><!-- .child_page-container --><\/div><!-- #child_page-2916\" -->\n\n<div id=\"child_page-4708\" class=\"child_page\" style=\"width:100%;max-width:100%;\"><div class=\"child_page-container\"><div class=\"post_thumb\"><a href=\"https:\/\/www.rozrazil.cz\/?page_id=4708\"><\/a><\/div><div class=\"post_content\"><h4><a href=\"https:\/\/www.rozrazil.cz\/?page_id=4708\">Fotky z v\u00edkendovky v Jihlav\u011b 2007 od Mirky Sejtkov\u00e9<\/a><\/h4><div class=\"post_excerpt\"><\/div><\/div><!-- .post_content  --><\/div><!-- .child_page-container --><\/div><!-- #child_page-4708\" -->\n\n<div id=\"child_page-3706\" class=\"child_page\" style=\"width:100%;max-width:100%;\"><div class=\"child_page-container\"><div class=\"post_thumb\"><a href=\"https:\/\/www.rozrazil.cz\/?page_id=3706\"><\/a><\/div><div class=\"post_content\"><h4><a href=\"https:\/\/www.rozrazil.cz\/?page_id=3706\">Fotky z pu\u0165\u00e1ku 2007 od Lucky N\u011bmcov\u00e9<\/a><\/h4><div class=\"post_excerpt\"><\/div><\/div><!-- .post_content  --><\/div><!-- .child_page-container --><\/div><!-- #child_page-3706\" -->\n\n<div id=\"child_page-3196\" class=\"child_page\" style=\"width:100%;max-width:100%;\"><div class=\"child_page-container\"><div class=\"post_thumb\"><a href=\"https:\/\/www.rozrazil.cz\/?page_id=3196\"><\/a><\/div><div class=\"post_content\"><h4><a href=\"https:\/\/www.rozrazil.cz\/?page_id=3196\">Fotky z v\u00edkendovky v Pr\u016fhonic\u00edch 2007 od Tom\u00e1\u0161e Kalibery<\/a><\/h4><div class=\"post_excerpt\"><\/div><\/div><!-- .post_content  --><\/div><!-- .child_page-container --><\/div><!-- #child_page-3196\" -->\n\n<div id=\"child_page-2694\" class=\"child_page\" style=\"width:100%;max-width:100%;\"><div class=\"child_page-container\"><div class=\"post_thumb\"><a href=\"https:\/\/www.rozrazil.cz\/?page_id=2694\"><\/a><\/div><div class=\"post_content\"><h4><a href=\"https:\/\/www.rozrazil.cz\/?page_id=2694\">Fotky z v\u00edkendovky v Lounech 2007 od Lucky Matu\u0161kov\u00e9<\/a><\/h4><div class=\"post_excerpt\"><\/div><\/div><!-- .post_content  --><\/div><!-- .child_page-container --><\/div><!-- #child_page-2694\" -->\n\n<div id=\"child_page-2954\" class=\"child_page\" style=\"width:100%;max-width:100%;\"><div class=\"child_page-container\"><div class=\"post_thumb\"><a href=\"https:\/\/www.rozrazil.cz\/?page_id=2954\"><\/a><\/div><div class=\"post_content\"><h4><a href=\"https:\/\/www.rozrazil.cz\/?page_id=2954\">Fotky z v\u00edkendovky v J\u00ed\u010d\u00edn\u011b 2007 od Franty Zimmela<\/a><\/h4><div class=\"post_excerpt\"><\/div><\/div><!-- .post_content  --><\/div><!-- .child_page-container --><\/div><!-- #child_page-2954\" -->\n\n<div id=\"child_page-2962\" class=\"child_page\" style=\"width:100%;max-width:100%;\"><div class=\"child_page-container\"><div class=\"post_thumb\"><a href=\"https:\/\/www.rozrazil.cz\/?page_id=2962\"><\/a><\/div><div class=\"post_content\"><h4><a href=\"https:\/\/www.rozrazil.cz\/?page_id=2962\">Fotky z v\u00edkendovky v J\u00ed\u010d\u00edn\u011b 2007 od Nikoly Petra<\/a><\/h4><div class=\"post_excerpt\"><\/div><\/div><!-- .post_content  --><\/div><!-- .child_page-container --><\/div><!-- #child_page-2962\" -->\n\n<div id=\"child_page-4764\" class=\"child_page\" style=\"width:100%;max-width:100%;\"><div class=\"child_page-container\"><div class=\"post_thumb\"><a href=\"https:\/\/www.rozrazil.cz\/?page_id=4764\"><\/a><\/div><div class=\"post_content\"><h4><a href=\"https:\/\/www.rozrazil.cz\/?page_id=4764\">Fotky z v\u00edkendovky v Jihlav\u011b 2007 od P\u00e1ji Holubce<\/a><\/h4><div class=\"post_excerpt\"><\/div><\/div><!-- .post_content  --><\/div><!-- .child_page-container --><\/div><!-- #child_page-4764\" -->\n\n<div id=\"child_page-4021\" class=\"child_page\" style=\"width:100%;max-width:100%;\"><div class=\"child_page-container\"><div class=\"post_thumb\"><a href=\"https:\/\/www.rozrazil.cz\/?page_id=4021\"><\/a><\/div><div class=\"post_content\"><h4><a href=\"https:\/\/www.rozrazil.cz\/?page_id=4021\">Fotky z pu\u0165\u00e1ku 2007 nepoveden\u00e9 fotky<\/a><\/h4><div class=\"post_excerpt\"><\/div><\/div><!-- .post_content  --><\/div><!-- .child_page-container --><\/div><!-- #child_page-4021\" -->\n\n<div id=\"child_page-3259\" class=\"child_page\" style=\"width:100%;max-width:100%;\"><div class=\"child_page-container\"><div class=\"post_thumb\"><a href=\"https:\/\/www.rozrazil.cz\/?page_id=3259\"><\/a><\/div><div class=\"post_content\"><h4><a href=\"https:\/\/www.rozrazil.cz\/?page_id=3259\">Fotky z pu\u0165\u00e1ku 2007 od Lucky Matu\u0161kov\u00e9<\/a><\/h4><div class=\"post_excerpt\"><\/div><\/div><!-- .post_content  --><\/div><!-- .child_page-container --><\/div><!-- #child_page-3259\" -->\n\n<div id=\"child_page-3010\" class=\"child_page\" style=\"width:100%;max-width:100%;\"><div class=\"child_page-container\"><div class=\"post_thumb\"><a href=\"https:\/\/www.rozrazil.cz\/?page_id=3010\"><\/a><\/div><div class=\"post_content\"><h4><a href=\"https:\/\/www.rozrazil.cz\/?page_id=3010\">Fotky z v\u00edkendovky v J\u00ed\u010d\u00edn\u011b 2007 od Tom\u00e1\u0161e Kalibery<\/a><\/h4><div class=\"post_excerpt\"><\/div><\/div><!-- .post_content  --><\/div><!-- .child_page-container --><\/div><!-- #child_page-3010\" -->\n\n<div id=\"child_page-3779\" class=\"child_page\" style=\"width:100%;max-width:100%;\"><div class=\"child_page-container\"><div class=\"post_thumb\"><a href=\"https:\/\/www.rozrazil.cz\/?page_id=3779\"><\/a><\/div><div class=\"post_content\"><h4><a href=\"https:\/\/www.rozrazil.cz\/?page_id=3779\">Fotky z pu\u0165\u00e1ku 2007 od P\u00e1ji Holubce<\/a><\/h4><div class=\"post_excerpt\"><\/div><\/div><!-- .post_content  --><\/div><!-- .child_page-container --><\/div><!-- #child_page-3779\" -->\n\n<div id=\"child_page-5327\" class=\"child_page\" style=\"width:100%;max-width:100%;\"><div class=\"child_page-container\"><div class=\"post_thumb\"><a href=\"https:\/\/www.rozrazil.cz\/?page_id=5327\"><\/a><\/div><div class=\"post_content\"><h4><a href=\"https:\/\/www.rozrazil.cz\/?page_id=5327\">Fotky z v\u00edkendovky v Mod\u0159anech 2007 od Mirky Sejtkov\u00e9<\/a><\/h4><div class=\"post_excerpt\"><\/div><\/div><!-- .post_content  --><\/div><!-- .child_page-container --><\/div><!-- #child_page-5327\" -->\n\n<div id=\"child_page-4818\" class=\"child_page\" style=\"width:100%;max-width:100%;\"><div class=\"child_page-container\"><div class=\"post_thumb\"><a href=\"https:\/\/www.rozrazil.cz\/?page_id=4818\"><\/a><\/div><div class=\"post_content\"><h4><a href=\"https:\/\/www.rozrazil.cz\/?page_id=4818\">Fotky z v\u00edkendovky v Jihlav\u011b 2007 od Tom\u00e1\u0161e Kalibery<\/a><\/h4><div class=\"post_excerpt\"><\/div><\/div><!-- .post_content  --><\/div><!-- .child_page-container --><\/div><!-- #child_page-4818\" -->\n\n<div id=\"child_page-2775\" class=\"child_page\" style=\"width:100%;max-width:100%;\"><div class=\"child_page-container\"><div class=\"post_thumb\"><a href=\"https:\/\/www.rozrazil.cz\/?page_id=2775\"><\/a><\/div><div class=\"post_content\"><h4><a href=\"https:\/\/www.rozrazil.cz\/?page_id=2775\">Fotky z v\u00edkendovky v Lounech 2007 od Tom\u00e1\u0161e Kalibery<\/a><\/h4><div class=\"post_excerpt\"><\/div><\/div><!-- .post_content  --><\/div><!-- .child_page-container --><\/div><!-- #child_page-2775\" -->\n\n<div id=\"child_page-4088\" class=\"child_page\" style=\"width:100%;max-width:100%;\"><div class=\"child_page-container\"><div class=\"post_thumb\"><a href=\"https:\/\/www.rozrazil.cz\/?page_id=4088\"><\/a><\/div><div class=\"post_content\"><h4><a href=\"https:\/\/www.rozrazil.cz\/?page_id=4088\">Fotky z pu\u0165\u00e1ku 2007 nepoveden\u00e9 fotky od Tom\u00e1\u0161e Kalibery<\/a><\/h4><div class=\"post_excerpt\"><\/div><\/div><!-- .post_content  --><\/div><!-- .child_page-container --><\/div><!-- #child_page-4088\" -->\n\n<div id=\"child_page-5368\" class=\"child_page\" style=\"width:100%;max-width:100%;\"><div class=\"child_page-container\"><div class=\"post_thumb\"><a href=\"https:\/\/www.rozrazil.cz\/?page_id=5368\"><\/a><\/div><div class=\"post_content\"><h4><a href=\"https:\/\/www.rozrazil.cz\/?page_id=5368\">Fotky z v\u00edkendovky v Mod\u0159anech 2007 od Mark\u00e9ty Petrov\u00e9<\/a><\/h4><div class=\"post_excerpt\"><\/div><\/div><!-- .post_content  --><\/div><!-- .child_page-container --><\/div><!-- #child_page-5368\" -->\n<\/div>\n","protected":false},"excerpt":{"rendered":"","protected":false},"author":2,"featured_media":0,"parent":1357,"menu_order":0,"comment_status":"closed","ping_status":"closed","template":"","meta":{"_bbp_topic_count":0,"_bbp_reply_count":0,"_bbp_total_topic_count":0,"_bbp_total_reply_count":0,"_bbp_voice_count":0,"_bbp_anonymous_reply_count":0,"_bbp_topic_count_hidden":0,"_bbp_reply_count_hidden":0,"_bbp_forum_subforum_count":0,"footnotes":""},"_links":{"self":[{"href":"https:\/\/www.rozrazil.cz\/index.php?rest_route=\/wp\/v2\/pages\/20497"}],"collection":[{"href":"https:\/\/www.rozrazil.cz\/index.php?rest_route=\/wp\/v2\/pages"}],"about":[{"href":"https:\/\/www.rozrazil.cz\/index.php?rest_route=\/wp\/v2\/types\/page"}],"author":[{"embeddable":true,"href":"https:\/\/www.rozrazil.cz\/index.php?rest_route=\/wp\/v2\/users\/2"}],"replies":[{"embeddable":true,"href":"https:\/\/www.rozrazil.cz\/index.php?rest_route=%2Fwp%2Fv2%2Fcomments&post=20497"}],"version-history":[{"count":1,"href":"https:\/\/www.rozrazil.cz\/index.php?rest_route=\/wp\/v2\/pages\/20497\/revisions"}],"predecessor-version":[{"id":20498,"href":"https:\/\/www.rozrazil.cz\/index.php?rest_route=\/wp\/v2\/pages\/20497\/revisions\/20498"}],"up":[{"embeddable":true,"href":"https:\/\/www.rozrazil.cz\/index.php?rest_route=\/wp\/v2\/pages\/1357"}],"wp:attachment":[{"href":"https:\/\/www.rozrazil.cz\/index.php?rest_route=%2Fwp%2Fv2%2Fmedia&parent=20497"}],"curies":[{"name":"wp","href":"https:\/\/api.w.org\/{rel}","templated":true}]}}