{"id":20464,"date":"2013-12-01T20:41:47","date_gmt":"2013-12-01T20:41:47","guid":{"rendered":"http:\/\/www.rozrazil.cz\/?page_id=20464"},"modified":"2022-10-24T22:34:48","modified_gmt":"2022-10-24T20:34:48","slug":"stanovy-sdruzeni-rozrazil","status":"publish","type":"page","link":"https:\/\/www.rozrazil.cz\/?page_id=20464","title":{"rendered":"Stanovy sdru\u017een\u00ed Rozrazil"},"content":{"rendered":"<p><strong>Spolek Rozrazil <\/strong><\/p>\n<p>Stanovy spolku<\/p>\n<p><strong>\u010cl. I<\/strong><\/p>\n<p><strong>N\u00e1zev a s\u00eddlo<\/strong><\/p>\n<p>Spolek Rozrazil (d\u00e1le jen \u201espolek\u201c) je spolkem dle ustanoven\u00ed \u00a7 214 a n\u00e1sleduj\u00edc\u00edch z\u00e1kona 89\/2012 Sb., ob\u010dansk\u00e9ho z\u00e1kon\u00edku. M\u00e1 sv\u00e9 s\u00eddlo v obci Kamenice &#8211; Skuhe\u0159, Kosteleck\u00e1 508, PS\u010c 25168.<\/p>\n<p>Rozrazil je registrov\u00e1n s I\u010c: 48549436.<\/p>\n<p>&nbsp;<\/p>\n<p><strong>\u010cl. II<\/strong><\/p>\n<p><strong>\u010cinnost spolku<\/strong><\/p>\n<p>Posl\u00e1n\u00edm spolku je vytv\u00e1\u0159et prostor\u00a0 pro spole\u010dn\u00e9 setk\u00e1v\u00e1n\u00ed d\u011bt\u00ed i dosp\u011bl\u00fdch s posti\u017een\u00edm i bez n\u011bj a smyslupln\u00e9 sd\u00edlen\u00ed voln\u00e9ho \u010dasu, v kolektivu\u00a0 umo\u017e\u0148uj\u00edc\u00edm\u00a0 pocit soun\u00e1le\u017eitosti a pospolitosti.<\/p>\n<p>&nbsp;<\/p>\n<p>C\u00edle:<\/p>\n<p>1) po\u0159\u00e1d\u00e1n\u00ed akc\u00ed pro d\u011bti a mlad\u00e9 lidi s posti\u017een\u00edm a bez n\u011bj (letn\u00ed t\u00e1bor, v\u00edkendov\u00e9 akce ap.)<\/p>\n<p>&nbsp;<\/p>\n<p>2) vytv\u00e1\u0159en\u00ed spole\u010denstv\u00ed s atmosf\u00e9rou p\u0159\u00e1telstv\u00ed, tolerance a pospolitosti, v n\u011bm\u017e je z\u00e1rove\u0148 kladen d\u016fraz na respekt k odli\u0161nostem a individu\u00e1ln\u00edm pot\u0159eb\u00e1m ka\u017ed\u00e9ho \u00fa\u010dastn\u00edka<\/p>\n<p>&nbsp;<\/p>\n<p>3) p\u0159\u00edprava pestr\u00e9ho programu (s vyu\u017eit\u00edm prvk\u016f z\u00e1\u017eitkov\u00e9 pedagogiky, arteterapie ap.) podporuj\u00edc\u00edho sebepozn\u00e1n\u00ed a v\u0161estrann\u00fd rozvoj \u00fa\u010dastn\u00edk\u016f (\u0159emesln\u00e9 a um\u011bleck\u00e9 dovednosti, schopnost komunikace a empatie, kompetence v oblasti sebeobsluhy a osobn\u00ed asistence aj.)<\/p>\n<p>&nbsp;<\/p>\n<p>4) p\u0159\u00edprava aktivit s ohledem na r\u016fznorod\u00e9 pot\u0159eby a z\u00e1jmy v\u0161ech z\u00fa\u010dastn\u011bn\u00fdch<\/p>\n<p>&nbsp;<\/p>\n<p>5) prohlubov\u00e1n\u00ed vztahu k p\u0159\u00edrod\u011b a ekologii<\/p>\n<p>&nbsp;<\/p>\n<p>6) uskute\u010d\u0148ov\u00e1n\u00ed dobrovolnictv\u00ed jako pozitivn\u00ed \u017eivotn\u00ed zku\u0161enosti<\/p>\n<p>&nbsp;<\/p>\n<p>7) p\u0159isp\u00edvat k p\u0159ekon\u00e1v\u00e1n\u00ed p\u0159ek\u00e1\u017eek, kter\u00e9 br\u00e1n\u00ed lidem s posti\u017een\u00edm aktivn\u011b a v plnosti tr\u00e1vit sv\u016fj voln\u00fd \u010das<\/p>\n<p>&nbsp;<\/p>\n<p>8) napl\u0148ov\u00e1n\u00edm v\u00fd\u0161e zm\u00edn\u011bn\u00fdch c\u00edl\u016f podporovat obecn\u00e9 pov\u011bdom\u00ed ve\u0159ejnosti o \u017eivot\u011b a re\u00e1ln\u00fdch mo\u017enostech lid\u00ed s posti\u017een\u00edm<\/p>\n<p>&nbsp;<\/p>\n<p><strong>\u010cl. III<\/strong><\/p>\n<p><strong>\u010clenstv\u00ed ve spolku<\/strong><\/p>\n<ol>\n<li>\u010clenstv\u00ed vznik\u00e1 na z\u00e1klad\u011b projeven\u00e9ho z\u00e1jmu \u017eadatele, pokud jsou sou\u010dasn\u011b spln\u011bny n\u00e1sleduj\u00edc\u00ed podm\u00ednky:<\/li>\n<li>a) \u017eadatel je fyzick\u00e1 osoba star\u0161\u00ed 18 let,<\/li>\n<li>b) souhlas valn\u00e9 hromady,<\/li>\n<li>c) zaplacen\u00ed \u010dlensk\u00e9ho p\u0159\u00edsp\u011bvku v\u00a0dob\u011b kon\u00e1n\u00ed valn\u00e9 hromady nebo do deseti pracovn\u00edch dn\u016f ode dne kon\u00e1n\u00ed valn\u00e9 hromady.<\/li>\n<\/ol>\n<p>&nbsp;<\/p>\n<ol start=\"2\">\n<li>\u010clen spolku m\u00e1 pr\u00e1vo:\n<ol>\n<li>\u00fa\u010dastnit se jedn\u00e1n\u00ed valn\u00e9 hromady a pod\u00edlet se na jej\u00edm rozhodov\u00e1n\u00ed hlasov\u00e1n\u00edm,<\/li>\n<li>volit org\u00e1ny spolku a nov\u00e9 \u010dleny,<\/li>\n<li>p\u0159edkl\u00e1dat n\u00e1vrhy, podn\u011bty a p\u0159ipom\u00ednky org\u00e1n\u016fm spolku,<\/li>\n<li>pod\u00edlet se na praktick\u00e9 \u010dinnosti spolku.<\/li>\n<\/ol>\n<\/li>\n<\/ol>\n<p>&nbsp;<\/p>\n<ol start=\"3\">\n<li>\u010clen spolku m\u00e1 povinnost:\n<ol>\n<li>dodr\u017eovat stanovy, plnit usnesen\u00ed org\u00e1n\u016f spolku,<\/li>\n<li>aktivn\u011b h\u00e1jit z\u00e1jmy spolku, dodr\u017eovat vnit\u0159n\u00ed dohody a nepodnikat \u017e\u00e1dn\u00e9 kroky, kter\u00e9 by byly v\u00a0rozporu se z\u00e1jmy spolku,<\/li>\n<li>aktivn\u011b a pravideln\u011b se \u00fa\u010dastnit jedn\u00e1n\u00ed org\u00e1n\u016f spolku a p\u0159isp\u00edvat ke zlep\u0161en\u00ed jejich pr\u00e1ce.<\/li>\n<\/ol>\n<\/li>\n<\/ol>\n<p>&nbsp;<\/p>\n<ol start=\"4\">\n<li>\u010clenstv\u00ed ve spolku zanik\u00e1:\n<ol>\n<li>nezaplacen\u00edm \u010dlensk\u00fdch p\u0159\u00edsp\u011bvk\u016f do okam\u017eiku zased\u00e1n\u00ed valn\u00e9 hromady,<\/li>\n<li>na vlastn\u00ed \u017e\u00e1dost podanou \u00fastn\u011b \u010di p\u00edsemn\u011b p\u0159edsedovi spolku,<\/li>\n<li>\u00famrt\u00edm \u010dlena,<\/li>\n<li>z\u00e1nikem spolku,<\/li>\n<li>vylou\u010den\u00edm \u010dlena valnou hromadou,<\/li>\n<\/ol>\n<\/li>\n<\/ol>\n<p>p\u0159\u00edpadn\u011b z\u00a0jin\u00e9ho d\u016fvodu stanoven\u00e9ho z\u00e1konem.<\/p>\n<p>&nbsp;<\/p>\n<p><strong>\u010cl. IV<\/strong><\/p>\n<p><strong>Org\u00e1ny spolku<\/strong><\/p>\n<p>Organiza\u010dn\u00ed strukturu spolku tvo\u0159\u00ed tyto org\u00e1ny:<\/p>\n<ol>\n<li>valn\u00e1 hromada,<\/li>\n<li>v\u00fdbor.<\/li>\n<\/ol>\n<p>&nbsp;<\/p>\n<p><strong>\u010cl. V<\/strong><\/p>\n<p><strong>Valn\u00e1 hromada<\/strong><\/p>\n<ol>\n<li>Nejvy\u0161\u0161\u00edm org\u00e1nem spolku je sch\u016fze v\u0161ech jeho \u010dlen\u016f \u2013 valn\u00e1 hromada. Valn\u00e1 hromada rozhoduje o v\u0161ech d\u016fle\u017eit\u00fdch v\u011bcech t\u00fdkaj\u00edc\u00edch se spolku, zejm\u00e9na:\n<ol>\n<li>schvaluje stanovy spolku a zm\u011bny t\u011bchto stanov,<\/li>\n<li>vol\u00ed p\u0159edsedu a odvol\u00e1v\u00e1 jej,<\/li>\n<li>vol\u00ed v\u00fdbor, ur\u010duje, kolik bude m\u00edt \u010dlen\u016f a odvol\u00e1v\u00e1 jej,<\/li>\n<li>schvaluje p\u0159ihl\u00e1\u0161ky nov\u00fdch \u010dlen\u016f a rozhoduje o vylou\u010den\u00ed \u010dlen\u016f,<\/li>\n<li>rozhoduje o vstupu spolku do pr\u00e1vnick\u00fdch osob,<\/li>\n<li>rozhoduje o z\u00e1niku spolku.<\/li>\n<\/ol>\n<\/li>\n<\/ol>\n<p>&nbsp;<\/p>\n<ol start=\"2\">\n<li>Valn\u00e1 hromada tak\u00e9 rozhoduje o v\u0161ech v\u011bcech, kter\u00e9 nespadaj\u00ed do pravomoci jin\u00e9ho org\u00e1nu spolku.<\/li>\n<\/ol>\n<p>&nbsp;<\/p>\n<ol start=\"3\">\n<li>Valn\u00e1 hromada ur\u010duje v\u00fd\u0161i \u010dlensk\u00fdch p\u0159\u00edsp\u011bvk\u016f a to t\u00edm zp\u016fsobem, \u017ee ur\u010d\u00ed v\u00fd\u0161i \u010dlensk\u00e9ho p\u0159\u00edsp\u011bvku pro n\u00e1sleduj\u00edc\u00ed kalend\u00e1\u0159n\u00ed rok.<\/li>\n<\/ol>\n<p>&nbsp;<\/p>\n<ol start=\"4\">\n<li>Zased\u00e1n\u00ed valn\u00e9 hromady je svol\u00e1v\u00e1no p\u0159edsedou spolku podle pot\u0159eby, nejm\u00e9n\u011b v\u0161ak jednou ro\u010dn\u011b, kdy valn\u00e1 hromada prob\u011bhne nejpozd\u011bji do konce b\u0159ezna.<\/li>\n<\/ol>\n<p>&nbsp;<\/p>\n<ol start=\"5\">\n<li>Valn\u00e1 hromada je usn\u00e1\u0161en\u00edschopn\u00e1, \u00fa\u010dastn\u00ed-li se jej\u00edho zased\u00e1n\u00ed minim\u00e1ln\u011b t\u0159etina v\u0161ech st\u00e1vaj\u00edc\u00edch (v okam\u017eiku zah\u00e1jen\u00ed valn\u00e9 hromady) \u010dlen\u016f spolku. Valn\u00e1 hromada rozhoduje nadpolovi\u010dn\u00ed v\u011bt\u0161inou p\u0159\u00edtomn\u00fdch \u010dlen\u016f spolku. Ka\u017ed\u00fd \u010dlen m\u00e1 p\u0159i rozhodov\u00e1n\u00ed jeden hlas; hlasy \u010dlen\u016f si jsou rovny.<\/li>\n<li>O rozhodnut\u00edch p\u0159ijat\u00fdch na zased\u00e1n\u00ed valn\u00e9 hromady po\u0159izuje valnou hromadou pov\u011b\u0159en\u00fd \u010dlen spolku z\u00e1pis. Z\u00e1pis sv\u00fdm podpisem ov\u011b\u0159uj\u00ed dva \u010dlenov\u00e9 p\u0159\u00edtomn\u00ed na zased\u00e1n\u00ed valn\u00e9 hromady.<\/li>\n<\/ol>\n<p>&nbsp;<\/p>\n<p><strong>\u010cl. VI<\/strong><\/p>\n<p><strong>V\u00fdbor<\/strong><\/p>\n<ol>\n<li>V\u00fdbor \u0159\u00edd\u00ed \u010dinnost spolku v\u00a0dob\u011b mezi zased\u00e1n\u00edmi valn\u00e9 hromady.<\/li>\n<li>M\u00e1 v\u017edy lich\u00fd po\u010det \u010dlen\u016f, nejm\u00e9n\u011b v\u0161ak t\u0159i a nejv\u00edce sedm.<\/li>\n<li>Na ka\u017ed\u00e9 valn\u00e9 hromad\u011b je v\u00fdbor znovu zvolen, zm\u011bn\u011bn \u010di dopln\u011bn. Funk\u010dn\u00ed obdob\u00ed v\u00fdboru je do dal\u0161\u00edho zased\u00e1n\u00ed valn\u00e9 hromady.<\/li>\n<li>V\u00fdbor se skl\u00e1d\u00e1 z\u00a0p\u0159edsedy a m\u00edstop\u0159edsed\u016f.<\/li>\n<li>Ka\u017ed\u00fd \u010dlen v\u00fdboru\u00a0je opr\u00e1vn\u011bn jednat jm\u00e9nem spolku v\u00a0pln\u00e9m rozsahu.<\/li>\n<\/ol>\n<p>&nbsp;<\/p>\n<p>&nbsp;<\/p>\n<p><strong>\u010cl. VII<\/strong><\/p>\n<p><strong>Hospod\u00e1\u0159sk\u00e1 \u010dinnost spolku<\/strong><\/p>\n<ol>\n<li>Spolek si k zaji\u0161t\u011bn\u00ed c\u00edl\u016f z\u00edsk\u00e1v\u00e1 prost\u0159edky:<\/li>\n<li>a) \u010dlensk\u00fdmi p\u0159\u00edsp\u011bvky,<\/li>\n<li>b) z \u00fa\u010dastnick\u00fdch poplatk\u016f na po\u0159\u00e1dan\u00fdch akc\u00edch,<\/li>\n<li>c) dotacemi a dary od fyzick\u00fdch i pr\u00e1vnick\u00fdch osob.<\/li>\n<\/ol>\n<p>&nbsp;<\/p>\n<ol start=\"2\">\n<li>O pou\u017eit\u00ed z\u00edskan\u00fdch prost\u0159edk\u016f rozhoduje v\u00fdbor kontrolovan\u00fd valnou hromadou.<\/li>\n<\/ol>\n<p>&nbsp;<\/p>\n<p><strong>\u010cl. VIII<\/strong><\/p>\n<p><strong>Z\u00e1nik spolku<\/strong><\/p>\n<p>Rozrazil zanik\u00e1:<\/p>\n<ol>\n<li>a) klesne-li po\u010det \u010dlen\u016f pod t\u0159i osoby. Ve\u0161ker\u00e9 finan\u010dn\u00ed prost\u0159edky a majetek zanikl\u00e9ho spolku p\u0159ipadnou jin\u00e9 organizaci s obdobn\u00fdm p\u0159edm\u011btem \u010dinnosti,<\/li>\n<li>b) usnesen\u00edm valn\u00e9 hromady. Sou\u010d\u00e1st\u00ed tohoto usnesen\u00ed je rozhodnut\u00ed o majetku.<\/li>\n<\/ol>\n<p>&nbsp;<\/p>\n<p><strong>\u010cl. IX<\/strong><\/p>\n<p><strong>Z\u00e1v\u011bre\u010dn\u00e9 ustanoven\u00ed<\/strong><\/p>\n<p>Ve v\u011bcech neupraven\u00fdch t\u011bmito stanovami se \u010dinnost spolku \u0159\u00edd\u00ed ustanoven\u00edmi \u00a7 214 a n\u00e1sleduj\u00edc\u00edch z\u00e1kona 89\/2012 Sb., ob\u010dansk\u00e9ho z\u00e1kon\u00edku.<\/p>\n<p>&nbsp;<\/p>\n","protected":false},"excerpt":{"rendered":"<p>Spolek Rozrazil Stanovy spolku \u010cl. I N\u00e1zev a s\u00eddlo Spolek Rozrazil (d\u00e1le jen \u201espolek\u201c) je spolkem dle ustanoven\u00ed \u00a7 214 a n\u00e1sleduj\u00edc\u00edch z\u00e1kona 89\/2012 Sb., ob\u010dansk\u00e9ho z\u00e1kon\u00edku. M\u00e1 sv\u00e9 s\u00eddlo v obci Kamenice &#8211; Skuhe\u0159, Kosteleck\u00e1 508, PS\u010c 25168. Rozrazil &hellip; <a href=\"https:\/\/www.rozrazil.cz\/?page_id=20464\">Cel\u00fd p\u0159\u00edsp\u011bvek <span class=\"meta-nav\">&rarr;<\/span><\/a><\/p>\n","protected":false},"author":2,"featured_media":0,"parent":128,"menu_order":0,"comment_status":"open","ping_status":"open","template":"","meta":{"_bbp_topic_count":0,"_bbp_reply_count":0,"_bbp_total_topic_count":0,"_bbp_total_reply_count":0,"_bbp_voice_count":0,"_bbp_anonymous_reply_count":0,"_bbp_topic_count_hidden":0,"_bbp_reply_count_hidden":0,"_bbp_forum_subforum_count":0,"footnotes":""},"_links":{"self":[{"href":"https:\/\/www.rozrazil.cz\/index.php?rest_route=\/wp\/v2\/pages\/20464"}],"collection":[{"href":"https:\/\/www.rozrazil.cz\/index.php?rest_route=\/wp\/v2\/pages"}],"about":[{"href":"https:\/\/www.rozrazil.cz\/index.php?rest_route=\/wp\/v2\/types\/page"}],"author":[{"embeddable":true,"href":"https:\/\/www.rozrazil.cz\/index.php?rest_route=\/wp\/v2\/users\/2"}],"replies":[{"embeddable":true,"href":"https:\/\/www.rozrazil.cz\/index.php?rest_route=%2Fwp%2Fv2%2Fcomments&post=20464"}],"version-history":[{"count":5,"href":"https:\/\/www.rozrazil.cz\/index.php?rest_route=\/wp\/v2\/pages\/20464\/revisions"}],"predecessor-version":[{"id":38256,"href":"https:\/\/www.rozrazil.cz\/index.php?rest_route=\/wp\/v2\/pages\/20464\/revisions\/38256"}],"up":[{"embeddable":true,"href":"https:\/\/www.rozrazil.cz\/index.php?rest_route=\/wp\/v2\/pages\/128"}],"wp:attachment":[{"href":"https:\/\/www.rozrazil.cz\/index.php?rest_route=%2Fwp%2Fv2%2Fmedia&parent=20464"}],"curies":[{"name":"wp","href":"https:\/\/api.w.org\/{rel}","templated":true}]}}