{"id":20348,"date":"2013-11-20T21:40:47","date_gmt":"2013-11-20T21:40:47","guid":{"rendered":"http:\/\/www.rozrazil.cz\/?page_id=20348"},"modified":"2013-12-03T17:44:44","modified_gmt":"2013-12-03T17:44:44","slug":"fotky-z-vikendovky-ve-slanem-2013-od-pavla-duska","status":"publish","type":"page","link":"https:\/\/www.rozrazil.cz\/?page_id=20348","title":{"rendered":"Fotky z v\u00edkendovky ve Slan\u00e9m 2013 od Pavla Du\u0161ka"},"content":{"rendered":"\r\n\t\t<style type='text\/css'>\r\n\t\t\t#gallery-1 {\r\n\t\t\t\tmargin: auto;\r\n\t\t\t}\r\n\t\t\t#gallery-1 .gallery-item {\r\n\t\t\t\tfloat: left;\r\n\t\t\t\tmargin-top: 10px;\r\n\t\t\t\ttext-align: center;\r\n\t\t\t\twidth: 25%;\r\n\t\t\t}\r\n\t\t\t#gallery-1 img {\r\n\t\t\t\tborder: 2px solid #cfcfcf;\r\n\t\t\t}\r\n\t\t\t#gallery-1 .gallery-caption {\r\n\t\t\t\tmargin-left: 0;\r\n\t\t\t}\r\n\t\t<\/style>\r\n\t\t<!-- see gallery_shortcode() in wp-includes\/media.php -->\n\t\t<div id='gallery-1' class='gallery galleryid-20348 gallery-columns-4 gallery-size-thumbnail gallery1'><script type=\"text\/javascript\">\r\n\/\/ <![CDATA[\r\n\tjQuery(document).ready(function () {\r\n\t\tjQuery(\".gallery1 a\").attr(\"rel\",\"gallery1\");\t\r\n\t\tjQuery('a[rel=\"gallery1\"]').colorbox({maxWidth:\"95%\", maxHeight:\"95%\",title: function(){ return jQuery(this).children().attr(\"alt\"); }, });\r\n\t});\r\n\/\/ ]]>\r\n<\/script>\n<dl class=\"gallery-item\">\n<dt class=\"gallery-icon\">\r\n<a href=\"https:\/\/www.rozrazil.cz\/wp-content\/uploads\/fotky-z-vikendovky-ve-slanem-2013-od-pavla-duska\/2013\/11\/2013-slany-pavel_IMG_4885-1024x682.jpg\" title=\"\" rel=\"gallery1\"><img loading=\"lazy\" decoding=\"async\" src=\"https:\/\/www.rozrazil.cz\/wp-content\/uploads\/fotky-z-vikendovky-ve-slanem-2013-od-pavla-duska\/2013\/11\/2013-slany-pavel_IMG_4885-150x150.jpg\" width=\"150\" height=\"150\" alt=\"\" \/><\/a>\r\n<\/dt><\/dl><dl class=\"gallery-item\">\n<dt class=\"gallery-icon\">\r\n<a href=\"https:\/\/www.rozrazil.cz\/wp-content\/uploads\/fotky-z-vikendovky-ve-slanem-2013-od-pavla-duska\/2013\/11\/2013-slany-pavel_IMG_4921-684x1024.jpg\" title=\"\" rel=\"gallery1\"><img loading=\"lazy\" decoding=\"async\" src=\"https:\/\/www.rozrazil.cz\/wp-content\/uploads\/fotky-z-vikendovky-ve-slanem-2013-od-pavla-duska\/2013\/11\/2013-slany-pavel_IMG_4921-150x150.jpg\" width=\"150\" height=\"150\" alt=\"\" \/><\/a>\r\n<\/dt><\/dl><dl class=\"gallery-item\">\n<dt class=\"gallery-icon\">\r\n<a href=\"https:\/\/www.rozrazil.cz\/wp-content\/uploads\/fotky-z-vikendovky-ve-slanem-2013-od-pavla-duska\/2013\/11\/2013-slany-pavel_IMG_4948-1024x682.jpg\" title=\"\" rel=\"gallery1\"><img loading=\"lazy\" decoding=\"async\" src=\"https:\/\/www.rozrazil.cz\/wp-content\/uploads\/fotky-z-vikendovky-ve-slanem-2013-od-pavla-duska\/2013\/11\/2013-slany-pavel_IMG_4948-150x150.jpg\" width=\"150\" height=\"150\" alt=\"\" \/><\/a>\r\n<\/dt><\/dl><dl class=\"gallery-item\">\n<dt class=\"gallery-icon\">\r\n<a href=\"https:\/\/www.rozrazil.cz\/wp-content\/uploads\/fotky-z-vikendovky-ve-slanem-2013-od-pavla-duska\/2013\/11\/2013-slany-pavel_IMG_4949-684x1024.jpg\" title=\"\" rel=\"gallery1\"><img loading=\"lazy\" decoding=\"async\" src=\"https:\/\/www.rozrazil.cz\/wp-content\/uploads\/fotky-z-vikendovky-ve-slanem-2013-od-pavla-duska\/2013\/11\/2013-slany-pavel_IMG_4949-150x150.jpg\" width=\"150\" height=\"150\" alt=\"\" \/><\/a>\r\n<\/dt><\/dl><br style=\"clear: both\" \/><dl class=\"gallery-item\">\n<dt class=\"gallery-icon\">\r\n<a href=\"https:\/\/www.rozrazil.cz\/wp-content\/uploads\/fotky-z-vikendovky-ve-slanem-2013-od-pavla-duska\/2013\/11\/2013-slany-pavel_IMG_4956-1024x682.jpg\" title=\"\" rel=\"gallery1\"><img loading=\"lazy\" decoding=\"async\" src=\"https:\/\/www.rozrazil.cz\/wp-content\/uploads\/fotky-z-vikendovky-ve-slanem-2013-od-pavla-duska\/2013\/11\/2013-slany-pavel_IMG_4956-150x150.jpg\" width=\"150\" height=\"150\" alt=\"\" \/><\/a>\r\n<\/dt><\/dl><dl class=\"gallery-item\">\n<dt class=\"gallery-icon\">\r\n<a href=\"https:\/\/www.rozrazil.cz\/wp-content\/uploads\/fotky-z-vikendovky-ve-slanem-2013-od-pavla-duska\/2013\/11\/2013-slany-pavel_IMG_4959-1024x682.jpg\" title=\"\" rel=\"gallery1\"><img loading=\"lazy\" decoding=\"async\" src=\"https:\/\/www.rozrazil.cz\/wp-content\/uploads\/fotky-z-vikendovky-ve-slanem-2013-od-pavla-duska\/2013\/11\/2013-slany-pavel_IMG_4959-150x150.jpg\" width=\"150\" height=\"150\" alt=\"\" \/><\/a>\r\n<\/dt><\/dl><dl class=\"gallery-item\">\n<dt class=\"gallery-icon\">\r\n<a href=\"https:\/\/www.rozrazil.cz\/wp-content\/uploads\/fotky-z-vikendovky-ve-slanem-2013-od-pavla-duska\/2013\/11\/2013-slany-pavel_IMG_4969-669x1024.jpg\" title=\"\" rel=\"gallery1\"><img loading=\"lazy\" decoding=\"async\" src=\"https:\/\/www.rozrazil.cz\/wp-content\/uploads\/fotky-z-vikendovky-ve-slanem-2013-od-pavla-duska\/2013\/11\/2013-slany-pavel_IMG_4969-150x150.jpg\" width=\"150\" height=\"150\" alt=\"\" \/><\/a>\r\n<\/dt><\/dl><dl class=\"gallery-item\">\n<dt class=\"gallery-icon\">\r\n<a href=\"https:\/\/www.rozrazil.cz\/wp-content\/uploads\/fotky-z-vikendovky-ve-slanem-2013-od-pavla-duska\/2013\/11\/2013-slany-pavel_IMG_4979-1024x682.jpg\" title=\"\" rel=\"gallery1\"><img loading=\"lazy\" decoding=\"async\" src=\"https:\/\/www.rozrazil.cz\/wp-content\/uploads\/fotky-z-vikendovky-ve-slanem-2013-od-pavla-duska\/2013\/11\/2013-slany-pavel_IMG_4979-150x150.jpg\" width=\"150\" height=\"150\" alt=\"\" \/><\/a>\r\n<\/dt><\/dl><br style=\"clear: both\" \/><dl class=\"gallery-item\">\n<dt class=\"gallery-icon\">\r\n<a href=\"https:\/\/www.rozrazil.cz\/wp-content\/uploads\/fotky-z-vikendovky-ve-slanem-2013-od-pavla-duska\/2013\/11\/2013-slany-pavel_IMG_4981-1024x682.jpg\" title=\"\" rel=\"gallery1\"><img loading=\"lazy\" decoding=\"async\" src=\"https:\/\/www.rozrazil.cz\/wp-content\/uploads\/fotky-z-vikendovky-ve-slanem-2013-od-pavla-duska\/2013\/11\/2013-slany-pavel_IMG_4981-150x150.jpg\" width=\"150\" height=\"150\" alt=\"\" \/><\/a>\r\n<\/dt><\/dl><dl class=\"gallery-item\">\n<dt class=\"gallery-icon\">\r\n<a href=\"https:\/\/www.rozrazil.cz\/wp-content\/uploads\/fotky-z-vikendovky-ve-slanem-2013-od-pavla-duska\/2013\/11\/2013-slany-pavel_IMG_4983-684x1024.jpg\" title=\"\" rel=\"gallery1\"><img loading=\"lazy\" decoding=\"async\" src=\"https:\/\/www.rozrazil.cz\/wp-content\/uploads\/fotky-z-vikendovky-ve-slanem-2013-od-pavla-duska\/2013\/11\/2013-slany-pavel_IMG_4983-150x150.jpg\" width=\"150\" height=\"150\" alt=\"\" \/><\/a>\r\n<\/dt><\/dl><dl class=\"gallery-item\">\n<dt class=\"gallery-icon\">\r\n<a href=\"https:\/\/www.rozrazil.cz\/wp-content\/uploads\/fotky-z-vikendovky-ve-slanem-2013-od-pavla-duska\/2013\/11\/2013-slany-pavel_IMG_4992-1024x682.jpg\" title=\"\" rel=\"gallery1\"><img loading=\"lazy\" decoding=\"async\" src=\"https:\/\/www.rozrazil.cz\/wp-content\/uploads\/fotky-z-vikendovky-ve-slanem-2013-od-pavla-duska\/2013\/11\/2013-slany-pavel_IMG_4992-150x150.jpg\" width=\"150\" height=\"150\" alt=\"\" \/><\/a>\r\n<\/dt><\/dl><dl class=\"gallery-item\">\n<dt class=\"gallery-icon\">\r\n<a href=\"https:\/\/www.rozrazil.cz\/wp-content\/uploads\/fotky-z-vikendovky-ve-slanem-2013-od-pavla-duska\/2013\/11\/2013-slany-pavel_IMG_5007-1024x682.jpg\" title=\"\" rel=\"gallery1\"><img loading=\"lazy\" decoding=\"async\" src=\"https:\/\/www.rozrazil.cz\/wp-content\/uploads\/fotky-z-vikendovky-ve-slanem-2013-od-pavla-duska\/2013\/11\/2013-slany-pavel_IMG_5007-150x150.jpg\" width=\"150\" height=\"150\" alt=\"\" \/><\/a>\r\n<\/dt><\/dl><br style=\"clear: both\" \/><dl class=\"gallery-item\">\n<dt class=\"gallery-icon\">\r\n<a href=\"https:\/\/www.rozrazil.cz\/wp-content\/uploads\/fotky-z-vikendovky-ve-slanem-2013-od-pavla-duska\/2013\/11\/2013-slany-pavel_IMG_5009-684x1024.jpg\" title=\"\" rel=\"gallery1\"><img loading=\"lazy\" decoding=\"async\" src=\"https:\/\/www.rozrazil.cz\/wp-content\/uploads\/fotky-z-vikendovky-ve-slanem-2013-od-pavla-duska\/2013\/11\/2013-slany-pavel_IMG_5009-150x150.jpg\" width=\"150\" height=\"150\" alt=\"\" \/><\/a>\r\n<\/dt><\/dl><dl class=\"gallery-item\">\n<dt class=\"gallery-icon\">\r\n<a href=\"https:\/\/www.rozrazil.cz\/wp-content\/uploads\/fotky-z-vikendovky-ve-slanem-2013-od-pavla-duska\/2013\/11\/2013-slany-pavel_IMG_5021-684x1024.jpg\" title=\"\" rel=\"gallery1\"><img loading=\"lazy\" decoding=\"async\" src=\"https:\/\/www.rozrazil.cz\/wp-content\/uploads\/fotky-z-vikendovky-ve-slanem-2013-od-pavla-duska\/2013\/11\/2013-slany-pavel_IMG_5021-150x150.jpg\" width=\"150\" height=\"150\" alt=\"\" \/><\/a>\r\n<\/dt><\/dl><dl class=\"gallery-item\">\n<dt class=\"gallery-icon\">\r\n<a href=\"https:\/\/www.rozrazil.cz\/wp-content\/uploads\/fotky-z-vikendovky-ve-slanem-2013-od-pavla-duska\/2013\/11\/2013-slany-pavel_IMG_5022-1024x682.jpg\" title=\"\" rel=\"gallery1\"><img loading=\"lazy\" decoding=\"async\" src=\"https:\/\/www.rozrazil.cz\/wp-content\/uploads\/fotky-z-vikendovky-ve-slanem-2013-od-pavla-duska\/2013\/11\/2013-slany-pavel_IMG_5022-150x150.jpg\" width=\"150\" height=\"150\" alt=\"\" \/><\/a>\r\n<\/dt><\/dl><dl class=\"gallery-item\">\n<dt class=\"gallery-icon\">\r\n<a href=\"https:\/\/www.rozrazil.cz\/wp-content\/uploads\/fotky-z-vikendovky-ve-slanem-2013-od-pavla-duska\/2013\/11\/2013-slany-pavel_IMG_5023-1024x682.jpg\" title=\"\" rel=\"gallery1\"><img loading=\"lazy\" decoding=\"async\" src=\"https:\/\/www.rozrazil.cz\/wp-content\/uploads\/fotky-z-vikendovky-ve-slanem-2013-od-pavla-duska\/2013\/11\/2013-slany-pavel_IMG_5023-150x150.jpg\" width=\"150\" height=\"150\" alt=\"\" \/><\/a>\r\n<\/dt><\/dl><br style=\"clear: both\" \/><dl class=\"gallery-item\">\n<dt class=\"gallery-icon\">\r\n<a href=\"https:\/\/www.rozrazil.cz\/wp-content\/uploads\/fotky-z-vikendovky-ve-slanem-2013-od-pavla-duska\/2013\/11\/2013-slany-pavel_IMG_5033-1024x682.jpg\" title=\"\" rel=\"gallery1\"><img loading=\"lazy\" decoding=\"async\" src=\"https:\/\/www.rozrazil.cz\/wp-content\/uploads\/fotky-z-vikendovky-ve-slanem-2013-od-pavla-duska\/2013\/11\/2013-slany-pavel_IMG_5033-150x150.jpg\" width=\"150\" height=\"150\" alt=\"\" \/><\/a>\r\n<\/dt><\/dl><dl class=\"gallery-item\">\n<dt class=\"gallery-icon\">\r\n<a href=\"https:\/\/www.rozrazil.cz\/wp-content\/uploads\/fotky-z-vikendovky-ve-slanem-2013-od-pavla-duska\/2013\/11\/2013-slany-pavel_IMG_5035-1024x682.jpg\" title=\"\" rel=\"gallery1\"><img loading=\"lazy\" decoding=\"async\" src=\"https:\/\/www.rozrazil.cz\/wp-content\/uploads\/fotky-z-vikendovky-ve-slanem-2013-od-pavla-duska\/2013\/11\/2013-slany-pavel_IMG_5035-150x150.jpg\" width=\"150\" height=\"150\" alt=\"\" \/><\/a>\r\n<\/dt><\/dl><dl class=\"gallery-item\">\n<dt class=\"gallery-icon\">\r\n<a href=\"https:\/\/www.rozrazil.cz\/wp-content\/uploads\/fotky-z-vikendovky-ve-slanem-2013-od-pavla-duska\/2013\/11\/2013-slany-pavel_IMG_5039-1024x682.jpg\" title=\"\" rel=\"gallery1\"><img loading=\"lazy\" decoding=\"async\" src=\"https:\/\/www.rozrazil.cz\/wp-content\/uploads\/fotky-z-vikendovky-ve-slanem-2013-od-pavla-duska\/2013\/11\/2013-slany-pavel_IMG_5039-150x150.jpg\" width=\"150\" height=\"150\" alt=\"\" \/><\/a>\r\n<\/dt><\/dl><dl class=\"gallery-item\">\n<dt class=\"gallery-icon\">\r\n<a href=\"https:\/\/www.rozrazil.cz\/wp-content\/uploads\/fotky-z-vikendovky-ve-slanem-2013-od-pavla-duska\/2013\/11\/2013-slany-pavel_IMG_5044-1024x682.jpg\" title=\"\" rel=\"gallery1\"><img loading=\"lazy\" decoding=\"async\" src=\"https:\/\/www.rozrazil.cz\/wp-content\/uploads\/fotky-z-vikendovky-ve-slanem-2013-od-pavla-duska\/2013\/11\/2013-slany-pavel_IMG_5044-150x150.jpg\" width=\"150\" height=\"150\" alt=\"\" \/><\/a>\r\n<\/dt><\/dl><br style=\"clear: both\" \/><dl class=\"gallery-item\">\n<dt class=\"gallery-icon\">\r\n<a href=\"https:\/\/www.rozrazil.cz\/wp-content\/uploads\/fotky-z-vikendovky-ve-slanem-2013-od-pavla-duska\/2013\/11\/2013-slany-pavel_IMG_5053_5054_5055-682x1024.jpg\" title=\"\" rel=\"gallery1\"><img loading=\"lazy\" decoding=\"async\" src=\"https:\/\/www.rozrazil.cz\/wp-content\/uploads\/fotky-z-vikendovky-ve-slanem-2013-od-pavla-duska\/2013\/11\/2013-slany-pavel_IMG_5053_5054_5055-150x150.jpg\" width=\"150\" height=\"150\" alt=\"\" \/><\/a>\r\n<\/dt><dd class=\"gallery-caption\" id=\"caption20369\"><span class=\"imagedescription\">Luminance HDR 2.3.0 tonemapping parameters:\nOperator: Fattal\nParameters:\nAlpha: 1\nBeta: 0.9\nColor Saturation: 1 \nNoise Reduction: 0 \n------\nPreGamma: 1<\/span><br \/>\n<\/dd><\/dl><dl class=\"gallery-item\">\n<dt class=\"gallery-icon\">\r\n<a href=\"https:\/\/www.rozrazil.cz\/wp-content\/uploads\/fotky-z-vikendovky-ve-slanem-2013-od-pavla-duska\/2013\/11\/2013-slany-pavel_IMG_5062-1024x682.jpg\" title=\"\" rel=\"gallery1\"><img loading=\"lazy\" decoding=\"async\" src=\"https:\/\/www.rozrazil.cz\/wp-content\/uploads\/fotky-z-vikendovky-ve-slanem-2013-od-pavla-duska\/2013\/11\/2013-slany-pavel_IMG_5062-150x150.jpg\" width=\"150\" height=\"150\" alt=\"\" \/><\/a>\r\n<\/dt><\/dl><dl class=\"gallery-item\">\n<dt class=\"gallery-icon\">\r\n<a href=\"https:\/\/www.rozrazil.cz\/wp-content\/uploads\/fotky-z-vikendovky-ve-slanem-2013-od-pavla-duska\/2013\/11\/2013-slany-pavel_IMG_5072-1024x682.jpg\" title=\"\" rel=\"gallery1\"><img loading=\"lazy\" decoding=\"async\" src=\"https:\/\/www.rozrazil.cz\/wp-content\/uploads\/fotky-z-vikendovky-ve-slanem-2013-od-pavla-duska\/2013\/11\/2013-slany-pavel_IMG_5072-150x150.jpg\" width=\"150\" height=\"150\" alt=\"\" \/><\/a>\r\n<\/dt><\/dl><dl class=\"gallery-item\">\n<dt class=\"gallery-icon\">\r\n<a href=\"https:\/\/www.rozrazil.cz\/wp-content\/uploads\/fotky-z-vikendovky-ve-slanem-2013-od-pavla-duska\/2013\/11\/2013-slany-pavel_IMG_5078-684x1024.jpg\" title=\"\" rel=\"gallery1\"><img loading=\"lazy\" decoding=\"async\" src=\"https:\/\/www.rozrazil.cz\/wp-content\/uploads\/fotky-z-vikendovky-ve-slanem-2013-od-pavla-duska\/2013\/11\/2013-slany-pavel_IMG_5078-150x150.jpg\" width=\"150\" height=\"150\" alt=\"\" \/><\/a>\r\n<\/dt><\/dl><br style=\"clear: both\" \/><dl class=\"gallery-item\">\n<dt class=\"gallery-icon\">\r\n<a href=\"https:\/\/www.rozrazil.cz\/wp-content\/uploads\/fotky-z-vikendovky-ve-slanem-2013-od-pavla-duska\/2013\/11\/2013-slany-pavel_IMG_5089_5090_5091_2-1024x682.jpg\" title=\"\" rel=\"gallery1\"><img loading=\"lazy\" decoding=\"async\" src=\"https:\/\/www.rozrazil.cz\/wp-content\/uploads\/fotky-z-vikendovky-ve-slanem-2013-od-pavla-duska\/2013\/11\/2013-slany-pavel_IMG_5089_5090_5091_2-150x150.jpg\" width=\"150\" height=\"150\" alt=\"\" \/><\/a>\r\n<\/dt><dd class=\"gallery-caption\" id=\"caption20373\"><span class=\"imagedescription\">Luminance HDR 2.3.0 tonemapping parameters:\nOperator: Mantiuk06\nParameters:\nContrast Mapping factor: 0.1\nSaturation Factor: 0.8 \nDetail Factor: 1 \n------\nPreGamma: 1<\/span><br \/>\n<\/dd><\/dl><dl class=\"gallery-item\">\n<dt class=\"gallery-icon\">\r\n<a href=\"https:\/\/www.rozrazil.cz\/wp-content\/uploads\/fotky-z-vikendovky-ve-slanem-2013-od-pavla-duska\/2013\/11\/2013-slany-pavel_IMG_5092_5093_5094-682x1024.jpg\" title=\"\" rel=\"gallery1\"><img loading=\"lazy\" decoding=\"async\" src=\"https:\/\/www.rozrazil.cz\/wp-content\/uploads\/fotky-z-vikendovky-ve-slanem-2013-od-pavla-duska\/2013\/11\/2013-slany-pavel_IMG_5092_5093_5094-150x150.jpg\" width=\"150\" height=\"150\" alt=\"\" \/><\/a>\r\n<\/dt><dd class=\"gallery-caption\" id=\"caption20374\"><span class=\"imagedescription\">Luminance HDR 2.3.0 tonemapping parameters:\nOperator: Fattal\nParameters:\nAlpha: 1.5\nBeta: 0.97\nColor Saturation: 1 \nNoise Reduction: 0 \n------\nPreGamma: 1<\/span><br \/>\n<\/dd><\/dl><dl class=\"gallery-item\">\n<dt class=\"gallery-icon\">\r\n<a href=\"https:\/\/www.rozrazil.cz\/wp-content\/uploads\/fotky-z-vikendovky-ve-slanem-2013-od-pavla-duska\/2013\/11\/2013-slany-pavel_IMG_5124-1024x682.jpg\" title=\"\" rel=\"gallery1\"><img loading=\"lazy\" decoding=\"async\" src=\"https:\/\/www.rozrazil.cz\/wp-content\/uploads\/fotky-z-vikendovky-ve-slanem-2013-od-pavla-duska\/2013\/11\/2013-slany-pavel_IMG_5124-150x150.jpg\" width=\"150\" height=\"150\" alt=\"\" \/><\/a>\r\n<\/dt><\/dl><dl class=\"gallery-item\">\n<dt class=\"gallery-icon\">\r\n<a href=\"https:\/\/www.rozrazil.cz\/wp-content\/uploads\/fotky-z-vikendovky-ve-slanem-2013-od-pavla-duska\/2013\/11\/2013-slany-pavel_IMG_5133_5134_5135-1024x682.jpg\" title=\"\" rel=\"gallery1\"><img loading=\"lazy\" decoding=\"async\" src=\"https:\/\/www.rozrazil.cz\/wp-content\/uploads\/fotky-z-vikendovky-ve-slanem-2013-od-pavla-duska\/2013\/11\/2013-slany-pavel_IMG_5133_5134_5135-150x150.jpg\" width=\"150\" height=\"150\" alt=\"\" \/><\/a>\r\n<\/dt><dd class=\"gallery-caption\" id=\"caption20376\"><span class=\"imagedescription\">Luminance HDR 2.3.0 tonemapping parameters:\nOperator: Mantiuk06\nParameters:\nContrast Mapping factor: 0.1\nSaturation Factor: 0.8 \nDetail Factor: 5 \n------\nPreGamma: 1<\/span><br \/>\n<\/dd><\/dl><br style=\"clear: both\" \/><dl class=\"gallery-item\">\n<dt class=\"gallery-icon\">\r\n<a href=\"https:\/\/www.rozrazil.cz\/wp-content\/uploads\/fotky-z-vikendovky-ve-slanem-2013-od-pavla-duska\/2013\/11\/2013-slany-pavel_IMG_5139_5140_5141-1024x682.jpg\" title=\"\" rel=\"gallery1\"><img loading=\"lazy\" decoding=\"async\" src=\"https:\/\/www.rozrazil.cz\/wp-content\/uploads\/fotky-z-vikendovky-ve-slanem-2013-od-pavla-duska\/2013\/11\/2013-slany-pavel_IMG_5139_5140_5141-150x150.jpg\" width=\"150\" height=\"150\" alt=\"\" \/><\/a>\r\n<\/dt><dd class=\"gallery-caption\" id=\"caption20377\"><span class=\"imagedescription\">Luminance HDR 2.3.0 tonemapping parameters:\nOperator: Fattal\nParameters:\nAlpha: 1.5\nBeta: 0.97\nColor Saturation: 1 \nNoise Reduction: 0 \n------\nPreGamma: 1<\/span><br \/>\n<\/dd><\/dl><dl class=\"gallery-item\">\n<dt class=\"gallery-icon\">\r\n<a href=\"https:\/\/www.rozrazil.cz\/wp-content\/uploads\/fotky-z-vikendovky-ve-slanem-2013-od-pavla-duska\/2013\/11\/2013-slany-pavel_IMG_5149-753x1024.jpg\" title=\"\" rel=\"gallery1\"><img loading=\"lazy\" decoding=\"async\" src=\"https:\/\/www.rozrazil.cz\/wp-content\/uploads\/fotky-z-vikendovky-ve-slanem-2013-od-pavla-duska\/2013\/11\/2013-slany-pavel_IMG_5149-150x150.jpg\" width=\"150\" height=\"150\" alt=\"\" \/><\/a>\r\n<\/dt><\/dl><dl class=\"gallery-item\">\n<dt class=\"gallery-icon\">\r\n<a href=\"https:\/\/www.rozrazil.cz\/wp-content\/uploads\/fotky-z-vikendovky-ve-slanem-2013-od-pavla-duska\/2013\/11\/2013-slany-pavel_IMG_5163_5164-682x1024.jpg\" title=\"\" rel=\"gallery1\"><img loading=\"lazy\" decoding=\"async\" src=\"https:\/\/www.rozrazil.cz\/wp-content\/uploads\/fotky-z-vikendovky-ve-slanem-2013-od-pavla-duska\/2013\/11\/2013-slany-pavel_IMG_5163_5164-150x150.jpg\" width=\"150\" height=\"150\" alt=\"\" \/><\/a>\r\n<\/dt><dd class=\"gallery-caption\" id=\"caption20379\"><span class=\"imagedescription\">Luminance HDR 2.3.0 tonemapping parameters:\nOperator: Fattal\nParameters:\nAlpha: 1\nBeta: 0.91\nColor Saturation: 1 \nNoise Reduction: 0 \n------\nPreGamma: 1<\/span><br \/>\n<\/dd><\/dl><dl class=\"gallery-item\">\n<dt class=\"gallery-icon\">\r\n<a href=\"https:\/\/www.rozrazil.cz\/wp-content\/uploads\/fotky-z-vikendovky-ve-slanem-2013-od-pavla-duska\/2013\/11\/2013-slany-pavel_IMG_5167-684x1024.jpg\" title=\"\" rel=\"gallery1\"><img loading=\"lazy\" decoding=\"async\" src=\"https:\/\/www.rozrazil.cz\/wp-content\/uploads\/fotky-z-vikendovky-ve-slanem-2013-od-pavla-duska\/2013\/11\/2013-slany-pavel_IMG_5167-150x150.jpg\" width=\"150\" height=\"150\" alt=\"\" \/><\/a>\r\n<\/dt><\/dl><br style=\"clear: both\" \/><dl class=\"gallery-item\">\n<dt class=\"gallery-icon\">\r\n<a href=\"https:\/\/www.rozrazil.cz\/wp-content\/uploads\/fotky-z-vikendovky-ve-slanem-2013-od-pavla-duska\/2013\/11\/2013-slany-pavel_IMG_5176-684x1024.jpg\" title=\"\" rel=\"gallery1\"><img loading=\"lazy\" decoding=\"async\" src=\"https:\/\/www.rozrazil.cz\/wp-content\/uploads\/fotky-z-vikendovky-ve-slanem-2013-od-pavla-duska\/2013\/11\/2013-slany-pavel_IMG_5176-150x150.jpg\" width=\"150\" height=\"150\" alt=\"\" \/><\/a>\r\n<\/dt><\/dl><dl class=\"gallery-item\">\n<dt class=\"gallery-icon\">\r\n<a href=\"https:\/\/www.rozrazil.cz\/wp-content\/uploads\/fotky-z-vikendovky-ve-slanem-2013-od-pavla-duska\/2013\/11\/2013-slany-pavel_IMG_5178-684x1024.jpg\" title=\"\" rel=\"gallery1\"><img loading=\"lazy\" decoding=\"async\" src=\"https:\/\/www.rozrazil.cz\/wp-content\/uploads\/fotky-z-vikendovky-ve-slanem-2013-od-pavla-duska\/2013\/11\/2013-slany-pavel_IMG_5178-150x150.jpg\" width=\"150\" height=\"150\" alt=\"\" \/><\/a>\r\n<\/dt><\/dl><dl class=\"gallery-item\">\n<dt class=\"gallery-icon\">\r\n<a href=\"https:\/\/www.rozrazil.cz\/wp-content\/uploads\/fotky-z-vikendovky-ve-slanem-2013-od-pavla-duska\/2013\/11\/2013-slany-pavel_IMG_5179-684x1024.jpg\" title=\"\" rel=\"gallery1\"><img loading=\"lazy\" decoding=\"async\" src=\"https:\/\/www.rozrazil.cz\/wp-content\/uploads\/fotky-z-vikendovky-ve-slanem-2013-od-pavla-duska\/2013\/11\/2013-slany-pavel_IMG_5179-150x150.jpg\" width=\"150\" height=\"150\" alt=\"\" \/><\/a>\r\n<\/dt><\/dl><dl class=\"gallery-item\">\n<dt class=\"gallery-icon\">\r\n<a href=\"https:\/\/www.rozrazil.cz\/wp-content\/uploads\/fotky-z-vikendovky-ve-slanem-2013-od-pavla-duska\/2013\/11\/2013-slany-pavel_IMG_5181-684x1024.jpg\" title=\"\" rel=\"gallery1\"><img loading=\"lazy\" decoding=\"async\" src=\"https:\/\/www.rozrazil.cz\/wp-content\/uploads\/fotky-z-vikendovky-ve-slanem-2013-od-pavla-duska\/2013\/11\/2013-slany-pavel_IMG_5181-150x150.jpg\" width=\"150\" height=\"150\" alt=\"\" \/><\/a>\r\n<\/dt><\/dl><br style=\"clear: both\" \/><dl class=\"gallery-item\">\n<dt class=\"gallery-icon\">\r\n<a href=\"https:\/\/www.rozrazil.cz\/wp-content\/uploads\/fotky-z-vikendovky-ve-slanem-2013-od-pavla-duska\/2013\/11\/2013-slany-pavel_IMG_5186-684x1024.jpg\" title=\"\" rel=\"gallery1\"><img loading=\"lazy\" decoding=\"async\" src=\"https:\/\/www.rozrazil.cz\/wp-content\/uploads\/fotky-z-vikendovky-ve-slanem-2013-od-pavla-duska\/2013\/11\/2013-slany-pavel_IMG_5186-150x150.jpg\" width=\"150\" height=\"150\" alt=\"\" \/><\/a>\r\n<\/dt><\/dl><dl class=\"gallery-item\">\n<dt class=\"gallery-icon\">\r\n<a href=\"https:\/\/www.rozrazil.cz\/wp-content\/uploads\/fotky-z-vikendovky-ve-slanem-2013-od-pavla-duska\/2013\/11\/2013-slany-pavel_IMG_5187-696x1024.jpg\" title=\"\" rel=\"gallery1\"><img loading=\"lazy\" decoding=\"async\" src=\"https:\/\/www.rozrazil.cz\/wp-content\/uploads\/fotky-z-vikendovky-ve-slanem-2013-od-pavla-duska\/2013\/11\/2013-slany-pavel_IMG_5187-150x150.jpg\" width=\"150\" height=\"150\" alt=\"\" \/><\/a>\r\n<\/dt><\/dl><dl class=\"gallery-item\">\n<dt class=\"gallery-icon\">\r\n<a href=\"https:\/\/www.rozrazil.cz\/wp-content\/uploads\/fotky-z-vikendovky-ve-slanem-2013-od-pavla-duska\/2013\/11\/2013-slany-pavel_IMG_5192-1024x682.jpg\" title=\"\" rel=\"gallery1\"><img loading=\"lazy\" decoding=\"async\" src=\"https:\/\/www.rozrazil.cz\/wp-content\/uploads\/fotky-z-vikendovky-ve-slanem-2013-od-pavla-duska\/2013\/11\/2013-slany-pavel_IMG_5192-150x150.jpg\" width=\"150\" height=\"150\" alt=\"\" \/><\/a>\r\n<\/dt><\/dl><dl class=\"gallery-item\">\n<dt class=\"gallery-icon\">\r\n<a href=\"https:\/\/www.rozrazil.cz\/wp-content\/uploads\/fotky-z-vikendovky-ve-slanem-2013-od-pavla-duska\/2013\/11\/2013-slany-pavel_IMG_5194-684x1024.jpg\" title=\"\" rel=\"gallery1\"><img loading=\"lazy\" decoding=\"async\" src=\"https:\/\/www.rozrazil.cz\/wp-content\/uploads\/fotky-z-vikendovky-ve-slanem-2013-od-pavla-duska\/2013\/11\/2013-slany-pavel_IMG_5194-150x150.jpg\" width=\"150\" height=\"150\" alt=\"\" \/><\/a>\r\n<\/dt><\/dl><br style=\"clear: both\" \/>\r\n\t\t<\/div>\n\n","protected":false},"excerpt":{"rendered":"","protected":false},"author":2,"featured_media":0,"parent":20520,"menu_order":0,"comment_status":"open","ping_status":"open","template":"","meta":{"_bbp_topic_count":0,"_bbp_reply_count":0,"_bbp_total_topic_count":0,"_bbp_total_reply_count":0,"_bbp_voice_count":0,"_bbp_anonymous_reply_count":0,"_bbp_topic_count_hidden":0,"_bbp_reply_count_hidden":0,"_bbp_forum_subforum_count":0,"footnotes":""},"_links":{"self":[{"href":"https:\/\/www.rozrazil.cz\/index.php?rest_route=\/wp\/v2\/pages\/20348"}],"collection":[{"href":"https:\/\/www.rozrazil.cz\/index.php?rest_route=\/wp\/v2\/pages"}],"about":[{"href":"https:\/\/www.rozrazil.cz\/index.php?rest_route=\/wp\/v2\/types\/page"}],"author":[{"embeddable":true,"href":"https:\/\/www.rozrazil.cz\/index.php?rest_route=\/wp\/v2\/users\/2"}],"replies":[{"embeddable":true,"href":"https:\/\/www.rozrazil.cz\/index.php?rest_route=%2Fwp%2Fv2%2Fcomments&post=20348"}],"version-history":[{"count":1,"href":"https:\/\/www.rozrazil.cz\/index.php?rest_route=\/wp\/v2\/pages\/20348\/revisions"}],"predecessor-version":[{"id":20389,"href":"https:\/\/www.rozrazil.cz\/index.php?rest_route=\/wp\/v2\/pages\/20348\/revisions\/20389"}],"up":[{"embeddable":true,"href":"https:\/\/www.rozrazil.cz\/index.php?rest_route=\/wp\/v2\/pages\/20520"}],"wp:attachment":[{"href":"https:\/\/www.rozrazil.cz\/index.php?rest_route=%2Fwp%2Fv2%2Fmedia&parent=20348"}],"curies":[{"name":"wp","href":"https:\/\/api.w.org\/{rel}","templated":true}]}}