{"id":2,"date":"2012-09-12T21:13:33","date_gmt":"2012-09-12T21:13:33","guid":{"rendered":"http:\/\/28496.w96.wedos.net\/?page_id=2"},"modified":"2020-10-21T19:17:57","modified_gmt":"2020-10-21T17:17:57","slug":"zkusebni-stranka","status":"publish","type":"page","link":"https:\/\/www.rozrazil.cz\/?page_id=2","title":{"rendered":"O n\u00e1s"},"content":{"rendered":"<p>Spolek Rozrazil byl zalo\u017een roku 1993 (tehdy jako ob\u010dansk\u00e9 sdru\u017een\u00ed) s c\u00edlem vytv\u00e1\u0159et spole\u010dn\u00fd prostor pro setk\u00e1v\u00e1n\u00ed mlad\u00fdch lid\u00ed s hendikepem i bez n\u011bj. V sou\u010dasnosti je Rozrazil tvo\u0159en dobrovoln\u00edky z \u0159ad student\u016f a mlad\u00fdch lid\u00ed, ale najdete mezi n\u00e1mi i cel\u00e9\u00a0 rodiny,\u00a0 kter\u00e9 maj\u00ed chu\u0165 tr\u00e1vit sv\u016fj voln\u00fd \u010das s d\u011btmi a lidmi s fyzick\u00fdm, ment\u00e1ln\u00edm, \u010di kombinovan\u00fdm hendikepem.<\/p>\n<p style=\"text-align: justify;\">V pr\u016fb\u011bhu roku po\u0159\u00e1d\u00e1me asi 5 v\u00edkendov\u00fdch akc\u00ed, kdy nav\u0161t\u011bvujeme r\u016fzn\u00e1 zaj\u00edmav\u00e1 m\u00edsta a letn\u00ed \u010dtrn\u00e1ctidenn\u00ed t\u00e1bor: \u201epu\u0165\u00e1k\u201c. \u0158\u00edk\u00e1me mu tak proto, \u017ee jeho ned\u00edlnou sou\u010d\u00e1st tvo\u0159\u00ed krom\u011b bydlen\u00ed v tee-pee tak\u00e9 t\u00fddenn\u00ed putov\u00e1n\u00ed okoln\u00edm krajem.<\/p>\n<p style=\"text-align: justify;\">Ka\u017ed\u00e1 akce m\u00e1 sv\u016fj tematicky zam\u011b\u0159en\u00fd program, kter\u00fd b\u00fdv\u00e1 velmi propracovan\u00fd. Zejm\u00e9na p\u0159\u00edpravy pu\u0165\u00e1ku prob\u00edhaj\u00ed b\u011bhem cel\u00e9ho roku a ka\u017edoro\u010dn\u00ed \u201elegenda\u201c je velk\u00fdm z\u00e1\u017eitkem pro v\u0161echny. Na\u0161\u00ed z\u00e1sadou je v\u0161em umo\u017enit z\u00fa\u010dastnit se ve\u0161ker\u00e9ho programu, her a aktivit. Nen\u00ed um\u011bn\u00ed vymyslet sout\u011b\u017en\u00ed hru, ale hru, kter\u00e9 se m\u016f\u017eou z\u00fa\u010dastnit naplno v\u0161ichni!<\/p>\n<p style=\"text-align: justify;\">Ka\u017ed\u00fd z n\u00e1s pot\u0159ebuje ob\u010das c\u00edtit smysl vlastn\u00edho kon\u00e1n\u00ed, odpoutat se od v\u0161edn\u00edch stereotyp\u016f, zkou\u0161et nov\u00e9 v\u011bci, hr\u00e1t si, pob\u00fdvat v p\u0159\u00edrod\u011b a m\u00edt kolem sebe p\u0159\u00e1tele. Spole\u010dn\u011b zvl\u00e1dneme p\u0159ekro\u010dit bari\u00e9ru p\u0159edstav o tom, co v\u0161echno \u201enejde\u201c, pro\u017e\u00edvat na vlastn\u00ed k\u016f\u017ei velk\u00e9 p\u0159\u00edb\u011bhy a nechat se prostupovat jejich silou, nespat, p\u00e1rkr\u00e1t po\u0159\u00e1dn\u011b zmoknout, potkat se sebou, lidmi, n\u00e1pady, \u017eivoty, pocity, nad\u0161en\u00edm, \u010dirou radost\u00ed, vlastn\u00edmi hranicemi. A odn\u00e9st si? Nov\u00e1 p\u0159\u00e1telstv\u00ed, p\u0159erovn\u00e1n\u00ed hodnot a tot\u00e1ln\u00ed devalvaci slova \u201enorm\u00e1ln\u00ed\u201c.<\/p>\n<p style=\"text-align: justify;\">Tak to je pu\u0165\u00e1k.<\/p>\n<p style=\"text-align: justify;\">Nab\u00edz\u00edme ke shl\u00e9dnut\u00ed p\u00e1r st\u0159\u00edpk\u016f z pu\u0165\u00e1ku konan\u00e9ho v roce 2009.<\/p>\n<div style=\"width: 584px;\" class=\"wp-video\"><!--[if lt IE 9]><script>document.createElement('video');<\/script><![endif]-->\n<video class=\"wp-video-shortcode\" id=\"video-2-1\" width=\"584\" height=\"438\" preload=\"metadata\" controls=\"controls\"><source type=\"video\/webm\" src=\"http:\/\/www.rozrazil.cz\/wp-content\/uploads\/zkusebni-stranka\/2012\/09\/putak-sponz.webm?_=1\" \/><a href=\"http:\/\/www.rozrazil.cz\/wp-content\/uploads\/zkusebni-stranka\/2012\/09\/putak-sponz.webm\">http:\/\/www.rozrazil.cz\/wp-content\/uploads\/zkusebni-stranka\/2012\/09\/putak-sponz.webm<\/a><\/video><\/div>\n<p>&nbsp;<\/p>\n<p>L\u00e1k\u00e1 T\u011b to? R\u00e1di mezi sebou uv\u00edt\u00e1me dal\u0161\u00ed z\u00e1jemce, kte\u0159\u00ed maj\u00ed chu\u0165 za\u017e\u00edt n\u011bco nov\u00e9ho.<\/p>\n<p style=\"text-align: justify;\">\n","protected":false},"excerpt":{"rendered":"<p>Spolek Rozrazil byl zalo\u017een roku 1993 (tehdy jako ob\u010dansk\u00e9 sdru\u017een\u00ed) s c\u00edlem vytv\u00e1\u0159et spole\u010dn\u00fd prostor pro setk\u00e1v\u00e1n\u00ed mlad\u00fdch lid\u00ed s hendikepem i bez n\u011bj. V sou\u010dasnosti je Rozrazil tvo\u0159en dobrovoln\u00edky z \u0159ad student\u016f a mlad\u00fdch lid\u00ed, ale najdete mezi n\u00e1mi &hellip; <a href=\"https:\/\/www.rozrazil.cz\/?page_id=2\">Cel\u00fd p\u0159\u00edsp\u011bvek <span class=\"meta-nav\">&rarr;<\/span><\/a><\/p>\n","protected":false},"author":1,"featured_media":0,"parent":0,"menu_order":0,"comment_status":"open","ping_status":"open","template":"","meta":{"_bbp_topic_count":0,"_bbp_reply_count":0,"_bbp_total_topic_count":0,"_bbp_total_reply_count":0,"_bbp_voice_count":0,"_bbp_anonymous_reply_count":0,"_bbp_topic_count_hidden":0,"_bbp_reply_count_hidden":0,"_bbp_forum_subforum_count":0,"footnotes":""},"_links":{"self":[{"href":"https:\/\/www.rozrazil.cz\/index.php?rest_route=\/wp\/v2\/pages\/2"}],"collection":[{"href":"https:\/\/www.rozrazil.cz\/index.php?rest_route=\/wp\/v2\/pages"}],"about":[{"href":"https:\/\/www.rozrazil.cz\/index.php?rest_route=\/wp\/v2\/types\/page"}],"author":[{"embeddable":true,"href":"https:\/\/www.rozrazil.cz\/index.php?rest_route=\/wp\/v2\/users\/1"}],"replies":[{"embeddable":true,"href":"https:\/\/www.rozrazil.cz\/index.php?rest_route=%2Fwp%2Fv2%2Fcomments&post=2"}],"version-history":[{"count":13,"href":"https:\/\/www.rozrazil.cz\/index.php?rest_route=\/wp\/v2\/pages\/2\/revisions"}],"predecessor-version":[{"id":34709,"href":"https:\/\/www.rozrazil.cz\/index.php?rest_route=\/wp\/v2\/pages\/2\/revisions\/34709"}],"wp:attachment":[{"href":"https:\/\/www.rozrazil.cz\/index.php?rest_route=%2Fwp%2Fv2%2Fmedia&parent=2"}],"curies":[{"name":"wp","href":"https:\/\/api.w.org\/{rel}","templated":true}]}}