{"id":19058,"date":"2013-10-09T00:52:13","date_gmt":"2013-10-09T00:52:13","guid":{"rendered":"http:\/\/www.rozrazil.cz\/?page_id=19058"},"modified":"2013-12-03T17:44:41","modified_gmt":"2013-12-03T17:44:41","slug":"fotky-z-vikendovky-legendistu-a-predtaborove-sondy-2013-od-markety-petrove","status":"publish","type":"page","link":"https:\/\/www.rozrazil.cz\/?page_id=19058","title":{"rendered":"Fotky z v\u00edkendovky legendist\u016f a p\u0159edt\u00e1borov\u00e9 sondy 2013 od Mark\u00e9ty Petrov\u00e9"},"content":{"rendered":"\r\n\t\t<style type='text\/css'>\r\n\t\t\t#gallery-1 {\r\n\t\t\t\tmargin: auto;\r\n\t\t\t}\r\n\t\t\t#gallery-1 .gallery-item {\r\n\t\t\t\tfloat: left;\r\n\t\t\t\tmargin-top: 10px;\r\n\t\t\t\ttext-align: center;\r\n\t\t\t\twidth: 25%;\r\n\t\t\t}\r\n\t\t\t#gallery-1 img {\r\n\t\t\t\tborder: 2px solid #cfcfcf;\r\n\t\t\t}\r\n\t\t\t#gallery-1 .gallery-caption {\r\n\t\t\t\tmargin-left: 0;\r\n\t\t\t}\r\n\t\t<\/style>\r\n\t\t<!-- see gallery_shortcode() in wp-includes\/media.php -->\n\t\t<div id='gallery-1' class='gallery galleryid-19058 gallery-columns-4 gallery-size-thumbnail gallery1'><script type=\"text\/javascript\">\r\n\/\/ <![CDATA[\r\n\tjQuery(document).ready(function () {\r\n\t\tjQuery(\".gallery1 a\").attr(\"rel\",\"gallery1\");\t\r\n\t\tjQuery('a[rel=\"gallery1\"]').colorbox({maxWidth:\"95%\", maxHeight:\"95%\",title: function(){ return jQuery(this).children().attr(\"alt\"); }, });\r\n\t});\r\n\/\/ ]]>\r\n<\/script>\n<dl class=\"gallery-item\">\n<dt class=\"gallery-icon\">\r\n<a href=\"https:\/\/www.rozrazil.cz\/wp-content\/uploads\/fotky-z-vikendovky-legendistu-a-predtaborove-sondy-2013-od-markety-petrove\/2013\/10\/img_5970.jpg\" title=\"\" rel=\"gallery1\"><img loading=\"lazy\" decoding=\"async\" src=\"https:\/\/www.rozrazil.cz\/wp-content\/uploads\/fotky-z-vikendovky-legendistu-a-predtaborove-sondy-2013-od-markety-petrove\/2013\/10\/img_5970-150x150.jpg\" width=\"150\" height=\"150\" alt=\"\" \/><\/a>\r\n<\/dt><\/dl><dl class=\"gallery-item\">\n<dt class=\"gallery-icon\">\r\n<a href=\"https:\/\/www.rozrazil.cz\/wp-content\/uploads\/fotky-z-vikendovky-legendistu-a-predtaborove-sondy-2013-od-markety-petrove\/2013\/10\/img_5971.jpg\" title=\"\" rel=\"gallery1\"><img loading=\"lazy\" decoding=\"async\" src=\"https:\/\/www.rozrazil.cz\/wp-content\/uploads\/fotky-z-vikendovky-legendistu-a-predtaborove-sondy-2013-od-markety-petrove\/2013\/10\/img_5971-150x150.jpg\" width=\"150\" height=\"150\" alt=\"\" \/><\/a>\r\n<\/dt><\/dl><dl class=\"gallery-item\">\n<dt class=\"gallery-icon\">\r\n<a href=\"https:\/\/www.rozrazil.cz\/wp-content\/uploads\/fotky-z-vikendovky-legendistu-a-predtaborove-sondy-2013-od-markety-petrove\/2013\/10\/img_5972.jpg\" title=\"\" rel=\"gallery1\"><img loading=\"lazy\" decoding=\"async\" src=\"https:\/\/www.rozrazil.cz\/wp-content\/uploads\/fotky-z-vikendovky-legendistu-a-predtaborove-sondy-2013-od-markety-petrove\/2013\/10\/img_5972-150x150.jpg\" width=\"150\" height=\"150\" alt=\"\" \/><\/a>\r\n<\/dt><\/dl><dl class=\"gallery-item\">\n<dt class=\"gallery-icon\">\r\n<a href=\"https:\/\/www.rozrazil.cz\/wp-content\/uploads\/fotky-z-vikendovky-legendistu-a-predtaborove-sondy-2013-od-markety-petrove\/2013\/10\/img_5974.jpg\" title=\"\" rel=\"gallery1\"><img loading=\"lazy\" decoding=\"async\" src=\"https:\/\/www.rozrazil.cz\/wp-content\/uploads\/fotky-z-vikendovky-legendistu-a-predtaborove-sondy-2013-od-markety-petrove\/2013\/10\/img_5974-150x150.jpg\" width=\"150\" height=\"150\" alt=\"\" \/><\/a>\r\n<\/dt><\/dl><br style=\"clear: both\" \/><dl class=\"gallery-item\">\n<dt class=\"gallery-icon\">\r\n<a href=\"https:\/\/www.rozrazil.cz\/wp-content\/uploads\/fotky-z-vikendovky-legendistu-a-predtaborove-sondy-2013-od-markety-petrove\/2013\/10\/img_5975.jpg\" title=\"\" rel=\"gallery1\"><img loading=\"lazy\" decoding=\"async\" src=\"https:\/\/www.rozrazil.cz\/wp-content\/uploads\/fotky-z-vikendovky-legendistu-a-predtaborove-sondy-2013-od-markety-petrove\/2013\/10\/img_5975-150x150.jpg\" width=\"150\" height=\"150\" alt=\"\" \/><\/a>\r\n<\/dt><\/dl><dl class=\"gallery-item\">\n<dt class=\"gallery-icon\">\r\n<a href=\"https:\/\/www.rozrazil.cz\/wp-content\/uploads\/fotky-z-vikendovky-legendistu-a-predtaborove-sondy-2013-od-markety-petrove\/2013\/10\/img_5981.jpg\" title=\"\" rel=\"gallery1\"><img loading=\"lazy\" decoding=\"async\" src=\"https:\/\/www.rozrazil.cz\/wp-content\/uploads\/fotky-z-vikendovky-legendistu-a-predtaborove-sondy-2013-od-markety-petrove\/2013\/10\/img_5981-150x150.jpg\" width=\"150\" height=\"150\" alt=\"\" \/><\/a>\r\n<\/dt><\/dl><dl class=\"gallery-item\">\n<dt class=\"gallery-icon\">\r\n<a href=\"https:\/\/www.rozrazil.cz\/wp-content\/uploads\/fotky-z-vikendovky-legendistu-a-predtaborove-sondy-2013-od-markety-petrove\/2013\/10\/img_5982.jpg\" title=\"\" rel=\"gallery1\"><img loading=\"lazy\" decoding=\"async\" src=\"https:\/\/www.rozrazil.cz\/wp-content\/uploads\/fotky-z-vikendovky-legendistu-a-predtaborove-sondy-2013-od-markety-petrove\/2013\/10\/img_5982-150x150.jpg\" width=\"150\" height=\"150\" alt=\"\" \/><\/a>\r\n<\/dt><\/dl><dl class=\"gallery-item\">\n<dt class=\"gallery-icon\">\r\n<a href=\"https:\/\/www.rozrazil.cz\/wp-content\/uploads\/fotky-z-vikendovky-legendistu-a-predtaborove-sondy-2013-od-markety-petrove\/2013\/10\/img_5983.jpg\" title=\"\" rel=\"gallery1\"><img loading=\"lazy\" decoding=\"async\" src=\"https:\/\/www.rozrazil.cz\/wp-content\/uploads\/fotky-z-vikendovky-legendistu-a-predtaborove-sondy-2013-od-markety-petrove\/2013\/10\/img_5983-150x150.jpg\" width=\"150\" height=\"150\" alt=\"\" \/><\/a>\r\n<\/dt><\/dl><br style=\"clear: both\" \/><dl class=\"gallery-item\">\n<dt class=\"gallery-icon\">\r\n<a href=\"https:\/\/www.rozrazil.cz\/wp-content\/uploads\/fotky-z-vikendovky-legendistu-a-predtaborove-sondy-2013-od-markety-petrove\/2013\/10\/img_5984.jpg\" title=\"\" rel=\"gallery1\"><img loading=\"lazy\" decoding=\"async\" src=\"https:\/\/www.rozrazil.cz\/wp-content\/uploads\/fotky-z-vikendovky-legendistu-a-predtaborove-sondy-2013-od-markety-petrove\/2013\/10\/img_5984-150x150.jpg\" width=\"150\" height=\"150\" alt=\"\" \/><\/a>\r\n<\/dt><\/dl><dl class=\"gallery-item\">\n<dt class=\"gallery-icon\">\r\n<a href=\"https:\/\/www.rozrazil.cz\/wp-content\/uploads\/fotky-z-vikendovky-legendistu-a-predtaborove-sondy-2013-od-markety-petrove\/2013\/10\/img_5987.jpg\" title=\"\" rel=\"gallery1\"><img loading=\"lazy\" decoding=\"async\" src=\"https:\/\/www.rozrazil.cz\/wp-content\/uploads\/fotky-z-vikendovky-legendistu-a-predtaborove-sondy-2013-od-markety-petrove\/2013\/10\/img_5987-150x150.jpg\" width=\"150\" height=\"150\" alt=\"\" \/><\/a>\r\n<\/dt><\/dl><dl class=\"gallery-item\">\n<dt class=\"gallery-icon\">\r\n<a href=\"https:\/\/www.rozrazil.cz\/wp-content\/uploads\/fotky-z-vikendovky-legendistu-a-predtaborove-sondy-2013-od-markety-petrove\/2013\/10\/img_5990.jpg\" title=\"\" rel=\"gallery1\"><img loading=\"lazy\" decoding=\"async\" src=\"https:\/\/www.rozrazil.cz\/wp-content\/uploads\/fotky-z-vikendovky-legendistu-a-predtaborove-sondy-2013-od-markety-petrove\/2013\/10\/img_5990-150x150.jpg\" width=\"150\" height=\"150\" alt=\"\" \/><\/a>\r\n<\/dt><\/dl><dl class=\"gallery-item\">\n<dt class=\"gallery-icon\">\r\n<a href=\"https:\/\/www.rozrazil.cz\/wp-content\/uploads\/fotky-z-vikendovky-legendistu-a-predtaborove-sondy-2013-od-markety-petrove\/2013\/10\/img_5992.jpg\" title=\"\" rel=\"gallery1\"><img loading=\"lazy\" decoding=\"async\" src=\"https:\/\/www.rozrazil.cz\/wp-content\/uploads\/fotky-z-vikendovky-legendistu-a-predtaborove-sondy-2013-od-markety-petrove\/2013\/10\/img_5992-150x150.jpg\" width=\"150\" height=\"150\" alt=\"\" \/><\/a>\r\n<\/dt><\/dl><br style=\"clear: both\" \/><dl class=\"gallery-item\">\n<dt class=\"gallery-icon\">\r\n<a href=\"https:\/\/www.rozrazil.cz\/wp-content\/uploads\/fotky-z-vikendovky-legendistu-a-predtaborove-sondy-2013-od-markety-petrove\/2013\/10\/img_5993.jpg\" title=\"\" rel=\"gallery1\"><img loading=\"lazy\" decoding=\"async\" src=\"https:\/\/www.rozrazil.cz\/wp-content\/uploads\/fotky-z-vikendovky-legendistu-a-predtaborove-sondy-2013-od-markety-petrove\/2013\/10\/img_5993-150x150.jpg\" width=\"150\" height=\"150\" alt=\"\" \/><\/a>\r\n<\/dt><\/dl><dl class=\"gallery-item\">\n<dt class=\"gallery-icon\">\r\n<a href=\"https:\/\/www.rozrazil.cz\/wp-content\/uploads\/fotky-z-vikendovky-legendistu-a-predtaborove-sondy-2013-od-markety-petrove\/2013\/10\/img_5994.jpg\" title=\"\" rel=\"gallery1\"><img loading=\"lazy\" decoding=\"async\" src=\"https:\/\/www.rozrazil.cz\/wp-content\/uploads\/fotky-z-vikendovky-legendistu-a-predtaborove-sondy-2013-od-markety-petrove\/2013\/10\/img_5994-150x150.jpg\" width=\"150\" height=\"150\" alt=\"\" \/><\/a>\r\n<\/dt><\/dl><dl class=\"gallery-item\">\n<dt class=\"gallery-icon\">\r\n<a href=\"https:\/\/www.rozrazil.cz\/wp-content\/uploads\/fotky-z-vikendovky-legendistu-a-predtaborove-sondy-2013-od-markety-petrove\/2013\/10\/img_5995.jpg\" title=\"\" rel=\"gallery1\"><img loading=\"lazy\" decoding=\"async\" src=\"https:\/\/www.rozrazil.cz\/wp-content\/uploads\/fotky-z-vikendovky-legendistu-a-predtaborove-sondy-2013-od-markety-petrove\/2013\/10\/img_5995-150x150.jpg\" width=\"150\" height=\"150\" alt=\"\" \/><\/a>\r\n<\/dt><\/dl><dl class=\"gallery-item\">\n<dt class=\"gallery-icon\">\r\n<a href=\"https:\/\/www.rozrazil.cz\/wp-content\/uploads\/fotky-z-vikendovky-legendistu-a-predtaborove-sondy-2013-od-markety-petrove\/2013\/10\/img_5996.jpg\" title=\"\" rel=\"gallery1\"><img loading=\"lazy\" decoding=\"async\" src=\"https:\/\/www.rozrazil.cz\/wp-content\/uploads\/fotky-z-vikendovky-legendistu-a-predtaborove-sondy-2013-od-markety-petrove\/2013\/10\/img_5996-150x150.jpg\" width=\"150\" height=\"150\" alt=\"\" \/><\/a>\r\n<\/dt><\/dl><br style=\"clear: both\" \/><dl class=\"gallery-item\">\n<dt class=\"gallery-icon\">\r\n<a href=\"https:\/\/www.rozrazil.cz\/wp-content\/uploads\/fotky-z-vikendovky-legendistu-a-predtaborove-sondy-2013-od-markety-petrove\/2013\/10\/img_5998.jpg\" title=\"\" rel=\"gallery1\"><img loading=\"lazy\" decoding=\"async\" src=\"https:\/\/www.rozrazil.cz\/wp-content\/uploads\/fotky-z-vikendovky-legendistu-a-predtaborove-sondy-2013-od-markety-petrove\/2013\/10\/img_5998-150x150.jpg\" width=\"150\" height=\"150\" alt=\"\" \/><\/a>\r\n<\/dt><\/dl><dl class=\"gallery-item\">\n<dt class=\"gallery-icon\">\r\n<a href=\"https:\/\/www.rozrazil.cz\/wp-content\/uploads\/fotky-z-vikendovky-legendistu-a-predtaborove-sondy-2013-od-markety-petrove\/2013\/10\/img_6001.jpg\" title=\"\" rel=\"gallery1\"><img loading=\"lazy\" decoding=\"async\" src=\"https:\/\/www.rozrazil.cz\/wp-content\/uploads\/fotky-z-vikendovky-legendistu-a-predtaborove-sondy-2013-od-markety-petrove\/2013\/10\/img_6001-150x150.jpg\" width=\"150\" height=\"150\" alt=\"\" \/><\/a>\r\n<\/dt><\/dl><dl class=\"gallery-item\">\n<dt class=\"gallery-icon\">\r\n<a href=\"https:\/\/www.rozrazil.cz\/wp-content\/uploads\/fotky-z-vikendovky-legendistu-a-predtaborove-sondy-2013-od-markety-petrove\/2013\/10\/img_6004.jpg\" title=\"\" rel=\"gallery1\"><img loading=\"lazy\" decoding=\"async\" src=\"https:\/\/www.rozrazil.cz\/wp-content\/uploads\/fotky-z-vikendovky-legendistu-a-predtaborove-sondy-2013-od-markety-petrove\/2013\/10\/img_6004-150x150.jpg\" width=\"150\" height=\"150\" alt=\"\" \/><\/a>\r\n<\/dt><\/dl><dl class=\"gallery-item\">\n<dt class=\"gallery-icon\">\r\n<a href=\"https:\/\/www.rozrazil.cz\/wp-content\/uploads\/fotky-z-vikendovky-legendistu-a-predtaborove-sondy-2013-od-markety-petrove\/2013\/10\/img_6005.jpg\" title=\"\" rel=\"gallery1\"><img loading=\"lazy\" decoding=\"async\" src=\"https:\/\/www.rozrazil.cz\/wp-content\/uploads\/fotky-z-vikendovky-legendistu-a-predtaborove-sondy-2013-od-markety-petrove\/2013\/10\/img_6005-150x150.jpg\" width=\"150\" height=\"150\" alt=\"\" \/><\/a>\r\n<\/dt><\/dl><br style=\"clear: both\" \/><dl class=\"gallery-item\">\n<dt class=\"gallery-icon\">\r\n<a href=\"https:\/\/www.rozrazil.cz\/wp-content\/uploads\/fotky-z-vikendovky-legendistu-a-predtaborove-sondy-2013-od-markety-petrove\/2013\/10\/img_6007.jpg\" title=\"\" rel=\"gallery1\"><img loading=\"lazy\" decoding=\"async\" src=\"https:\/\/www.rozrazil.cz\/wp-content\/uploads\/fotky-z-vikendovky-legendistu-a-predtaborove-sondy-2013-od-markety-petrove\/2013\/10\/img_6007-150x150.jpg\" width=\"150\" height=\"150\" alt=\"\" \/><\/a>\r\n<\/dt><\/dl><dl class=\"gallery-item\">\n<dt class=\"gallery-icon\">\r\n<a href=\"https:\/\/www.rozrazil.cz\/wp-content\/uploads\/fotky-z-vikendovky-legendistu-a-predtaborove-sondy-2013-od-markety-petrove\/2013\/10\/img_6008.jpg\" title=\"\" rel=\"gallery1\"><img loading=\"lazy\" decoding=\"async\" src=\"https:\/\/www.rozrazil.cz\/wp-content\/uploads\/fotky-z-vikendovky-legendistu-a-predtaborove-sondy-2013-od-markety-petrove\/2013\/10\/img_6008-150x150.jpg\" width=\"150\" height=\"150\" alt=\"\" \/><\/a>\r\n<\/dt><\/dl><dl class=\"gallery-item\">\n<dt class=\"gallery-icon\">\r\n<a href=\"https:\/\/www.rozrazil.cz\/wp-content\/uploads\/fotky-z-vikendovky-legendistu-a-predtaborove-sondy-2013-od-markety-petrove\/2013\/10\/img_6009.jpg\" title=\"\" rel=\"gallery1\"><img loading=\"lazy\" decoding=\"async\" src=\"https:\/\/www.rozrazil.cz\/wp-content\/uploads\/fotky-z-vikendovky-legendistu-a-predtaborove-sondy-2013-od-markety-petrove\/2013\/10\/img_6009-150x150.jpg\" width=\"150\" height=\"150\" alt=\"\" \/><\/a>\r\n<\/dt><\/dl><dl class=\"gallery-item\">\n<dt class=\"gallery-icon\">\r\n<a href=\"https:\/\/www.rozrazil.cz\/wp-content\/uploads\/fotky-z-vikendovky-legendistu-a-predtaborove-sondy-2013-od-markety-petrove\/2013\/10\/img_6013.jpg\" title=\"\" rel=\"gallery1\"><img loading=\"lazy\" decoding=\"async\" src=\"https:\/\/www.rozrazil.cz\/wp-content\/uploads\/fotky-z-vikendovky-legendistu-a-predtaborove-sondy-2013-od-markety-petrove\/2013\/10\/img_6013-150x150.jpg\" width=\"150\" height=\"150\" alt=\"\" \/><\/a>\r\n<\/dt><\/dl><br style=\"clear: both\" \/><dl class=\"gallery-item\">\n<dt class=\"gallery-icon\">\r\n<a href=\"https:\/\/www.rozrazil.cz\/wp-content\/uploads\/fotky-z-vikendovky-legendistu-a-predtaborove-sondy-2013-od-markety-petrove\/2013\/10\/img_6014.jpg\" title=\"\" rel=\"gallery1\"><img loading=\"lazy\" decoding=\"async\" src=\"https:\/\/www.rozrazil.cz\/wp-content\/uploads\/fotky-z-vikendovky-legendistu-a-predtaborove-sondy-2013-od-markety-petrove\/2013\/10\/img_6014-150x150.jpg\" width=\"150\" height=\"150\" alt=\"\" \/><\/a>\r\n<\/dt><\/dl><dl class=\"gallery-item\">\n<dt class=\"gallery-icon\">\r\n<a href=\"https:\/\/www.rozrazil.cz\/wp-content\/uploads\/fotky-z-vikendovky-legendistu-a-predtaborove-sondy-2013-od-markety-petrove\/2013\/10\/img_6015.jpg\" title=\"\" rel=\"gallery1\"><img loading=\"lazy\" decoding=\"async\" src=\"https:\/\/www.rozrazil.cz\/wp-content\/uploads\/fotky-z-vikendovky-legendistu-a-predtaborove-sondy-2013-od-markety-petrove\/2013\/10\/img_6015-150x150.jpg\" width=\"150\" height=\"150\" alt=\"\" \/><\/a>\r\n<\/dt><\/dl><dl class=\"gallery-item\">\n<dt class=\"gallery-icon\">\r\n<a href=\"https:\/\/www.rozrazil.cz\/wp-content\/uploads\/fotky-z-vikendovky-legendistu-a-predtaborove-sondy-2013-od-markety-petrove\/2013\/10\/img_6016.jpg\" title=\"\" rel=\"gallery1\"><img loading=\"lazy\" decoding=\"async\" src=\"https:\/\/www.rozrazil.cz\/wp-content\/uploads\/fotky-z-vikendovky-legendistu-a-predtaborove-sondy-2013-od-markety-petrove\/2013\/10\/img_6016-150x150.jpg\" width=\"150\" height=\"150\" alt=\"\" \/><\/a>\r\n<\/dt><\/dl><dl class=\"gallery-item\">\n<dt class=\"gallery-icon\">\r\n<a href=\"https:\/\/www.rozrazil.cz\/wp-content\/uploads\/fotky-z-vikendovky-legendistu-a-predtaborove-sondy-2013-od-markety-petrove\/2013\/10\/img_6019.jpg\" title=\"\" rel=\"gallery1\"><img loading=\"lazy\" decoding=\"async\" src=\"https:\/\/www.rozrazil.cz\/wp-content\/uploads\/fotky-z-vikendovky-legendistu-a-predtaborove-sondy-2013-od-markety-petrove\/2013\/10\/img_6019-150x150.jpg\" width=\"150\" height=\"150\" alt=\"\" \/><\/a>\r\n<\/dt><\/dl><br style=\"clear: both\" \/><dl class=\"gallery-item\">\n<dt class=\"gallery-icon\">\r\n<a href=\"https:\/\/www.rozrazil.cz\/wp-content\/uploads\/fotky-z-vikendovky-legendistu-a-predtaborove-sondy-2013-od-markety-petrove\/2013\/10\/img_6020.jpg\" title=\"\" rel=\"gallery1\"><img loading=\"lazy\" decoding=\"async\" src=\"https:\/\/www.rozrazil.cz\/wp-content\/uploads\/fotky-z-vikendovky-legendistu-a-predtaborove-sondy-2013-od-markety-petrove\/2013\/10\/img_6020-150x150.jpg\" width=\"150\" height=\"150\" alt=\"\" \/><\/a>\r\n<\/dt><\/dl><dl class=\"gallery-item\">\n<dt class=\"gallery-icon\">\r\n<a href=\"https:\/\/www.rozrazil.cz\/wp-content\/uploads\/fotky-z-vikendovky-legendistu-a-predtaborove-sondy-2013-od-markety-petrove\/2013\/10\/img_6021.jpg\" title=\"\" rel=\"gallery1\"><img loading=\"lazy\" decoding=\"async\" src=\"https:\/\/www.rozrazil.cz\/wp-content\/uploads\/fotky-z-vikendovky-legendistu-a-predtaborove-sondy-2013-od-markety-petrove\/2013\/10\/img_6021-150x150.jpg\" width=\"150\" height=\"150\" alt=\"\" \/><\/a>\r\n<\/dt><\/dl><dl class=\"gallery-item\">\n<dt class=\"gallery-icon\">\r\n<a href=\"https:\/\/www.rozrazil.cz\/wp-content\/uploads\/fotky-z-vikendovky-legendistu-a-predtaborove-sondy-2013-od-markety-petrove\/2013\/10\/img_6023.jpg\" title=\"\" rel=\"gallery1\"><img loading=\"lazy\" decoding=\"async\" src=\"https:\/\/www.rozrazil.cz\/wp-content\/uploads\/fotky-z-vikendovky-legendistu-a-predtaborove-sondy-2013-od-markety-petrove\/2013\/10\/img_6023-150x150.jpg\" width=\"150\" height=\"150\" alt=\"\" \/><\/a>\r\n<\/dt><\/dl><dl class=\"gallery-item\">\n<dt class=\"gallery-icon\">\r\n<a href=\"https:\/\/www.rozrazil.cz\/wp-content\/uploads\/fotky-z-vikendovky-legendistu-a-predtaborove-sondy-2013-od-markety-petrove\/2013\/10\/img_6025.jpg\" title=\"\" rel=\"gallery1\"><img loading=\"lazy\" decoding=\"async\" src=\"https:\/\/www.rozrazil.cz\/wp-content\/uploads\/fotky-z-vikendovky-legendistu-a-predtaborove-sondy-2013-od-markety-petrove\/2013\/10\/img_6025-150x150.jpg\" width=\"150\" height=\"150\" alt=\"\" \/><\/a>\r\n<\/dt><\/dl><br style=\"clear: both\" \/><dl class=\"gallery-item\">\n<dt class=\"gallery-icon\">\r\n<a href=\"https:\/\/www.rozrazil.cz\/wp-content\/uploads\/fotky-z-vikendovky-legendistu-a-predtaborove-sondy-2013-od-markety-petrove\/2013\/10\/img_6026.jpg\" title=\"\" rel=\"gallery1\"><img loading=\"lazy\" decoding=\"async\" src=\"https:\/\/www.rozrazil.cz\/wp-content\/uploads\/fotky-z-vikendovky-legendistu-a-predtaborove-sondy-2013-od-markety-petrove\/2013\/10\/img_6026-150x150.jpg\" width=\"150\" height=\"150\" alt=\"\" \/><\/a>\r\n<\/dt><\/dl><dl class=\"gallery-item\">\n<dt class=\"gallery-icon\">\r\n<a href=\"https:\/\/www.rozrazil.cz\/wp-content\/uploads\/fotky-z-vikendovky-legendistu-a-predtaborove-sondy-2013-od-markety-petrove\/2013\/10\/img_6028.jpg\" title=\"\" rel=\"gallery1\"><img loading=\"lazy\" decoding=\"async\" src=\"https:\/\/www.rozrazil.cz\/wp-content\/uploads\/fotky-z-vikendovky-legendistu-a-predtaborove-sondy-2013-od-markety-petrove\/2013\/10\/img_6028-150x150.jpg\" width=\"150\" height=\"150\" alt=\"\" \/><\/a>\r\n<\/dt><\/dl><dl class=\"gallery-item\">\n<dt class=\"gallery-icon\">\r\n<a href=\"https:\/\/www.rozrazil.cz\/wp-content\/uploads\/fotky-z-vikendovky-legendistu-a-predtaborove-sondy-2013-od-markety-petrove\/2013\/10\/img_6034.jpg\" title=\"\" rel=\"gallery1\"><img loading=\"lazy\" decoding=\"async\" src=\"https:\/\/www.rozrazil.cz\/wp-content\/uploads\/fotky-z-vikendovky-legendistu-a-predtaborove-sondy-2013-od-markety-petrove\/2013\/10\/img_6034-150x150.jpg\" width=\"150\" height=\"150\" alt=\"\" \/><\/a>\r\n<\/dt><\/dl><dl class=\"gallery-item\">\n<dt class=\"gallery-icon\">\r\n<a href=\"https:\/\/www.rozrazil.cz\/wp-content\/uploads\/fotky-z-vikendovky-legendistu-a-predtaborove-sondy-2013-od-markety-petrove\/2013\/10\/img_6037.jpg\" title=\"\" rel=\"gallery1\"><img loading=\"lazy\" decoding=\"async\" src=\"https:\/\/www.rozrazil.cz\/wp-content\/uploads\/fotky-z-vikendovky-legendistu-a-predtaborove-sondy-2013-od-markety-petrove\/2013\/10\/img_6037-150x150.jpg\" width=\"150\" height=\"150\" alt=\"\" \/><\/a>\r\n<\/dt><\/dl><br style=\"clear: both\" \/><dl class=\"gallery-item\">\n<dt class=\"gallery-icon\">\r\n<a href=\"https:\/\/www.rozrazil.cz\/wp-content\/uploads\/fotky-z-vikendovky-legendistu-a-predtaborove-sondy-2013-od-markety-petrove\/2013\/10\/img_6038.jpg\" title=\"\" rel=\"gallery1\"><img loading=\"lazy\" decoding=\"async\" src=\"https:\/\/www.rozrazil.cz\/wp-content\/uploads\/fotky-z-vikendovky-legendistu-a-predtaborove-sondy-2013-od-markety-petrove\/2013\/10\/img_6038-150x150.jpg\" width=\"150\" height=\"150\" alt=\"\" \/><\/a>\r\n<\/dt><\/dl><dl class=\"gallery-item\">\n<dt class=\"gallery-icon\">\r\n<a href=\"https:\/\/www.rozrazil.cz\/wp-content\/uploads\/fotky-z-vikendovky-legendistu-a-predtaborove-sondy-2013-od-markety-petrove\/2013\/10\/img_6039.jpg\" title=\"\" rel=\"gallery1\"><img loading=\"lazy\" decoding=\"async\" src=\"https:\/\/www.rozrazil.cz\/wp-content\/uploads\/fotky-z-vikendovky-legendistu-a-predtaborove-sondy-2013-od-markety-petrove\/2013\/10\/img_6039-150x150.jpg\" width=\"150\" height=\"150\" alt=\"\" \/><\/a>\r\n<\/dt><\/dl><dl class=\"gallery-item\">\n<dt class=\"gallery-icon\">\r\n<a href=\"https:\/\/www.rozrazil.cz\/wp-content\/uploads\/fotky-z-vikendovky-legendistu-a-predtaborove-sondy-2013-od-markety-petrove\/2013\/10\/img_6040.jpg\" title=\"\" rel=\"gallery1\"><img loading=\"lazy\" decoding=\"async\" src=\"https:\/\/www.rozrazil.cz\/wp-content\/uploads\/fotky-z-vikendovky-legendistu-a-predtaborove-sondy-2013-od-markety-petrove\/2013\/10\/img_6040-150x150.jpg\" width=\"150\" height=\"150\" alt=\"\" \/><\/a>\r\n<\/dt><\/dl><dl class=\"gallery-item\">\n<dt class=\"gallery-icon\">\r\n<a href=\"https:\/\/www.rozrazil.cz\/wp-content\/uploads\/fotky-z-vikendovky-legendistu-a-predtaborove-sondy-2013-od-markety-petrove\/2013\/10\/img_6042.jpg\" title=\"\" rel=\"gallery1\"><img loading=\"lazy\" decoding=\"async\" src=\"https:\/\/www.rozrazil.cz\/wp-content\/uploads\/fotky-z-vikendovky-legendistu-a-predtaborove-sondy-2013-od-markety-petrove\/2013\/10\/img_6042-150x150.jpg\" width=\"150\" height=\"150\" alt=\"\" \/><\/a>\r\n<\/dt><\/dl><br style=\"clear: both\" \/><dl class=\"gallery-item\">\n<dt class=\"gallery-icon\">\r\n<a href=\"https:\/\/www.rozrazil.cz\/wp-content\/uploads\/fotky-z-vikendovky-legendistu-a-predtaborove-sondy-2013-od-markety-petrove\/2013\/10\/img_6043.jpg\" title=\"\" rel=\"gallery1\"><img loading=\"lazy\" decoding=\"async\" src=\"https:\/\/www.rozrazil.cz\/wp-content\/uploads\/fotky-z-vikendovky-legendistu-a-predtaborove-sondy-2013-od-markety-petrove\/2013\/10\/img_6043-150x150.jpg\" width=\"150\" height=\"150\" alt=\"\" \/><\/a>\r\n<\/dt><\/dl><dl class=\"gallery-item\">\n<dt class=\"gallery-icon\">\r\n<a href=\"https:\/\/www.rozrazil.cz\/wp-content\/uploads\/fotky-z-vikendovky-legendistu-a-predtaborove-sondy-2013-od-markety-petrove\/2013\/10\/img_6047.jpg\" title=\"\" rel=\"gallery1\"><img loading=\"lazy\" decoding=\"async\" src=\"https:\/\/www.rozrazil.cz\/wp-content\/uploads\/fotky-z-vikendovky-legendistu-a-predtaborove-sondy-2013-od-markety-petrove\/2013\/10\/img_6047-150x150.jpg\" width=\"150\" height=\"150\" alt=\"\" \/><\/a>\r\n<\/dt><\/dl>\r\n\t\t\t<br style='clear: both' \/>\r\n\t\t<\/div>\n\n","protected":false},"excerpt":{"rendered":"","protected":false},"author":2,"featured_media":0,"parent":20520,"menu_order":0,"comment_status":"open","ping_status":"open","template":"","meta":{"_bbp_topic_count":0,"_bbp_reply_count":0,"_bbp_total_topic_count":0,"_bbp_total_reply_count":0,"_bbp_voice_count":0,"_bbp_anonymous_reply_count":0,"_bbp_topic_count_hidden":0,"_bbp_reply_count_hidden":0,"_bbp_forum_subforum_count":0,"footnotes":""},"_links":{"self":[{"href":"https:\/\/www.rozrazil.cz\/index.php?rest_route=\/wp\/v2\/pages\/19058"}],"collection":[{"href":"https:\/\/www.rozrazil.cz\/index.php?rest_route=\/wp\/v2\/pages"}],"about":[{"href":"https:\/\/www.rozrazil.cz\/index.php?rest_route=\/wp\/v2\/types\/page"}],"author":[{"embeddable":true,"href":"https:\/\/www.rozrazil.cz\/index.php?rest_route=\/wp\/v2\/users\/2"}],"replies":[{"embeddable":true,"href":"https:\/\/www.rozrazil.cz\/index.php?rest_route=%2Fwp%2Fv2%2Fcomments&post=19058"}],"version-history":[{"count":1,"href":"https:\/\/www.rozrazil.cz\/index.php?rest_route=\/wp\/v2\/pages\/19058\/revisions"}],"predecessor-version":[{"id":19277,"href":"https:\/\/www.rozrazil.cz\/index.php?rest_route=\/wp\/v2\/pages\/19058\/revisions\/19277"}],"up":[{"embeddable":true,"href":"https:\/\/www.rozrazil.cz\/index.php?rest_route=\/wp\/v2\/pages\/20520"}],"wp:attachment":[{"href":"https:\/\/www.rozrazil.cz\/index.php?rest_route=%2Fwp%2Fv2%2Fmedia&parent=19058"}],"curies":[{"name":"wp","href":"https:\/\/api.w.org\/{rel}","templated":true}]}}