{"id":128,"date":"2012-09-13T16:44:50","date_gmt":"2012-09-13T16:44:50","guid":{"rendered":"http:\/\/28496.w96.wedos.net\/?page_id=128"},"modified":"2024-08-02T13:29:15","modified_gmt":"2024-08-02T11:29:15","slug":"kontakt","status":"publish","type":"page","link":"https:\/\/www.rozrazil.cz\/?page_id=128","title":{"rendered":"Kontakt"},"content":{"rendered":"<p><strong class=\"left\">Spolek Rozrazil<\/strong><br \/>\n<a href=\"https:\/\/or.justice.cz\/ias\/ui\/rejstrik-$firma?p%3A%3Asubmit=x&amp;.%2Frejstrik-%24firma=&amp;nazev=Spolek+Rozrazil&amp;ico=&amp;obec=&amp;ulice=&amp;forma=&amp;oddil=&amp;vlozka=&amp;soud=&amp;polozek=50&amp;typHledani=STARTS_WITH&amp;jenPlatne=PLATNE\">I\u010c:\u00a0485\u00a0494\u00a036<\/a><\/p>\n<h2>S\u00eddlo:<\/h2>\n<p>Kosteleck\u00e1 508, 251 68\u00a0Kamenice-Skuhe\u0159<\/p>\n<p>(P\u016fvodn\u00ed s\u00eddlo: Jakubsk\u00e1 3,\u00a0 110 00 Praha 1)<\/p>\n<h2>\u010c\u00edslo \u00fa\u010dtu:<\/h2>\n<p><a href=\"https:\/\/www.rb.cz\/povinne-zverejnovane-informace\/transparentni-ucty?mvcPath=transactions&amp;accountNumber=3251271001&amp;path=transactions\">3251271001\/5500<\/a><\/p>\n<hr \/>\n<h2><\/h2>\n<h2>Kontakty:<\/h2>\n<p>V p\u0159\u00edpad\u011b jak\u00fdchkoliv dotaz\u016f n\u00e1s m\u016f\u017eete kontaktovat na emailu:<\/p>\n<p><a href=\"mailto:rozrazil.spolek@gmail.com\">rozrazil.spolek@gmail.com<\/a><\/p>\n<p><strong>Telefon:<\/strong><\/p>\n<ul>\n<li>Adam Petr: +420792200564<\/li>\n<\/ul>\n<p><strong>Email:<\/strong><\/p>\n<ul>\n<li>Adam Petr \u2013 p\u0159edseda<br \/>\nadampetratd<img loading=\"lazy\" decoding=\"async\" src=\"http:\/\/www.rozrazil.cz\/wp-content\/uploads\/kontakt\/2012\/09\/zavinac.png\" alt=\"zavinac\" width=\"20\" height=\"12\" \/>gmail.com<\/li>\n<li>Nikola Kal\u00e1bov\u00e1 &#8211; m\u00edstop\u0159edsedkyn\u011b<br \/>\nnikola<img loading=\"lazy\" decoding=\"async\" src=\"http:\/\/www.rozrazil.cz\/wp-content\/uploads\/kontakt\/2012\/09\/zavinac.png\" alt=\"zavinac\" width=\"20\" height=\"12\" \/>kalabova.eu<\/li>\n<li>Anna Wildov\u00e1 &#8211; m\u00edstop\u0159edsedkyn\u011b<br \/>\nanicka.wildova<img loading=\"lazy\" decoding=\"async\" src=\"http:\/\/www.rozrazil.cz\/wp-content\/uploads\/kontakt\/2012\/09\/zavinac.png\" alt=\"zavinac\" width=\"20\" height=\"12\" \/>gmail.com<\/li>\n<li>Martin Taimr &#8211; m\u00edstop\u0159edseda<br \/>\nmartintaimr<img loading=\"lazy\" decoding=\"async\" src=\"http:\/\/www.rozrazil.cz\/wp-content\/uploads\/kontakt\/2012\/09\/zavinac.png\" alt=\"zavinac\" width=\"20\" height=\"12\" \/>gmail.com<\/li>\n<li>Anna Havlov\u00e1 &#8211; m\u00edstop\u0159edsedkyn\u011b<br \/>\nanni.havlova<img loading=\"lazy\" decoding=\"async\" src=\"http:\/\/www.rozrazil.cz\/wp-content\/uploads\/kontakt\/2012\/09\/zavinac.png\" alt=\"zavinac\" width=\"20\" height=\"12\" \/>gmail.com<\/li>\n<\/ul>\n<hr \/>\n<p><a title=\"Stanovy sdru\u017een\u00ed Rozrazil\" href=\"http:\/\/www.rozrazil.cz\/?page_id=20464\" target=\"_blank\" rel=\"noopener noreferrer\">Stanovy sdru\u017een\u00ed Rozrazil<\/a><\/p>\n","protected":false},"excerpt":{"rendered":"<p>Spolek Rozrazil I\u010c:\u00a0485\u00a0494\u00a036 S\u00eddlo: Kosteleck\u00e1 508, 251 68\u00a0Kamenice-Skuhe\u0159 (P\u016fvodn\u00ed s\u00eddlo: Jakubsk\u00e1 3,\u00a0 110 00 Praha 1) \u010c\u00edslo \u00fa\u010dtu: 3251271001\/5500 Kontakty: V p\u0159\u00edpad\u011b jak\u00fdchkoliv dotaz\u016f n\u00e1s m\u016f\u017eete kontaktovat na emailu: rozrazil.spolek@gmail.com Telefon: Adam Petr: +420792200564 Email: Adam Petr \u2013 p\u0159edseda adampetratdgmail.com &hellip; <a href=\"https:\/\/www.rozrazil.cz\/?page_id=128\">Cel\u00fd p\u0159\u00edsp\u011bvek <span class=\"meta-nav\">&rarr;<\/span><\/a><\/p>\n","protected":false},"author":2,"featured_media":0,"parent":0,"menu_order":4,"comment_status":"closed","ping_status":"closed","template":"","meta":{"_bbp_topic_count":0,"_bbp_reply_count":0,"_bbp_total_topic_count":0,"_bbp_total_reply_count":0,"_bbp_voice_count":0,"_bbp_anonymous_reply_count":0,"_bbp_topic_count_hidden":0,"_bbp_reply_count_hidden":0,"_bbp_forum_subforum_count":0,"footnotes":""},"_links":{"self":[{"href":"https:\/\/www.rozrazil.cz\/index.php?rest_route=\/wp\/v2\/pages\/128"}],"collection":[{"href":"https:\/\/www.rozrazil.cz\/index.php?rest_route=\/wp\/v2\/pages"}],"about":[{"href":"https:\/\/www.rozrazil.cz\/index.php?rest_route=\/wp\/v2\/types\/page"}],"author":[{"embeddable":true,"href":"https:\/\/www.rozrazil.cz\/index.php?rest_route=\/wp\/v2\/users\/2"}],"replies":[{"embeddable":true,"href":"https:\/\/www.rozrazil.cz\/index.php?rest_route=%2Fwp%2Fv2%2Fcomments&post=128"}],"version-history":[{"count":46,"href":"https:\/\/www.rozrazil.cz\/index.php?rest_route=\/wp\/v2\/pages\/128\/revisions"}],"predecessor-version":[{"id":40373,"href":"https:\/\/www.rozrazil.cz\/index.php?rest_route=\/wp\/v2\/pages\/128\/revisions\/40373"}],"wp:attachment":[{"href":"https:\/\/www.rozrazil.cz\/index.php?rest_route=%2Fwp%2Fv2%2Fmedia&parent=128"}],"curies":[{"name":"wp","href":"https:\/\/api.w.org\/{rel}","templated":true}]}}